{"id":509,"date":"2021-10-22T11:13:37","date_gmt":"2021-10-22T11:13:37","guid":{"rendered":"https:\/\/www.ipleiria.pt\/esecs\/?page_id=509"},"modified":"2024-10-14T15:41:17","modified_gmt":"2024-10-14T15:41:17","slug":"estg-360","status":"publish","type":"page","link":"https:\/\/www.ipleiria.pt\/estg\/escola\/espacos\/estg-360\/","title":{"rendered":"ESTG 360\u00ba"},"content":{"rendered":"\n<p class=\"has-text-align-left is-style-theme-subtitle\">visita virtual<\/p>\n\n\n\n<h2 class=\"has-text-align-left is-style-theme-title\">ESTG 360\u2070<\/h2>\n\n\n\n<div style=\"height:40px\" aria-hidden=\"true\" class=\"wp-block-spacer\"><\/div>\n\n\n<div class=\"row\">\n<div class=\"col-lg-6\"><a class=\"place-thumbnail block\" style=\"min-height: 280px; background-image: url('https:\/\/www.ipleiria.pt\/wp-content\/uploads\/2017\/04\/Campus-2-03.jpg');\" title=\"Laborat\u00f3rio de Rob\u00f3tica\" href=\"https:\/\/www.google.com\/maps\/embed?pb=!1m0!3m2!1spt-PT!2sus!4v1493074827482!6m8!1m7!1sOhHdnQFTEqkAAAQvxe4agQ!2m2!1d39.73466786911184!2d-8.820834662617472!3f102.7758240199712!4f-3.203484545201377!5f0.7820865974627469\" rel=\"robotics\"><span class=\"title\">Laborat\u00f3rio de Rob\u00f3tica<\/span><span class=\"sr-text\">,<\/span> <span class=\"sub-title\">Campus 2<\/span><\/a><\/div>\n<div class=\"col-lg-3\"><a class=\"place-thumbnail block\" style=\"min-height: 280px; background-image: url('https:\/\/www.ipleiria.pt\/wp-content\/uploads\/2017\/04\/Campus-2-05.jpg');\" title=\"Engenharia Autom\u00f3vel\" href=\"https:\/\/www.google.com\/maps\/embed?pb=!1m0!3m2!1spt-PT!2sus!4v1493075792078!6m8!1m7!1sm8fmDILscv0AAAQvxfGr1Q!2m2!1d39.73311800527818!2d-8.821585593451346!3f112.61492883265001!4f-6.518999219308995!5f0.7820865974627469\" rel=\"automotive\"><span class=\"title\">Engenharia Autom\u00f3vel<\/span><span class=\"sr-text\">,<\/span> <span class=\"sub-title\">Campus 2<\/span><\/a><\/div>\n<div class=\"col-lg-3\"><a class=\"place-thumbnail block\" style=\"min-height: 280px; background-image: url('https:\/\/www.ipleiria.pt\/wp-content\/uploads\/2017\/04\/Campus-2-04.jpg');\" title=\"Laborat\u00f3rio de Jogos Multim\u00e9dia\" href=\"https:\/\/www.google.com\/maps\/embed?pb=!1m0!3m2!1spt-PT!2sus!4v1493075440661!6m8!1m7!1sPo61r3StktQAAAQvxe1g8w!2m2!1d39.73440123026786!2d-8.820727355196823!3f139.44596521969365!4f-0.11522382090176109!5f0.4000000000000002\" rel=\"games\"><span class=\"title\">Laborat\u00f3rio de Jogos Multim\u00e9dia<\/span><span class=\"sr-text\">,<\/span> <span class=\"sub-title\">Campus 2<\/span><\/a><\/div>\n<\/div>\n<div>&nbsp;<\/div>\n\n\n\n\n\n<div style=\"height:60px\" aria-hidden=\"true\" class=\"wp-block-spacer\"><\/div>\n\n\n\n<div id=\"gbc-_8bacee-20\" class=\"wp-block-pt-ipleiria-ued-wp-theme-ipleiria-gutenbergblocks-container gbc gbc-view row-valign-middle align-full\" style=\"background-color:#F3F3F3;margin-bottom:-25px;min-height:200px\"><div class=\"gbc-background-overlay gbc-background-overlay-normal\" style=\"opacity:0.3\"><\/div><div class=\"gbc-wrapper\" style=\"padding-top:40px;padding-bottom:40px\"><div id=\"gbc-container-gbc-_8bacee-20\" class=\"inner-container container\">\n<div class=\"d-lg-flex gbht\">\n<h2 class=\"is-style-theme-title flex-grow-1 text-center text-lg-left align-self-center\" id=\"prepara-te-para-a-maior-aventura-da-tua-vida\">Prepara-te para a maior aventura da tua vida<\/h2>\n\n\n\n<div class=\"wp-block-button is-style-theme-button-solid mt-4 mt-lg-0 text-center text-lg-right\"><a class=\"wp-block-button__link\" href=\"https:\/\/www.ipleiria.pt\/estg\/estudantes\/dia-a-dia\/guia-de-acolhimento\/\" target=\"_blank\" rel=\"noreferrer noopener\">Guia de Acolhimento<\/a><\/div>\n\n\n\n<p><\/p>\n<\/div>\n<\/div><\/div><\/div>\n","protected":false},"excerpt":{"rendered":"visita virtual ESTG 360\u2070 Laborat\u00f3rio de Rob\u00f3tica, Campus 2 Engenharia Autom\u00f3vel, Campus 2 Laborat\u00f3rio de Jogos Multim\u00e9dia, Campus 2 &nbsp;","protected":false},"author":1,"featured_media":0,"parent":6216,"menu_order":10,"comment_status":"closed","ping_status":"closed","template":"themetemplates_main-templates\/tour","meta":{"custompostfields_banners":""},"_links":{"self":[{"href":"https:\/\/www.ipleiria.pt\/estg\/wp-json\/wp\/v2\/pages\/509"}],"collection":[{"href":"https:\/\/www.ipleiria.pt\/estg\/wp-json\/wp\/v2\/pages"}],"about":[{"href":"https:\/\/www.ipleiria.pt\/estg\/wp-json\/wp\/v2\/types\/page"}],"author":[{"embeddable":true,"href":"https:\/\/www.ipleiria.pt\/estg\/wp-json\/wp\/v2\/users\/1"}],"replies":[{"embeddable":true,"href":"https:\/\/www.ipleiria.pt\/estg\/wp-json\/wp\/v2\/comments?post=509"}],"version-history":[{"count":11,"href":"https:\/\/www.ipleiria.pt\/estg\/wp-json\/wp\/v2\/pages\/509\/revisions"}],"predecessor-version":[{"id":4961,"href":"https:\/\/www.ipleiria.pt\/estg\/wp-json\/wp\/v2\/pages\/509\/revisions\/4961"}],"up":[{"embeddable":true,"href":"https:\/\/www.ipleiria.pt\/estg\/wp-json\/wp\/v2\/pages\/6216"}],"wp:attachment":[{"href":"https:\/\/www.ipleiria.pt\/estg\/wp-json\/wp\/v2\/media?parent=509"}],"curies":[{"name":"wp","href":"https:\/\/api.w.org\/{rel}","templated":true}]}}