{"id":513,"date":"2021-10-22T11:14:19","date_gmt":"2021-10-22T11:14:19","guid":{"rendered":"https:\/\/www.ipleiria.pt\/esecs\/?page_id=513"},"modified":"2025-06-02T16:01:43","modified_gmt":"2025-06-02T16:01:43","slug":"departamentos","status":"publish","type":"page","link":"https:\/\/www.ipleiria.pt\/estg\/escola\/quem-somos\/departamentos\/","title":{"rendered":"Departamentos"},"content":{"rendered":"\n<p class=\"is-style-theme-subtitle\">ESTG<\/p>\n\n\n\n<h2 class=\"is-style-theme-title\">Departamentos<\/h2>\n\n\n\n<div class=\"wp-container-3 wp-block-columns\">\n<div class=\"wp-container-1 wp-block-column\">\n<p>A Escola Superior de Tecnologia e Gest\u00e3o possui um total de 8 Departamentos. Estas estrutura t\u00eam o objetivo primordial de apoiar a gest\u00e3o administrativa e acad\u00e9mica do diretor, coadjuvando-o, designadamente, na gest\u00e3o do pessoal docente afeto a uma \u00e1rea ou um conjunto de \u00e1reas disciplinares.<\/p>\n<\/div>\n\n\n\n<div class=\"wp-container-2 wp-block-column\">\n<p>Os Departamentos, t\u00eam-se conseguido reinventar e adaptar \u00e0s novas realidades e necessidades do mercados de trabalho. Prova disso, rev\u00ea-se na oferta formativa, acreditada pela ag\u00eancia, nas v\u00e1rias parcerias efetuadas com <strong>empresas de topo<\/strong> do sector empresarial e na participa\u00e7\u00e3o do seu corpo docente em v\u00e1rias<strong> unidades de Investiga\u00e7\u00e3o<\/strong>.<\/p>\n<\/div>\n<\/div>\n\n\n\n<div style=\"height:25px\" aria-hidden=\"true\" class=\"wp-block-spacer\"><\/div>\n\n\n\n<hr class=\"wp-block-separator has-alpha-channel-opacity\"\/>\n\n\n\n<div class=\"wp-container-6 wp-block-columns\">\n<div class=\"wp-container-4 wp-block-column\">\n<figure class=\"wp-block-image size-full\"><img loading=\"lazy\" width=\"640\" height=\"427\" src=\"https:\/\/www.ipleiria.pt\/estg\/wp-content\/uploads\/sites\/32\/2022\/07\/DCL-B.aud2_640.jpg\" alt=\"\" class=\"wp-image-2547\" srcset=\"https:\/\/www.ipleiria.pt\/estg\/wp-content\/uploads\/sites\/32\/2022\/07\/DCL-B.aud2_640.jpg 640w, https:\/\/www.ipleiria.pt\/estg\/wp-content\/uploads\/sites\/32\/2022\/07\/DCL-B.aud2_640-300x200.jpg 300w\" sizes=\"(max-width: 640px) 100vw, 640px\" \/><\/figure>\n<\/div>\n\n\n\n<div class=\"wp-container-5 wp-block-column\">\n<h2 class=\"is-style-theme-subtitle\">DCL<\/h2>\n\n\n\n<h2 class=\"is-style-theme-title\">Ci\u00eancias da Linguagem<\/h2>\n\n\n\n<p>O <strong>Departamento das Ci\u00eancias da Linguagem<\/strong> (DCL) assegura a leciona\u00e7\u00e3o de v\u00e1rias Unidades Curriculares inclu\u00eddas nos diferentes cursos oferecidos pela ESTG. <\/p>\n<\/div>\n<\/div>\n\n\n\n<div style=\"height:75px\" aria-hidden=\"true\" class=\"wp-block-spacer\"><\/div>\n\n\n\n<div id=\"gbc-ab2e45-6f\" class=\"wp-block-pt-ipleiria-ued-wp-theme-ipleiria-gutenbergblocks-container gbc gbc-view row-valign-top align-full\" style=\"background-color:#F3F3F3\"><div class=\"gbc-background-overlay gbc-background-overlay-normal\" style=\"opacity:0.3\"><\/div><div class=\"gbc-wrapper\" style=\"padding-top:75px;padding-bottom:75px\"><div id=\"gbc-container-gbc-ab2e45-6f\" class=\"inner-container\">\n<div id=\"gbc-cc4a52-71\" class=\"wp-block-pt-ipleiria-ued-wp-theme-ipleiria-gutenbergblocks-container gbc gbc-view row-valign-top align-none\" style=\"margin-left:0px;margin-right:0px\"><div class=\"gbc-background-overlay gbc-background-overlay-normal\" style=\"opacity:0.3\"><\/div><div class=\"gbc-wrapper\" style=\"padding-left:0px;padding-right:0px;padding-top:0px;padding-bottom:0px\"><div id=\"gbc-container-gbc-cc4a52-71\" class=\"inner-container container\">\n<div class=\"wp-container-10 wp-block-columns\">\n<div class=\"wp-container-8 wp-block-column\">\n<h2 class=\"is-style-theme-subtitle\">DCJ<\/h2>\n\n\n\n<h2 class=\"is-style-theme-title\">Ci\u00eancias Jur\u00eddicas<\/h2>\n\n\n\n<p>Ao&nbsp;<strong>Departamento das Ci\u00eancias Jur\u00eddicas<\/strong> (DCJ)&nbsp;est\u00e3o afetas todas as Unidades Curriculares (UC) de cunho jur\u00eddico quaisquer que sejam os cursos em que se integrem, sendo, o seu corpo docente, constitu\u00eddo por docentes altamente qualificados acad\u00e9mica e profissionalmente.<\/p>\n\n\n\n<div class=\"wp-container-7 is-content-justification-left wp-block-buttons\">\n<div class=\"wp-block-button is-style-theme-button-outline\"><a class=\"wp-block-button__link\" href=\"https:\/\/www.ipleiria.pt\/estg-dcj\/\" style=\"border-radius:0px\" target=\"_blank\" rel=\"noreferrer noopener\">Conhece o DCJ<\/a><\/div>\n<\/div>\n<\/div>\n\n\n\n<div class=\"wp-container-9 wp-block-column\">\n<figure class=\"wp-block-image size-full\"><img loading=\"lazy\" width=\"640\" height=\"427\" src=\"https:\/\/www.ipleiria.pt\/estg\/wp-content\/uploads\/sites\/32\/2022\/07\/DCJ-Jurislab_640-.jpg\" alt=\"\" class=\"wp-image-2546\" srcset=\"https:\/\/www.ipleiria.pt\/estg\/wp-content\/uploads\/sites\/32\/2022\/07\/DCJ-Jurislab_640-.jpg 640w, https:\/\/www.ipleiria.pt\/estg\/wp-content\/uploads\/sites\/32\/2022\/07\/DCJ-Jurislab_640--300x200.jpg 300w\" sizes=\"(max-width: 640px) 100vw, 640px\" \/><\/figure>\n<\/div>\n<\/div>\n<\/div><\/div><\/div>\n<\/div><\/div><\/div>\n\n\n\n<div style=\"height:75px\" aria-hidden=\"true\" class=\"wp-block-spacer\"><\/div>\n\n\n\n<div class=\"wp-container-14 wp-block-columns\">\n<div class=\"wp-container-11 wp-block-column\">\n<figure class=\"wp-block-image size-full\"><img loading=\"lazy\" width=\"640\" height=\"427\" src=\"https:\/\/www.ipleiria.pt\/estg\/wp-content\/uploads\/sites\/32\/2022\/07\/DEC-Lab-de-Estruturas-de-Betao_640.jpg\" alt=\"\" class=\"wp-image-2548\" srcset=\"https:\/\/www.ipleiria.pt\/estg\/wp-content\/uploads\/sites\/32\/2022\/07\/DEC-Lab-de-Estruturas-de-Betao_640.jpg 640w, https:\/\/www.ipleiria.pt\/estg\/wp-content\/uploads\/sites\/32\/2022\/07\/DEC-Lab-de-Estruturas-de-Betao_640-300x200.jpg 300w\" sizes=\"(max-width: 640px) 100vw, 640px\" \/><\/figure>\n<\/div>\n\n\n\n<div class=\"wp-container-13 wp-block-column\">\n<h2 class=\"is-style-theme-subtitle\">DEC<\/h2>\n\n\n\n<h2 class=\"is-style-theme-title\">Engenharia Civil<\/h2>\n\n\n\n<p>A aceita\u00e7\u00e3o demonstrada pelo mercado de trabalho em rela\u00e7\u00e3o aos diplomados, bem como a elevada procura dos cursos ministrados tem contribu\u00eddo para um desenvolvimento acentuado do <strong>Departamento de Engenharia Civil<\/strong> (DEC) e para a sua afirma\u00e7\u00e3o junto das empresas do sector da constru\u00e7\u00e3o civil e obras p\u00fablicas.<\/p>\n\n\n\n<div class=\"wp-container-12 is-content-justification-left wp-block-buttons\">\n<div class=\"wp-block-button is-style-theme-button-outline\"><a class=\"wp-block-button__link\" href=\"https:\/\/www.ipleiria.pt\/estg-dec\/\" target=\"_blank\" rel=\"noreferrer noopener\">Conhece o DEC<\/a><\/div>\n<\/div>\n<\/div>\n<\/div>\n\n\n\n<div style=\"height:75px\" aria-hidden=\"true\" class=\"wp-block-spacer\"><\/div>\n\n\n\n<div id=\"gbc-ab2e45-6f\" class=\"wp-block-pt-ipleiria-ued-wp-theme-ipleiria-gutenbergblocks-container gbc gbc-view row-valign-top align-full\" style=\"background-color:#F3F3F3\"><div class=\"gbc-background-overlay gbc-background-overlay-normal\" style=\"opacity:0.3\"><\/div><div class=\"gbc-wrapper\" style=\"padding-top:75px;padding-bottom:75px\"><div id=\"gbc-container-gbc-ab2e45-6f\" class=\"inner-container\">\n<div id=\"gbc-cc4a52-71\" class=\"wp-block-pt-ipleiria-ued-wp-theme-ipleiria-gutenbergblocks-container gbc gbc-view row-valign-top align-none\" style=\"margin-left:0px;margin-right:0px\"><div class=\"gbc-background-overlay gbc-background-overlay-normal\" style=\"opacity:0.3\"><\/div><div class=\"gbc-wrapper\" style=\"padding-left:0px;padding-right:0px;padding-top:0px;padding-bottom:0px\"><div id=\"gbc-container-gbc-cc4a52-71\" class=\"inner-container container\">\n<div class=\"wp-container-18 wp-block-columns\">\n<div class=\"wp-container-16 wp-block-column\">\n<h2 class=\"is-style-theme-subtitle\">DEE<\/h2>\n\n\n\n<h2 class=\"is-style-theme-title\">Engenharia Eletrot\u00e9cnica<\/h2>\n\n\n\n<p>O <strong>Departamento de Engenharia Eletrot\u00e9cnica<\/strong> (DEE), em estreita colabora\u00e7\u00e3o com Academias de refer\u00eancia na \u00e1rea da Automa\u00e7\u00e3o Industrial (Siemens e Phoenix Contact) e Rob\u00f3tica (Microchip) disponibiliza forma\u00e7\u00e3o altamente especializada adequada aos desafios  da atualidade.<\/p>\n\n\n\n<div class=\"wp-container-15 is-content-justification-left wp-block-buttons\">\n<div class=\"wp-block-button is-style-theme-button-outline\"><a class=\"wp-block-button__link\" href=\"https:\/\/www.ipleiria.pt\/estg-dee\/\" target=\"_blank\" rel=\"noreferrer noopener\">Conhece o DEE<\/a><\/div>\n<\/div>\n<\/div>\n\n\n\n<div class=\"wp-container-17 wp-block-column\">\n<figure class=\"wp-block-image size-full\"><img loading=\"lazy\" width=\"640\" height=\"427\" src=\"https:\/\/www.ipleiria.pt\/estg\/wp-content\/uploads\/sites\/32\/2022\/07\/DEE_SiemensAcad_640.jpg\" alt=\"\" class=\"wp-image-2597\" srcset=\"https:\/\/www.ipleiria.pt\/estg\/wp-content\/uploads\/sites\/32\/2022\/07\/DEE_SiemensAcad_640.jpg 640w, https:\/\/www.ipleiria.pt\/estg\/wp-content\/uploads\/sites\/32\/2022\/07\/DEE_SiemensAcad_640-300x200.jpg 300w\" sizes=\"(max-width: 640px) 100vw, 640px\" \/><\/figure>\n<\/div>\n<\/div>\n<\/div><\/div><\/div>\n<\/div><\/div><\/div>\n\n\n\n<div style=\"height:75px\" aria-hidden=\"true\" class=\"wp-block-spacer\"><\/div>\n\n\n\n<div class=\"wp-container-22 wp-block-columns\">\n<div class=\"wp-container-19 wp-block-column\">\n<figure class=\"wp-block-image size-full\"><img loading=\"lazy\" width=\"640\" height=\"427\" src=\"https:\/\/www.ipleiria.pt\/estg\/wp-content\/uploads\/sites\/32\/2022\/07\/DEI-Gamelab-2-640.jpg\" alt=\"\" class=\"wp-image-2537\" srcset=\"https:\/\/www.ipleiria.pt\/estg\/wp-content\/uploads\/sites\/32\/2022\/07\/DEI-Gamelab-2-640.jpg 640w, https:\/\/www.ipleiria.pt\/estg\/wp-content\/uploads\/sites\/32\/2022\/07\/DEI-Gamelab-2-640-300x200.jpg 300w\" sizes=\"(max-width: 640px) 100vw, 640px\" \/><\/figure>\n<\/div>\n\n\n\n<div class=\"wp-container-21 wp-block-column\">\n<h2 class=\"is-style-theme-subtitle\">DEI<\/h2>\n\n\n\n<h2 class=\"is-style-theme-title\">Engenharia Inform\u00e1tica<\/h2>\n\n\n\n<p>O <strong>Departamento de Engenharia Inform\u00e1tica<\/strong> (DEI) \u00e9 um dos maiores Departamentos da ESTG e tem, na sua oferta, cursos em diversas \u00e1reas de refer\u00eancia. A constante atualiza\u00e7\u00e3o dos curr\u00edculos aliada \u00e0 excel\u00eancia do corpo docente permite formar pessoas com capacidades para enfrentar qualquer desafio do mercado de trabalho.<\/p>\n\n\n\n<div class=\"wp-container-20 wp-block-buttons\">\n<div class=\"wp-block-button is-style-theme-button-outline\"><a class=\"wp-block-button__link\" href=\"https:\/\/www.ipleiria.pt\/estg-dei\/\" target=\"_blank\" rel=\"noreferrer noopener\">Conhece o DEI<\/a><\/div>\n<\/div>\n<\/div>\n<\/div>\n\n\n\n<div style=\"height:75px\" aria-hidden=\"true\" class=\"wp-block-spacer\"><\/div>\n\n\n\n<div id=\"gbc-ab2e45-6f\" class=\"wp-block-pt-ipleiria-ued-wp-theme-ipleiria-gutenbergblocks-container gbc gbc-view row-valign-top align-full\" style=\"background-color:#F3F3F3\"><div class=\"gbc-background-overlay gbc-background-overlay-normal\" style=\"opacity:0.3\"><\/div><div class=\"gbc-wrapper\" style=\"padding-top:75px;padding-bottom:75px\"><div id=\"gbc-container-gbc-ab2e45-6f\" class=\"inner-container\">\n<div id=\"gbc-cc4a52-71\" class=\"wp-block-pt-ipleiria-ued-wp-theme-ipleiria-gutenbergblocks-container gbc gbc-view row-valign-top align-none\" style=\"margin-left:0px;margin-right:0px\"><div class=\"gbc-background-overlay gbc-background-overlay-normal\" style=\"opacity:0.3\"><\/div><div class=\"gbc-wrapper\" style=\"padding-left:0px;padding-right:0px;padding-top:0px;padding-bottom:0px\"><div id=\"gbc-container-gbc-cc4a52-71\" class=\"inner-container container\">\n<div class=\"wp-container-26 wp-block-columns\">\n<div class=\"wp-container-24 wp-block-column\">\n<h2 class=\"is-style-theme-subtitle\">DEM<\/h2>\n\n\n\n<h2 class=\"is-style-theme-title\">Engenharia Mec\u00e2nica<\/h2>\n\n\n\n<p>O <strong>Departamento de Engenharia Mec\u00e2nica<\/strong> (DEM), com laborat\u00f3rios munidos de equipamentos de topo, disponibiliza oferta formativa com principal incid\u00eancia nas \u00e1reas da Mec\u00e2nica, Materiais, Transportes, Energia, Automa\u00e7\u00e3o, Tecnologias da Sa\u00fade, entre outros.<\/p>\n\n\n\n<div class=\"wp-container-23 is-content-justification-left wp-block-buttons\">\n<div class=\"wp-block-button is-style-theme-button-outline\"><a class=\"wp-block-button__link\" href=\"https:\/\/www.ipleiria.pt\/estg-dem\" target=\"_blank\" rel=\"noreferrer noopener\">Conhece o DEM<\/a><\/div>\n<\/div>\n<\/div>\n\n\n\n<div class=\"wp-container-25 wp-block-column\">\n<figure class=\"wp-block-image size-full\"><img loading=\"lazy\" width=\"642\" height=\"428\" src=\"https:\/\/www.ipleiria.pt\/estg\/wp-content\/uploads\/sites\/32\/2022\/07\/DEM-Lab-J_640.jpg\" alt=\"\" class=\"wp-image-2602\" srcset=\"https:\/\/www.ipleiria.pt\/estg\/wp-content\/uploads\/sites\/32\/2022\/07\/DEM-Lab-J_640.jpg 642w, https:\/\/www.ipleiria.pt\/estg\/wp-content\/uploads\/sites\/32\/2022\/07\/DEM-Lab-J_640-300x200.jpg 300w\" sizes=\"(max-width: 642px) 100vw, 642px\" \/><\/figure>\n<\/div>\n<\/div>\n<\/div><\/div><\/div>\n<\/div><\/div><\/div>\n\n\n\n<div style=\"height:75px\" aria-hidden=\"true\" class=\"wp-block-spacer\"><\/div>\n\n\n\n<div class=\"wp-container-30 wp-block-columns\">\n<div class=\"wp-container-27 wp-block-column\">\n<figure class=\"wp-block-image size-full\"><img loading=\"lazy\" width=\"640\" height=\"427\" src=\"https:\/\/www.ipleiria.pt\/estg\/wp-content\/uploads\/sites\/32\/2022\/07\/DGE-Sala-de-Simulacao-Empresarial_640.jpg\" alt=\"\" class=\"wp-image-2550\" srcset=\"https:\/\/www.ipleiria.pt\/estg\/wp-content\/uploads\/sites\/32\/2022\/07\/DGE-Sala-de-Simulacao-Empresarial_640.jpg 640w, https:\/\/www.ipleiria.pt\/estg\/wp-content\/uploads\/sites\/32\/2022\/07\/DGE-Sala-de-Simulacao-Empresarial_640-300x200.jpg 300w\" sizes=\"(max-width: 640px) 100vw, 640px\" \/><\/figure>\n<\/div>\n\n\n\n<div class=\"wp-container-29 wp-block-column\">\n<h2 class=\"is-style-theme-subtitle\">DGE<\/h2>\n\n\n\n<h2 class=\"is-style-theme-title\">Gest\u00e3o e Economia<\/h2>\n\n\n\n<p>O <strong>Departamento de Gest\u00e3o e Economia<\/strong> (DGE), adaptando-se ao meio envolvente e \u00e0 legisla\u00e7\u00e3o vigente em cada momento&nbsp;no&nbsp;tempo, procura dar respostas \u00e0s reais necessidades formativas da atualidade. O DGE disponibiliza um grande leque de curso nas \u00e1reas de Contabilidade, Finan\u00e7as, Gest\u00e3o e Marketing.<\/p>\n\n\n\n<div class=\"wp-container-28 is-content-justification-left wp-block-buttons\">\n<div class=\"wp-block-button is-style-theme-button-outline\"><a class=\"wp-block-button__link\" href=\"https:\/\/www.ipleiria.pt\/estg-dge\" target=\"_blank\" rel=\"noreferrer noopener\">Conhece o DGE<\/a><\/div>\n<\/div>\n<\/div>\n<\/div>\n\n\n\n<div style=\"height:75px\" aria-hidden=\"true\" class=\"wp-block-spacer\"><\/div>\n\n\n\n<div id=\"gbc-ab2e45-6f\" class=\"wp-block-pt-ipleiria-ued-wp-theme-ipleiria-gutenbergblocks-container gbc gbc-view row-valign-top align-full\" style=\"background-color:#F3F3F3;margin-bottom:-25px\"><div class=\"gbc-background-overlay gbc-background-overlay-normal\" style=\"opacity:0.3\"><\/div><div class=\"gbc-wrapper\" style=\"padding-top:75px;padding-bottom:75px\"><div id=\"gbc-container-gbc-ab2e45-6f\" class=\"inner-container\">\n<div id=\"gbc-cc4a52-71\" class=\"wp-block-pt-ipleiria-ued-wp-theme-ipleiria-gutenbergblocks-container gbc gbc-view row-valign-top align-none\" style=\"margin-left:0px;margin-right:0px\"><div class=\"gbc-background-overlay gbc-background-overlay-normal\" style=\"opacity:0.3\"><\/div><div class=\"gbc-wrapper\" style=\"padding-left:0px;padding-right:0px;padding-top:0px;padding-bottom:0px\"><div id=\"gbc-container-gbc-cc4a52-71\" class=\"inner-container container\">\n<div class=\"wp-container-34 wp-block-columns\">\n<div class=\"wp-container-32 wp-block-column\">\n<h2 class=\"is-style-theme-subtitle\">DMAT<\/h2>\n\n\n\n<h2 class=\"is-style-theme-title\">Matem\u00e1tica<\/h2>\n\n\n\n<p>Departamento de Matem\u00e1tica&nbsp;tem assegurado a leciona\u00e7\u00e3o das v\u00e1rias Unidades Curriculares de <strong>Matem\u00e1tica <\/strong>inclu\u00eddas nos v\u00e1rios curr\u00edculos dos cursos&nbsp;lecionados na ESTG. Com uma grande din\u00e2mica, o Departamento organiza uma s\u00e9rie de eventos e forma\u00e7\u00f5es que poder\u00e3o ser consultadas na p\u00e1gina oficial do Departamento.<\/p>\n\n\n\n<div class=\"wp-container-31 is-content-justification-left wp-block-buttons\">\n<div class=\"wp-block-button is-style-theme-button-outline\"><a class=\"wp-block-button__link\" href=\"https:\/\/www.ipleiria.pt\/estg-dmat\" target=\"_blank\" rel=\"noreferrer noopener\">Conhece o DMAT<\/a><\/div>\n<\/div>\n<\/div>\n\n\n\n<div class=\"wp-container-33 wp-block-column\">\n<figure class=\"wp-block-image size-full\"><img loading=\"lazy\" width=\"640\" height=\"426\" src=\"https:\/\/www.ipleiria.pt\/estg\/wp-content\/uploads\/sites\/32\/2022\/07\/DMAT-D_640.jpg\" alt=\"\" class=\"wp-image-2545\" srcset=\"https:\/\/www.ipleiria.pt\/estg\/wp-content\/uploads\/sites\/32\/2022\/07\/DMAT-D_640.jpg 640w, https:\/\/www.ipleiria.pt\/estg\/wp-content\/uploads\/sites\/32\/2022\/07\/DMAT-D_640-300x200.jpg 300w\" sizes=\"(max-width: 640px) 100vw, 640px\" \/><\/figure>\n<\/div>\n<\/div>\n<\/div><\/div><\/div>\n<\/div><\/div><\/div>\n","protected":false},"excerpt":{"rendered":"ESTG Departamentos A Escola Superior de Tecnologia e Gest\u00e3o possui um total de 8 Departamentos. Estas estrutura t\u00eam o objetivo primordial de apoiar a gest\u00e3o administrativa e acad\u00e9mica do diretor, coadjuvando-o, designadamente, na gest\u00e3o do pessoal docente afeto a uma \u00e1rea ou um conjunto de \u00e1reas disciplinares. Os Departamentos, t\u00eam-se conseguido reinventar e adaptar \u00e0s [&hellip;]","protected":false},"author":1,"featured_media":7955,"parent":501,"menu_order":40,"comment_status":"closed","ping_status":"closed","template":"","meta":{"custompostfields_banners":""},"_links":{"self":[{"href":"https:\/\/www.ipleiria.pt\/estg\/wp-json\/wp\/v2\/pages\/513"}],"collection":[{"href":"https:\/\/www.ipleiria.pt\/estg\/wp-json\/wp\/v2\/pages"}],"about":[{"href":"https:\/\/www.ipleiria.pt\/estg\/wp-json\/wp\/v2\/types\/page"}],"author":[{"embeddable":true,"href":"https:\/\/www.ipleiria.pt\/estg\/wp-json\/wp\/v2\/users\/1"}],"replies":[{"embeddable":true,"href":"https:\/\/www.ipleiria.pt\/estg\/wp-json\/wp\/v2\/comments?post=513"}],"version-history":[{"count":31,"href":"https:\/\/www.ipleiria.pt\/estg\/wp-json\/wp\/v2\/pages\/513\/revisions"}],"predecessor-version":[{"id":10760,"href":"https:\/\/www.ipleiria.pt\/estg\/wp-json\/wp\/v2\/pages\/513\/revisions\/10760"}],"up":[{"embeddable":true,"href":"https:\/\/www.ipleiria.pt\/estg\/wp-json\/wp\/v2\/pages\/501"}],"wp:featuredmedia":[{"embeddable":true,"href":"https:\/\/www.ipleiria.pt\/estg\/wp-json\/wp\/v2\/media\/7955"}],"wp:attachment":[{"href":"https:\/\/www.ipleiria.pt\/estg\/wp-json\/wp\/v2\/media?parent=513"}],"curies":[{"name":"wp","href":"https:\/\/api.w.org\/{rel}","templated":true}]}}