{"id":521,"date":"2021-10-22T11:15:54","date_gmt":"2021-10-22T11:15:54","guid":{"rendered":"https:\/\/www.ipleiria.pt\/esecs\/?page_id=521"},"modified":"2026-03-13T14:20:30","modified_gmt":"2026-03-13T14:20:30","slug":"informacao-de-gestao","status":"publish","type":"page","link":"https:\/\/www.ipleiria.pt\/estg\/escola\/informacoes\/informacao-de-gestao\/","title":{"rendered":"Informa\u00e7\u00e3o de gest\u00e3o"},"content":{"rendered":"\n<div style=\"height:20px\" aria-hidden=\"true\" class=\"wp-block-spacer\"><\/div>\n\n\n\n<p class=\"is-style-theme-subtitle\">Informa\u00e7\u00e3o de gest\u00e3o<\/p>\n\n\n\n<h2 class=\"is-style-theme-title\">Relat\u00f3rio&nbsp;de atividades<\/h2>\n\n\n\n<div style=\"height:15px\" aria-hidden=\"true\" class=\"wp-block-spacer\"><\/div>\n\n\n\n<div class=\"wp-container-7 wp-block-columns\">\n<div class=\"wp-container-1 wp-block-column\">\n<p>Os&nbsp;<strong>relat\u00f3rios de atividades<\/strong>&nbsp;tem como objetivo apresentar, ainda que de forma sucinta, a atividade da&nbsp;<strong>Escola Superior de Tecnologia e Gest\u00e3o&nbsp;<\/strong>(ESTG) do&nbsp;<strong>Polit\u00e9cnico de Leiria<\/strong>, nomeadamente no que concerne \u00e0 descri\u00e7\u00e3o das iniciativas levadas a cabo e dos recursos utilizados, ponderadas tamb\u00e9m as orienta\u00e7\u00f5es e os objetivos inicialmente delineados.<\/p>\n<\/div>\n\n\n\n<div class=\"wp-container-6 wp-block-column\">\n<div class=\"wp-block-file\"><a id=\"wp-block-file--media-c728e6d7-271a-45a8-ad1b-f05750b9be39\" href=\"https:\/\/www.ipleiria.pt\/estg\/wp-content\/uploads\/sites\/32\/2025\/06\/Relatorio-de-Atividades-da-ESTG-2024_CRep.pdf\" target=\"_blank\" rel=\"noreferrer noopener\">Relat\u00f3rio de Atividades da ESTG de 2024<\/a><\/div>\n\n\n\n<div id=\"gba_d9224a-22\" class=\"wp-block-pt-ipleiria-ued-wp-theme-ipleiria-gutenbergblocks-collapse gba gba-view gba_d9224a-22\">\n<div id=\"gba-pane_b1809c-86\" class=\"wp-block-pt-ipleiria-ued-wp-theme-ipleiria-gutenbergblocks-collapse-pane gba-pane gba-pane-save gba-pane_b1809c-86\"><div class=\"card\"><div class=\"card-header\" id=\"gba-pane-heading_b1809c-86\"><div class=\"mb-0\"><button class=\"btn btn-link collapsed\" type=\"button\" data-toggle=\"collapse\" data-target=\"#gba-pane-collapse_b1809c-86\" aria-controls=\"gba-pane-collapse_b1809c-86\" aria-expanded=\"false\"><span class=\"gba-pane-title\">Outros anos<\/span><\/button><\/div><\/div><div id=\"gba-pane-collapse_b1809c-86\" class=\"panel-content collapse\" aria-labelledby=\"gba-pane-heading_b1809c-86\" data-parent=\"#gba_d9224a-22\"><div class=\"card-body\">\n<div class=\"wp-container-5 wp-block-columns\">\n<div class=\"wp-container-2 wp-block-column\">\n<p class=\"has-small-font-size\"><a href=\"https:\/\/www.ipleiria.pt\/estg\/wp-content\/uploads\/sites\/32\/2025\/01\/Relatorio-de-Atividades-2023_CRep.pdf\" data-type=\"URL\" data-id=\"https:\/\/www.ipleiria.pt\/estg\/wp-content\/uploads\/sites\/32\/2025\/01\/Relatorio-de-Atividades-2023_CRep.pdf\">Ano 2023<\/a><\/p>\n\n\n\n<p class=\"has-small-font-size\"><a href=\"https:\/\/www.ipleiria.pt\/estg\/wp-content\/uploads\/sites\/19\/2024\/04\/Relat%C3%B3rio-de-Atividades-2022_CRep.pdf\">Ano 2022<\/a><\/p>\n\n\n\n<p class=\"has-small-font-size\"><a href=\"https:\/\/www.ipleiria.pt\/estg\/wp-content\/uploads\/sites\/19\/2022\/12\/Relat%C3%B3rio-de-Atividades-2021_CRep.pdf\">Ano 2021<\/a><\/p>\n\n\n\n<p class=\"has-small-font-size\"><a href=\"https:\/\/www.ipleiria.pt\/estg\/wp-content\/uploads\/sites\/32\/2022\/05\/RelatoriodeAtividades2020_versaofinal_CRep-1.pdf\">Ano 2020<\/a><\/p>\n\n\n\n<p class=\"has-small-font-size\"><a rel=\"noreferrer noopener\" href=\"https:\/\/www.ipleiria.pt\/estg\/wp-content\/uploads\/sites\/32\/2022\/05\/RelatoriodeAtividades2019_versao_final_CR.pdf\" target=\"_blank\">Ano 2019<\/a><\/p>\n<\/div>\n\n\n\n<div class=\"wp-container-3 wp-block-column\">\n<p class=\"has-small-font-size\"><a rel=\"noreferrer noopener\" href=\"https:\/\/www.ipleiria.pt\/estg\/wp-content\/uploads\/sites\/32\/2022\/05\/RelatoriodeAtividades2018_versao_final_CRep.pdf\" target=\"_blank\">Ano 2018<\/a><\/p>\n\n\n\n<p class=\"has-small-font-size\"><a href=\"https:\/\/www.ipleiria.pt\/estg\/wp-content\/uploads\/sites\/32\/2022\/05\/Relatorio-de-Atividades-2017_2018.03.27_CRep._Corrigido.pdf\">Ano 2017<\/a><\/p>\n\n\n\n<p class=\"has-small-font-size\"><a rel=\"noreferrer noopener\" href=\"https:\/\/www.ipleiria.pt\/estg\/wp-content\/uploads\/sites\/32\/2022\/05\/RelatoriodeAtividades2016_2017.07.06_CRep.Final_.pdf\" target=\"_blank\">Ano 2016<\/a><\/p>\n\n\n\n<p class=\"has-small-font-size\"><a rel=\"noreferrer noopener\" href=\"https:\/\/www.ipleiria.pt\/estg\/wp-content\/uploads\/sites\/32\/2022\/05\/Relatorio-de-Atividades-2015-versao-final.pdf\" target=\"_blank\">Ano 2015<\/a><\/p>\n\n\n\n<p class=\"has-small-font-size\"><a rel=\"noreferrer noopener\" href=\"https:\/\/www.ipleiria.pt\/estg\/wp-content\/uploads\/sites\/32\/2022\/05\/RelatoriodeAtividades2014_VersaoFinal.pdf\" target=\"_blank\">Ano 2014<\/a><\/p>\n<\/div>\n\n\n\n<div class=\"wp-container-4 wp-block-column\">\n<p class=\"has-small-font-size\"><a rel=\"noreferrer noopener\" href=\"https:\/\/www.ipleiria.pt\/estg\/wp-content\/uploads\/sites\/32\/2022\/05\/22813_RA_2013.pdf\" target=\"_blank\">Ano 2013<\/a><\/p>\n\n\n\n<p class=\"has-small-font-size\"><a rel=\"noreferrer noopener\" href=\"https:\/\/www.ipleiria.pt\/estg\/wp-content\/uploads\/sites\/32\/2022\/05\/20561_RA_2012.pdf\" target=\"_blank\">Ano 2012<\/a><\/p>\n\n\n\n<p class=\"has-small-font-size\"><a rel=\"noreferrer noopener\" href=\"https:\/\/www.ipleiria.pt\/estg\/wp-content\/uploads\/sites\/32\/2022\/05\/12558_RA_2011.pdf\" target=\"_blank\">Ano 2011<\/a><\/p>\n\n\n\n<p class=\"has-small-font-size\"><a rel=\"noreferrer noopener\" href=\"https:\/\/www.ipleiria.pt\/estg\/wp-content\/uploads\/sites\/32\/2022\/05\/12559_RA_2010.pdf\" target=\"_blank\">Ano 2010<\/a><\/p>\n\n\n\n<p class=\"has-small-font-size\"><a rel=\"noreferrer noopener\" href=\"https:\/\/www.ipleiria.pt\/estg\/wp-content\/uploads\/sites\/32\/2022\/05\/12560_RA_2009.pdf\" target=\"_blank\">Ano 2009<\/a><\/p>\n<\/div>\n<\/div>\n<\/div><\/div><\/div><\/div>\n<\/div>\n<\/div>\n<\/div>\n\n\n\n<hr class=\"wp-block-separator has-css-opacity\"\/>\n\n\n\n<p class=\"is-style-theme-subtitle\">Informa\u00e7\u00e3o de gest\u00e3o<\/p>\n\n\n\n<h2 class=\"is-style-theme-title\">Plano de atividades<\/h2>\n\n\n\n<div class=\"wp-container-14 wp-block-columns\">\n<div class=\"wp-container-8 wp-block-column\">\n<p>O<strong>&nbsp;plano de atividades<\/strong>&nbsp;\u00e9 um documento onde a escola anualmente exp\u00f5e, entre outras, as orienta\u00e7\u00f5es estrat\u00e9gicas, em particular, a qualidade da forma\u00e7\u00e3o e sua adequa\u00e7\u00e3o ao mercado de trabalho, o estabelecimento de mecanismos e procedimentos internos de garantia da qualidade dos cursos e dos servi\u00e7os.<\/p>\n<\/div>\n\n\n\n<div class=\"wp-container-13 wp-block-column\">\n<div class=\"wp-block-file\"><a id=\"wp-block-file--media-efa81914-92fb-445a-ad9e-e584bd46b244\" href=\"https:\/\/www.ipleiria.pt\/estg\/wp-content\/uploads\/sites\/32\/2025\/06\/Plano-de-Atividades_ESTG_2025_CRep.pdf\" target=\"_blank\" rel=\"noreferrer noopener\">Plano de Atividades da ESTG 2025<\/a><\/div>\n\n\n\n<div id=\"gba_826bd7-dc\" class=\"wp-block-pt-ipleiria-ued-wp-theme-ipleiria-gutenbergblocks-collapse gba gba-view gba_826bd7-dc\">\n<div id=\"gba-pane_e53d86-62\" class=\"wp-block-pt-ipleiria-ued-wp-theme-ipleiria-gutenbergblocks-collapse-pane gba-pane gba-pane-save gba-pane_e53d86-62\"><div class=\"card\"><div class=\"card-header\" id=\"gba-pane-heading_e53d86-62\"><div class=\"mb-0\"><button class=\"btn btn-link collapsed\" type=\"button\" data-toggle=\"collapse\" data-target=\"#gba-pane-collapse_e53d86-62\" aria-controls=\"gba-pane-collapse_e53d86-62\" aria-expanded=\"false\"><span class=\"gba-pane-title\">Outros anos<\/span><\/button><\/div><\/div><div id=\"gba-pane-collapse_e53d86-62\" class=\"panel-content collapse\" aria-labelledby=\"gba-pane-heading_e53d86-62\" data-parent=\"#gba_826bd7-dc\"><div class=\"card-body\">\n<div class=\"wp-container-12 wp-block-columns\">\n<div class=\"wp-container-9 wp-block-column\">\n<p class=\"has-small-font-size\"><a href=\"https:\/\/www.ipleiria.pt\/estg\/wp-content\/uploads\/sites\/32\/2025\/01\/Plano-de-Atividades-2024_CRep-2.pdf\" data-type=\"URL\" data-id=\"https:\/\/www.ipleiria.pt\/estg\/wp-content\/uploads\/sites\/32\/2025\/01\/Plano-de-Atividades-2024_CRep-2.pdf\">2024<\/a><\/p>\n\n\n\n<p class=\"has-small-font-size\"><a href=\"https:\/\/www.ipleiria.pt\/estg\/wp-content\/uploads\/sites\/19\/2023\/08\/Plano-de-Atividades-2023_CRep.pdf\">2023<\/a><\/p>\n\n\n\n<p class=\"has-small-font-size\"><a href=\"https:\/\/www.ipleiria.pt\/estg\/wp-content\/uploads\/sites\/19\/2023\/02\/Plano-de-Atividades-2022_CRep.pdf\">2022<\/a><\/p>\n\n\n\n<p class=\"has-small-font-size\"><a rel=\"noreferrer noopener\" href=\"https:\/\/www.ipleiria.pt\/estg\/wp-content\/uploads\/sites\/32\/2022\/05\/PlanodeAtividades2021_versaofinal_CRep.pdf\" target=\"_blank\">2021<\/a><\/p>\n\n\n\n<p class=\"has-small-font-size\"><a rel=\"noreferrer noopener\" href=\"https:\/\/www.ipleiria.pt\/estg\/wp-content\/uploads\/sites\/32\/2022\/05\/PlanodeAtividades_2020_2020.10.28_CR.pdf\" target=\"_blank\">2020<\/a><\/p>\n\n\n\n<p class=\"has-small-font-size\"><a rel=\"noreferrer noopener\" href=\"https:\/\/www.ipleiria.pt\/estg\/wp-content\/uploads\/sites\/32\/2022\/05\/PA2019_2019.10.02_CRep.pdf\" target=\"_blank\">2019<\/a><\/p>\n<\/div>\n\n\n\n<div class=\"wp-container-10 wp-block-column\">\n<p class=\"has-small-font-size\"><a rel=\"noreferrer noopener\" href=\"https:\/\/www.ipleiria.pt\/estg\/wp-content\/uploads\/sites\/32\/2022\/05\/PA2018_2019.03.08_CRep.pdf\" target=\"_blank\">2018<\/a><\/p>\n\n\n\n<p class=\"has-small-font-size\"><a rel=\"noreferrer noopener\" href=\"https:\/\/www.ipleiria.pt\/estg\/wp-content\/uploads\/sites\/32\/2022\/05\/PlanoAtividades2017.pdf\" target=\"_blank\">2017<\/a><\/p>\n\n\n\n<p class=\"has-small-font-size\"><a rel=\"noreferrer noopener\" href=\"https:\/\/www.ipleiria.pt\/estg\/wp-content\/uploads\/sites\/32\/2022\/05\/PA2016_CRep.pdf\" target=\"_blank\">2016<\/a><\/p>\n\n\n\n<p class=\"has-small-font-size\"><a rel=\"noreferrer noopener\" href=\"https:\/\/www.ipleiria.pt\/estg\/wp-content\/uploads\/sites\/32\/2022\/05\/Plano_de_Atividades_2015.pdf\" target=\"_blank\">2015<\/a><\/p>\n\n\n\n<p class=\"has-small-font-size\"><a rel=\"noreferrer noopener\" href=\"https:\/\/www.ipleiria.pt\/estg\/wp-content\/uploads\/sites\/32\/2022\/05\/22817_PA_2014.pdf\" target=\"_blank\">2014<\/a><\/p>\n\n\n\n<p class=\"has-small-font-size\"><a rel=\"noreferrer noopener\" href=\"https:\/\/www.ipleiria.pt\/estg\/wp-content\/uploads\/sites\/32\/2022\/05\/20558_PA_2013.pdf\" target=\"_blank\">2013<\/a><\/p>\n<\/div>\n\n\n\n<div class=\"wp-container-11 wp-block-column\">\n<p class=\"has-small-font-size\"><a href=\"https:\/\/www.ipleiria.pt\/estg\/wp-content\/uploads\/sites\/32\/2022\/05\/12561_PA_2012.pdf\">2012<\/a><\/p>\n\n\n\n<p class=\"has-small-font-size\"><a href=\"https:\/\/www.ipleiria.pt\/estg\/wp-content\/uploads\/sites\/32\/2022\/05\/12562_PA_2011.pdf\">2011<\/a><\/p>\n\n\n\n<p class=\"has-small-font-size\"><a rel=\"noreferrer noopener\" href=\"https:\/\/www.ipleiria.pt\/estg\/wp-content\/uploads\/sites\/32\/2022\/05\/12563_PA_2010.pdf\" target=\"_blank\">2010<\/a><\/p>\n\n\n\n<p class=\"has-small-font-size\"><a rel=\"noreferrer noopener\" href=\"https:\/\/www.ipleiria.pt\/estg\/wp-content\/uploads\/sites\/32\/2022\/05\/12564_PA_2009.pdf\" target=\"_blank\">2009<\/a><\/p>\n\n\n\n<p class=\"has-small-font-size\"><a rel=\"noreferrer noopener\" href=\"https:\/\/www.ipleiria.pt\/estg\/wp-content\/uploads\/sites\/32\/2022\/05\/12565_PA_2008.pdf\" target=\"_blank\">2008<\/a><\/p>\n<\/div>\n<\/div>\n<\/div><\/div><\/div><\/div>\n<\/div>\n<\/div>\n<\/div>\n\n\n\n<div style=\"height:60px\" aria-hidden=\"true\" class=\"wp-block-spacer\"><\/div>\n","protected":false},"excerpt":{"rendered":"Informa\u00e7\u00e3o de gest\u00e3o Relat\u00f3rio&nbsp;de atividades Os&nbsp;relat\u00f3rios de atividades&nbsp;tem como objetivo apresentar, ainda que de forma sucinta, a atividade da&nbsp;Escola Superior de Tecnologia e Gest\u00e3o&nbsp;(ESTG) do&nbsp;Polit\u00e9cnico de Leiria, nomeadamente no que concerne \u00e0 descri\u00e7\u00e3o das iniciativas levadas a cabo e dos recursos utilizados, ponderadas tamb\u00e9m as orienta\u00e7\u00f5es e os objetivos inicialmente delineados. Informa\u00e7\u00e3o de gest\u00e3o Plano [&hellip;]","protected":false},"author":1,"featured_media":10827,"parent":519,"menu_order":10,"comment_status":"closed","ping_status":"closed","template":"","meta":{"custompostfields_banners":""},"_links":{"self":[{"href":"https:\/\/www.ipleiria.pt\/estg\/wp-json\/wp\/v2\/pages\/521"}],"collection":[{"href":"https:\/\/www.ipleiria.pt\/estg\/wp-json\/wp\/v2\/pages"}],"about":[{"href":"https:\/\/www.ipleiria.pt\/estg\/wp-json\/wp\/v2\/types\/page"}],"author":[{"embeddable":true,"href":"https:\/\/www.ipleiria.pt\/estg\/wp-json\/wp\/v2\/users\/1"}],"replies":[{"embeddable":true,"href":"https:\/\/www.ipleiria.pt\/estg\/wp-json\/wp\/v2\/comments?post=521"}],"version-history":[{"count":46,"href":"https:\/\/www.ipleiria.pt\/estg\/wp-json\/wp\/v2\/pages\/521\/revisions"}],"predecessor-version":[{"id":12775,"href":"https:\/\/www.ipleiria.pt\/estg\/wp-json\/wp\/v2\/pages\/521\/revisions\/12775"}],"up":[{"embeddable":true,"href":"https:\/\/www.ipleiria.pt\/estg\/wp-json\/wp\/v2\/pages\/519"}],"wp:featuredmedia":[{"embeddable":true,"href":"https:\/\/www.ipleiria.pt\/estg\/wp-json\/wp\/v2\/media\/10827"}],"wp:attachment":[{"href":"https:\/\/www.ipleiria.pt\/estg\/wp-json\/wp\/v2\/media?parent=521"}],"curies":[{"name":"wp","href":"https:\/\/api.w.org\/{rel}","templated":true}]}}