{"id":527,"date":"2021-10-22T11:17:00","date_gmt":"2021-10-22T11:17:00","guid":{"rendered":"https:\/\/www.ipleiria.pt\/esecs\/?page_id=527"},"modified":"2026-03-13T14:25:09","modified_gmt":"2026-03-13T14:25:09","slug":"processos-eleitorais","status":"publish","type":"page","link":"https:\/\/www.ipleiria.pt\/estg\/escola\/informacoes\/processos-eleitorais\/","title":{"rendered":"Processos eleitorais"},"content":{"rendered":"\n<div style=\"height:20px\" aria-hidden=\"true\" class=\"wp-block-spacer\"><\/div>\n\n\n\n<div class=\"wp-container-3 wp-block-columns\">\n<div class=\"wp-container-1 wp-block-column\">\n<h2 class=\"is-style-theme-title\">Regulamentos eleitorais para consulta<\/h2>\n\n\n\n<div style=\"height:25px\" aria-hidden=\"true\" class=\"wp-block-spacer\"><\/div>\n\n\n\n<p><a href=\"https:\/\/www.ipleiria.pt\/estg\/wp-content\/uploads\/sites\/32\/2026\/02\/Regulamento_CR_Homologado.pdf\">Regulamento eleitoral do Conselho de Representantes<\/a><br><span class=\"small\">(2026)<\/span><\/p>\n\n\n\n<p class=\"has-text-align-left has-normal-font-size\"><a href=\"https:\/\/www.ipleiria.pt\/estg\/wp-content\/uploads\/sites\/32\/2026\/02\/Regulamento-eleitoral_ConselhoTecnicoCientifico_2026.01.23_Homologado.pdf\">Regulamento eleitoral do Conselho T\u00e9cnico-Cientifico<\/a><br><span class=\"small\">(2026)<\/span><br><a href=\"https:\/\/www.ipleiria.pt\/estg\/wp-content\/uploads\/sites\/32\/2026\/02\/Regulamento-eleitoral_ConselhoPedagogico_2026.01.22_Homologado.pdf\">Regulamento eleitoral do Conselho Pedag\u00f3gico<\/a><br><span class=\"small\">(2026)<\/span><\/p>\n\n\n\n<p><\/p>\n<\/div>\n\n\n\n<div class=\"wp-container-2 wp-block-column\"><\/div>\n<\/div>\n\n\n\n<div style=\"height:20px\" aria-hidden=\"true\" class=\"wp-block-spacer\"><\/div>\n\n\n\n<hr class=\"wp-block-separator has-alpha-channel-opacity\"\/>\n\n\n\n<h2 class=\"is-style-theme-title\">Processos Eleitorais<\/h2>\n\n\n\n<div id=\"gba_bed52d-31\" class=\"wp-block-pt-ipleiria-ued-wp-theme-ipleiria-gutenbergblocks-collapse gba gba-view gba_bed52d-31\">\n<div id=\"gba-pane_c5043c-12\" class=\"wp-block-pt-ipleiria-ued-wp-theme-ipleiria-gutenbergblocks-collapse-pane gba-pane gba-pane-save gba-pane_c5043c-12\"><div class=\"card\"><div class=\"card-header\" id=\"gba-pane-heading_c5043c-12\"><div class=\"mb-0\"><button class=\"btn btn-link collapsed\" type=\"button\" data-toggle=\"collapse\" data-target=\"#gba-pane-collapse_c5043c-12\" aria-controls=\"gba-pane-collapse_c5043c-12\" aria-expanded=\"false\"><span class=\"gba-pane-title\">Diretor da ESTG<\/span><\/button><\/div><\/div><div id=\"gba-pane-collapse_c5043c-12\" class=\"panel-content collapse\" aria-labelledby=\"gba-pane-heading_c5043c-12\" data-parent=\"#gba_bed52d-31\"><div class=\"card-body\">\n<div id=\"gba_a748b3-22\" class=\"wp-block-pt-ipleiria-ued-wp-theme-ipleiria-gutenbergblocks-collapse gba gba-view gba_a748b3-22\">\n<div id=\"gba-pane_65646e-9e\" class=\"wp-block-pt-ipleiria-ued-wp-theme-ipleiria-gutenbergblocks-collapse-pane gba-pane gba-pane-save gba-pane_65646e-9e\"><div class=\"card\"><div class=\"card-header\" id=\"gba-pane-heading_65646e-9e\"><div class=\"mb-0\"><button class=\"btn btn-link collapsed\" type=\"button\" data-toggle=\"collapse\" data-target=\"#gba-pane-collapse_65646e-9e\" aria-controls=\"gba-pane-collapse_65646e-9e\" aria-expanded=\"false\"><span class=\"gba-pane-title\"><strong>Elei\u00e7\u00e3o do Diretor da ESTG \u2013 18\/02\/2022<\/strong><\/span><\/button><\/div><\/div><div id=\"gba-pane-collapse_65646e-9e\" class=\"panel-content collapse\" aria-labelledby=\"gba-pane-heading_65646e-9e\" data-parent=\"#gba_a748b3-22\"><div class=\"card-body\">\n<p><a href=\"https:\/\/www.ipleiria.pt\/estg\/wp-content\/uploads\/sites\/32\/2022\/06\/Programa-de-Acao.pdf\" target=\"_blank\" rel=\"noreferrer noopener\">Programa de A\u00e7\u00e3o<\/a><br><span class=\"small\">(Do documento publicitado foram expurgados os dados pessoais constantes do documento original)<\/span><\/p>\n\n\n\n<p><br><a rel=\"noreferrer noopener\" href=\"https:\/\/www.ipleiria.pt\/estg\/wp-content\/uploads\/sites\/32\/2022\/06\/Curriculum-Vitae.pdf\" target=\"_blank\">Curriculum Vitae<\/a><br><span class=\"small\">(Do documento publicitado foram expurgados os dados pessoais constantes do documento original)<\/span><\/p>\n\n\n\n<p>O Diretor da ESTG,&nbsp;<strong>Professor Doutor Carlos Alexandre Bento Capela<\/strong>, foi eleito &nbsp;em 18 de fevereiro de 2022, tendo tomado posse no dia 20 de abril do mesmo ano, para um mandato com a dura\u00e7\u00e3o de 4 anos.<\/p>\n<\/div><\/div><\/div><\/div>\n<\/div>\n<\/div><\/div><\/div><\/div>\n<\/div>\n\n\n\n<div id=\"gba_0614ac-04\" class=\"wp-block-pt-ipleiria-ued-wp-theme-ipleiria-gutenbergblocks-collapse gba gba-view gba_0614ac-04\">\n<div id=\"gba-pane_644c9b-e1\" class=\"wp-block-pt-ipleiria-ued-wp-theme-ipleiria-gutenbergblocks-collapse-pane gba-pane gba-pane-save gba-pane_644c9b-e1\"><div class=\"card\"><div class=\"card-header\" id=\"gba-pane-heading_644c9b-e1\"><div class=\"mb-0\"><button class=\"btn btn-link collapsed\" type=\"button\" data-toggle=\"collapse\" data-target=\"#gba-pane-collapse_644c9b-e1\" aria-controls=\"gba-pane-collapse_644c9b-e1\" aria-expanded=\"false\"><span class=\"gba-pane-title\">Conselho de Representantes, Conselho T\u00e9cnico-Cientifico e Conselho Pedag\u00f3gico &#8211; 25.03.2026<\/span><\/button><\/div><\/div><div id=\"gba-pane-collapse_644c9b-e1\" class=\"panel-content collapse\" aria-labelledby=\"gba-pane-heading_644c9b-e1\" data-parent=\"#gba_0614ac-04\"><div class=\"card-body\">\n<p><a href=\"https:\/\/www.ipleiria.pt\/estg\/wp-content\/uploads\/sites\/32\/2026\/02\/Despacho-36_2026_signed-inicio-do-processo-eleitoral.pdf\">Despacho n.\u00ba 36\/2026, de 16 de fevereiro <\/a>&#8211; in\u00edcio dos processos eleitorais<\/p>\n\n\n\n<p><a href=\"https:\/\/www.ipleiria.pt\/estg\/wp-content\/uploads\/sites\/32\/2026\/02\/Despacho-39_2026_signed.pdf\">Despacho n.39\/2026, de 23 de fevereiro<\/a> &#8211; corre\u00e7\u00e3o do calend\u00e1rio eleitoral<\/p>\n<\/div><\/div><\/div><\/div>\n<\/div>\n\n\n\n<div id=\"gba_8cc69b-94\" class=\"wp-block-pt-ipleiria-ued-wp-theme-ipleiria-gutenbergblocks-collapse gba gba-view gba_8cc69b-94\">\n<div id=\"gba-pane_154b22-60\" class=\"wp-block-pt-ipleiria-ued-wp-theme-ipleiria-gutenbergblocks-collapse-pane gba-pane gba-pane-save gba-pane_154b22-60\"><div class=\"card\"><div class=\"card-header\" id=\"gba-pane-heading_154b22-60\"><div class=\"mb-0\"><button class=\"btn btn-link collapsed\" type=\"button\" data-toggle=\"collapse\" data-target=\"#gba-pane-collapse_154b22-60\" aria-controls=\"gba-pane-collapse_154b22-60\" aria-expanded=\"false\"><span class=\"gba-pane-title\"><\/span><\/button><\/div><\/div><div id=\"gba-pane-collapse_154b22-60\" class=\"panel-content collapse\" aria-labelledby=\"gba-pane-heading_154b22-60\" data-parent=\"#gba_8cc69b-94\"><div class=\"card-body\"><\/div><\/div><\/div><\/div>\n<\/div>\n\n\n\n<div id=\"gba_dc42c5-82\" class=\"wp-block-pt-ipleiria-ued-wp-theme-ipleiria-gutenbergblocks-collapse gba gba-view gba_dc42c5-82\">\n<div id=\"gba-pane_0ee003-74\" class=\"wp-block-pt-ipleiria-ued-wp-theme-ipleiria-gutenbergblocks-collapse-pane gba-pane gba-pane-save gba-pane_0ee003-74\"><div class=\"card\"><div class=\"card-header\" id=\"gba-pane-heading_0ee003-74\"><div class=\"mb-0\"><button class=\"btn btn-link collapsed\" type=\"button\" data-toggle=\"collapse\" data-target=\"#gba-pane-collapse_0ee003-74\" aria-controls=\"gba-pane-collapse_0ee003-74\" aria-expanded=\"false\"><span class=\"gba-pane-title\"><\/span><\/button><\/div><\/div><div id=\"gba-pane-collapse_0ee003-74\" class=\"panel-content collapse\" aria-labelledby=\"gba-pane-heading_0ee003-74\" data-parent=\"#gba_dc42c5-82\"><div class=\"card-body\"><\/div><\/div><\/div><\/div>\n<\/div>\n\n\n\n<div id=\"gba_b3aa62-33\" class=\"wp-block-pt-ipleiria-ued-wp-theme-ipleiria-gutenbergblocks-collapse gba gba-view gba_b3aa62-33\">\n<div id=\"gba-pane_be1d31-8c\" class=\"wp-block-pt-ipleiria-ued-wp-theme-ipleiria-gutenbergblocks-collapse-pane gba-pane gba-pane-save gba-pane_be1d31-8c\"><div class=\"card\"><div class=\"card-header\" id=\"gba-pane-heading_be1d31-8c\"><div class=\"mb-0\"><button class=\"btn btn-link collapsed\" type=\"button\" data-toggle=\"collapse\" data-target=\"#gba-pane-collapse_be1d31-8c\" aria-controls=\"gba-pane-collapse_be1d31-8c\" aria-expanded=\"false\"><span class=\"gba-pane-title\">Estudantes delegados de ciclo de estudos<\/span><\/button><\/div><\/div><div id=\"gba-pane-collapse_be1d31-8c\" class=\"panel-content collapse\" aria-labelledby=\"gba-pane-heading_be1d31-8c\" data-parent=\"#gba_b3aa62-33\"><div class=\"card-body\">\n<p><a href=\"https:\/\/dre.pt\/web\/guest\/pesquisa\/-\/search\/114703532\/details\/normal?l=1\">Regulamento Eleitoral dos Estudantes delegados de ciclos de es<\/a>tudos<\/p>\n\n\n\n<p><a href=\"https:\/\/www.ipleiria.pt\/estg\/wp-content\/uploads\/sites\/32\/2026\/02\/Despacho-38_2026_signed.pdf\">Despacho n\u00ba 38\/2026, de 23 de fevereiro<\/a> &#8211; in\u00edcio do processo eleitoral<\/p>\n<\/div><\/div><\/div><\/div>\n<\/div>\n\n\n\n<p><\/p>\n","protected":false},"excerpt":{"rendered":"Regulamentos eleitorais para consulta Regulamento eleitoral do Conselho de Representantes(2026) Regulamento eleitoral do Conselho T\u00e9cnico-Cientifico(2026)Regulamento eleitoral do Conselho Pedag\u00f3gico(2026) Processos Eleitorais","protected":false},"author":1,"featured_media":10824,"parent":519,"menu_order":40,"comment_status":"closed","ping_status":"closed","template":"","meta":{"custompostfields_banners":"11118"},"_links":{"self":[{"href":"https:\/\/www.ipleiria.pt\/estg\/wp-json\/wp\/v2\/pages\/527"}],"collection":[{"href":"https:\/\/www.ipleiria.pt\/estg\/wp-json\/wp\/v2\/pages"}],"about":[{"href":"https:\/\/www.ipleiria.pt\/estg\/wp-json\/wp\/v2\/types\/page"}],"author":[{"embeddable":true,"href":"https:\/\/www.ipleiria.pt\/estg\/wp-json\/wp\/v2\/users\/1"}],"replies":[{"embeddable":true,"href":"https:\/\/www.ipleiria.pt\/estg\/wp-json\/wp\/v2\/comments?post=527"}],"version-history":[{"count":49,"href":"https:\/\/www.ipleiria.pt\/estg\/wp-json\/wp\/v2\/pages\/527\/revisions"}],"predecessor-version":[{"id":12777,"href":"https:\/\/www.ipleiria.pt\/estg\/wp-json\/wp\/v2\/pages\/527\/revisions\/12777"}],"up":[{"embeddable":true,"href":"https:\/\/www.ipleiria.pt\/estg\/wp-json\/wp\/v2\/pages\/519"}],"wp:featuredmedia":[{"embeddable":true,"href":"https:\/\/www.ipleiria.pt\/estg\/wp-json\/wp\/v2\/media\/10824"}],"wp:attachment":[{"href":"https:\/\/www.ipleiria.pt\/estg\/wp-json\/wp\/v2\/media?parent=527"}],"curies":[{"name":"wp","href":"https:\/\/api.w.org\/{rel}","templated":true}]}}