{"id":531,"date":"2021-10-22T11:18:00","date_gmt":"2021-10-22T11:18:00","guid":{"rendered":"https:\/\/www.ipleiria.pt\/esecs\/?page_id=531"},"modified":"2025-09-25T09:52:02","modified_gmt":"2025-09-25T09:52:02","slug":"guia-de-acolhimento","status":"publish","type":"page","link":"https:\/\/www.ipleiria.pt\/estg\/estudantes\/dia-a-dia\/guia-de-acolhimento\/","title":{"rendered":"Guia de acolhimento"},"content":{"rendered":"\n<p class=\"is-style-theme-subtitle\">Bem-vindos!<\/p>\n\n\n\n<div class=\"wp-container-3 wp-block-columns\">\n<div class=\"wp-container-1 wp-block-column\">\n<h2 class=\"is-style-theme-title\">Guia de acolhimento<\/h2>\n\n\n\n<p><\/p>\n\n\n\n<p class=\"no-icon\">Temos tudo preparado para te receber. Nesta p\u00e1gina, poder\u00e1s encontrar todas as informa\u00e7\u00f5es relevantes para te ajudar na tua integra\u00e7\u00e3o na ESTG. <\/p>\n\n\n\n<p class=\"no-icon\">Prepar\u00e1mos, igualmente, o teu <strong>Guia do Estudante<\/strong>, que podes consultar e descarregar <a href=\"https:\/\/www.ipleiria.pt\/estg\/wp-content\/uploads\/sites\/32\/2025\/09\/GuiadoEstudante2526_24.09.pdf\">aqui<\/a>, onde sintetiz\u00e1mos as informa\u00e7\u00f5es mais importantes para o teu percurso.<\/p>\n\n\n\n<p class=\"no-icon\">As apresenta\u00e7\u00f5es aos estudantes do 1.\u00ba ano, cuja calendariza\u00e7\u00e3o estar\u00e1 dispon\u00edvel&nbsp;<strong><a href=\"https:\/\/www.ipleiria.pt\/estg\/2024\/09\/11\/sessoes-de-apresentacao-aos-novos-estudantes-2025-2026\/\">aqui<\/a><\/strong>, decorrer\u00e3o no dia 15 de setembro de 2025.<\/p>\n\n\n\n<p>As aulas para todos os ciclos de estudo ter\u00e3o in\u00edcio no dia 16 de setembro, conforme os hor\u00e1rios que ir\u00e3o ser disponibilizados&nbsp;<strong><a href=\"https:\/\/inforestudante.ipleiria.pt\/nonio\/alunos\/horario.do\">aqui<\/a><\/strong>.<\/p>\n<\/div>\n\n\n\n<div class=\"wp-container-2 wp-block-column\">\n<figure class=\"wp-block-image size-full no-icon\"><a href=\"https:\/\/www.ipleiria.pt\/estg\/wp-content\/uploads\/sites\/32\/2025\/09\/GuiadoEstudante2526_24.09.pdf\" target=\"_blank\" rel=\"noreferrer noopener\"><img loading=\"lazy\" width=\"804\" height=\"535\" src=\"https:\/\/www.ipleiria.pt\/estg\/wp-content\/uploads\/sites\/32\/2025\/08\/GuiaEstudante.jpg\" alt=\"\" class=\"wp-image-11106\" srcset=\"https:\/\/www.ipleiria.pt\/estg\/wp-content\/uploads\/sites\/32\/2025\/08\/GuiaEstudante.jpg 804w, https:\/\/www.ipleiria.pt\/estg\/wp-content\/uploads\/sites\/32\/2025\/08\/GuiaEstudante-300x200.jpg 300w, https:\/\/www.ipleiria.pt\/estg\/wp-content\/uploads\/sites\/32\/2025\/08\/GuiaEstudante-768x511.jpg 768w\" sizes=\"(max-width: 804px) 100vw, 804px\" \/><\/a><\/figure>\n<\/div>\n<\/div>\n\n\n\n<div style=\"height:23px\" aria-hidden=\"true\" class=\"wp-block-spacer\"><\/div>\n\n\n\n<div class=\"wp-container-9 wp-block-columns\">\n<div class=\"wp-container-4 wp-block-column\">\n<div class=\"wp-block-pt-ipleiria-ued-wp-theme-ipleiria-gutenbergblocks-infobox gbib gbib-view is-style-theme-infobox-svg\"><div class=\"gbib-wrapper gbib-image-wrapper\"><img class=\"gbib-image\" src=\"https:\/\/www.ipleiria.pt\/estg\/wp-content\/uploads\/sites\/32\/2022\/06\/perfil_agcp.svg\" alt=\"\"\/><\/div><div class=\"gbib-wrapper gbib-title-wrapper\"><h2 class=\"gbib-title\">calend\u00e1rio escolar<\/h2><\/div><div class=\"gbib-wrapper gbib-description-wrapper\"><div class=\"gbib-description\"><a rel=\"noreferrer noopener\" href=\"https:\/\/www.ipleiria.pt\/estg\/estudantes\/dia-a-dia\/guia-de-acolhimento\/calendario-escolar\/\" target=\"_blank\">2025\/2026<\/a><\/div><\/div><\/div>\n<\/div>\n\n\n\n<div class=\"wp-container-5 wp-block-column\">\n<div class=\"wp-block-pt-ipleiria-ued-wp-theme-ipleiria-gutenbergblocks-infobox gbib gbib-view is-style-theme-infobox-svg\"><div class=\"gbib-wrapper gbib-image-wrapper\"><img class=\"gbib-image\" src=\"https:\/\/www.ipleiria.pt\/estg\/wp-content\/uploads\/sites\/32\/2022\/06\/perfil_pautas.svg\" alt=\"\"\/><\/div><div class=\"gbib-wrapper gbib-title-wrapper\"><h2 class=\"gbib-title\">Plataforma de hor\u00e1rios<\/h2><\/div><div class=\"gbib-wrapper gbib-description-wrapper\"><div class=\"gbib-description\"><a href=\"https:\/\/inforestudante.ipleiria.pt\/nonio\/alunos\/horario.do\">Hor\u00e1rios<\/a><\/div><\/div><\/div>\n<\/div>\n\n\n\n<div class=\"wp-container-6 wp-block-column\">\n<div class=\"wp-block-pt-ipleiria-ued-wp-theme-ipleiria-gutenbergblocks-infobox gbib gbib-view no-icon is-style-theme-infobox-svg\"><div class=\"gbib-wrapper gbib-image-wrapper\"><img class=\"gbib-image\" src=\"https:\/\/www.ipleiria.pt\/estg\/wp-content\/uploads\/sites\/32\/2022\/06\/perfil_circulo.svg\" alt=\"\"\/><\/div><div class=\"gbib-wrapper gbib-title-wrapper\"><h2 class=\"gbib-title\">testes de nivelamento ingl\u00eas<\/h2><\/div><div class=\"gbib-wrapper gbib-description-wrapper\"><div class=\"gbib-description\"><code><a rel=\"noreferrer noopener\" href=\"https:\/\/www.ipleiria.pt\/estg\/wp-content\/uploads\/sites\/32\/2025\/09\/Teste-Nivelamento-2025_26.pdf\" target=\"_blank\">PT <\/a>. <\/code><a href=\"https:\/\/www.ipleiria.pt\/estg\/wp-content\/uploads\/sites\/32\/2025\/09\/Placement-Test-2025_26.pdf\">EN<\/a><\/div><\/div><\/div>\n<\/div>\n\n\n\n<div class=\"wp-container-7 wp-block-column\">\n<div class=\"wp-block-pt-ipleiria-ued-wp-theme-ipleiria-gutenbergblocks-infobox gbib gbib-view no-icon is-style-theme-infobox-svg\"><div class=\"gbib-wrapper gbib-image-wrapper\"><img class=\"gbib-image\" src=\"https:\/\/www.ipleiria.pt\/estg\/wp-content\/uploads\/sites\/32\/2022\/06\/perfil_pautas.svg\" alt=\"\"\/><\/div><div class=\"gbib-wrapper gbib-title-wrapper\"><h2 class=\"gbib-title\">PLano de a\u00e7\u00e3o de matem\u00e1tica<\/h2><\/div><div class=\"gbib-wrapper gbib-description-wrapper\"><div class=\"gbib-description\"><a href=\"https:\/\/www.ipleiria.pt\/estg\/wp-content\/uploads\/sites\/32\/2025\/09\/Cartaz_MG_2025_26.pdf\" data-type=\"URL\" data-id=\"https:\/\/www.ipleiria.pt\/estg\/wp-content\/uploads\/sites\/32\/2025\/09\/Cartaz_MG_2025_26.pdf\" target=\"_blank\" rel=\"noreferrer noopener\">PAM &#8211; 2025\/2026<\/a><\/div><\/div><\/div>\n<\/div>\n\n\n\n<div class=\"wp-container-8 wp-block-column\">\n<a class=\"wp-block-pt-ipleiria-ued-wp-theme-ipleiria-gutenbergblocks-infobox gbib gbib-view is-style-theme-infobox-svg\" href=\"https:\/\/www.ipleiria.pt\/estg\/wp-content\/uploads\/sites\/32\/2025\/09\/Inforestudante_Inscricao_Turnos.pdf\"><span class=\"gbib-wrapper gbib-image-wrapper\"><img class=\"gbib-image\" src=\"https:\/\/www.ipleiria.pt\/estg\/wp-content\/uploads\/sites\/32\/2022\/06\/areas_conhecimento_educacao.svg\" alt=\"\"\/><\/span><span class=\"gbib-wrapper gbib-title-wrapper\"><span class=\"gbib-title\">INSCRI\u00c7\u00c3O EM TURNOS<\/span><\/span><span class=\"gbib-wrapper gbib-description-wrapper\"><span class=\"gbib-description\"><a href=\"https:\/\/www.ipleiria.pt\/estg\/wp-content\/uploads\/sites\/32\/2025\/09\/Inforestudante_Inscricao_Turnos.pdf\">Manual de apoio<\/a><\/span><\/span><\/a>\n<\/div>\n<\/div>\n\n\n\n<div style=\"height:16px\" aria-hidden=\"true\" class=\"wp-block-spacer\"><\/div>\n\n\n\n<div class=\"wp-container-15 wp-block-columns\">\n<div class=\"wp-container-10 wp-block-column\">\n<div class=\"wp-block-pt-ipleiria-ued-wp-theme-ipleiria-gutenbergblocks-infobox gbib gbib-view is-style-theme-infobox-svg\"><div class=\"gbib-wrapper gbib-image-wrapper\"><img class=\"gbib-image\" src=\"https:\/\/www.ipleiria.pt\/estg\/wp-content\/uploads\/sites\/32\/2022\/06\/investigacao_ciencias.svg\" alt=\"\"\/><\/div><div class=\"gbib-wrapper gbib-title-wrapper\"><h2 class=\"gbib-title\">associa\u00e7\u00e3o de estudantes<\/h2><\/div><div class=\"gbib-wrapper gbib-description-wrapper\"><div class=\"gbib-description\"><a href=\"http:\/\/www.aeestg.pt\" target=\"_blank\" rel=\"noreferrer noopener\">AE ESTG<\/a><\/div><\/div><\/div>\n<\/div>\n\n\n\n<div class=\"wp-container-11 wp-block-column\">\n<div class=\"wp-block-pt-ipleiria-ued-wp-theme-ipleiria-gutenbergblocks-infobox gbib gbib-view is-style-theme-infobox-svg\"><div class=\"gbib-wrapper gbib-image-wrapper\"><img class=\"gbib-image\" src=\"https:\/\/www.ipleiria.pt\/estg\/wp-content\/uploads\/sites\/32\/2022\/06\/perfil_email.svg\" alt=\"\"\/><\/div><div class=\"gbib-wrapper gbib-title-wrapper\"><h2 class=\"gbib-title\">correio eletr\u00f3nico<\/h2><\/div><div class=\"gbib-wrapper gbib-description-wrapper\"><div class=\"gbib-description\"><a href=\"http:\/\/webmail.my.ipleiria.pt\/\" target=\"_blank\" rel=\"noreferrer noopener\">e-mail de estudantes<\/a><\/div><\/div><\/div>\n<\/div>\n\n\n\n<div class=\"wp-container-12 wp-block-column\">\n<div class=\"wp-block-pt-ipleiria-ued-wp-theme-ipleiria-gutenbergblocks-infobox gbib gbib-view is-style-theme-infobox-svg\"><div class=\"gbib-wrapper gbib-image-wrapper\"><img class=\"gbib-image\" src=\"https:\/\/www.ipleiria.pt\/estg\/wp-content\/uploads\/sites\/32\/2022\/06\/perfil_elearning.svg\" alt=\"\"\/><\/div><div class=\"gbib-wrapper gbib-title-wrapper\"><h2 class=\"gbib-title\">plataforma de elearning<\/h2><\/div><div class=\"gbib-wrapper gbib-description-wrapper\"><div class=\"gbib-description\"><a href=\"https:\/\/ead.ipleiria.pt\/2025-26\/login\/index.php?loginredirect=1\" target=\"_blank\" rel=\"noreferrer noopener\">UCs no Moodle<\/a><\/div><\/div><\/div>\n<\/div>\n\n\n\n<div class=\"wp-container-13 wp-block-column\">\n<div class=\"wp-block-pt-ipleiria-ued-wp-theme-ipleiria-gutenbergblocks-infobox gbib gbib-view is-style-theme-infobox-svg\"><div class=\"gbib-wrapper gbib-image-wrapper\"><img class=\"gbib-image\" src=\"https:\/\/www.ipleiria.pt\/estg\/wp-content\/uploads\/sites\/32\/2022\/06\/perfil_portal_candidaturas.svg\" alt=\"\"\/><\/div><div class=\"gbib-wrapper gbib-title-wrapper\"><h2 class=\"gbib-title\">portal do estudante<\/h2><\/div><div class=\"gbib-wrapper gbib-description-wrapper\"><div class=\"gbib-description\"><a href=\"https:\/\/inforestudante.ipleiria.pt\/\" target=\"_blank\" rel=\"noreferrer noopener\">InforEstudante<\/a><\/div><\/div><\/div>\n<\/div>\n\n\n\n<div class=\"wp-container-14 wp-block-column\">\n<div class=\"wp-block-pt-ipleiria-ued-wp-theme-ipleiria-gutenbergblocks-infobox gbib gbib-view is-style-theme-infobox-svg\"><div class=\"gbib-wrapper gbib-image-wrapper\"><img class=\"gbib-image\" src=\"https:\/\/www.ipleiria.pt\/estg\/wp-content\/uploads\/sites\/32\/2022\/06\/perfil_sec_virtual.svg\" alt=\"\"\/><\/div><div class=\"gbib-wrapper gbib-title-wrapper\"><h2 class=\"gbib-title\">Regulamentos<\/h2><\/div><div class=\"gbib-wrapper gbib-description-wrapper\"><div class=\"gbib-description\"><a href=\"https:\/\/www.ipleiria.pt\/estg\/escola\/informacoes\/regulamentos\/\" target=\"_blank\" rel=\"noreferrer noopener\">Documentos<\/a><\/div><\/div><\/div>\n<\/div>\n<\/div>\n\n\n\n<div style=\"height:24px\" aria-hidden=\"true\" class=\"wp-block-spacer\"><\/div>\n\n\n\n<div id=\"gbc-_4f1831-d9\" class=\"wp-block-pt-ipleiria-ued-wp-theme-ipleiria-gutenbergblocks-container gbc gbc-view row-valign-top align-full\" style=\"background-color:#F3F3F3\"><div class=\"gbc-background-overlay gbc-background-overlay-normal\" style=\"opacity:0.3\"><\/div><div class=\"gbc-wrapper\" style=\"padding-top:0;padding-bottom:0\"><div id=\"gbc-container-gbc-_4f1831-d9\" class=\"inner-container\">\n<div class=\"wp-container-18 wp-block-columns\">\n<div class=\"wp-container-16 wp-block-column is-vertically-aligned-top\">\n<figure class=\"wp-block-image size-full img-cover\"><img loading=\"lazy\" width=\"1024\" height=\"683\" src=\"https:\/\/www.ipleiria.pt\/estg\/wp-content\/uploads\/sites\/32\/2022\/04\/estg-1024x683-1.jpg\" alt=\"\" class=\"wp-image-874\" srcset=\"https:\/\/www.ipleiria.pt\/estg\/wp-content\/uploads\/sites\/32\/2022\/04\/estg-1024x683-1.jpg 1024w, https:\/\/www.ipleiria.pt\/estg\/wp-content\/uploads\/sites\/32\/2022\/04\/estg-1024x683-1-300x200.jpg 300w, https:\/\/www.ipleiria.pt\/estg\/wp-content\/uploads\/sites\/32\/2022\/04\/estg-1024x683-1-768x512.jpg 768w\" sizes=\"(max-width: 1024px) 100vw, 1024px\" \/><\/figure>\n<\/div>\n\n\n\n<div class=\"wp-container-17 wp-block-column ml-0\">\n<div id=\"gbc-_3eb322-d0\" class=\"wp-block-pt-ipleiria-ued-wp-theme-ipleiria-gutenbergblocks-container gbc gbc-view row-valign-top align-full pl-md-4 scrollable-content\" style=\"margin-left:0px;margin-right:0px\"><div class=\"gbc-background-overlay gbc-background-overlay-normal\" style=\"opacity:0.3\"><\/div><div class=\"gbc-wrapper\"><div id=\"gbc-container-gbc-_3eb322-d0\" class=\"inner-container\" style=\"max-width:540px\">\n<div id=\"gbc-_f7bc04-08\" class=\"wp-block-pt-ipleiria-ued-wp-theme-ipleiria-gutenbergblocks-container gbc gbc-view row-valign-top align-none\"><div class=\"gbc-background-overlay gbc-background-overlay-normal\" style=\"opacity:0.3\"><\/div><div class=\"gbc-wrapper\" style=\"padding-left:15px;padding-right:15px;padding-top:42px;padding-bottom:15px\"><div id=\"gbc-container-gbc-_f7bc04-08\" class=\"inner-container container\">\n<div style=\"height:9px\" aria-hidden=\"true\" class=\"wp-block-spacer\"><\/div>\n\n\n\n<h2 class=\"has-text-align-left is-style-theme-title\">Organiza\u00e7\u00e3o da ESTG<\/h2>\n\n\n\n<p>Conhece os \u00f3rg\u00e3os de gest\u00e3o e as estruturas de apoio \u00e0 gest\u00e3o administrativa e acad\u00e9mica da tua Escola. <\/p>\n\n\n\n<ul><li><strong>\u00d3rg\u00e3os de Gest\u00e3o<\/strong>&nbsp;que se regem pelos princ\u00edpios da democraticidade e da participa\u00e7\u00e3o de todos os corpos da escola.<br>\u00d3rg\u00e3os:&nbsp;<a href=\"https:\/\/www.ipleiria.pt\/estg\/escola\/quem-somos\/direcao-e-orgaos\/\/#CR_ESTG\">CR<\/a>&nbsp;|&nbsp;<a href=\"https:\/\/www.ipleiria.pt\/estg\/escola\/quem-somos\/diretor\/\">Diretor<\/a>&nbsp;|&nbsp;<a href=\"https:\/\/www.ipleiria.pt\/estg\/escola\/quem-somos\/direcao-e-orgaos\/#CTC\">CTC<\/a>&nbsp;|&nbsp;<a href=\"https:\/\/www.ipleiria.pt\/estg\/escola\/quem-somos\/direcao-e-orgaos\/#CP\">CP<\/a><\/li><li><strong>Departamentos<\/strong>, estruturas de apoio \u00e0 gest\u00e3o administrativa e acad\u00e9mica do Diretor. Lista de&nbsp;<a href=\"https:\/\/www.ipleiria.pt\/estg\/escola\/orgaos-e-estruturas\/#COORD_DEP\">Coordenadores<\/a>&nbsp;| Departamentos da ESTG:&nbsp;<a href=\"https:\/\/www.ipleiria.pt\/estg-dcj\/\">DCJ<\/a>&nbsp;|&nbsp;<a href=\"https:\/\/www.ipleiria.pt\/estg\/dcl\/\">DCL<\/a>&nbsp;|&nbsp;<a href=\"https:\/\/www.ipleiria.pt\/estg-dec\/\">DEC<\/a>&nbsp;|&nbsp;<a href=\"https:\/\/www.ipleiria.pt\/estg-dee\/\">DEE<\/a>&nbsp;|&nbsp;<a href=\"https:\/\/www.ipleiria.pt\/estg\/dei\/\">DEI<\/a>&nbsp;|&nbsp;<a href=\"https:\/\/www.ipleiria.pt\/estg-dem\/\">DEM<\/a>&nbsp;|&nbsp;<a href=\"https:\/\/www.ipleiria.pt\/estg-dge\/\">DGE<\/a>&nbsp;|&nbsp;<a href=\"https:\/\/www.ipleiria.pt\/estg-dmat\/\">DMAT<\/a><\/li><li><strong>Coordenadores de Ciclos de Estudo<\/strong>, \u00f3rg\u00e3os singulares de coordena\u00e7\u00e3o cient\u00edfica e pedag\u00f3gica dos ciclos de estudos ministrados na ESTG. Coordenadores dos v\u00e1rios ciclos de estudo:&nbsp;<a href=\"https:\/\/www.ipleiria.pt\/estg\/escola\/orgaos-e-estruturas\/#licencaturas\">Licenciaturas<\/a>&nbsp;|&nbsp;<a href=\"https:\/\/www.ipleiria.pt\/estg\/escola\/quem-somos\/coordenadores\/#mestrados\">Mestrados<\/a>&nbsp;|&nbsp;<a href=\"https:\/\/www.ipleiria.pt\/estg\/escola\/orgaos-e-estruturas\/#TeSP\">TeSP<\/a>&nbsp;|&nbsp;<a href=\"https:\/\/www.ipleiria.pt\/estg\/escola\/orgaos-e-estruturas\/#pos-graduacao\">P\u00f3s-Gradua\u00e7\u00f5es<\/a><\/li><\/ul>\n<\/div><\/div><\/div>\n<\/div><\/div><\/div>\n<\/div>\n<\/div>\n<\/div><\/div><\/div>\n\n\n\n<div id=\"gbc-_36f01f-cc\" class=\"wp-block-pt-ipleiria-ued-wp-theme-ipleiria-gutenbergblocks-container gbc gbc-view row-valign-middle align-full\" style=\"background-color:#262626\"><div class=\"gbc-background-overlay gbc-background-overlay-normal\" style=\"opacity:0.3\"><\/div><div class=\"gbc-wrapper\" style=\"padding-top:51px;padding-bottom:0px\"><div id=\"gbc-container-gbc-_36f01f-cc\" class=\"inner-container container\">\n<p class=\"has-text-align-center is-style-theme-subtitle-inherit-color has-text-color\" style=\"color:#ffffff\">online<\/p>\n\n\n\n<h2 class=\"has-text-align-center is-style-theme-title-inherit-color has-dark-title-text-color-color has-text-color\">Matr\u00edculas<\/h2>\n\n\n\n<div style=\"height:30px\" aria-hidden=\"true\" class=\"wp-block-spacer\"><\/div>\n\n\n\n<p class=\"has-text-align-center has-dark-title-text-color-color has-text-color\">O processo de matr\u00edcula e inscri\u00e7\u00e3o no Polit\u00e9cnico de Leiria requer o acesso a uma plataforma e passagem por algumas etapas distintas. Na plataforma de matr\u00edculas s\u00e3o apresentadas todas as informa\u00e7\u00f5es \u00fateis relativas \u00e0s diferentes etapas do processo e inscri\u00e7\u00e3o. <\/p>\n\n\n\n<div class=\"wp-block-button aligncenter is-style-theme-button-outline\"><a class=\"wp-block-button__link has-dark-title-text-color-color has-dark-title-text-color-background-color has-text-color has-background\" href=\"https:\/\/www.ipleiria.pt\/estudar\/servicos-e-informacoes-academicas\/gestao-academica\/matriculas-e-inscricoes\/\">SABE MAIS<\/a><\/div>\n\n\n\n<div style=\"height:30px\" aria-hidden=\"true\" class=\"wp-block-spacer\"><\/div>\n\n\n\n<p><\/p>\n<\/div><\/div><\/div>\n\n\n\n<div style=\"height:60px\" aria-hidden=\"true\" class=\"wp-block-spacer\"><\/div>\n\n\n\n<p class=\"has-text-align-center is-style-theme-subtitle\">Outros servi\u00e7os<\/p>\n\n\n\n<h2 class=\"has-text-align-center is-style-theme-title\">\u00c0 tua disposi\u00e7\u00e3o<\/h2>\n\n\n\n<div id=\"gbc-2a2eea-3f\" class=\"wp-block-pt-ipleiria-ued-wp-theme-ipleiria-gutenbergblocks-container gbc gbc-view row-valign-top align-full\"><div class=\"gbc-background-overlay gbc-background-overlay-normal\" style=\"opacity:0.3\"><\/div><div class=\"gbc-wrapper\" style=\"padding-left:25px;padding-right:25px;padding-top:30px;padding-bottom:60px\"><div id=\"gbc-container-gbc-2a2eea-3f\" class=\"inner-container\">\n<div class=\"wp-container-26 wp-block-columns\">\n<div class=\"wp-container-19 wp-block-column\">\n<a class=\"wp-block-pt-ipleiria-ued-wp-theme-ipleiria-gutenbergblocks-infobox gbib gbib-view is-style-theme-infobox-caps\" href=\"https:\/\/www.ipleiria.pt\/sdoc\"><span class=\"gbib-wrapper gbib-image-wrapper\"><img class=\"gbib-image\" src=\"https:\/\/www.ipleiria.pt\/wp-content\/uploads\/2019\/10\/biblioteca.jpg\" alt=\"\"\/><\/span><span class=\"gbib-wrapper gbib-title-wrapper\"><span class=\"gbib-title\"><a href=\"https:\/\/www.ipleiria.pt\/estg\/wp-content\/uploads\/sites\/32\/2025\/09\/BJS2526.pdf\">Servi\u00e7os de Documenta\u00e7\u00e3o<\/a><\/span><\/span><\/a>\n<\/div>\n\n\n\n<div class=\"wp-container-20 wp-block-column\">\n<div class=\"wp-block-pt-ipleiria-ued-wp-theme-ipleiria-gutenbergblocks-infobox gbib gbib-view is-style-theme-infobox-caps\"><div class=\"gbib-wrapper gbib-image-wrapper\"><img class=\"gbib-image\" src=\"https:\/\/www.ipleiria.pt\/wp-content\/uploads\/2019\/10\/informatica.jpg\" alt=\"\"\/><\/div><div class=\"gbib-wrapper gbib-title-wrapper\"><h2 class=\"gbib-title\"><a href=\"https:\/\/www.ipleiria.pt\/estg\/wp-content\/uploads\/sites\/32\/2025\/09\/SA2526.pdf\">SERVI\u00c7OS DE GEST\u00c3O ACAD\u00c9MICA<\/a><\/h2><\/div><\/div>\n<\/div>\n\n\n\n<div class=\"wp-container-21 wp-block-column\">\n<a class=\"wp-block-pt-ipleiria-ued-wp-theme-ipleiria-gutenbergblocks-infobox gbib gbib-view is-style-theme-infobox-caps\" href=\"https:\/\/www.ipleiria.pt\/dsi\"><span class=\"gbib-wrapper gbib-image-wrapper\"><img class=\"gbib-image\" src=\"https:\/\/www.ipleiria.pt\/estg\/wp-content\/uploads\/sites\/32\/2022\/07\/servicos_informatica-scaled.jpg\" alt=\"\"\/><\/span><span class=\"gbib-wrapper gbib-title-wrapper\"><span class=\"gbib-title\">Dire\u00e7\u00e3o dos Servi\u00e7os Digitais<\/span><\/span><\/a>\n<\/div>\n\n\n\n<div class=\"wp-container-22 wp-block-column\">\n<a class=\"wp-block-pt-ipleiria-ued-wp-theme-ipleiria-gutenbergblocks-infobox gbib gbib-view is-style-theme-infobox-caps\" href=\"https:\/\/www.ipleiria.pt\/politecnico\/institucional\/acao-social\/\"><span class=\"gbib-wrapper gbib-image-wrapper\"><img class=\"gbib-image\" src=\"https:\/\/www.ipleiria.pt\/wp-content\/uploads\/2019\/10\/academicos.jpg\" alt=\"\"\/><\/span><span class=\"gbib-wrapper gbib-title-wrapper\"><span class=\"gbib-title\"><a href=\"https:\/\/www.ipleiria.pt\/estg\/wp-content\/uploads\/sites\/32\/2025\/09\/SAS2526.pdf\" target=\"_blank\" rel=\"noreferrer noopener\">Servi\u00e7os de A\u00e7\u00e3o Social<\/a><\/span><\/span><\/a>\n<\/div>\n\n\n\n<div class=\"wp-container-23 wp-block-column\">\n<div class=\"wp-block-pt-ipleiria-ued-wp-theme-ipleiria-gutenbergblocks-infobox gbib gbib-view is-style-theme-infobox-caps\"><div class=\"gbib-wrapper gbib-image-wrapper\"><img class=\"gbib-image\" src=\"https:\/\/www.ipleiria.pt\/estg\/wp-content\/uploads\/sites\/32\/2025\/08\/apoio_estudante-scaled-1.jpg\" alt=\"\"\/><\/div><div class=\"gbib-wrapper gbib-title-wrapper\"><h2 class=\"gbib-title\"><a href=\"https:\/\/www.ipleiria.pt\/estg\/wp-content\/uploads\/sites\/32\/2025\/09\/CAE2526.pdf\">Centro de apoio ao estudante<\/a><\/h2><\/div><\/div>\n<\/div>\n\n\n\n<div class=\"wp-container-24 wp-block-column\">\n<a class=\"wp-block-pt-ipleiria-ued-wp-theme-ipleiria-gutenbergblocks-infobox gbib gbib-view is-style-theme-infobox-caps\" href=\"https:\/\/www.ipleiria.pt\/estg\/internacional\/internacional\/gabinete-internacional\/\"><span class=\"gbib-wrapper gbib-image-wrapper\"><img class=\"gbib-image\" src=\"https:\/\/www.ipleiria.pt\/estg\/wp-content\/uploads\/sites\/32\/2022\/10\/Internacional_683x1024.jpg\" alt=\"\"\/><\/span><span class=\"gbib-wrapper gbib-title-wrapper\"><span class=\"gbib-title\">Internacional<\/span><\/span><\/a>\n<\/div>\n\n\n\n<div class=\"wp-container-25 wp-block-column\">\n<a class=\"wp-block-pt-ipleiria-ued-wp-theme-ipleiria-gutenbergblocks-infobox gbib gbib-view is-style-theme-infobox-caps\" href=\"https:\/\/www.ipleiria.pt\/dst\/inicio\/manutencao\/\"><span class=\"gbib-wrapper gbib-image-wrapper\"><img class=\"gbib-image\" src=\"https:\/\/www.ipleiria.pt\/estg\/wp-content\/uploads\/sites\/32\/2022\/07\/servicos_tecnicos-scaled.jpg\" alt=\"\"\/><\/span><span class=\"gbib-wrapper gbib-title-wrapper\"><span class=\"gbib-title\">Dire\u00e7\u00e3o de Servi\u00e7os de Gest\u00e3o de Campi e Infraestruturas<\/span><\/span><\/a>\n<\/div>\n<\/div>\n<\/div><\/div><\/div>\n","protected":false},"excerpt":{"rendered":"Bem-vindos! Guia de acolhimento Temos tudo preparado para te receber. Nesta p\u00e1gina, poder\u00e1s encontrar todas as informa\u00e7\u00f5es relevantes para te ajudar na tua integra\u00e7\u00e3o na ESTG. Prepar\u00e1mos, igualmente, o teu Guia do Estudante, que podes consultar e descarregar aqui, onde sintetiz\u00e1mos as informa\u00e7\u00f5es mais importantes para o teu percurso. As apresenta\u00e7\u00f5es aos estudantes do 1.\u00ba [&hellip;]","protected":false},"author":1,"featured_media":5217,"parent":529,"menu_order":10,"comment_status":"closed","ping_status":"closed","template":"","meta":{"custompostfields_banners":""},"_links":{"self":[{"href":"https:\/\/www.ipleiria.pt\/estg\/wp-json\/wp\/v2\/pages\/531"}],"collection":[{"href":"https:\/\/www.ipleiria.pt\/estg\/wp-json\/wp\/v2\/pages"}],"about":[{"href":"https:\/\/www.ipleiria.pt\/estg\/wp-json\/wp\/v2\/types\/page"}],"author":[{"embeddable":true,"href":"https:\/\/www.ipleiria.pt\/estg\/wp-json\/wp\/v2\/users\/1"}],"replies":[{"embeddable":true,"href":"https:\/\/www.ipleiria.pt\/estg\/wp-json\/wp\/v2\/comments?post=531"}],"version-history":[{"count":49,"href":"https:\/\/www.ipleiria.pt\/estg\/wp-json\/wp\/v2\/pages\/531\/revisions"}],"predecessor-version":[{"id":11366,"href":"https:\/\/www.ipleiria.pt\/estg\/wp-json\/wp\/v2\/pages\/531\/revisions\/11366"}],"up":[{"embeddable":true,"href":"https:\/\/www.ipleiria.pt\/estg\/wp-json\/wp\/v2\/pages\/529"}],"wp:featuredmedia":[{"embeddable":true,"href":"https:\/\/www.ipleiria.pt\/estg\/wp-json\/wp\/v2\/media\/5217"}],"wp:attachment":[{"href":"https:\/\/www.ipleiria.pt\/estg\/wp-json\/wp\/v2\/media?parent=531"}],"curies":[{"name":"wp","href":"https:\/\/api.w.org\/{rel}","templated":true}]}}