{"id":533,"date":"2021-10-22T11:18:26","date_gmt":"2021-10-22T11:18:26","guid":{"rendered":"https:\/\/www.ipleiria.pt\/esecs\/?page_id=533"},"modified":"2025-05-08T10:25:30","modified_gmt":"2025-05-08T10:25:30","slug":"acesso-a-plataformas","status":"publish","type":"page","link":"https:\/\/www.ipleiria.pt\/estg\/estudantes\/dia-a-dia\/acesso-a-plataformas\/","title":{"rendered":"Acesso a plataformas"},"content":{"rendered":"\n<div class=\"wp-container-3 wp-block-columns\">\n<div class=\"wp-container-1 wp-block-column\">\n<p class=\"is-style-theme-subtitle\">2025\/2026<\/p>\n\n\n\n<p class=\"is-style-theme-title\">InforEstudante<\/p>\n\n\n\n<p>No InforEstudante&nbsp;podes efetuar a tua candidatura para o ano letivo 2025\/2026 e efetuar a matr\u00edcula e inscri\u00e7\u00e3o nesse ano letivo. <\/p>\n\n\n\n<p>O InforEstudante \u00e9 o servi\u00e7o digital de gest\u00e3o acad\u00e9mica, para apoio a candidatos, estudantes e antigos estudantes, do Instituto Polit\u00e9cnico de Leiria<\/p>\n\n\n\n<div style=\"height:15px\" aria-hidden=\"true\" class=\"wp-block-spacer\"><\/div>\n\n\n\n<div class=\"wp-block-button alignleft is-style-theme-button-solid\"><a class=\"wp-block-button__link\" href=\"https:\/\/eur02.safelinks.protection.outlook.com\/?url=https%3A%2F%2Finforestudante.ipleiria.pt%2F&amp;data=05%7C02%7Csergio.prata%40ipleiria.pt%7Cf193335a291a4b8ddc4b08dd8d8b319f%7C536b85ada4484186a9afe3ccad3302c5%7C0%7C0%7C638822351228193382%7CUnknown%7CTWFpbGZsb3d8eyJFbXB0eU1hcGkiOnRydWUsIlYiOiIwLjAuMDAwMCIsIlAiOiJXaW4zMiIsIkFOIjoiTWFpbCIsIldUIjoyfQ%3D%3D%7C0%7C%7C%7C&amp;sdata=MWtXddpIDj3%2Fh1FEaAJUrKgbo4bkE6a7XwOrDjifKuA%3D&amp;reserved=0\">InforEstudante<\/a><\/div>\n<\/div>\n\n\n\n<div class=\"wp-container-2 wp-block-column\">\n<figure class=\"wp-block-image size-full\"><img loading=\"lazy\" width=\"1024\" height=\"683\" src=\"https:\/\/www.ipleiria.pt\/estg\/wp-content\/uploads\/sites\/32\/2022\/04\/MG_9023-1-1024x683-1.jpg\" alt=\"\" class=\"wp-image-877\" srcset=\"https:\/\/www.ipleiria.pt\/estg\/wp-content\/uploads\/sites\/32\/2022\/04\/MG_9023-1-1024x683-1.jpg 1024w, https:\/\/www.ipleiria.pt\/estg\/wp-content\/uploads\/sites\/32\/2022\/04\/MG_9023-1-1024x683-1-300x200.jpg 300w, https:\/\/www.ipleiria.pt\/estg\/wp-content\/uploads\/sites\/32\/2022\/04\/MG_9023-1-1024x683-1-768x512.jpg 768w\" sizes=\"(max-width: 1024px) 100vw, 1024px\" \/><\/figure>\n<\/div>\n<\/div>\n\n\n\n<hr class=\"wp-block-separator has-alpha-channel-opacity\"\/>\n\n\n\n<div style=\"height:10px\" aria-hidden=\"true\" class=\"wp-block-spacer\"><\/div>\n\n\n\n<div class=\"wp-container-7 wp-block-columns\">\n<div class=\"wp-container-4 wp-block-column\" style=\"flex-basis:80%\">\n<p>Podes continuar a aceder ao Portal do Estudante para consultar&nbsp;o teu hor\u00e1rio, inscri\u00e7\u00e3o, programas das disciplinas, calend\u00e1rios, sum\u00e1rios, pautas de avalia\u00e7\u00f5es, entre outras a\u00e7\u00f5es, relativamente ao ano letivo 2024\/2025.<\/p>\n<\/div>\n\n\n\n<div class=\"wp-container-6 wp-block-column\" style=\"flex-basis:20%\">\n<div class=\"wp-container-5 wp-block-buttons\">\n<div class=\"wp-block-button is-style-theme-button-solid\"><a class=\"wp-block-button__link\">Portal do estudante<\/a><\/div>\n<\/div>\n<\/div>\n<\/div>\n\n\n\n<div style=\"height:10px\" aria-hidden=\"true\" class=\"wp-block-spacer\"><\/div>\n\n\n\n<hr class=\"wp-block-separator has-alpha-channel-opacity\"\/>\n\n\n\n<div class=\"wp-container-12 wp-block-columns\">\n<div class=\"wp-container-8 wp-block-column\">\n<div class=\"wp-block-pt-ipleiria-ued-wp-theme-ipleiria-gutenbergblocks-infobox gbib gbib-view is-style-theme-infobox-svg\"><div class=\"gbib-wrapper gbib-image-wrapper\"><img class=\"gbib-image\" src=\"https:\/\/www.ipleiria.pt\/estg\/wp-content\/uploads\/sites\/32\/2022\/06\/perfil_email.svg\" alt=\"\"\/><\/div><div class=\"gbib-wrapper gbib-title-wrapper\"><h2 class=\"gbib-title\">Email<\/h2><\/div><div class=\"gbib-wrapper gbib-description-wrapper\"><div class=\"gbib-description\"><a rel=\"noreferrer noopener\" href=\"https:\/\/outlook.office.com\/mail\/inbox\" target=\"_blank\">Conta de e-mail de estudante do Polit\u00e9cnico de Leiria <\/a><\/div><\/div><\/div>\n<\/div>\n\n\n\n<div class=\"wp-container-9 wp-block-column\">\n<div class=\"wp-block-pt-ipleiria-ued-wp-theme-ipleiria-gutenbergblocks-infobox gbib gbib-view is-style-theme-infobox-svg\"><div class=\"gbib-wrapper gbib-image-wrapper\"><img class=\"gbib-image\" src=\"https:\/\/www.ipleiria.pt\/estg\/wp-content\/uploads\/sites\/32\/2022\/06\/perfil_wifi.svg\" alt=\"\"\/><\/div><div class=\"gbib-wrapper gbib-title-wrapper\"><h2 class=\"gbib-title\">Wi-fi (gratuito)<\/h2><\/div><div class=\"gbib-wrapper gbib-description-wrapper\"><div class=\"gbib-description\"><a rel=\"noreferrer noopener\" aria-label=\"escolas, resid\u00eancias, cantinas e espa\u00e7os do Polit\u00e9cnico de Leiria (opens in a new tab)\" href=\"https:\/\/www.ipleiria.pt\/dsi\/pag2\/#rede-sem-fios\" target=\"_blank\">Em todas as nossas escolas, resid\u00eancias, cantinas e espa\u00e7os<\/a><\/div><\/div><\/div>\n<\/div>\n\n\n\n<div class=\"wp-container-10 wp-block-column\">\n<div class=\"wp-block-pt-ipleiria-ued-wp-theme-ipleiria-gutenbergblocks-infobox gbib gbib-view is-style-theme-infobox-svg\"><div class=\"gbib-wrapper gbib-image-wrapper\"><img class=\"gbib-image\" src=\"https:\/\/www.ipleiria.pt\/estg\/wp-content\/uploads\/sites\/32\/2022\/06\/perfil_elearning.svg\" alt=\"\"\/><\/div><div class=\"gbib-wrapper gbib-title-wrapper\"><h2 class=\"gbib-title\">Plataforma de elearning<\/h2><\/div><div class=\"gbib-wrapper gbib-description-wrapper\"><div class=\"gbib-description\"><a rel=\"noreferrer noopener\" href=\"https:\/\/ead.ipleiria.pt\" data-type=\"URL\" data-id=\"https:\/\/ead.ipleiria.pt\" target=\"_blank\">Todas as unidades curriculares (UC) t\u00eam um espa\u00e7o no Moodle<\/a><\/div><\/div><\/div>\n<\/div>\n\n\n\n<div class=\"wp-container-11 wp-block-column\">\n<div class=\"wp-block-pt-ipleiria-ued-wp-theme-ipleiria-gutenbergblocks-infobox gbib gbib-view is-style-theme-infobox-svg\"><div class=\"gbib-wrapper gbib-image-wrapper\"><img class=\"gbib-image\" src=\"https:\/\/www.ipleiria.pt\/estg\/wp-content\/uploads\/sites\/32\/2022\/06\/perfil_horarios.svg\" alt=\"\"\/><\/div><div class=\"gbib-wrapper gbib-title-wrapper\"><h2 class=\"gbib-title\">Hor\u00e1rios e Sum\u00e1rios das aulas<\/h2><\/div><div class=\"gbib-wrapper gbib-description-wrapper\"><div class=\"gbib-description\"><a href=\"https:\/\/publico.agcp.ipleiria.pt\/paginas\/default.aspx\" target=\"_blank\" rel=\"noreferrer noopener\">Consulta os sum\u00e1rios das tuas unidades curriculares<\/a><\/div><\/div><\/div>\n<\/div>\n<\/div>\n\n\n\n<div id=\"gbc-_aef586-70\" class=\"wp-block-pt-ipleiria-ued-wp-theme-ipleiria-gutenbergblocks-container gbc gbc-view row-valign-top align-full\" style=\"background-color:#F3F3F3;margin-top:60px\"><div class=\"gbc-background-overlay gbc-background-overlay-normal\" style=\"opacity:0.3\"><\/div><div class=\"gbc-wrapper\" style=\"padding-top:0;padding-bottom:0\"><div id=\"gbc-container-gbc-_aef586-70\" class=\"inner-container\">\n<div class=\"wp-container-16 wp-block-columns\">\n<div class=\"wp-container-13 wp-block-column is-vertically-aligned-top\">\n<figure class=\"wp-block-image size-full img-cover\"><img src=\"https:\/\/www.ipleiria.pt\/wp-content\/uploads\/2019\/10\/MG_9138_2.jpg\" alt=\"\" class=\"wp-image-4861\"\/><\/figure>\n<\/div>\n\n\n\n<div class=\"wp-container-15 wp-block-column ml-0\">\n<div id=\"gbc-_51ed26-0e\" class=\"wp-block-pt-ipleiria-ued-wp-theme-ipleiria-gutenbergblocks-container gbc gbc-view row-valign-top align-full pl-md-4 scrollable-content\" style=\"margin-left:0px;margin-right:0px\"><div class=\"gbc-background-overlay gbc-background-overlay-normal\" style=\"opacity:0.3\"><\/div><div class=\"gbc-wrapper\"><div id=\"gbc-container-gbc-_51ed26-0e\" class=\"inner-container\" style=\"max-width:540px\">\n<div id=\"gbc-_453753-2a\" class=\"wp-block-pt-ipleiria-ued-wp-theme-ipleiria-gutenbergblocks-container gbc gbc-view row-valign-top align-none\"><div class=\"gbc-background-overlay gbc-background-overlay-normal\" style=\"opacity:0.3\"><\/div><div class=\"gbc-wrapper\" style=\"padding-left:15px;padding-right:15px;padding-top:42px;padding-bottom:15px\"><div id=\"gbc-container-gbc-_453753-2a\" class=\"inner-container container\">\n<p class=\"has-text-align-left is-style-theme-subtitle-inherit-color\">Servi\u00e7os de a\u00e7\u00e3o social<\/p>\n\n\n\n<h2 class=\"has-text-align-left is-style-theme-title\">O que podes encontrar<\/h2>\n\n\n\n<p>Podes procurar informa\u00e7\u00e3o sobre bolsas e apoios sociais nos Servi\u00e7os de A\u00e7\u00e3o Social.<\/p>\n\n\n\n<div style=\"height:11px\" aria-hidden=\"true\" class=\"wp-block-spacer\"><\/div>\n\n\n\n<div class=\"wp-container-14 wp-block-buttons\">\n<div class=\"wp-block-button is-style-theme-button-outline\"><a class=\"wp-block-button__link\" href=\"https:\/\/www.ipleiria.pt\/viver\/dia-a-dia\/\">vida estudantil<\/a><\/div>\n<\/div>\n<\/div><\/div><\/div>\n<\/div><\/div><\/div>\n<\/div>\n<\/div>\n\n\n\n<div style=\"height:50px\" aria-hidden=\"true\" class=\"wp-block-spacer\"><\/div>\n\n\n\n<div style=\"height:20px\" aria-hidden=\"true\" class=\"wp-block-spacer\"><\/div>\n\n\n\n<div class=\"wp-container-22 wp-block-columns\">\n<div class=\"wp-container-17 wp-block-column\">\n<a class=\"wp-block-pt-ipleiria-ued-wp-theme-ipleiria-gutenbergblocks-infobox gbib gbib-view is-style-theme-infobox-svg\" href=\"https:\/\/www.ipleiria.pt\/viver\/dia-a-dia\/alimentacao\/\"><span class=\"gbib-wrapper gbib-image-wrapper\"><img class=\"gbib-image\" src=\"https:\/\/www.ipleiria.pt\/estg\/wp-content\/uploads\/sites\/32\/2022\/06\/perfil_alimentacao.svg\" alt=\"\"\/><\/span><span class=\"gbib-wrapper gbib-title-wrapper\"><span class=\"gbib-title\">Alimenta\u00e7\u00e3o<\/span><\/span><span class=\"gbib-wrapper gbib-read-more-wrapper\"><span class=\"gbib-read-more\">Ementas e marca\u00e7\u00e3o <\/span><\/span><\/a>\n\n\n\n<p><\/p>\n<\/div>\n\n\n\n<div class=\"wp-container-18 wp-block-column\">\n<a class=\"wp-block-pt-ipleiria-ued-wp-theme-ipleiria-gutenbergblocks-infobox gbib gbib-view is-style-theme-infobox-svg\" href=\"https:\/\/www.ipleiria.pt\/viver\/dia-a-dia\/alojamento\/\"><span class=\"gbib-wrapper gbib-image-wrapper\"><img class=\"gbib-image\" src=\"https:\/\/www.ipleiria.pt\/estg\/wp-content\/uploads\/sites\/32\/2022\/06\/perfil_residencias.svg\" alt=\"\"\/><\/span><span class=\"gbib-wrapper gbib-title-wrapper\"><span class=\"gbib-title\">Resid\u00eancias<\/span><\/span><span class=\"gbib-wrapper gbib-read-more-wrapper\"><span class=\"gbib-read-more\">Candidaturas e resultados <\/span><\/span><\/a>\n<\/div>\n\n\n\n<div class=\"wp-container-19 wp-block-column\">\n<a class=\"wp-block-pt-ipleiria-ued-wp-theme-ipleiria-gutenbergblocks-infobox gbib gbib-view is-style-theme-infobox-svg\" href=\"https:\/\/www.ipleiria.pt\/viver\/apoios\/bolsas\/\"><span class=\"gbib-wrapper gbib-image-wrapper\"><img class=\"gbib-image\" src=\"https:\/\/www.ipleiria.pt\/estg\/wp-content\/uploads\/sites\/32\/2022\/06\/perfil_bolsas.svg\" alt=\"\"\/><\/span><span class=\"gbib-wrapper gbib-title-wrapper\"><span class=\"gbib-title\">Bolsas<\/span><\/span><span class=\"gbib-wrapper gbib-read-more-wrapper\"><span class=\"gbib-read-more\">Como me candidato  <\/span><\/span><\/a>\n<\/div>\n\n\n\n<div class=\"wp-container-20 wp-block-column\">\n<a class=\"wp-block-pt-ipleiria-ued-wp-theme-ipleiria-gutenbergblocks-infobox gbib gbib-view is-style-theme-infobox-svg\" href=\"https:\/\/www.ipleiria.pt\/viver\/dia-a-dia\/desporto-e-atividade-fisica\/\"><span class=\"gbib-wrapper gbib-image-wrapper\"><img class=\"gbib-image\" src=\"https:\/\/www.ipleiria.pt\/estg\/wp-content\/uploads\/sites\/32\/2022\/06\/perfil_desporto.svg\" alt=\"\"\/><\/span><span class=\"gbib-wrapper gbib-title-wrapper\"><span class=\"gbib-title\">Desporto<\/span><\/span><span class=\"gbib-wrapper gbib-read-more-wrapper\"><span class=\"gbib-read-more\">Modalidades e hor\u00e1rios <\/span><\/span><\/a>\n\n\n\n<p><\/p>\n<\/div>\n\n\n\n<div class=\"wp-container-21 wp-block-column\">\n<a class=\"wp-block-pt-ipleiria-ued-wp-theme-ipleiria-gutenbergblocks-infobox gbib gbib-view is-style-theme-infobox-svg\" href=\"https:\/\/www.ipleiria.pt\/viver\/servicos\/servicos-medicos\/\"><span class=\"gbib-wrapper gbib-image-wrapper\"><img class=\"gbib-image\" src=\"https:\/\/www.ipleiria.pt\/estg\/wp-content\/uploads\/sites\/32\/2022\/06\/perfil_medico.svg\" alt=\"\"\/><\/span><span class=\"gbib-wrapper gbib-title-wrapper\"><span class=\"gbib-title\">SERVI\u00c7OS M\u00e9dicos<\/span><\/span><span class=\"gbib-wrapper gbib-read-more-wrapper\"><span class=\"gbib-read-more\">Especialidades e hor\u00e1rios <\/span><\/span><\/a>\n<\/div>\n<\/div>\n\n\n\n<div style=\"height:80px\" aria-hidden=\"true\" class=\"wp-block-spacer\"><\/div>\n\n\n\n<div id=\"gbc-_36f01f-cc\" class=\"wp-block-pt-ipleiria-ued-wp-theme-ipleiria-gutenbergblocks-container gbc gbc-view row-valign-middle align-none\" style=\"background-color:#262626\"><div class=\"gbc-background-overlay gbc-background-overlay-normal\" style=\"opacity:0.3\"><\/div><div class=\"gbc-wrapper\" style=\"padding-top:100px;padding-bottom:60px\"><div id=\"gbc-container-gbc-_36f01f-cc\" class=\"inner-container container\">\n<p class=\"has-text-align-center is-style-theme-subtitle-inherit-color has-text-color\" style=\"color:#ffffff\">Cart\u00e3o de estudante<\/p>\n\n\n\n<h2 class=\"has-text-align-center is-style-theme-title-inherit-color has-dark-title-text-color-color has-text-color\">Tens descontos em livrarias, restaurantes, gin\u00e1sios e muitos outros servi\u00e7os. <\/h2>\n\n\n\n<div style=\"height:30px\" aria-hidden=\"true\" class=\"wp-block-spacer\"><\/div>\n\n\n\n<div class=\"wp-block-button aligncenter is-style-theme-button-outline\"><a class=\"wp-block-button__link has-dark-title-text-color-color has-dark-title-text-color-background-color has-text-color has-background\" href=\"https:\/\/www.ipleiria.pt\/viver\/apoios\/descontos-e-protocolos\/\">Todos os descontos<\/a><\/div>\n\n\n\n<div style=\"height:30px\" aria-hidden=\"true\" class=\"wp-block-spacer\"><\/div>\n\n\n\n<p><\/p>\n<\/div><\/div><\/div>\n<\/div><\/div><\/div>\n\n\n\n<div id=\"gbc-_011b0c-e4\" class=\"wp-block-pt-ipleiria-ued-wp-theme-ipleiria-gutenbergblocks-container gbc gbc-view row-valign-top align-full\" style=\"background-color:#F3F3F3;margin-bottom:-25px\"><div class=\"gbc-background-overlay gbc-background-overlay-normal\" style=\"opacity:0.3\"><\/div><div class=\"gbc-wrapper\" style=\"padding-top:0;padding-bottom:0\"><div id=\"gbc-container-gbc-_011b0c-e4\" class=\"inner-container\">\n<div class=\"wp-container-25 wp-block-columns\">\n<div class=\"wp-container-23 wp-block-column\">\n<div id=\"gbc-_87cb9e-ca\" class=\"wp-block-pt-ipleiria-ued-wp-theme-ipleiria-gutenbergblocks-container gbc gbc-view row-valign-top align-full pr-md-4 scrollable-content to-the-left\" style=\"margin-left:0;margin-right:0\"><div class=\"gbc-background-overlay gbc-background-overlay-normal\" style=\"opacity:0.3\"><\/div><div class=\"gbc-wrapper\"><div id=\"gbc-container-gbc-_87cb9e-ca\" class=\"inner-container\" style=\"max-width:540px\">\n<div id=\"gbc-_ba3d14-29\" class=\"wp-block-pt-ipleiria-ued-wp-theme-ipleiria-gutenbergblocks-container gbc gbc-view row-valign-top align-full\" style=\"margin-left:0px;margin-right:0px\"><div class=\"gbc-background-overlay gbc-background-overlay-normal\" style=\"opacity:0.3\"><\/div><div class=\"gbc-wrapper\" style=\"padding-left:15px;padding-right:15px;padding-top:42px;padding-bottom:15px\"><div id=\"gbc-container-gbc-_ba3d14-29\" class=\"inner-container\">\n<div style=\"height:30px\" aria-hidden=\"true\" class=\"wp-block-spacer\"><\/div>\n\n\n\n<p class=\"has-text-align-left is-style-theme-subtitle\">Servi\u00e7os de apoio ao estudante<\/p>\n\n\n\n<h2 class=\"has-text-align-left is-style-theme-title\">Apoio Psicol\u00f3gico<\/h2>\n\n\n\n<p>Tens um problema e n\u00e3o encontras a solu\u00e7\u00e3o? Precisas de ajuda? Os Servi\u00e7os de Apoio ao Estudante (SAPE) oferecem:<\/p>\n\n\n\n<ul><li>Apoio Psicol\u00f3gico e Orienta\u00e7\u00e3o Vocacional<\/li><li>Apoio Psicopedag\u00f3gico<\/li><li>Orienta\u00e7\u00e3o e Acompanhamento Pessoal e Social<\/li><\/ul>\n\n\n\n<div class=\"wp-block-button alignleft is-style-theme-button-solid\"><a class=\"wp-block-button__link\" href=\"https:\/\/www.ipleiria.pt\/viver\/servicos\/apoio-psicologico\/\" target=\"_blank\" rel=\"noreferrer noopener\">Apoio Psicol\u00f3gico<\/a><\/div>\n<\/div><\/div><\/div>\n<\/div><\/div><\/div>\n<\/div>\n\n\n\n<div class=\"wp-container-24 wp-block-column\">\n<figure class=\"wp-block-image size-large\"><img src=\"https:\/\/www.ipleiria.pt\/wp-content\/uploads\/2019\/10\/MG_2103-1024x683.jpg\" alt=\"\" class=\"wp-image-4846\"\/><\/figure>\n<\/div>\n<\/div>\n<\/div><\/div><\/div>\n","protected":false},"excerpt":{"rendered":"2025\/2026 InforEstudante No InforEstudante&nbsp;podes efetuar a tua candidatura para o ano letivo 2025\/2026 e efetuar a matr\u00edcula e inscri\u00e7\u00e3o nesse ano letivo. O InforEstudante \u00e9 o servi\u00e7o digital de gest\u00e3o acad\u00e9mica, para apoio a candidatos, estudantes e antigos estudantes, do Instituto Polit\u00e9cnico de Leiria Podes continuar a aceder ao Portal do Estudante para consultar&nbsp;o teu [&hellip;]","protected":false},"author":1,"featured_media":4797,"parent":529,"menu_order":20,"comment_status":"closed","ping_status":"closed","template":"","meta":{"custompostfields_banners":""},"_links":{"self":[{"href":"https:\/\/www.ipleiria.pt\/estg\/wp-json\/wp\/v2\/pages\/533"}],"collection":[{"href":"https:\/\/www.ipleiria.pt\/estg\/wp-json\/wp\/v2\/pages"}],"about":[{"href":"https:\/\/www.ipleiria.pt\/estg\/wp-json\/wp\/v2\/types\/page"}],"author":[{"embeddable":true,"href":"https:\/\/www.ipleiria.pt\/estg\/wp-json\/wp\/v2\/users\/1"}],"replies":[{"embeddable":true,"href":"https:\/\/www.ipleiria.pt\/estg\/wp-json\/wp\/v2\/comments?post=533"}],"version-history":[{"count":21,"href":"https:\/\/www.ipleiria.pt\/estg\/wp-json\/wp\/v2\/pages\/533\/revisions"}],"predecessor-version":[{"id":10481,"href":"https:\/\/www.ipleiria.pt\/estg\/wp-json\/wp\/v2\/pages\/533\/revisions\/10481"}],"up":[{"embeddable":true,"href":"https:\/\/www.ipleiria.pt\/estg\/wp-json\/wp\/v2\/pages\/529"}],"wp:featuredmedia":[{"embeddable":true,"href":"https:\/\/www.ipleiria.pt\/estg\/wp-json\/wp\/v2\/media\/4797"}],"wp:attachment":[{"href":"https:\/\/www.ipleiria.pt\/estg\/wp-json\/wp\/v2\/media?parent=533"}],"curies":[{"name":"wp","href":"https:\/\/api.w.org\/{rel}","templated":true}]}}