{"id":6244,"date":"2024-10-15T10:48:01","date_gmt":"2024-10-15T10:48:01","guid":{"rendered":"https:\/\/www.ipleiria.pt\/estg\/?page_id=6244"},"modified":"2024-10-15T13:10:47","modified_gmt":"2024-10-15T13:10:47","slug":"um-dia-na-estg","status":"publish","type":"page","link":"https:\/\/www.ipleiria.pt\/estg\/inicio\/um-dia-na-estg\/","title":{"rendered":"Um dia na ESTG"},"content":{"rendered":"\n<h2>Um dia na ESTG<\/h2>\n\n\n\n<div class=\"wp-container-5 wp-block-columns\">\n<div class=\"wp-container-3 wp-block-column\" style=\"flex-basis:66.66%\">\n<p>A&nbsp;ESTG&nbsp;disponibiliza a todos os estudantes dos ensinos b\u00e1sico e secund\u00e1rio (9\u00ba ao 12\u00ba ano) a atividade&nbsp;<strong>Um dia @ ESTG.<\/strong><\/p>\n\n\n\n<p>Trata-se de uma atividade em que convidamos grupos de 1 a 5 estudantes a virem \u00e0&nbsp;ESTG&nbsp;para que passem um dia com estudantes desta&nbsp;Escola de Ensino Superior, tendo a oportunidade de conhecer o(s) curso(s) de&nbsp;Licenciatura, ou \u00e1rea cient\u00edfica, em que tenham particular interesse assistir \u00e0s respetivas aulas, visitar salas, laborat\u00f3rios, a&nbsp;Biblioteca&nbsp;e todo o Campus, desenvolvendo estas atividades com uma rotina di\u00e1ria id\u00eantica \u00e0 de um estudante da ESTG.<\/p>\n\n\n\n<p>Aos visitantes \u00e9 assim dada a oportunidade de, ativamente e inseridos na&nbsp;Comunidade Acad\u00e9mica, conhecer a realidade da Escola, os seus cursos e o seu funcionamento. A data \u00e9 marcada em fun\u00e7\u00e3o da disponibilidade e interesse dos visitantes. Todas as visitas s\u00e3o ajustadas aos interesses e necessidades dos estudantes visitantes, abarcando diferentes \u00e1reas, tais como: Engenharia, Ci\u00eancias Empresariais e Ci\u00eancias Jur\u00eddicas Aplicadas.<\/p>\n\n\n\n<div style=\"height:20px\" aria-hidden=\"true\" class=\"wp-block-spacer\"><\/div>\n\n\n\n<figure class=\"wp-container-2 wp-block-gallery-1 wp-block-gallery has-nested-images columns-4 is-cropped\">\n<figure class=\"wp-block-image size-large\"><img loading=\"lazy\" width=\"467\" height=\"312\" src=\"https:\/\/www.ipleiria.pt\/estg\/wp-content\/uploads\/sites\/32\/2024\/10\/Um-dia-@-ESTG-img1.png\" alt=\"\" class=\"wp-image-6247\" srcset=\"https:\/\/www.ipleiria.pt\/estg\/wp-content\/uploads\/sites\/32\/2024\/10\/Um-dia-@-ESTG-img1.png 467w, https:\/\/www.ipleiria.pt\/estg\/wp-content\/uploads\/sites\/32\/2024\/10\/Um-dia-@-ESTG-img1-300x200.png 300w\" sizes=\"(max-width: 467px) 100vw, 467px\" \/><\/figure>\n\n\n\n<figure class=\"wp-block-image size-large\"><img loading=\"lazy\" width=\"467\" height=\"312\" src=\"https:\/\/www.ipleiria.pt\/estg\/wp-content\/uploads\/sites\/32\/2024\/10\/Um-dia-@-ESTG-img2.png\" alt=\"\" class=\"wp-image-6246\" srcset=\"https:\/\/www.ipleiria.pt\/estg\/wp-content\/uploads\/sites\/32\/2024\/10\/Um-dia-@-ESTG-img2.png 467w, https:\/\/www.ipleiria.pt\/estg\/wp-content\/uploads\/sites\/32\/2024\/10\/Um-dia-@-ESTG-img2-300x200.png 300w\" sizes=\"(max-width: 467px) 100vw, 467px\" \/><\/figure>\n\n\n\n<figure class=\"wp-block-image size-large\"><img loading=\"lazy\" width=\"467\" height=\"312\" src=\"https:\/\/www.ipleiria.pt\/estg\/wp-content\/uploads\/sites\/32\/2024\/10\/um-dia-estg_foto-3Um-dia-@-ESTG-img3.png\" alt=\"\" class=\"wp-image-6249\" srcset=\"https:\/\/www.ipleiria.pt\/estg\/wp-content\/uploads\/sites\/32\/2024\/10\/um-dia-estg_foto-3Um-dia-@-ESTG-img3.png 467w, https:\/\/www.ipleiria.pt\/estg\/wp-content\/uploads\/sites\/32\/2024\/10\/um-dia-estg_foto-3Um-dia-@-ESTG-img3-300x200.png 300w\" sizes=\"(max-width: 467px) 100vw, 467px\" \/><\/figure>\n\n\n\n<figure class=\"wp-block-image size-large\"><img loading=\"lazy\" width=\"467\" height=\"312\" src=\"https:\/\/www.ipleiria.pt\/estg\/wp-content\/uploads\/sites\/32\/2024\/10\/um-dia-estg_foto-4Um-dia-@-ESTG-img4.png\" alt=\"\" class=\"wp-image-6248\" srcset=\"https:\/\/www.ipleiria.pt\/estg\/wp-content\/uploads\/sites\/32\/2024\/10\/um-dia-estg_foto-4Um-dia-@-ESTG-img4.png 467w, https:\/\/www.ipleiria.pt\/estg\/wp-content\/uploads\/sites\/32\/2024\/10\/um-dia-estg_foto-4Um-dia-@-ESTG-img4-300x200.png 300w\" sizes=\"(max-width: 467px) 100vw, 467px\" \/><\/figure>\n<\/figure>\n\n\n\n<div style=\"height:20px\" aria-hidden=\"true\" class=\"wp-block-spacer\"><\/div>\n\n\n\n<p class=\"no-icon\">Inscreve-te enviando a ficha\u00a0<a rel=\"noreferrer noopener\" href=\"https:\/\/www.ipleiria.pt\/estg\/wp-content\/uploads\/sites\/19\/2015\/12\/Um-dia-@-ESTG-Ficha-de-inscri%C3%A7%C3%A3o.doc\" target=\"_blank\"><strong>ficha<\/strong>\u00a0<\/a>para\u00a0<a href=\"mailto:gire.estg@ipleiria.pt\"><strong>gire.estg@ipleiria.pt<\/strong><\/a><\/p>\n<\/div>\n\n\n\n<div class=\"wp-container-4 wp-block-column\" style=\"flex-basis:20%\">\n<figure class=\"wp-block-image size-full\"><img loading=\"lazy\" width=\"268\" height=\"680\" src=\"https:\/\/www.ipleiria.pt\/estg\/wp-content\/uploads\/sites\/32\/2024\/10\/Um-dia-@-ESTG-Cartaz.png\" alt=\"\" class=\"wp-image-6245\" srcset=\"https:\/\/www.ipleiria.pt\/estg\/wp-content\/uploads\/sites\/32\/2024\/10\/Um-dia-@-ESTG-Cartaz.png 268w, https:\/\/www.ipleiria.pt\/estg\/wp-content\/uploads\/sites\/32\/2024\/10\/Um-dia-@-ESTG-Cartaz-118x300.png 118w\" sizes=\"(max-width: 268px) 100vw, 268px\" \/><\/figure>\n<\/div>\n<\/div>\n\n\n\n<div style=\"height:35px\" aria-hidden=\"true\" class=\"wp-block-spacer\"><\/div>\n\n\n\n<div id=\"gbc-_8bacee-20\" class=\"wp-block-pt-ipleiria-ued-wp-theme-ipleiria-gutenbergblocks-container gbc gbc-view row-valign-middle align-full\" style=\"background-color:#F3F3F3;margin-bottom:-25px;min-height:200px\"><div class=\"gbc-background-overlay gbc-background-overlay-normal\" style=\"opacity:0.3\"><\/div><div class=\"gbc-wrapper\" style=\"padding-top:40px;padding-bottom:40px\"><div id=\"gbc-container-gbc-_8bacee-20\" class=\"inner-container container\">\n<div class=\"d-lg-flex gbht\">\n<div id=\"gbc-b10f78-65\" class=\"wp-block-pt-ipleiria-ued-wp-theme-ipleiria-gutenbergblocks-container gbc gbc-view row-valign-middle align-none\"><div class=\"gbc-background-overlay gbc-background-overlay-normal\" style=\"opacity:0.3\"><\/div><div class=\"gbc-wrapper\" style=\"padding-top:100px;padding-bottom:60px\"><div id=\"gbc-container-gbc-b10f78-65\" class=\"inner-container container\">\n<h2 class=\"has-text-align-center\">Vive um dia como estudante do ensino superior !<\/h2>\n<\/div><\/div><\/div>\n<\/div>\n<\/div><\/div><\/div>\n","protected":false},"excerpt":{"rendered":"Um dia na ESTG A&nbsp;ESTG&nbsp;disponibiliza a todos os estudantes dos ensinos b\u00e1sico e secund\u00e1rio (9\u00ba ao 12\u00ba ano) a atividade&nbsp;Um dia @ ESTG. Trata-se de uma atividade em que convidamos grupos de 1 a 5 estudantes a virem \u00e0&nbsp;ESTG&nbsp;para que passem um dia com estudantes desta&nbsp;Escola de Ensino Superior, tendo a oportunidade de conhecer o(s) [&hellip;]","protected":false},"author":83,"featured_media":0,"parent":428,"menu_order":0,"comment_status":"closed","ping_status":"closed","template":"","meta":{"custompostfields_banners":""},"_links":{"self":[{"href":"https:\/\/www.ipleiria.pt\/estg\/wp-json\/wp\/v2\/pages\/6244"}],"collection":[{"href":"https:\/\/www.ipleiria.pt\/estg\/wp-json\/wp\/v2\/pages"}],"about":[{"href":"https:\/\/www.ipleiria.pt\/estg\/wp-json\/wp\/v2\/types\/page"}],"author":[{"embeddable":true,"href":"https:\/\/www.ipleiria.pt\/estg\/wp-json\/wp\/v2\/users\/83"}],"replies":[{"embeddable":true,"href":"https:\/\/www.ipleiria.pt\/estg\/wp-json\/wp\/v2\/comments?post=6244"}],"version-history":[{"count":8,"href":"https:\/\/www.ipleiria.pt\/estg\/wp-json\/wp\/v2\/pages\/6244\/revisions"}],"predecessor-version":[{"id":6259,"href":"https:\/\/www.ipleiria.pt\/estg\/wp-json\/wp\/v2\/pages\/6244\/revisions\/6259"}],"up":[{"embeddable":true,"href":"https:\/\/www.ipleiria.pt\/estg\/wp-json\/wp\/v2\/pages\/428"}],"wp:attachment":[{"href":"https:\/\/www.ipleiria.pt\/estg\/wp-json\/wp\/v2\/media?parent=6244"}],"curies":[{"name":"wp","href":"https:\/\/api.w.org\/{rel}","templated":true}]}}