{"id":739,"date":"2022-03-17T00:05:27","date_gmt":"2022-03-17T00:05:27","guid":{"rendered":"https:\/\/www.ipleiria.pt\/estg\/?page_id=739"},"modified":"2024-11-25T15:59:48","modified_gmt":"2024-11-25T15:59:48","slug":"plano-de-seguranca-interno","status":"publish","type":"page","link":"https:\/\/www.ipleiria.pt\/estg\/escola\/seguranca\/plano-de-seguranca-interno\/","title":{"rendered":"Plano de seguran\u00e7a interno"},"content":{"rendered":"\n<h2 class=\"is-style-theme-subtitle\">Plano de seguran\u00e7a<\/h2>\n\n\n\n<h2 class=\"is-style-theme-title\">Equipas de Emerg\u00eancia<\/h2>\n\n\n\n<div class=\"wp-container-3 wp-block-columns\">\n<div class=\"wp-container-1 wp-block-column\" style=\"flex-basis:66.66%\">\n<p>Para uma r\u00e1pida interven\u00e7\u00e3o em situa\u00e7\u00f5es de emerg\u00eancia, a ESTG, disp\u00f5e de equipas de seguran\u00e7a devidamente equipadas, para fazer face ao perigo iminente, com forma\u00e7\u00e3o em:<\/p>\n\n\n\n<div style=\"height:10px\" aria-hidden=\"true\" class=\"wp-block-spacer\"><\/div>\n\n\n\n<ul><li>Combate a inc\u00eandio<\/li><li>Evacua\u00e7\u00e3o de edif\u00edcios<\/li><li>Socorrismo<\/li><li>Controlo de Acessos.<\/li><\/ul>\n<\/div>\n\n\n\n<div class=\"wp-container-2 wp-block-column\" style=\"flex-basis:33.33%\"><div class=\"wp-block-image is-style-default\">\n<figure class=\"aligncenter size-full\"><img loading=\"lazy\" width=\"112\" height=\"96\" src=\"https:\/\/www.ipleiria.pt\/estg\/wp-content\/uploads\/sites\/32\/2022\/06\/telefone.png\" alt=\"\" class=\"wp-image-2438\"\/><\/figure><\/div>\n\n\n<h2 class=\"has-text-align-center is-style-theme-title has-huge-font-size\" style=\"text-transform:uppercase\">200115<\/h2>\n\n\n\n<h2 class=\"has-text-align-center is-style-theme-subtitle-inherit-color has-normal-font-size\">N\u00ba de Emerg\u00eancia Interna<\/h2>\n\n\n\n<p class=\"has-text-align-center has-small-font-size\">Poder\u00e1 ainda ligar 112 (Emerg\u00eancia M\u00e9dica) de qualquer telefone interno, caso seja necess\u00e1rio<\/p>\n<\/div>\n<\/div>\n\n\n\n<div style=\"height:100px\" aria-hidden=\"true\" class=\"wp-block-spacer\"><\/div>\n\n\n\n<h2 class=\"is-style-theme-title\">Como agir perante uma situa\u00e7\u00e3o de inc\u00eandio<\/h2>\n\n\n\n<div style=\"height:25px\" aria-hidden=\"true\" class=\"wp-block-spacer\"><\/div>\n\n\n\n<p>Ao detetar um foco de inc\u00eandio ou qualquer outra situa\u00e7\u00e3o de risco <u>dever\u00e1 manter a calma<\/u> e <u>dar o alarme<\/u>.<\/p>\n\n\n\n<div style=\"height:25px\" aria-hidden=\"true\" class=\"wp-block-spacer\"><\/div>\n\n\n\n<div class=\"wp-container-7 wp-block-columns\">\n<div class=\"wp-container-4 wp-block-column\"><div class=\"wp-block-image is-style-rounded\">\n<figure class=\"aligncenter size-full is-resized\"><img loading=\"lazy\" src=\"https:\/\/www.ipleiria.pt\/estg\/wp-content\/uploads\/sites\/32\/2022\/06\/Fogo_Botoneira.png\" alt=\"\" class=\"wp-image-2447\" width=\"192\" height=\"192\" srcset=\"https:\/\/www.ipleiria.pt\/estg\/wp-content\/uploads\/sites\/32\/2022\/06\/Fogo_Botoneira.png 256w, https:\/\/www.ipleiria.pt\/estg\/wp-content\/uploads\/sites\/32\/2022\/06\/Fogo_Botoneira-150x150.png 150w\" sizes=\"(max-width: 192px) 100vw, 192px\" \/><\/figure><\/div>\n\n\n<p class=\"has-text-align-center\">Acionar a botoneira de alarme de inc\u00eandio, fazendo press\u00e3o sobre o vidro.<\/p>\n<\/div>\n\n\n\n<div class=\"wp-container-5 wp-block-column\"><div class=\"wp-block-image is-style-rounded\">\n<figure class=\"aligncenter size-full is-resized\"><img loading=\"lazy\" src=\"https:\/\/www.ipleiria.pt\/estg\/wp-content\/uploads\/sites\/32\/2022\/06\/Sinalizacao-de-botoneira-de-alarme-de-incendio.png\" alt=\"\" class=\"wp-image-2448\" width=\"192\" height=\"192\" srcset=\"https:\/\/www.ipleiria.pt\/estg\/wp-content\/uploads\/sites\/32\/2022\/06\/Sinalizacao-de-botoneira-de-alarme-de-incendio.png 256w, https:\/\/www.ipleiria.pt\/estg\/wp-content\/uploads\/sites\/32\/2022\/06\/Sinalizacao-de-botoneira-de-alarme-de-incendio-150x150.png 150w\" sizes=\"(max-width: 192px) 100vw, 192px\" \/><\/figure><\/div>\n\n\n<p class=\"has-text-align-center\">Este sinal indica a localiza\u00e7\u00e3o da respetiva botoneira.<\/p>\n<\/div>\n\n\n\n<div class=\"wp-container-6 wp-block-column\"><div class=\"wp-block-image is-style-rounded\">\n<figure class=\"aligncenter size-full is-resized\"><img loading=\"lazy\" src=\"https:\/\/www.ipleiria.pt\/estg\/wp-content\/uploads\/sites\/32\/2022\/06\/sinalizacao-de-telefone-de-emergencia.png\" alt=\"\" class=\"wp-image-2449\" width=\"192\" height=\"192\" srcset=\"https:\/\/www.ipleiria.pt\/estg\/wp-content\/uploads\/sites\/32\/2022\/06\/sinalizacao-de-telefone-de-emergencia.png 256w, https:\/\/www.ipleiria.pt\/estg\/wp-content\/uploads\/sites\/32\/2022\/06\/sinalizacao-de-telefone-de-emergencia-150x150.png 150w\" sizes=\"(max-width: 192px) 100vw, 192px\" \/><\/figure><\/div>\n\n\n<p class=\"has-text-align-center\">Poder\u00e1 ainda dar o alarme via n\u00famero interno de emerg\u00eancia.<\/p>\n<\/div>\n<\/div>\n\n\n\n<div style=\"height:100px\" aria-hidden=\"true\" class=\"wp-block-spacer\"><\/div>\n\n\n\n<div class=\"wp-container-12 wp-block-columns\">\n<div class=\"wp-container-11 wp-block-column\" style=\"flex-basis:100%\">\n<h2 class=\"is-style-theme-title\">Como agir perante um alarme<\/h2>\n\n\n\n<div style=\"height:25px\" aria-hidden=\"true\" class=\"wp-block-spacer\"><\/div>\n\n\n\n<p>Inicie a evacua\u00e7\u00e3o do edif\u00edcio de <u>forma calma<\/u> e <u>ordeira<\/u> seguindo rigorosamente as instru\u00e7\u00f5es transmitidas pelo sistema sonoro.<\/p>\n\n\n\n<div style=\"height:45px\" aria-hidden=\"true\" class=\"wp-block-spacer\"><\/div>\n\n\n\n<div class=\"wp-container-10 wp-block-columns\">\n<div class=\"wp-container-8 wp-block-column\" style=\"flex-basis:35%\">\n<h3 class=\"has-text-align-center\">Docente\/Funcion\u00e1rio<\/h3>\n\n\n\n<p class=\"has-text-align-center\">Ordenar a evacua\u00e7\u00e3o do edif\u00edcio acompanhando os estudantes&nbsp;at\u00e9 o ponto de encontro mais pr\u00f3ximo.<\/p>\n<\/div>\n\n\n\n<div class=\"wp-container-9 wp-block-column\" style=\"flex-basis:35%\">\n<h3 class=\"has-text-align-center\">Estudante<\/h3>\n\n\n\n<p class=\"has-text-align-center\">Cumprir as instru\u00e7\u00f5es dos docentes e\/ou funcion\u00e1rios.<\/p>\n<\/div>\n<\/div>\n<\/div>\n<\/div>\n\n\n\n<hr class=\"wp-block-separator has-alpha-channel-opacity\"\/>\n\n\n\n<div class=\"wp-container-17 wp-block-columns\">\n<div class=\"wp-container-13 wp-block-column\" style=\"flex-basis:25%\">\n<p class=\"has-text-align-center is-style-theme-title has-huge-font-size\">1.<\/p>\n\n\n\n<p class=\"has-text-align-center\">Abandonar o local de acordo com os caminhos de evacua\u00e7\u00e3o. Fechar a porta para evitar a propaga\u00e7\u00e3o do fogo e fumo.&nbsp;<strong>N\u00c3O CORRER<\/strong>.<\/p>\n<\/div>\n\n\n\n<div class=\"wp-container-14 wp-block-column\" style=\"flex-basis:25%\">\n<p class=\"has-text-align-center is-style-theme-title has-huge-font-size\">2.<\/p>\n\n\n\n<p class=\"has-text-align-center\">Seguir as instru\u00e7\u00f5es constantes das plantas de emerg\u00eancia.<\/p>\n<\/div>\n\n\n\n<div class=\"wp-container-15 wp-block-column\" style=\"flex-basis:25%\">\n<p class=\"has-text-align-center is-style-theme-title has-huge-font-size\">3.<\/p>\n\n\n\n<p class=\"has-text-align-center\">Dirija-se para a o ponto de encontro mais pr\u00f3ximo&nbsp;at\u00e9 receber novas instru\u00e7\u00f5es.<\/p>\n<\/div>\n\n\n\n<div class=\"wp-container-16 wp-block-column\" style=\"flex-basis:25%\">\n<p class=\"has-text-align-center is-style-theme-title has-huge-font-size\">4.<\/p>\n\n\n\n<p class=\"has-text-align-center\">O coordenador de evacua\u00e7\u00e3o do edif\u00edcio dar-lhe-\u00e1 toda a informa\u00e7\u00e3o necess\u00e1ria.<\/p>\n<\/div>\n<\/div>\n\n\n\n<div id=\"gbc-b9ce30-4e\" class=\"wp-block-pt-ipleiria-ued-wp-theme-ipleiria-gutenbergblocks-container gbc gbc-view row-valign-top align-full\" style=\"background-color:#F3F3F3;margin-top:75px;margin-bottom:-25px\"><div class=\"gbc-background-overlay gbc-background-overlay-normal\" style=\"opacity:0.3\"><\/div><div class=\"gbc-wrapper\" style=\"padding-top:100px;padding-bottom:100px\"><div id=\"gbc-container-gbc-b9ce30-4e\" class=\"inner-container\">\n<div id=\"gbc-0b5757-72\" class=\"wp-block-pt-ipleiria-ued-wp-theme-ipleiria-gutenbergblocks-container gbc gbc-view row-valign-top align-none\" style=\"margin-left:0px;margin-right:0px;margin-top:0px;margin-bottom:0px\"><div class=\"gbc-background-overlay gbc-background-overlay-normal\" style=\"opacity:0.3\"><\/div><div class=\"gbc-wrapper\" style=\"padding-left:0px;padding-right:0px\"><div id=\"gbc-container-gbc-0b5757-72\" class=\"inner-container container\">\n<div class=\"wp-container-20 wp-block-columns\">\n<div class=\"wp-container-18 wp-block-column is-vertically-aligned-top\" style=\"flex-basis:35%\">\n<div style=\"height:25px\" aria-hidden=\"true\" class=\"wp-block-spacer\"><\/div>\n\n\n\n<h2 class=\"has-text-align-left is-style-theme-title\">Pontos de Encontro<\/h2>\n\n\n\n<div style=\"height:20px\" aria-hidden=\"true\" class=\"wp-block-spacer\"><\/div>\n\n\n\n<ul><li>Parque de estacionamento junto ao edif\u00edcio E<\/li><li>Parque de estacionamento em frente ao edif\u00edcio B<\/li><li>Parque de estacionamento em frente \u00e0 cantina 3<\/li><li>Parque de estacionamento junto ao edif\u00edcio A<\/li><\/ul>\n<\/div>\n\n\n\n<div class=\"wp-container-19 wp-block-column\">\n<figure class=\"wp-block-image size-full is-resized\"><img loading=\"lazy\" src=\"https:\/\/www.ipleiria.pt\/estg\/wp-content\/uploads\/sites\/32\/2022\/06\/Plano-de-emergencia-pontos-de-encontro.png\" alt=\"\" class=\"wp-image-2476\" width=\"783\" height=\"330\" srcset=\"https:\/\/www.ipleiria.pt\/estg\/wp-content\/uploads\/sites\/32\/2022\/06\/Plano-de-emergencia-pontos-de-encontro.png 905w, https:\/\/www.ipleiria.pt\/estg\/wp-content\/uploads\/sites\/32\/2022\/06\/Plano-de-emergencia-pontos-de-encontro-300x127.png 300w, https:\/\/www.ipleiria.pt\/estg\/wp-content\/uploads\/sites\/32\/2022\/06\/Plano-de-emergencia-pontos-de-encontro-768x324.png 768w\" sizes=\"(max-width: 783px) 100vw, 783px\" \/><\/figure>\n<\/div>\n<\/div>\n<\/div><\/div><\/div>\n<\/div><\/div><\/div>\n\n\n\n<div style=\"height:100px\" aria-hidden=\"true\" class=\"wp-block-spacer\"><\/div>\n\n\n\n<h2 class=\"is-style-theme-title\">Tome Nota&#8230;<\/h2>\n\n\n\n<div style=\"height:25px\" aria-hidden=\"true\" class=\"wp-block-spacer\"><\/div>\n\n\n\n<div class=\"wp-container-23 wp-block-columns\">\n<div class=\"wp-container-21 wp-block-column\">\n<p class=\"has-text-align-center is-style-theme-default-title has-title-text-color-color has-text-color\" style=\"font-size:25px\"><strong>Inc\u00eandio<\/strong><\/p>\n\n\n\n<ul><li>Dever\u00e1 sempre manter a calma.<\/li><\/ul>\n\n\n\n<ul><li>Ap\u00f3s ter dado o alarme, se se julgar habilitado para o efeito, poder\u00e1 fazer uso dos meios de combate a inc\u00eandio existentes para tentar controlar o mesmo.<\/li><\/ul>\n\n\n\n<ul><li>Dar indica\u00e7\u00f5es \u00e0s equipas de seguran\u00e7a sobre a localiza\u00e7\u00e3o de eventuais v\u00edtimas, de forma a que estes possam efetuar o resgate das mesmas no mais curto espa\u00e7o de tempo poss\u00edvel.<\/li><\/ul>\n\n\n\n<div style=\"height:25px\" aria-hidden=\"true\" class=\"wp-block-spacer\"><\/div>\n<\/div>\n\n\n\n<div class=\"wp-container-22 wp-block-column\">\n<p class=\"has-text-align-center has-title-text-color-color has-text-color\" style=\"font-size:25px\"><strong>Sismo<\/strong><\/p>\n\n\n\n<ul><li>Perante um sismo, proteja-se da queda de objetos, nomeadamente debaixo de:<ul><li>V\u00e3os de portas;<\/li><li>Cantos das salas;<\/li><li>Debaixo de mesas, camas ou outras superf\u00edcies resistentes.<\/li><\/ul><\/li><\/ul>\n\n\n\n<ul><li>Logo que o abalo terminar, proceder de acordo com as instru\u00e7\u00f5es de evacua\u00e7\u00e3o:<ul><li><strong>Docente\/Funcion\u00e1rio:<\/strong>&nbsp;Ordene a evacua\u00e7\u00e3o do edif\u00edcio acompanhando os alunos at\u00e9 ao ponto de encontro.<\/li><li><strong>Estudante:<\/strong>&nbsp;Cumpra as instru\u00e7\u00f5es dos docentes e\/ou funcion\u00e1rios.<\/li><\/ul><\/li><\/ul>\n<\/div>\n<\/div>\n\n\n\n<div style=\"height:100px\" aria-hidden=\"true\" class=\"wp-block-spacer\"><\/div>\n","protected":false},"excerpt":{"rendered":"Plano de seguran\u00e7a Equipas de Emerg\u00eancia Para uma r\u00e1pida interven\u00e7\u00e3o em situa\u00e7\u00f5es de emerg\u00eancia, a ESTG, disp\u00f5e de equipas de seguran\u00e7a devidamente equipadas, para fazer face ao perigo iminente, com forma\u00e7\u00e3o em: Combate a inc\u00eandioEvacua\u00e7\u00e3o de edif\u00edciosSocorrismoControlo de Acessos. 200115 N\u00ba de Emerg\u00eancia Interna Poder\u00e1 ainda ligar 112 (Emerg\u00eancia M\u00e9dica) de qualquer telefone interno, caso [&hellip;]","protected":false},"author":1,"featured_media":7980,"parent":6214,"menu_order":60,"comment_status":"closed","ping_status":"closed","template":"","meta":{"custompostfields_banners":""},"_links":{"self":[{"href":"https:\/\/www.ipleiria.pt\/estg\/wp-json\/wp\/v2\/pages\/739"}],"collection":[{"href":"https:\/\/www.ipleiria.pt\/estg\/wp-json\/wp\/v2\/pages"}],"about":[{"href":"https:\/\/www.ipleiria.pt\/estg\/wp-json\/wp\/v2\/types\/page"}],"author":[{"embeddable":true,"href":"https:\/\/www.ipleiria.pt\/estg\/wp-json\/wp\/v2\/users\/1"}],"replies":[{"embeddable":true,"href":"https:\/\/www.ipleiria.pt\/estg\/wp-json\/wp\/v2\/comments?post=739"}],"version-history":[{"count":62,"href":"https:\/\/www.ipleiria.pt\/estg\/wp-json\/wp\/v2\/pages\/739\/revisions"}],"predecessor-version":[{"id":7981,"href":"https:\/\/www.ipleiria.pt\/estg\/wp-json\/wp\/v2\/pages\/739\/revisions\/7981"}],"up":[{"embeddable":true,"href":"https:\/\/www.ipleiria.pt\/estg\/wp-json\/wp\/v2\/pages\/6214"}],"wp:featuredmedia":[{"embeddable":true,"href":"https:\/\/www.ipleiria.pt\/estg\/wp-json\/wp\/v2\/media\/7980"}],"wp:attachment":[{"href":"https:\/\/www.ipleiria.pt\/estg\/wp-json\/wp\/v2\/media?parent=739"}],"curies":[{"name":"wp","href":"https:\/\/api.w.org\/{rel}","templated":true}]}}