{"id":747,"date":"2022-03-17T00:08:59","date_gmt":"2022-03-17T00:08:59","guid":{"rendered":"https:\/\/www.ipleiria.pt\/estg\/?page_id=747"},"modified":"2024-10-14T16:06:13","modified_gmt":"2024-10-14T16:06:13","slug":"informacoes-e-plataformas","status":"publish","type":"page","link":"https:\/\/www.ipleiria.pt\/estg\/escola\/informacoes\/informacoes-e-plataformas\/","title":{"rendered":"Informa\u00e7\u00f5es e plataformas"},"content":{"rendered":"\n<div class=\"wp-container-8 wp-block-columns\">\n<div class=\"wp-container-6 wp-block-column\" style=\"flex-basis:50%\">\n<p class=\"is-style-theme-subtitle\">RECURSOS HUMANOS<\/p>\n\n\n\n<h2 class=\"is-style-theme-title\">Informa\u00e7\u00f5es e Plataformas<\/h2>\n\n\n\n<p>O Polit\u00e9cnico de Leiria promove o desenvolvimento profissional dos seus trabalhadores, permitindo-lhes desafiarem-se todos os dias e disponibilizando-lhes recursos e servi\u00e7os de aprendizagem online totalmente gratuitos.<\/p>\n\n\n\n<p>Como entidade empregadora, promovemos uma gest\u00e3o equilibrada e saud\u00e1vel da vida profissional com a vida pessoal. Porque a nossa prioridade \u00e9 o bem-estar da comunidade acad\u00e9mica, todos os nossos colegas beneficiam do acesso a servi\u00e7os m\u00e9dicos, grupos desportivos e gin\u00e1sios, resid\u00eancias e muito mais.<\/p>\n\n\n\n<div class=\"wp-container-5 wp-block-columns\">\n<div class=\"wp-container-2 wp-block-column\">\n<div class=\"wp-container-1 wp-block-buttons\">\n<div class=\"wp-block-button is-style-theme-button-solid\"><a class=\"wp-block-button__link\" href=\"https:\/\/intranet.ipleiria.pt\/\" target=\"_blank\" rel=\"noreferrer noopener\">Acesso \u00e0 intranet<\/a><\/div>\n<\/div>\n<\/div>\n\n\n\n<div class=\"wp-container-4 wp-block-column\">\n<div class=\"wp-container-3 wp-block-buttons\">\n<div class=\"wp-block-button is-style-theme-button-outline\"><a class=\"wp-block-button__link\" href=\"http:\/\/www.assiduidade.ipleiria.pt\/\" target=\"_blank\" rel=\"noreferrer noopener\">plataforma de assiduidade<\/a><\/div>\n<\/div>\n<\/div>\n<\/div>\n<\/div>\n\n\n\n<div class=\"wp-container-7 wp-block-column\" style=\"flex-basis:50%\">\n<div style=\"height:50px\" aria-hidden=\"true\" class=\"wp-block-spacer\"><\/div>\n\n\n\n<figure class=\"wp-block-image size-large\"><img src=\"https:\/\/www.ipleiria.pt\/wp-content\/uploads\/2019\/10\/MG_9105-1024x683.jpg\" alt=\"\" class=\"wp-image-4790\"\/><\/figure>\n<\/div>\n<\/div>\n\n\n\n<hr class=\"wp-block-separator has-css-opacity\"\/>\n\n\n\n<div class=\"wp-container-14 wp-block-columns\">\n<div class=\"wp-container-9 wp-block-column\">\n<div class=\"wp-block-pt-ipleiria-ued-wp-theme-ipleiria-gutenbergblocks-infobox gbib gbib-view is-style-theme-infobox-svg\"><div class=\"gbib-wrapper gbib-image-wrapper\"><img class=\"gbib-image\" src=\"https:\/\/www.ipleiria.pt\/estg\/wp-content\/uploads\/sites\/32\/2022\/06\/perfil_email.svg\" alt=\"\"\/><\/div><div class=\"gbib-wrapper gbib-title-wrapper\"><h2 class=\"gbib-title\"><strong>WEBMAIL<\/strong><\/h2><\/div><div class=\"gbib-wrapper gbib-description-wrapper\"><div class=\"gbib-description\"><a rel=\"noreferrer noopener\" href=\"http:\/\/email.ipleiria.pt\/\" target=\"_blank\">Aceder ao email<\/a><br><a rel=\"noreferrer noopener\" href=\"http:\/\/webmail.my.ipleiria.pt\/\" target=\"_blank\">Aceder ao Office 365<\/a><\/div><\/div><\/div>\n<\/div>\n\n\n\n<div class=\"wp-container-10 wp-block-column\">\n<div class=\"wp-block-pt-ipleiria-ued-wp-theme-ipleiria-gutenbergblocks-infobox gbib gbib-view is-style-theme-infobox-svg\"><div class=\"gbib-wrapper gbib-image-wrapper\"><img class=\"gbib-image\" src=\"https:\/\/www.ipleiria.pt\/estg\/wp-content\/uploads\/sites\/32\/2022\/06\/perfil_agcp.svg\" alt=\"\"\/><\/div><div class=\"gbib-wrapper gbib-title-wrapper\"><h2 class=\"gbib-title\">AGCP<\/h2><\/div><div class=\"gbib-wrapper gbib-description-wrapper\"><div class=\"gbib-description\"><a rel=\"noreferrer noopener\" aria-label=\"consultar hor\u00e1rios, sum\u00e1rios e pautas (abre num novo separador)\" href=\"https:\/\/agcp.ipleiria.pt\/docentes\/paginas\/default.aspx\" target=\"_blank\">Docentes<\/a><br><a rel=\"noreferrer noopener\" href=\"https:\/\/publico.agcp.ipleiria.pt\/\" data-type=\"URL\" data-id=\"https:\/\/publico.agcp.ipleiria.pt\/\" target=\"_blank\">\u00c1rea p\u00fablica<\/a><\/div><\/div><\/div>\n<\/div>\n\n\n\n<div class=\"wp-container-11 wp-block-column\">\n<div class=\"wp-block-pt-ipleiria-ued-wp-theme-ipleiria-gutenbergblocks-infobox gbib gbib-view is-style-theme-infobox-svg\"><div class=\"gbib-wrapper gbib-image-wrapper\"><img class=\"gbib-image\" src=\"https:\/\/www.ipleiria.pt\/estg\/wp-content\/uploads\/sites\/32\/2022\/06\/perfil_sec_virtual.svg\" alt=\"\"\/><\/div><div class=\"gbib-wrapper gbib-title-wrapper\"><h2 class=\"gbib-title\"><strong>Secretaria virtual<\/strong><\/h2><\/div><div class=\"gbib-wrapper gbib-description-wrapper\"><div class=\"gbib-description\"><a href=\"https:\/\/sv.ipleiria.pt\/\" data-type=\"URL\" data-id=\"https:\/\/sv.ipleiria.pt\/\" target=\"_blank\" rel=\"noreferrer noopener\">Atendimento<\/a><\/div><\/div><\/div>\n<\/div>\n\n\n\n<div class=\"wp-container-12 wp-block-column\">\n<div class=\"wp-block-pt-ipleiria-ued-wp-theme-ipleiria-gutenbergblocks-infobox gbib gbib-view is-style-theme-infobox-svg\"><div class=\"gbib-wrapper gbib-image-wrapper\"><img class=\"gbib-image\" src=\"https:\/\/www.ipleiria.pt\/estg\/wp-content\/uploads\/sites\/32\/2022\/06\/perfil_pautas.svg\" alt=\"\"\/><\/div><div class=\"gbib-wrapper gbib-title-wrapper\"><h2 class=\"gbib-title\"><strong>Pautas<\/strong><\/h2><\/div><div class=\"gbib-wrapper gbib-description-wrapper\"><div class=\"gbib-description\"><a href=\"https:\/\/portaldoestudante.ipleiria.pt\/netpa\/page\" data-type=\"URL\" data-id=\"https:\/\/portaldoestudante.ipleiria.pt\/netpa\/page\" target=\"_blank\" rel=\"noreferrer noopener\">Resultados<\/a><\/div><\/div><\/div>\n<\/div>\n\n\n\n<div class=\"wp-container-13 wp-block-column\">\n<div class=\"wp-block-pt-ipleiria-ued-wp-theme-ipleiria-gutenbergblocks-infobox gbib gbib-view is-style-theme-infobox-svg\"><div class=\"gbib-wrapper gbib-image-wrapper\"><img class=\"gbib-image\" src=\"https:\/\/www.ipleiria.pt\/estg\/wp-content\/uploads\/sites\/32\/2022\/06\/perfil_elearning.svg\" alt=\"\"\/><\/div><div class=\"gbib-wrapper gbib-title-wrapper\"><h2 class=\"gbib-title\"><strong>Ead<\/strong><\/h2><\/div><div class=\"gbib-wrapper gbib-description-wrapper\"><div class=\"gbib-description\"><a rel=\"noreferrer noopener\" aria-label=\"plataforma de eLearning (abre num novo separador)\" href=\"https:\/\/ead.ipleiria.pt\" target=\"_blank\">Plataforma de eLearning<\/a><\/div><\/div><\/div>\n<\/div>\n<\/div>\n\n\n\n<div style=\"height:60px\" aria-hidden=\"true\" class=\"wp-block-spacer\"><\/div>\n\n\n\n<div id=\"gbc-_b742a9-2c\" class=\"wp-block-pt-ipleiria-ued-wp-theme-ipleiria-gutenbergblocks-container gbc gbc-view row-valign-top align-full\" style=\"background-color:#F3F3F3;margin-bottom:0px\"><div class=\"gbc-background-overlay gbc-background-overlay-normal\" style=\"opacity:0.3\"><\/div><div class=\"gbc-wrapper\" style=\"padding-top:100px;padding-bottom:60px\"><div id=\"gbc-container-gbc-_b742a9-2c\" class=\"inner-container container\">\n<h2 class=\"has-text-align-center is-style-theme-title\">Ferramentas e Servi\u00e7os<\/h2>\n\n\n\n<div style=\"height:30px\" aria-hidden=\"true\" class=\"wp-block-spacer\"><\/div>\n\n\n\n<div class=\"wp-container-20 wp-block-columns\">\n<div class=\"wp-container-15 wp-block-column\">\n<div class=\"wp-block-pt-ipleiria-ued-wp-theme-ipleiria-gutenbergblocks-infobox gbib gbib-view is-style-theme-infobox-caps\"><div class=\"gbib-wrapper gbib-title-wrapper\"><h2 class=\"gbib-title\">\u00c1rea Colaborar<\/h2><\/div><div class=\"gbib-wrapper gbib-description-wrapper\"><div class=\"gbib-description\"><a rel=\"noreferrer noopener\" href=\"http:\/\/colaborar.ipleiria.pt\/\" target=\"_blank\">Ferramenta Interna de Partilha de Documentos<\/a><\/div><\/div><\/div>\n<\/div>\n\n\n\n<div class=\"wp-container-16 wp-block-column\">\n<div class=\"wp-block-pt-ipleiria-ued-wp-theme-ipleiria-gutenbergblocks-infobox gbib gbib-view is-style-theme-infobox-caps\"><div class=\"gbib-wrapper gbib-title-wrapper\"><h2 class=\"gbib-title\">EDOC<\/h2><\/div><div class=\"gbib-wrapper gbib-description-wrapper\"><div class=\"gbib-description\"><a rel=\"noreferrer noopener\" href=\"https:\/\/gd.ipleiria.pt\/\" target=\"_blank\">Plataforma de Gest\u00e3o Documental<\/a><\/div><\/div><\/div>\n<\/div>\n\n\n\n<div class=\"wp-container-17 wp-block-column\">\n<div class=\"wp-block-pt-ipleiria-ued-wp-theme-ipleiria-gutenbergblocks-infobox gbib gbib-view is-style-theme-infobox-caps\"><div class=\"gbib-wrapper gbib-title-wrapper\"><h2 class=\"gbib-title\">LAN\u00c7AMENTO DE NOTAS<\/h2><\/div><div class=\"gbib-wrapper gbib-description-wrapper\"><div class=\"gbib-description\"><a href=\"https:\/\/portaldoestudante.ipleiria.pt\/netpa\/page\" data-type=\"URL\" data-id=\"https:\/\/portaldoestudante.ipleiria.pt\/netpa\/page\" target=\"_blank\" rel=\"noreferrer noopener\">Lan\u00e7amento e Consulta de Pautas de Avalia\u00e7\u00e3o<\/a><\/div><\/div><\/div>\n<\/div>\n\n\n\n<div class=\"wp-container-18 wp-block-column\">\n<div class=\"wp-block-pt-ipleiria-ued-wp-theme-ipleiria-gutenbergblocks-infobox gbib gbib-view is-style-theme-infobox-caps\"><div class=\"gbib-wrapper gbib-title-wrapper\"><h2 class=\"gbib-title\">Portal dos docentes<\/h2><\/div><div class=\"gbib-wrapper gbib-description-wrapper\"><div class=\"gbib-description\"><a href=\"https:\/\/agcp.ipleiria.pt\/\" data-type=\"URL\" data-id=\"https:\/\/agcp.ipleiria.pt\/\" target=\"_blank\" rel=\"noreferrer noopener\">Lan\u00e7amento de Sum\u00e1rios e Programas<\/a><\/div><\/div><\/div>\n<\/div>\n\n\n\n<div class=\"wp-container-19 wp-block-column\">\n<div class=\"wp-block-pt-ipleiria-ued-wp-theme-ipleiria-gutenbergblocks-infobox gbib gbib-view is-style-theme-infobox-caps\"><div class=\"gbib-wrapper gbib-title-wrapper\"><h2 class=\"gbib-title\">assiduidade<\/h2><\/div><div class=\"gbib-wrapper gbib-description-wrapper\"><div class=\"gbib-description\"><a rel=\"noreferrer noopener\" href=\"http:\/\/www.assiduidade.ipleiria.pt\/\" target=\"_blank\">Gest\u00e3o da Assiduidade no Trabalho<\/a><\/div><\/div><\/div>\n<\/div>\n<\/div>\n\n\n\n<hr class=\"wp-block-separator has-text-color has-dark-title-text-color-color has-css-opacity has-dark-title-text-color-background-color has-background is-style-wide\"\/>\n\n\n\n<div class=\"wp-container-26 wp-block-columns\">\n<div class=\"wp-container-21 wp-block-column\">\n<div class=\"wp-block-pt-ipleiria-ued-wp-theme-ipleiria-gutenbergblocks-infobox gbib gbib-view is-style-theme-infobox-caps\"><div class=\"gbib-wrapper gbib-title-wrapper\"><h2 class=\"gbib-title\">Bibliotecas<\/h2><\/div><div class=\"gbib-wrapper gbib-description-wrapper\"><div class=\"gbib-description\"><a rel=\"noreferrer noopener\" href=\"https:\/\/www.ipleiria.pt\/sdoc\/\" target=\"_blank\">Portal das Bibliotecas do Polit\u00e9cnico de Leiria<\/a><\/div><\/div><\/div>\n<\/div>\n\n\n\n<div class=\"wp-container-22 wp-block-column\">\n<div class=\"wp-block-pt-ipleiria-ued-wp-theme-ipleiria-gutenbergblocks-infobox gbib gbib-view is-style-theme-infobox-caps\"><div class=\"gbib-wrapper gbib-title-wrapper\"><h2 class=\"gbib-title\">UED<\/h2><\/div><div class=\"gbib-wrapper gbib-description-wrapper\"><div class=\"gbib-description\"><a rel=\"noreferrer noopener\" href=\"http:\/\/ued.ipleiria.pt\/\" target=\"_blank\">Informa\u00e7\u00e3o e Apoio a Docentes e Colaboradores<\/a><\/div><\/div><\/div>\n<\/div>\n\n\n\n<div class=\"wp-container-23 wp-block-column\">\n<div class=\"wp-block-pt-ipleiria-ued-wp-theme-ipleiria-gutenbergblocks-infobox gbib gbib-view is-style-theme-infobox-caps\"><div class=\"gbib-wrapper gbib-title-wrapper\"><h2 class=\"gbib-title\">Inform\u00e1tica<\/h2><\/div><div class=\"gbib-wrapper gbib-description-wrapper\"><div class=\"gbib-description\"> <a rel=\"noreferrer noopener\" href=\"https:\/\/www.ipleiria.pt\/dsi\" target=\"_blank\">Informa\u00e7\u00e3o e Apoio aos Utilizadores<\/a><\/div><\/div><\/div>\n<\/div>\n\n\n\n<div class=\"wp-container-24 wp-block-column\">\n<div class=\"wp-block-pt-ipleiria-ued-wp-theme-ipleiria-gutenbergblocks-infobox gbib gbib-view is-style-theme-infobox-caps\"><div class=\"gbib-wrapper gbib-title-wrapper\"><h2 class=\"gbib-title\">A\u00e7\u00e3o Social <\/h2><\/div><div class=\"gbib-wrapper gbib-description-wrapper\"><div class=\"gbib-description\"><a href=\"https:\/\/www.ipleiria.pt\/politecnico\/institucional\/acao-social\/\" data-type=\"URL\" data-id=\"https:\/\/www.ipleiria.pt\/politecnico\/institucional\/acao-social\/\">A\u00e7\u00e3o Social <\/a><a rel=\"noreferrer noopener\" href=\"https:\/\/www.ipleiria.pt\/politecnico\/institucional\/acao-social\/\" data-type=\"URL\" data-id=\"https:\/\/www.ipleiria.pt\/politecnico\/institucional\/acao-social\/\" target=\"_blank\">Online<\/a><\/div><\/div><\/div>\n<\/div>\n\n\n\n<div class=\"wp-container-25 wp-block-column\">\n<div class=\"wp-block-pt-ipleiria-ued-wp-theme-ipleiria-gutenbergblocks-infobox gbib gbib-view is-style-theme-infobox-caps\"><div class=\"gbib-wrapper gbib-title-wrapper\"><h2 class=\"gbib-title\">Acad\u00e9micos<\/h2><\/div><div class=\"gbib-wrapper gbib-description-wrapper\"><div class=\"gbib-description\"><a rel=\"noreferrer noopener\" href=\"https:\/\/portaldoestudante.ipleiria.pt\/netpa\/page\" data-type=\"URL\" data-id=\"https:\/\/portaldoestudante.ipleiria.pt\/netpa\/page\" target=\"_blank\">Atendimento dos SA<\/a><\/div><\/div><\/div>\n\n\n\n<p><\/p>\n<\/div>\n<\/div>\n\n\n\n<div style=\"height:30px\" aria-hidden=\"true\" class=\"wp-block-spacer\"><\/div>\n<\/div><\/div><\/div>\n\n\n\n<div id=\"gbc-_28b682-46\" class=\"wp-block-pt-ipleiria-ued-wp-theme-ipleiria-gutenbergblocks-container gbc gbc-view row-valign-top align-full\" style=\"background-color:#262626;margin-top:opx;margin-bottom:0px\"><div class=\"gbc-background-overlay gbc-background-overlay-normal\" style=\"opacity:0.3\"><\/div><div class=\"gbc-wrapper\" style=\"padding-top:100px;padding-bottom:60px\"><div id=\"gbc-container-gbc-_28b682-46\" class=\"inner-container container\">\n<p class=\"has-text-align-center is-style-theme-subtitle-inherit-color has-dark-title-text-color-color has-text-color\">Erasmus +<\/p>\n\n\n\n<h2 class=\"has-text-align-center is-style-theme-title-inherit-color has-dark-title-text-color-color has-text-color\">Mobilidade Internacional<\/h2>\n\n\n\n<p class=\"has-text-align-center has-dark-title-text-color-color has-text-color\">O Programa Erasmus + prev\u00ea a Mobilidade de Docentes para Miss\u00f5es de Ensino (STA) e a Mobilidade de Pessoal (docente e n\u00e3o docente) para Forma\u00e7\u00e3o (STT).&nbsp;<\/p>\n\n\n\n<div class=\"wp-container-27 is-horizontal is-content-justification-center wp-block-buttons\">\n<div class=\"wp-block-button is-style-theme-button-outline\"><a class=\"wp-block-button__link has-title-text-color-color has-dark-title-text-color-background-color has-text-color has-background\" href=\"https:\/\/www.ipleiria.pt\/internacional\/colaboradores\/mobilidade-outgoing\/\">Saiba mais<\/a><\/div>\n<\/div>\n\n\n\n<p><\/p>\n<\/div><\/div><\/div>\n\n\n\n<div id=\"gbc-_01ce9e-93\" class=\"wp-block-pt-ipleiria-ued-wp-theme-ipleiria-gutenbergblocks-container gbc gbc-view row-valign-top align-full\" style=\"background-color:#F3F3F3;margin-bottom:-25px\"><div class=\"gbc-background-overlay gbc-background-overlay-normal\" style=\"opacity:0.3\"><\/div><div class=\"gbc-wrapper\" style=\"padding-top:0;padding-bottom:0\"><div id=\"gbc-container-gbc-_01ce9e-93\" class=\"inner-container\">\n<div class=\"wp-container-31 wp-block-columns\">\n<div class=\"wp-container-28 wp-block-column is-vertically-aligned-top\">\n<figure class=\"wp-block-image size-large img-cover\"><img src=\"https:\/\/www.ipleiria.pt\/wp-content\/uploads\/2020\/12\/MG_4022-1024x683.jpg\" alt=\"\" class=\"wp-image-23183\"\/><\/figure>\n<\/div>\n\n\n\n<div class=\"wp-container-30 wp-block-column\">\n<div id=\"gbc-_9d2433-a5\" class=\"wp-block-pt-ipleiria-ued-wp-theme-ipleiria-gutenbergblocks-container gbc gbc-view row-valign-top align-full pl-md-4 scrollable-content\" style=\"margin-left:0px;margin-right:0px\"><div class=\"gbc-background-overlay gbc-background-overlay-normal\" style=\"opacity:0.3\"><\/div><div class=\"gbc-wrapper\"><div id=\"gbc-container-gbc-_9d2433-a5\" class=\"inner-container\" style=\"max-width:540px\">\n<div id=\"gbc-_d7301f-79\" class=\"wp-block-pt-ipleiria-ued-wp-theme-ipleiria-gutenbergblocks-container gbc gbc-view row-valign-top align-full\" style=\"margin-left:0px;margin-right:0px\"><div class=\"gbc-background-overlay gbc-background-overlay-normal\" style=\"opacity:0.3\"><\/div><div class=\"gbc-wrapper\" style=\"padding-left:15px;padding-right:15px;padding-top:90px;padding-bottom:15px\"><div id=\"gbc-container-gbc-_d7301f-79\" class=\"inner-container\">\n<h2 class=\"has-text-align-left is-style-theme-title\">Recrutamento interno<\/h2>\n\n\n\n<p>Atrav\u00e9s da nossa bolsa de recrutamento interno, os nossos trabalhadores (docentes, formadores e t\u00e9cnicos) podem candidatar-se para trabalhar em diferentes departamentos e unidades org\u00e2nicas do Polit\u00e9cnico de Leiria.<\/p>\n\n\n\n<p>Este processo de recrutamento envolve apenas candidaturas espont\u00e2neas, pelo que est\u00e1 dependente das necessidades concretas de cada servi\u00e7o\/escola.<\/p>\n\n\n\n<div class=\"wp-container-29 wp-block-buttons\">\n<div class=\"wp-block-button is-style-theme-button-outline\"><a class=\"wp-block-button__link\" href=\"http:\/\/bolsadeformadores.ipleiria.pt\/\" target=\"_blank\" rel=\"noreferrer noopener\"><strong>BOLSA DE DOCENTES\/FORMADORES<\/strong><\/a><\/div>\n<\/div>\n<\/div><\/div><\/div>\n<\/div><\/div><\/div>\n<\/div>\n<\/div>\n<\/div><\/div><\/div>\n","protected":false},"excerpt":{"rendered":"RECURSOS HUMANOS Informa\u00e7\u00f5es e Plataformas O Polit\u00e9cnico de Leiria promove o desenvolvimento profissional dos seus trabalhadores, permitindo-lhes desafiarem-se todos os dias e disponibilizando-lhes recursos e servi\u00e7os de aprendizagem online totalmente gratuitos. Como entidade empregadora, promovemos uma gest\u00e3o equilibrada e saud\u00e1vel da vida profissional com a vida pessoal. Porque a nossa prioridade \u00e9 o bem-estar da [&hellip;]","protected":false},"author":1,"featured_media":4797,"parent":519,"menu_order":60,"comment_status":"closed","ping_status":"closed","template":"","meta":{"custompostfields_banners":""},"_links":{"self":[{"href":"https:\/\/www.ipleiria.pt\/estg\/wp-json\/wp\/v2\/pages\/747"}],"collection":[{"href":"https:\/\/www.ipleiria.pt\/estg\/wp-json\/wp\/v2\/pages"}],"about":[{"href":"https:\/\/www.ipleiria.pt\/estg\/wp-json\/wp\/v2\/types\/page"}],"author":[{"embeddable":true,"href":"https:\/\/www.ipleiria.pt\/estg\/wp-json\/wp\/v2\/users\/1"}],"replies":[{"embeddable":true,"href":"https:\/\/www.ipleiria.pt\/estg\/wp-json\/wp\/v2\/comments?post=747"}],"version-history":[{"count":9,"href":"https:\/\/www.ipleiria.pt\/estg\/wp-json\/wp\/v2\/pages\/747\/revisions"}],"predecessor-version":[{"id":5035,"href":"https:\/\/www.ipleiria.pt\/estg\/wp-json\/wp\/v2\/pages\/747\/revisions\/5035"}],"up":[{"embeddable":true,"href":"https:\/\/www.ipleiria.pt\/estg\/wp-json\/wp\/v2\/pages\/519"}],"wp:featuredmedia":[{"embeddable":true,"href":"https:\/\/www.ipleiria.pt\/estg\/wp-json\/wp\/v2\/media\/4797"}],"wp:attachment":[{"href":"https:\/\/www.ipleiria.pt\/estg\/wp-json\/wp\/v2\/media?parent=747"}],"curies":[{"name":"wp","href":"https:\/\/api.w.org\/{rel}","templated":true}]}}