{"id":796,"date":"2022-04-27T13:28:35","date_gmt":"2022-04-27T13:28:35","guid":{"rendered":"https:\/\/www.ipleiria.pt\/estg\/?page_id=796"},"modified":"2024-11-25T16:34:08","modified_gmt":"2024-11-25T16:34:08","slug":"avaliacao-externa","status":"publish","type":"page","link":"https:\/\/www.ipleiria.pt\/estg\/inovar\/qualidade\/avaliacao-externa\/","title":{"rendered":"Avalia\u00e7\u00e3o externa"},"content":{"rendered":"\n<div class=\"wp-container-3 wp-block-columns\">\n<div class=\"wp-container-1 wp-block-column\" style=\"flex-basis:66.66%\">\n<h2 class=\"is-style-theme-subtitle\">A3ES<\/h2>\n\n\n\n<h2 class=\"is-style-theme-title\">Ag\u00eancia de Avalia\u00e7\u00e3o e Acredita\u00e7\u00e3o do Ensino Superior<\/h2>\n<\/div>\n\n\n\n<div class=\"wp-container-2 wp-block-column\" style=\"flex-basis:33.33%\"><\/div>\n<\/div>\n\n\n\n<div class=\"wp-container-6 wp-block-columns\">\n<div class=\"wp-container-4 wp-block-column\">\n<p>Todos os cursos do IPLeiria cumprem com os requisitos legais e est\u00e3o acreditados pela&nbsp;<a rel=\"noreferrer noopener\" href=\"http:\/\/www.a3es.pt\/\" target=\"_blank\">A3ES<\/a>.<\/p>\n\n\n\n<p>A informa\u00e7\u00e3o relativa ao processo de acredita\u00e7\u00e3o pode ser consultada na liga\u00e7\u00e3o do respetivo&nbsp;<a rel=\"noreferrer noopener\" href=\"https:\/\/www.ipleiria.pt\/cursos\/\" target=\"_blank\">curso<\/a>.<\/p>\n<\/div>\n\n\n\n<div class=\"wp-container-5 wp-block-column\"><\/div>\n<\/div>\n\n\n\n<div style=\"height:25px\" aria-hidden=\"true\" class=\"wp-block-spacer\"><\/div>\n\n\n\n<hr class=\"wp-block-separator has-alpha-channel-opacity\"\/>\n\n\n\n<div style=\"height:25px\" aria-hidden=\"true\" class=\"wp-block-spacer\"><\/div>\n\n\n\n<h2 class=\"is-style-theme-title\">Marca de Qualidade EUR-ACE<\/h2>\n\n\n\n<div class=\"wp-container-9 wp-block-columns\">\n<div class=\"wp-container-7 wp-block-column\">\n<p>A ESTG tem, na sua oferta formativa, dois cursos com o selo europeu&nbsp;EUR-ACE\u00ae, atribu\u00eddo pela Ordem dos Engenheiros, sob credencia\u00e7\u00e3o da&nbsp;<a rel=\"noreferrer noopener\" href=\"http:\/\/www.enaee.eu\/\" target=\"_blank\">European Network for Accreditation of Engineering Education<\/a>&nbsp;(ENAEE).<\/p>\n\n\n\n<p>Esta distin\u00e7\u00e3o coloca a qualidade do ensino ministrado nestes dois cursos do IPLeiria ao n\u00edvel das melhores universidades e polit\u00e9cnicos europeus, e confirma a dimens\u00e3o internacional dos diplomas da <strong>ESTG\/IPLeiria<\/strong>, potenciando uma maior aceita\u00e7\u00e3o de engenheiros diplomados pelo Polit\u00e9cnico de Leiria por toda a Europa. O sistema de avalia\u00e7\u00e3o&nbsp;<strong>EUR-ACE\u00ae<\/strong>, propriedade da&nbsp;<strong>ENAEE<\/strong>, analisa um conjunto de requisitos que distinguem os cursos de engenharia de alta qualidade na Europa e no resto do mundo.<\/p>\n<\/div>\n\n\n\n<div class=\"wp-container-8 wp-block-column\">\n<ul><li><a rel=\"noreferrer noopener\" href=\"http:\/\/eurace.enaee.eu\/node\/17823\" target=\"_blank\">First Cycle Programme in Mechanical Engineering \u2013 18\/05\/2024<\/a><\/li><li><a rel=\"noreferrer noopener\" href=\"http:\/\/eurace.enaee.eu\/node\/17827\" target=\"_blank\">Second Cycle Master in Electrical Engineering \u2013 18\/05\/2021<\/a><\/li><li><a rel=\"noreferrer noopener\" href=\"http:\/\/eurace.enaee.eu\/node\/1266\" target=\"_blank\">Second Cycle Master in Civil Engineering \u2013 Building Construction \u2013 22\/03\/2019<\/a><\/li><li><a rel=\"noreferrer noopener\" href=\"http:\/\/eurace.enaee.eu\/node\/17825\" target=\"_blank\">First Cycle Programme in Electrical and Computers Engineering \u2013 18\/05\/2022<\/a><\/li><li><a rel=\"noreferrer noopener\" href=\"http:\/\/eurace.enaee.eu\/node\/1264\" target=\"_blank\">First Cycle Programme in Civil Engineering \u2013 22\/03\/2019<\/a><\/li><\/ul>\n<\/div>\n<\/div>\n\n\n\n<div style=\"height:25px\" aria-hidden=\"true\" class=\"wp-block-spacer\"><\/div>\n\n\n\n<hr class=\"wp-block-separator has-alpha-channel-opacity\"\/>\n\n\n\n<div style=\"height:25px\" aria-hidden=\"true\" class=\"wp-block-spacer\"><\/div>\n\n\n\n<div class=\"wp-container-13 wp-block-columns\">\n<div class=\"wp-container-10 wp-block-column\">\n<figure class=\"wp-block-image size-full\"><img loading=\"lazy\" width=\"640\" height=\"427\" src=\"https:\/\/www.ipleiria.pt\/estg\/wp-content\/uploads\/sites\/32\/2022\/07\/EUA_640.jpg\" alt=\"\" class=\"wp-image-2921\" srcset=\"https:\/\/www.ipleiria.pt\/estg\/wp-content\/uploads\/sites\/32\/2022\/07\/EUA_640.jpg 640w, https:\/\/www.ipleiria.pt\/estg\/wp-content\/uploads\/sites\/32\/2022\/07\/EUA_640-300x200.jpg 300w\" sizes=\"(max-width: 640px) 100vw, 640px\" \/><\/figure>\n<\/div>\n\n\n\n<div class=\"wp-container-12 wp-block-column\">\n<h2 class=\"is-style-theme-subtitle\">EUA<\/h2>\n\n\n\n<h2 class=\"is-style-theme-title\">European University Association<\/h2>\n\n\n\n<p>Em 2007, o Polit\u00e9cnico de Leiria submeteu-se a uma avalia\u00e7\u00e3o externa pela&nbsp;<a rel=\"noreferrer noopener\" href=\"http:\/\/www.eua.be\/\" target=\"_blank\">EUA<\/a>.&nbsp;Na sequ\u00eancia deste processo, entendeu o IPLeiria solicitar uma avalia\u00e7\u00e3o de&nbsp;<em><em>follow-up<\/em><\/em>, que foi realizado pela EUA em Novembro de 2010.<\/p>\n\n\n\n<div class=\"wp-container-11 is-content-justification-left wp-block-buttons\">\n<div class=\"wp-block-button is-style-theme-button-outline\"><a class=\"wp-block-button__link\" href=\"https:\/\/www.ipleiria.pt\/inovar\/qualidade\/avaliacao-e-qualidade\/\" target=\"_blank\" rel=\"noreferrer noopener\">Saber Mais<\/a><\/div>\n<\/div>\n<\/div>\n<\/div>\n\n\n\n<div style=\"height:60px\" aria-hidden=\"true\" class=\"wp-block-spacer\"><\/div>\n","protected":false},"excerpt":{"rendered":"A3ES Ag\u00eancia de Avalia\u00e7\u00e3o e Acredita\u00e7\u00e3o do Ensino Superior Todos os cursos do IPLeiria cumprem com os requisitos legais e est\u00e3o acreditados pela&nbsp;A3ES. A informa\u00e7\u00e3o relativa ao processo de acredita\u00e7\u00e3o pode ser consultada na liga\u00e7\u00e3o do respetivo&nbsp;curso. Marca de Qualidade EUR-ACE A ESTG tem, na sua oferta formativa, dois cursos com o selo europeu&nbsp;EUR-ACE\u00ae, atribu\u00eddo [&hellip;]","protected":false},"author":4,"featured_media":5065,"parent":830,"menu_order":3,"comment_status":"closed","ping_status":"closed","template":"","meta":{"custompostfields_banners":""},"_links":{"self":[{"href":"https:\/\/www.ipleiria.pt\/estg\/wp-json\/wp\/v2\/pages\/796"}],"collection":[{"href":"https:\/\/www.ipleiria.pt\/estg\/wp-json\/wp\/v2\/pages"}],"about":[{"href":"https:\/\/www.ipleiria.pt\/estg\/wp-json\/wp\/v2\/types\/page"}],"author":[{"embeddable":true,"href":"https:\/\/www.ipleiria.pt\/estg\/wp-json\/wp\/v2\/users\/4"}],"replies":[{"embeddable":true,"href":"https:\/\/www.ipleiria.pt\/estg\/wp-json\/wp\/v2\/comments?post=796"}],"version-history":[{"count":16,"href":"https:\/\/www.ipleiria.pt\/estg\/wp-json\/wp\/v2\/pages\/796\/revisions"}],"predecessor-version":[{"id":7985,"href":"https:\/\/www.ipleiria.pt\/estg\/wp-json\/wp\/v2\/pages\/796\/revisions\/7985"}],"up":[{"embeddable":true,"href":"https:\/\/www.ipleiria.pt\/estg\/wp-json\/wp\/v2\/pages\/830"}],"wp:featuredmedia":[{"embeddable":true,"href":"https:\/\/www.ipleiria.pt\/estg\/wp-json\/wp\/v2\/media\/5065"}],"wp:attachment":[{"href":"https:\/\/www.ipleiria.pt\/estg\/wp-json\/wp\/v2\/media?parent=796"}],"curies":[{"name":"wp","href":"https:\/\/api.w.org\/{rel}","templated":true}]}}