{"id":800,"date":"2022-04-27T13:29:20","date_gmt":"2022-04-27T13:29:20","guid":{"rendered":"https:\/\/www.ipleiria.pt\/estg\/?page_id=800"},"modified":"2024-11-25T16:30:07","modified_gmt":"2024-11-25T16:30:07","slug":"desempenho-docente","status":"publish","type":"page","link":"https:\/\/www.ipleiria.pt\/estg\/inovar\/qualidade\/desempenho-docente\/","title":{"rendered":"Desempenho docente"},"content":{"rendered":"\n<p class=\"is-style-theme-subtitle\">ESTG<\/p>\n\n\n\n<h2 class=\"is-style-theme-title\">Avalia\u00e7\u00e3o do desempenho dos docentes<\/h2>\n\n\n\n<div class=\"wp-container-3 wp-block-columns\">\n<div class=\"wp-container-1 wp-block-column\" style=\"flex-basis:50%\">\n<p>A&nbsp;Avalia\u00e7\u00e3o do Desempenho dos Docente da ESTG&nbsp;tem por base o&nbsp;<strong>Regulamento de Avalia\u00e7\u00e3o do Desempenho dos Docentes do Instituto Polit\u00e9cnico de Leiria<\/strong>, aprovado em 2013, com a <strong>altera\u00e7\u00e3o do art.\u00ba 10.\u00ba em 2015<\/strong>&nbsp;, que \u00e9 aplicado a todos os docentes do IPLeiria independentemente de estarem integrados na carreira. <\/p>\n\n\n\n<p>Deste modo, a Avalia\u00e7\u00e3o do Desempenho dos Docentes tem como objeto <\/p>\n<\/div>\n\n\n\n<div class=\"wp-container-2 wp-block-column\" style=\"flex-basis:50%\">\n<p> \u00abevidenciar o m\u00e9rito demonstrado, em obedi\u00eancia aos princ\u00edpios da diferencia\u00e7\u00e3o do desempenho, confian\u00e7a, justi\u00e7a, abrang\u00eancia, consist\u00eancia, transpar\u00eancia e isen\u00e7\u00e3o\u00bb e constitui \u00abum instrumento que traduz os objetivos estrat\u00e9gicos institucionais, tendo como fim \u00faltimo contribuir para a melhoria da qualidade do desempenho dos docentes\u00bb.<\/p>\n<\/div>\n<\/div>\n\n\n\n<p class=\"no-icon\"><a rel=\"noreferrer noopener\" href=\"https:\/\/www.ipleiria.pt\/estg\/wp-content\/uploads\/sites\/19\/2017\/04\/RADD_RegulamentoAvalia%C3%A7%C3%A3oDesempenhoDocentes_IPL.pdf\" target=\"_blank\">Regulamento de Avalia\u00e7\u00e3o do Desempenho dos Docentes do Instituto Polit\u00e9cnico de Leiria<\/a><\/p>\n\n\n\n<p><a rel=\"noreferrer noopener\" href=\"https:\/\/www.ipleiria.pt\/estg\/wp-content\/uploads\/sites\/19\/2017\/04\/Artigo-10.%C2%BA-RADD_Despacho-n.%C2%BA-123622015_altera%C3%A7%C3%A3o-do-artigo-10.%C2%BA.pdf\" target=\"_blank\">altera\u00e7\u00e3o do art.\u00ba 10.\u00ba em 2015<\/a><\/p>\n\n\n\n<div style=\"height:60px\" aria-hidden=\"true\" class=\"wp-block-spacer\"><\/div>\n","protected":false},"excerpt":{"rendered":"ESTG Avalia\u00e7\u00e3o do desempenho dos docentes A&nbsp;Avalia\u00e7\u00e3o do Desempenho dos Docente da ESTG&nbsp;tem por base o&nbsp;Regulamento de Avalia\u00e7\u00e3o do Desempenho dos Docentes do Instituto Polit\u00e9cnico de Leiria, aprovado em 2013, com a altera\u00e7\u00e3o do art.\u00ba 10.\u00ba em 2015&nbsp;, que \u00e9 aplicado a todos os docentes do IPLeiria independentemente de estarem integrados na carreira. Deste modo, [&hellip;]","protected":false},"author":4,"featured_media":5149,"parent":830,"menu_order":4,"comment_status":"closed","ping_status":"closed","template":"","meta":{"custompostfields_banners":""},"_links":{"self":[{"href":"https:\/\/www.ipleiria.pt\/estg\/wp-json\/wp\/v2\/pages\/800"}],"collection":[{"href":"https:\/\/www.ipleiria.pt\/estg\/wp-json\/wp\/v2\/pages"}],"about":[{"href":"https:\/\/www.ipleiria.pt\/estg\/wp-json\/wp\/v2\/types\/page"}],"author":[{"embeddable":true,"href":"https:\/\/www.ipleiria.pt\/estg\/wp-json\/wp\/v2\/users\/4"}],"replies":[{"embeddable":true,"href":"https:\/\/www.ipleiria.pt\/estg\/wp-json\/wp\/v2\/comments?post=800"}],"version-history":[{"count":7,"href":"https:\/\/www.ipleiria.pt\/estg\/wp-json\/wp\/v2\/pages\/800\/revisions"}],"predecessor-version":[{"id":5221,"href":"https:\/\/www.ipleiria.pt\/estg\/wp-json\/wp\/v2\/pages\/800\/revisions\/5221"}],"up":[{"embeddable":true,"href":"https:\/\/www.ipleiria.pt\/estg\/wp-json\/wp\/v2\/pages\/830"}],"wp:featuredmedia":[{"embeddable":true,"href":"https:\/\/www.ipleiria.pt\/estg\/wp-json\/wp\/v2\/media\/5149"}],"wp:attachment":[{"href":"https:\/\/www.ipleiria.pt\/estg\/wp-json\/wp\/v2\/media?parent=800"}],"curies":[{"name":"wp","href":"https:\/\/api.w.org\/{rel}","templated":true}]}}