{"id":802,"date":"2022-04-27T13:29:35","date_gmt":"2022-04-27T13:29:35","guid":{"rendered":"https:\/\/www.ipleiria.pt\/estg\/?page_id=802"},"modified":"2026-03-12T11:41:18","modified_gmt":"2026-03-12T11:41:18","slug":"quadro-de-avaliacao-e-responsabilidade","status":"publish","type":"page","link":"https:\/\/www.ipleiria.pt\/estg\/inovar\/qualidade\/quadro-de-avaliacao-e-responsabilidade\/","title":{"rendered":"Quadro de avalia\u00e7\u00e3o e responsabilidade"},"content":{"rendered":"\n<div class=\"wp-container-3 wp-block-columns\">\n<div class=\"wp-container-1 wp-block-column is-vertically-aligned-center\">\n<p class=\"is-style-theme-subtitle\">QUAR<\/p>\n\n\n\n<h2 class=\"is-style-theme-title\">Quadro de Avalia\u00e7\u00e3o e Responsabiliza\u00e7\u00e3o<\/h2>\n\n\n\n<p>De acordo com a&nbsp;<strong>Lei n.\u00ba 66-B\/2007,&nbsp;de 28 de dezembro<\/strong>,&nbsp;o sistema integrado de gest\u00e3o e avalia\u00e7\u00e3o do desempenho na Administra\u00e7\u00e3o P\u00fablica (SIADAP) integra, entre outros, o subsistema de <strong>Avalia\u00e7\u00e3o do Desempenho dos Servi\u00e7os da Administra\u00e7\u00e3o P\u00fablica<\/strong> (SIADAP 1).<\/p>\n\n\n\n<p>A avalia\u00e7\u00e3o do desempenho de cada servi\u00e7o assenta num&nbsp;<strong>Quadro de Avalia\u00e7\u00e3o e Responsabiliza\u00e7\u00e3o<\/strong>&nbsp;(QUAR) onde se evidenciam os objetivos, indicadores de desempenho e a avalia\u00e7\u00e3o final do desempenho do servi\u00e7o.<\/p>\n<\/div>\n\n\n\n<div class=\"wp-container-2 wp-block-column is-vertically-aligned-center\"><div class=\"wp-block-image\">\n<figure class=\"aligncenter size-large is-resized\"><img loading=\"lazy\" src=\"https:\/\/www.ipleiria.pt\/estg\/wp-content\/uploads\/sites\/32\/2022\/07\/servicos_tecnicos-683x1024.jpg\" alt=\"\" class=\"wp-image-3308\" width=\"342\" height=\"512\" srcset=\"https:\/\/www.ipleiria.pt\/estg\/wp-content\/uploads\/sites\/32\/2022\/07\/servicos_tecnicos-683x1024.jpg 683w, https:\/\/www.ipleiria.pt\/estg\/wp-content\/uploads\/sites\/32\/2022\/07\/servicos_tecnicos-200x300.jpg 200w, https:\/\/www.ipleiria.pt\/estg\/wp-content\/uploads\/sites\/32\/2022\/07\/servicos_tecnicos-768x1152.jpg 768w, https:\/\/www.ipleiria.pt\/estg\/wp-content\/uploads\/sites\/32\/2022\/07\/servicos_tecnicos-1024x1536.jpg 1024w, https:\/\/www.ipleiria.pt\/estg\/wp-content\/uploads\/sites\/32\/2022\/07\/servicos_tecnicos-1365x2048.jpg 1365w, https:\/\/www.ipleiria.pt\/estg\/wp-content\/uploads\/sites\/32\/2022\/07\/servicos_tecnicos-scaled.jpg 1707w\" sizes=\"(max-width: 342px) 100vw, 342px\" \/><\/figure><\/div><\/div>\n<\/div>\n\n\n\n<div style=\"height:50px\" aria-hidden=\"true\" class=\"wp-block-spacer\"><\/div>\n\n\n\n<div class=\"wp-container-10 wp-block-columns\">\n<div class=\"wp-container-4 wp-block-column\">\n<div class=\"wp-block-file\"><a id=\"wp-block-file--media-01769b00-aba4-46c1-a79e-34b58844a2b8\" href=\"https:\/\/www.ipleiria.pt\/estg\/wp-content\/uploads\/sites\/32\/2022\/07\/quar__2008.pdf\" target=\"_blank\" rel=\"noreferrer noopener\">2008<\/a><\/div>\n<\/div>\n\n\n\n<div class=\"wp-container-5 wp-block-column\">\n<div class=\"wp-block-file\"><a id=\"wp-block-file--media-390af842-a6fb-4a25-9083-5f545a15321e\" href=\"https:\/\/www.ipleiria.pt\/estg\/wp-content\/uploads\/sites\/32\/2022\/07\/quar2009_vfinal.pdf\" target=\"_blank\" rel=\"noreferrer noopener\">2009<\/a><\/div>\n<\/div>\n\n\n\n<div class=\"wp-container-6 wp-block-column\">\n<div class=\"wp-block-file\"><a id=\"wp-block-file--media-dcd37b0a-7f8c-4fda-ae26-6b951975854e\" href=\"https:\/\/www.ipleiria.pt\/estg\/wp-content\/uploads\/sites\/32\/2022\/07\/QUAR_2010_IPL.pdf\" target=\"_blank\" rel=\"noreferrer noopener\">2010<\/a><\/div>\n<\/div>\n\n\n\n<div class=\"wp-container-7 wp-block-column\">\n<div class=\"wp-block-file\"><a id=\"wp-block-file--media-b940259c-fbc9-45b1-a176-cf855b350da7\" href=\"https:\/\/www.ipleiria.pt\/estg\/wp-content\/uploads\/sites\/32\/2022\/07\/QUAR_2011_IPL.pdf\" target=\"_blank\" rel=\"noreferrer noopener\">2011<\/a><\/div>\n<\/div>\n\n\n\n<div class=\"wp-container-8 wp-block-column\">\n<div class=\"wp-block-file\"><a id=\"wp-block-file--media-c2f052be-8f94-4095-9b07-cb6ee5a392f9\" href=\"https:\/\/www.ipleiria.pt\/estg\/wp-content\/uploads\/sites\/32\/2022\/07\/quar_2012_ipleiria_versao_2_final.pdf\" target=\"_blank\" rel=\"noreferrer noopener\">2012<\/a><\/div>\n<\/div>\n\n\n\n<div class=\"wp-container-9 wp-block-column\">\n<div class=\"wp-block-file\"><a id=\"wp-block-file--media-bbcc8a4a-da41-41d6-a68e-0b56aee9cf6e\" href=\"https:\/\/www.ipleiria.pt\/estg\/wp-content\/uploads\/sites\/32\/2022\/07\/QUAR-2016_IPL_aprovado.pdf\" target=\"_blank\" rel=\"noreferrer noopener\">2016<\/a><\/div>\n<\/div>\n<\/div>\n\n\n\n<div style=\"height:60px\" aria-hidden=\"true\" class=\"wp-block-spacer\"><\/div>\n","protected":false},"excerpt":{"rendered":"QUAR Quadro de Avalia\u00e7\u00e3o e Responsabiliza\u00e7\u00e3o De acordo com a&nbsp;Lei n.\u00ba 66-B\/2007,&nbsp;de 28 de dezembro,&nbsp;o sistema integrado de gest\u00e3o e avalia\u00e7\u00e3o do desempenho na Administra\u00e7\u00e3o P\u00fablica (SIADAP) integra, entre outros, o subsistema de Avalia\u00e7\u00e3o do Desempenho dos Servi\u00e7os da Administra\u00e7\u00e3o P\u00fablica (SIADAP 1). A avalia\u00e7\u00e3o do desempenho de cada servi\u00e7o assenta num&nbsp;Quadro de Avalia\u00e7\u00e3o e [&hellip;]","protected":false},"author":4,"featured_media":5065,"parent":830,"menu_order":5,"comment_status":"closed","ping_status":"closed","template":"","meta":{"custompostfields_banners":""},"_links":{"self":[{"href":"https:\/\/www.ipleiria.pt\/estg\/wp-json\/wp\/v2\/pages\/802"}],"collection":[{"href":"https:\/\/www.ipleiria.pt\/estg\/wp-json\/wp\/v2\/pages"}],"about":[{"href":"https:\/\/www.ipleiria.pt\/estg\/wp-json\/wp\/v2\/types\/page"}],"author":[{"embeddable":true,"href":"https:\/\/www.ipleiria.pt\/estg\/wp-json\/wp\/v2\/users\/4"}],"replies":[{"embeddable":true,"href":"https:\/\/www.ipleiria.pt\/estg\/wp-json\/wp\/v2\/comments?post=802"}],"version-history":[{"count":13,"href":"https:\/\/www.ipleiria.pt\/estg\/wp-json\/wp\/v2\/pages\/802\/revisions"}],"predecessor-version":[{"id":12768,"href":"https:\/\/www.ipleiria.pt\/estg\/wp-json\/wp\/v2\/pages\/802\/revisions\/12768"}],"up":[{"embeddable":true,"href":"https:\/\/www.ipleiria.pt\/estg\/wp-json\/wp\/v2\/pages\/830"}],"wp:featuredmedia":[{"embeddable":true,"href":"https:\/\/www.ipleiria.pt\/estg\/wp-json\/wp\/v2\/media\/5065"}],"wp:attachment":[{"href":"https:\/\/www.ipleiria.pt\/estg\/wp-json\/wp\/v2\/media?parent=802"}],"curies":[{"name":"wp","href":"https:\/\/api.w.org\/{rel}","templated":true}]}}