{"id":804,"date":"2022-04-27T13:30:01","date_gmt":"2022-04-27T13:30:01","guid":{"rendered":"https:\/\/www.ipleiria.pt\/estg\/?page_id=804"},"modified":"2022-10-13T08:53:28","modified_gmt":"2022-10-13T08:53:28","slug":"manual-de-controlo-interno","status":"publish","type":"page","link":"https:\/\/www.ipleiria.pt\/estg\/inovar\/documentos\/manual-de-controlo-interno\/","title":{"rendered":"Manual de controlo interno"},"content":{"rendered":"\n<p class=\"is-style-theme-subtitle\">Documento<\/p>\n\n\n\n<div class=\"wp-container-3 wp-block-columns\">\n<div class=\"wp-container-1 wp-block-column\">\n<h2 class=\"is-style-theme-title\">Manual de Controlo Interno<\/h2>\n\n\n\n<p>O documento integra princ\u00edpios e procedimentos de controlo interno a adotar no Instituto Polit\u00e9cnico de Leiria, organizados sob a forma de&nbsp;Manual de Controlo Interno, com o objetivo de apoiar a gest\u00e3o dos recursos p\u00fablicos de acordo com o&nbsp;estabelecido na legisla\u00e7\u00e3o e regulamenta\u00e7\u00e3o vigente.<\/p>\n\n\n\n<div class=\"wp-block-file\"><a id=\"wp-block-file--media-359c7583-47da-435a-8166-7f7fbda617b6\" href=\"https:\/\/www.ipleiria.pt\/estg\/wp-content\/uploads\/sites\/32\/2022\/07\/4281_manual_ci.pdf\" target=\"_blank\" rel=\"noreferrer noopener\">Manual de Controlo Interno<\/a><\/div>\n<\/div>\n\n\n\n<div class=\"wp-container-2 wp-block-column\">\n<figure class=\"wp-block-image size-full\"><img loading=\"lazy\" width=\"640\" height=\"427\" src=\"https:\/\/www.ipleiria.pt\/estg\/wp-content\/uploads\/sites\/32\/2022\/07\/livro_640.jpg\" alt=\"\" class=\"wp-image-2952\" srcset=\"https:\/\/www.ipleiria.pt\/estg\/wp-content\/uploads\/sites\/32\/2022\/07\/livro_640.jpg 640w, https:\/\/www.ipleiria.pt\/estg\/wp-content\/uploads\/sites\/32\/2022\/07\/livro_640-300x200.jpg 300w\" sizes=\"(max-width: 640px) 100vw, 640px\" \/><\/figure>\n<\/div>\n<\/div>\n\n\n\n<div style=\"height:60px\" aria-hidden=\"true\" class=\"wp-block-spacer\"><\/div>\n\n\n\n<p><\/p>\n","protected":false},"excerpt":{"rendered":"Documento Manual de Controlo Interno O documento integra princ\u00edpios e procedimentos de controlo interno a adotar no Instituto Polit\u00e9cnico de Leiria, organizados sob a forma de&nbsp;Manual de Controlo Interno, com o objetivo de apoiar a gest\u00e3o dos recursos p\u00fablicos de acordo com o&nbsp;estabelecido na legisla\u00e7\u00e3o e regulamenta\u00e7\u00e3o vigente.","protected":false},"author":4,"featured_media":5080,"parent":832,"menu_order":30,"comment_status":"closed","ping_status":"closed","template":"","meta":{"custompostfields_banners":""},"_links":{"self":[{"href":"https:\/\/www.ipleiria.pt\/estg\/wp-json\/wp\/v2\/pages\/804"}],"collection":[{"href":"https:\/\/www.ipleiria.pt\/estg\/wp-json\/wp\/v2\/pages"}],"about":[{"href":"https:\/\/www.ipleiria.pt\/estg\/wp-json\/wp\/v2\/types\/page"}],"author":[{"embeddable":true,"href":"https:\/\/www.ipleiria.pt\/estg\/wp-json\/wp\/v2\/users\/4"}],"replies":[{"embeddable":true,"href":"https:\/\/www.ipleiria.pt\/estg\/wp-json\/wp\/v2\/comments?post=804"}],"version-history":[{"count":17,"href":"https:\/\/www.ipleiria.pt\/estg\/wp-json\/wp\/v2\/pages\/804\/revisions"}],"predecessor-version":[{"id":5206,"href":"https:\/\/www.ipleiria.pt\/estg\/wp-json\/wp\/v2\/pages\/804\/revisions\/5206"}],"up":[{"embeddable":true,"href":"https:\/\/www.ipleiria.pt\/estg\/wp-json\/wp\/v2\/pages\/832"}],"wp:featuredmedia":[{"embeddable":true,"href":"https:\/\/www.ipleiria.pt\/estg\/wp-json\/wp\/v2\/media\/5080"}],"wp:attachment":[{"href":"https:\/\/www.ipleiria.pt\/estg\/wp-json\/wp\/v2\/media?parent=804"}],"curies":[{"name":"wp","href":"https:\/\/api.w.org\/{rel}","templated":true}]}}