{"id":806,"date":"2022-04-27T13:30:20","date_gmt":"2022-04-27T13:30:20","guid":{"rendered":"https:\/\/www.ipleiria.pt\/estg\/?page_id=806"},"modified":"2025-01-20T18:03:48","modified_gmt":"2025-01-20T18:03:48","slug":"plano-de-gestao-de-risco","status":"publish","type":"page","link":"https:\/\/www.ipleiria.pt\/estg\/inovar\/documentos\/plano-de-gestao-de-risco\/","title":{"rendered":"Plano de gest\u00e3o de risco"},"content":{"rendered":"\n<p class=\"is-style-theme-subtitle\">Instituto Polit\u00e9cnico de Leiria e dos seus Servi\u00e7os de A\u00e7\u00e3o Social<\/p>\n\n\n\n<h2 class=\"is-style-theme-title\">Plano de Gest\u00e3o de Riscos<\/h2>\n\n\n\n<div class=\"wp-container-3 wp-block-columns\">\n<div class=\"wp-container-1 wp-block-column\">\n<div style=\"height:25px\" aria-hidden=\"true\" class=\"wp-block-spacer\"><\/div>\n\n\n\n<p class=\"is-style-theme-default-title\">O&nbsp;Plano de Gest\u00e3o de Riscos&nbsp;do Instituto Polit\u00e9cnico de Leiria e dos seus Servi\u00e7os de A\u00e7\u00e3o Social pretende refor\u00e7ar o prest\u00edgio e a estabilidade nas pr\u00e1ticas de gest\u00e3o da comunidade acad\u00e9mica do IPLeiria, as quais privilegiam a transpar\u00eancia e a participa\u00e7\u00e3o individual e colegial. <\/p>\n\n\n\n<p>O presente PGR mant\u00e9m o rigor no prop\u00f3sito de observar as compet\u00eancias dos agentes p\u00fablicos no que respeita \u00e0 preven\u00e7\u00e3o de riscos de corrup\u00e7\u00e3o e infra\u00e7\u00f5es conexas, associando os diversos riscos a medidas gerais e espec\u00edficas, em linha com a legisla\u00e7\u00e3o e as orienta\u00e7\u00f5es e recomenda\u00e7\u00f5es do&nbsp;CPC&nbsp;e da&nbsp;ONU,&nbsp;OCDE&nbsp;e&nbsp;GRECO&nbsp;do&nbsp;Conselho da Europa.<\/p>\n<\/div>\n\n\n\n<div class=\"wp-container-2 wp-block-column\">\n<figure class=\"wp-block-image size-full\"><img loading=\"lazy\" width=\"640\" height=\"451\" src=\"https:\/\/www.ipleiria.pt\/estg\/wp-content\/uploads\/sites\/32\/2022\/07\/CARME_640.jpg\" alt=\"\" class=\"wp-image-2886\" srcset=\"https:\/\/www.ipleiria.pt\/estg\/wp-content\/uploads\/sites\/32\/2022\/07\/CARME_640.jpg 640w, https:\/\/www.ipleiria.pt\/estg\/wp-content\/uploads\/sites\/32\/2022\/07\/CARME_640-300x211.jpg 300w\" sizes=\"(max-width: 640px) 100vw, 640px\" \/><\/figure>\n<\/div>\n<\/div>\n\n\n\n<div style=\"height:60px\" aria-hidden=\"true\" class=\"wp-block-spacer\"><\/div>\n\n\n\n<div id=\"gbc-eed3d5-b5\" class=\"wp-block-pt-ipleiria-ued-wp-theme-ipleiria-gutenbergblocks-container gbc gbc-view row-valign-top align-full\" style=\"background-color:#F3F3F3;margin-bottom:-25px\"><div class=\"gbc-background-overlay gbc-background-overlay-normal\" style=\"opacity:0.3\"><\/div><div class=\"gbc-wrapper\" style=\"padding-top:0px;padding-bottom:0px\"><div id=\"gbc-container-gbc-eed3d5-b5\" class=\"inner-container\">\n<div id=\"gbc-a55722-1c\" class=\"wp-block-pt-ipleiria-ued-wp-theme-ipleiria-gutenbergblocks-container gbc gbc-view row-valign-top align-none\"><div class=\"gbc-background-overlay gbc-background-overlay-normal\" style=\"opacity:0.3\"><\/div><div class=\"gbc-wrapper\" style=\"padding-top:75px;padding-bottom:75px\"><div id=\"gbc-container-gbc-a55722-1c\" class=\"inner-container container\">\n<div class=\"wp-container-7 wp-block-columns\">\n<div class=\"wp-container-4 wp-block-column is-vertically-aligned-center\" style=\"flex-basis:80%\">\n<h2 class=\"is-style-theme-title\">Plano de Gest\u00e3o de Riscos Polit\u00e9cnico de Leiria e Servi\u00e7os de A\u00e7\u00e3o Social<\/h2>\n<\/div>\n\n\n\n<div class=\"wp-container-6 wp-block-column\" style=\"flex-basis:20%\">\n<div class=\"wp-container-5 is-content-justification-center wp-block-buttons\">\n<div class=\"wp-block-button is-style-theme-button-outline\"><a class=\"wp-block-button__link\" href=\"https:\/\/www.ipleiria.pt\/politecnico\/institucional\/informacao-de-gestao\/#plano-de-gesto-de-riscos\" target=\"_blank\" rel=\"noreferrer noopener\">Saber Mais<\/a><\/div>\n<\/div>\n<\/div>\n<\/div>\n<\/div><\/div><\/div>\n<\/div><\/div><\/div>\n","protected":false},"excerpt":{"rendered":"Instituto Polit\u00e9cnico de Leiria e dos seus Servi\u00e7os de A\u00e7\u00e3o Social Plano de Gest\u00e3o de Riscos O&nbsp;Plano de Gest\u00e3o de Riscos&nbsp;do Instituto Polit\u00e9cnico de Leiria e dos seus Servi\u00e7os de A\u00e7\u00e3o Social pretende refor\u00e7ar o prest\u00edgio e a estabilidade nas pr\u00e1ticas de gest\u00e3o da comunidade acad\u00e9mica do IPLeiria, as quais privilegiam a transpar\u00eancia e a [&hellip;]","protected":false},"author":4,"featured_media":5080,"parent":832,"menu_order":40,"comment_status":"closed","ping_status":"closed","template":"","meta":{"custompostfields_banners":""},"_links":{"self":[{"href":"https:\/\/www.ipleiria.pt\/estg\/wp-json\/wp\/v2\/pages\/806"}],"collection":[{"href":"https:\/\/www.ipleiria.pt\/estg\/wp-json\/wp\/v2\/pages"}],"about":[{"href":"https:\/\/www.ipleiria.pt\/estg\/wp-json\/wp\/v2\/types\/page"}],"author":[{"embeddable":true,"href":"https:\/\/www.ipleiria.pt\/estg\/wp-json\/wp\/v2\/users\/4"}],"replies":[{"embeddable":true,"href":"https:\/\/www.ipleiria.pt\/estg\/wp-json\/wp\/v2\/comments?post=806"}],"version-history":[{"count":10,"href":"https:\/\/www.ipleiria.pt\/estg\/wp-json\/wp\/v2\/pages\/806\/revisions"}],"predecessor-version":[{"id":9068,"href":"https:\/\/www.ipleiria.pt\/estg\/wp-json\/wp\/v2\/pages\/806\/revisions\/9068"}],"up":[{"embeddable":true,"href":"https:\/\/www.ipleiria.pt\/estg\/wp-json\/wp\/v2\/pages\/832"}],"wp:featuredmedia":[{"embeddable":true,"href":"https:\/\/www.ipleiria.pt\/estg\/wp-json\/wp\/v2\/media\/5080"}],"wp:attachment":[{"href":"https:\/\/www.ipleiria.pt\/estg\/wp-json\/wp\/v2\/media?parent=806"}],"curies":[{"name":"wp","href":"https:\/\/api.w.org\/{rel}","templated":true}]}}