{"id":808,"date":"2022-04-27T13:30:40","date_gmt":"2022-04-27T13:30:40","guid":{"rendered":"https:\/\/www.ipleiria.pt\/estg\/?page_id=808"},"modified":"2026-03-13T14:37:01","modified_gmt":"2026-03-13T14:37:01","slug":"plano-e-relatorio-de-atividades","status":"publish","type":"page","link":"https:\/\/www.ipleiria.pt\/estg\/inovar\/documentos\/plano-e-relatorio-de-atividades\/","title":{"rendered":"Plano e relat\u00f3rio de atividades"},"content":{"rendered":"\n<div class=\"wp-container-4 wp-block-columns\">\n<div class=\"wp-container-2 wp-block-column\">\n<p class=\"is-style-theme-subtitle\">Documento Anual<\/p>\n\n\n\n<h2 class=\"is-style-theme-title\">Plano de Atividades<\/h2>\n\n\n\n<p>O&nbsp;plano de atividades&nbsp;\u00e9 um documento anual no qual \u00e9 descrito, entre outras, as orienta\u00e7\u00f5es estrat\u00e9gicas da Escola, em particular, a qualidade da forma\u00e7\u00e3o e sua adequa\u00e7\u00e3o ao mercado de trabalho, o estabelecimento de mecanismos e procedimentos internos de garantia da qualidade dos cursos e dos servi\u00e7os.<\/p>\n\n\n\n<div class=\"wp-container-1 is-content-justification-left wp-block-buttons\">\n<div class=\"wp-block-button is-style-theme-button-outline\"><a class=\"wp-block-button__link\" href=\"https:\/\/www.ipleiria.pt\/estg\/escola\/informacoes\/informacao-de-gestao\/\">Saber Mais<\/a><\/div>\n<\/div>\n<\/div>\n\n\n\n<div class=\"wp-container-3 wp-block-column\"><div class=\"wp-block-image\">\n<figure class=\"aligncenter size-large is-resized\"><img loading=\"lazy\" src=\"https:\/\/www.ipleiria.pt\/estg\/wp-content\/uploads\/sites\/32\/2022\/07\/servicos_tecnicos-683x1024.jpg\" alt=\"\" class=\"wp-image-3308\" width=\"342\" height=\"512\" srcset=\"https:\/\/www.ipleiria.pt\/estg\/wp-content\/uploads\/sites\/32\/2022\/07\/servicos_tecnicos-683x1024.jpg 683w, https:\/\/www.ipleiria.pt\/estg\/wp-content\/uploads\/sites\/32\/2022\/07\/servicos_tecnicos-200x300.jpg 200w, https:\/\/www.ipleiria.pt\/estg\/wp-content\/uploads\/sites\/32\/2022\/07\/servicos_tecnicos-768x1152.jpg 768w, https:\/\/www.ipleiria.pt\/estg\/wp-content\/uploads\/sites\/32\/2022\/07\/servicos_tecnicos-1024x1536.jpg 1024w, https:\/\/www.ipleiria.pt\/estg\/wp-content\/uploads\/sites\/32\/2022\/07\/servicos_tecnicos-1365x2048.jpg 1365w, https:\/\/www.ipleiria.pt\/estg\/wp-content\/uploads\/sites\/32\/2022\/07\/servicos_tecnicos-scaled.jpg 1707w\" sizes=\"(max-width: 342px) 100vw, 342px\" \/><\/figure><\/div><\/div>\n<\/div>\n\n\n\n<div style=\"height:25px\" aria-hidden=\"true\" class=\"wp-block-spacer\"><\/div>\n\n\n\n<hr class=\"wp-block-separator has-alpha-channel-opacity\"\/>\n\n\n\n<div style=\"height:25px\" aria-hidden=\"true\" class=\"wp-block-spacer\"><\/div>\n\n\n\n<div class=\"wp-container-8 wp-block-columns\">\n<div class=\"wp-container-5 wp-block-column\" style=\"flex-basis:50%\">\n<figure class=\"wp-block-image size-full is-resized\"><img loading=\"lazy\" src=\"https:\/\/www.ipleiria.pt\/estg\/wp-content\/uploads\/sites\/32\/2022\/10\/MG_4130.jpg\" alt=\"\" class=\"wp-image-4744\" width=\"512\" height=\"331\" srcset=\"https:\/\/www.ipleiria.pt\/estg\/wp-content\/uploads\/sites\/32\/2022\/10\/MG_4130.jpg 1024w, https:\/\/www.ipleiria.pt\/estg\/wp-content\/uploads\/sites\/32\/2022\/10\/MG_4130-300x194.jpg 300w, https:\/\/www.ipleiria.pt\/estg\/wp-content\/uploads\/sites\/32\/2022\/10\/MG_4130-768x496.jpg 768w\" sizes=\"(max-width: 512px) 100vw, 512px\" \/><\/figure>\n<\/div>\n\n\n\n<div class=\"wp-container-7 wp-block-column\" style=\"flex-basis:50%\">\n<p class=\"is-style-theme-subtitle\">Atividades ESTG<\/p>\n\n\n\n<h2 class=\"is-style-theme-title\">Relat\u00f3rio de Atividades<\/h2>\n\n\n\n<p>Os&nbsp;relat\u00f3rios de atividades&nbsp;t\u00eam como objetivo apresentar, ainda que de forma sucinta, a atividade da Escola Superior de Tecnologia e Gest\u00e3o (ESTG) do Instituto Polit\u00e9cnico de Leiria (IPL), nomeadamente no que concerne \u00e0 descri\u00e7\u00e3o das iniciativas levadas a cabo e dos recursos utilizados, ponderadas tamb\u00e9m as orienta\u00e7\u00f5es e os objetivos inicialmente delineados.<\/p>\n\n\n\n<div class=\"wp-container-6 is-content-justification-left wp-block-buttons\">\n<div class=\"wp-block-button is-style-theme-button-outline\"><a class=\"wp-block-button__link\" href=\"https:\/\/www.ipleiria.pt\/estg\/escola\/informacoes\/informacao-de-gestao\/\">SaBer Mais<\/a><\/div>\n<\/div>\n<\/div>\n<\/div>\n\n\n\n<div style=\"height:30px\" aria-hidden=\"true\" class=\"wp-block-spacer\"><\/div>\n\n\n\n<div style=\"height:60px\" aria-hidden=\"true\" class=\"wp-block-spacer\"><\/div>\n","protected":false},"excerpt":{"rendered":"Documento Anual Plano de Atividades O&nbsp;plano de atividades&nbsp;\u00e9 um documento anual no qual \u00e9 descrito, entre outras, as orienta\u00e7\u00f5es estrat\u00e9gicas da Escola, em particular, a qualidade da forma\u00e7\u00e3o e sua adequa\u00e7\u00e3o ao mercado de trabalho, o estabelecimento de mecanismos e procedimentos internos de garantia da qualidade dos cursos e dos servi\u00e7os. Atividades ESTG Relat\u00f3rio de [&hellip;]","protected":false},"author":4,"featured_media":5080,"parent":832,"menu_order":50,"comment_status":"closed","ping_status":"closed","template":"","meta":{"custompostfields_banners":""},"_links":{"self":[{"href":"https:\/\/www.ipleiria.pt\/estg\/wp-json\/wp\/v2\/pages\/808"}],"collection":[{"href":"https:\/\/www.ipleiria.pt\/estg\/wp-json\/wp\/v2\/pages"}],"about":[{"href":"https:\/\/www.ipleiria.pt\/estg\/wp-json\/wp\/v2\/types\/page"}],"author":[{"embeddable":true,"href":"https:\/\/www.ipleiria.pt\/estg\/wp-json\/wp\/v2\/users\/4"}],"replies":[{"embeddable":true,"href":"https:\/\/www.ipleiria.pt\/estg\/wp-json\/wp\/v2\/comments?post=808"}],"version-history":[{"count":12,"href":"https:\/\/www.ipleiria.pt\/estg\/wp-json\/wp\/v2\/pages\/808\/revisions"}],"predecessor-version":[{"id":12780,"href":"https:\/\/www.ipleiria.pt\/estg\/wp-json\/wp\/v2\/pages\/808\/revisions\/12780"}],"up":[{"embeddable":true,"href":"https:\/\/www.ipleiria.pt\/estg\/wp-json\/wp\/v2\/pages\/832"}],"wp:featuredmedia":[{"embeddable":true,"href":"https:\/\/www.ipleiria.pt\/estg\/wp-json\/wp\/v2\/media\/5080"}],"wp:attachment":[{"href":"https:\/\/www.ipleiria.pt\/estg\/wp-json\/wp\/v2\/media?parent=808"}],"curies":[{"name":"wp","href":"https:\/\/api.w.org\/{rel}","templated":true}]}}