{"id":8484,"date":"2025-01-09T15:37:14","date_gmt":"2025-01-09T15:37:14","guid":{"rendered":"https:\/\/www.ipleiria.pt\/estg\/?page_id=8484"},"modified":"2026-03-12T09:19:55","modified_gmt":"2026-03-12T09:19:55","slug":"regulamentacao","status":"publish","type":"page","link":"https:\/\/www.ipleiria.pt\/estg\/investigar-topo\/investigacao\/regulamentacao\/","title":{"rendered":"Regulamenta\u00e7\u00e3o"},"content":{"rendered":"\n<div class=\"wp-container-3 wp-block-columns\">\n<div class=\"wp-container-1 wp-block-column\">\n<div style=\"height:30px\" aria-hidden=\"true\" class=\"wp-block-spacer\"><\/div>\n\n\n\n<h2 class=\"is-style-theme-title\">Regulamenta\u00e7\u00e3o<\/h2>\n\n\n\n<div style=\"height:30px\" aria-hidden=\"true\" class=\"wp-block-spacer\"><\/div>\n\n\n\n<ul><li><a rel=\"noreferrer noopener\" href=\"https:\/\/www.ipleiria.pt\/investigar\/investigar\/apoio-a-investigacao\/#gba-pane_8f8ce8-cf\" target=\"_blank\">Legisla\u00e7\u00e3o interna de apoio \u00e0 I&amp;D+i.<\/a><\/li><li><a href=\"https:\/\/www.ipleiria.pt\/investigar\/investigar\/apoio-a-investigacao\/#legislacao-externa-de-apoio-a-iampdi\" target=\"_blank\" rel=\"noreferrer noopener\">Legisla\u00e7\u00e3o externa de apoio \u00e0 I&amp;D+i.<\/a><\/li><\/ul>\n<\/div>\n\n\n\n<div class=\"wp-container-2 wp-block-column\">\n<figure class=\"wp-block-image size-full\"><img loading=\"lazy\" width=\"571\" height=\"264\" src=\"https:\/\/www.ipleiria.pt\/estg\/wp-content\/uploads\/sites\/32\/2026\/03\/noticia.jpg\" alt=\"\" class=\"wp-image-12750\" srcset=\"https:\/\/www.ipleiria.pt\/estg\/wp-content\/uploads\/sites\/32\/2026\/03\/noticia.jpg 571w, https:\/\/www.ipleiria.pt\/estg\/wp-content\/uploads\/sites\/32\/2026\/03\/noticia-300x139.jpg 300w\" sizes=\"(max-width: 571px) 100vw, 571px\" \/><\/figure>\n<\/div>\n<\/div>\n\n\n\n<div style=\"height:50px\" aria-hidden=\"true\" class=\"wp-block-spacer\"><\/div>\n","protected":false},"excerpt":{"rendered":"Regulamenta\u00e7\u00e3o Legisla\u00e7\u00e3o interna de apoio \u00e0 I&amp;D+i.Legisla\u00e7\u00e3o externa de apoio \u00e0 I&amp;D+i.","protected":false},"author":83,"featured_media":0,"parent":451,"menu_order":3,"comment_status":"closed","ping_status":"closed","template":"","meta":{"custompostfields_banners":""},"_links":{"self":[{"href":"https:\/\/www.ipleiria.pt\/estg\/wp-json\/wp\/v2\/pages\/8484"}],"collection":[{"href":"https:\/\/www.ipleiria.pt\/estg\/wp-json\/wp\/v2\/pages"}],"about":[{"href":"https:\/\/www.ipleiria.pt\/estg\/wp-json\/wp\/v2\/types\/page"}],"author":[{"embeddable":true,"href":"https:\/\/www.ipleiria.pt\/estg\/wp-json\/wp\/v2\/users\/83"}],"replies":[{"embeddable":true,"href":"https:\/\/www.ipleiria.pt\/estg\/wp-json\/wp\/v2\/comments?post=8484"}],"version-history":[{"count":5,"href":"https:\/\/www.ipleiria.pt\/estg\/wp-json\/wp\/v2\/pages\/8484\/revisions"}],"predecessor-version":[{"id":12751,"href":"https:\/\/www.ipleiria.pt\/estg\/wp-json\/wp\/v2\/pages\/8484\/revisions\/12751"}],"up":[{"embeddable":true,"href":"https:\/\/www.ipleiria.pt\/estg\/wp-json\/wp\/v2\/pages\/451"}],"wp:attachment":[{"href":"https:\/\/www.ipleiria.pt\/estg\/wp-json\/wp\/v2\/media?parent=8484"}],"curies":[{"name":"wp","href":"https:\/\/api.w.org\/{rel}","templated":true}]}}