{"id":8966,"date":"2025-01-20T16:40:24","date_gmt":"2025-01-20T16:40:24","guid":{"rendered":"https:\/\/www.ipleiria.pt\/estg\/?page_id=8966"},"modified":"2025-01-20T17:15:18","modified_gmt":"2025-01-20T17:15:18","slug":"35-anos","status":"publish","type":"page","link":"https:\/\/www.ipleiria.pt\/estg\/escola\/35-anos\/","title":{"rendered":"35 anos"},"content":{"rendered":"\n<p class=\"is-style-theme-subtitle\">ESTG<\/p>\n\n\n\n<h2 class=\"is-style-theme-title\">35 Anos<\/h2>\n\n\n\n<div class=\"wp-container-3 wp-block-columns\">\n<div class=\"wp-container-1 wp-block-column\">\n<p>A <strong>Escola Superior de Tecnologia e Gest\u00e3o celebra<\/strong>, este ano, 35 anos de atividade letiva.<\/p>\n\n\n\n<p>Para assinalar este importante marco, foi criada uma imagem que ser\u00e1 utilizada ao longo do presente ano letivo nas atividades realizadas na nossa Escola. No sentido de ajudar a disseminar esta efem\u00e9ride, convidamos toda a nossa Comunidade Acad\u00e9mica a incluir a referida imagem junto do log\u00f3tipo da ESTG na assinatura de e-mail. Referimos tamb\u00e9m que, no decurso deste ano letivo, ser\u00e3o desenvolvidas atividades para as quais contaremos com o vosso envolvimento e com a vossa participa\u00e7\u00e3o. <\/p>\n\n\n\n<p>Porque a Escola \u00e9 feita por todos e para todos, agradecemos e felicitamos todos os que ajudaram e ajudam a construir a ESTG e a projet\u00e1-la no futuro.<\/p>\n<\/div>\n\n\n\n<div class=\"wp-container-2 wp-block-column is-vertically-aligned-center\"><div class=\"wp-block-image\">\n<figure class=\"alignright size-full\"><img loading=\"lazy\" width=\"1024\" height=\"661\" src=\"https:\/\/www.ipleiria.pt\/estg\/wp-content\/uploads\/sites\/32\/2022\/10\/MG_4130.jpg\" alt=\"\" class=\"wp-image-4744\" srcset=\"https:\/\/www.ipleiria.pt\/estg\/wp-content\/uploads\/sites\/32\/2022\/10\/MG_4130.jpg 1024w, https:\/\/www.ipleiria.pt\/estg\/wp-content\/uploads\/sites\/32\/2022\/10\/MG_4130-300x194.jpg 300w, https:\/\/www.ipleiria.pt\/estg\/wp-content\/uploads\/sites\/32\/2022\/10\/MG_4130-768x496.jpg 768w\" sizes=\"(max-width: 1024px) 100vw, 1024px\" \/><\/figure><\/div><\/div>\n<\/div>\n\n\n\n<hr class=\"wp-block-separator has-alpha-channel-opacity\"\/>\n\n\n\n<h2 class=\"is-style-theme-subtitle\">Ficheiros<\/h2>\n\n\n\n<h2 class=\"is-style-theme-title\">Log\u00f3tipo e do selo dos 35 anos<\/h2>\n\n\n\n<div style=\"height:75px\" aria-hidden=\"true\" class=\"wp-block-spacer\"><\/div>\n\n\n\n<div class=\"wp-container-6 wp-block-columns\">\n<div class=\"wp-container-4 wp-block-column\">\n<figure class=\"wp-block-image size-full\"><img loading=\"lazy\" width=\"389\" height=\"52\" src=\"https:\/\/www.ipleiria.pt\/estg\/wp-content\/uploads\/sites\/32\/2025\/01\/ESTG_35Anos.png\" alt=\"\" class=\"wp-image-8967\" srcset=\"https:\/\/www.ipleiria.pt\/estg\/wp-content\/uploads\/sites\/32\/2025\/01\/ESTG_35Anos.png 389w, https:\/\/www.ipleiria.pt\/estg\/wp-content\/uploads\/sites\/32\/2025\/01\/ESTG_35Anos-300x40.png 300w\" sizes=\"(max-width: 389px) 100vw, 389px\" \/><\/figure>\n\n\n\n<div class=\"wp-block-file\"><a id=\"wp-block-file--media-d6fedaf5-e268-48f6-b639-40a3715acb7a\" href=\"https:\/\/www.ipleiria.pt\/estg\/wp-content\/uploads\/sites\/32\/2025\/01\/ESTG_35Anos.png\">png<\/a><\/div>\n<\/div>\n\n\n\n<div class=\"wp-container-5 wp-block-column\">\n<figure class=\"wp-block-image size-medium is-resized is-style-default\"><img loading=\"lazy\" src=\"https:\/\/www.ipleiria.pt\/estg\/wp-content\/uploads\/sites\/32\/2025\/01\/35Anos-300x177.png\" alt=\"\" class=\"wp-image-8991\" width=\"75\" height=\"44\" srcset=\"https:\/\/www.ipleiria.pt\/estg\/wp-content\/uploads\/sites\/32\/2025\/01\/35Anos-300x177.png 300w, https:\/\/www.ipleiria.pt\/estg\/wp-content\/uploads\/sites\/32\/2025\/01\/35Anos-768x454.png 768w, https:\/\/www.ipleiria.pt\/estg\/wp-content\/uploads\/sites\/32\/2025\/01\/35Anos.png 778w\" sizes=\"(max-width: 75px) 100vw, 75px\" \/><\/figure>\n\n\n\n<div class=\"wp-block-file\"><a id=\"wp-block-file--media-48cbe18b-6f7d-49b5-9723-c29a16d3f015\" href=\"https:\/\/www.ipleiria.pt\/estg\/wp-content\/uploads\/sites\/32\/2025\/01\/35Anos.png\">png<\/a><\/div>\n\n\n\n<p><\/p>\n<\/div>\n<\/div>\n\n\n\n<div style=\"height:75px\" aria-hidden=\"true\" class=\"wp-block-spacer\"><\/div>\n","protected":false},"excerpt":{"rendered":"ESTG 35 Anos A Escola Superior de Tecnologia e Gest\u00e3o celebra, este ano, 35 anos de atividade letiva. Para assinalar este importante marco, foi criada uma imagem que ser\u00e1 utilizada ao longo do presente ano letivo nas atividades realizadas na nossa Escola. No sentido de ajudar a disseminar esta efem\u00e9ride, convidamos toda a nossa Comunidade [&hellip;]","protected":false},"author":83,"featured_media":0,"parent":447,"menu_order":10,"comment_status":"closed","ping_status":"closed","template":"","meta":{"custompostfields_banners":""},"_links":{"self":[{"href":"https:\/\/www.ipleiria.pt\/estg\/wp-json\/wp\/v2\/pages\/8966"}],"collection":[{"href":"https:\/\/www.ipleiria.pt\/estg\/wp-json\/wp\/v2\/pages"}],"about":[{"href":"https:\/\/www.ipleiria.pt\/estg\/wp-json\/wp\/v2\/types\/page"}],"author":[{"embeddable":true,"href":"https:\/\/www.ipleiria.pt\/estg\/wp-json\/wp\/v2\/users\/83"}],"replies":[{"embeddable":true,"href":"https:\/\/www.ipleiria.pt\/estg\/wp-json\/wp\/v2\/comments?post=8966"}],"version-history":[{"count":17,"href":"https:\/\/www.ipleiria.pt\/estg\/wp-json\/wp\/v2\/pages\/8966\/revisions"}],"predecessor-version":[{"id":9060,"href":"https:\/\/www.ipleiria.pt\/estg\/wp-json\/wp\/v2\/pages\/8966\/revisions\/9060"}],"up":[{"embeddable":true,"href":"https:\/\/www.ipleiria.pt\/estg\/wp-json\/wp\/v2\/pages\/447"}],"wp:attachment":[{"href":"https:\/\/www.ipleiria.pt\/estg\/wp-json\/wp\/v2\/media?parent=8966"}],"curies":[{"name":"wp","href":"https:\/\/api.w.org\/{rel}","templated":true}]}}