{"id":2035,"date":"2024-10-14T11:27:57","date_gmt":"2024-10-14T10:27:57","guid":{"rendered":"https:\/\/www.ipleiria.pt\/estm\/?page_id=2035"},"modified":"2024-10-17T13:37:11","modified_gmt":"2024-10-17T12:37:11","slug":"sergio-miguel-leandro","status":"publish","type":"page","link":"https:\/\/www.ipleiria.pt\/estm\/escola\/quem-somos\/direcao-e-orgaos\/sergio-miguel-leandro\/","title":{"rendered":"S\u00e9rgio Miguel Leandro"},"content":{"rendered":"\n<p class=\"is-style-theme-subtitle\">Diretor<\/p>\n\n\n\n<p class=\"is-style-theme-title\">S\u00e9rgio Miguel Leandro<\/p>\n\n\n\n<div style=\"height:20px\" aria-hidden=\"true\" class=\"wp-block-spacer\"><\/div>\n\n\n\n<div class=\"wp-container-3 wp-block-columns\">\n<div class=\"wp-container-1 wp-block-column\" style=\"flex-basis:33.33%\">\n<div style=\"height:20px\" aria-hidden=\"true\" class=\"wp-block-spacer\"><\/div>\n\n\n\n<figure class=\"wp-block-image size-full\"><img loading=\"lazy\" width=\"234\" height=\"222\" src=\"https:\/\/www.ipleiria.pt\/estm\/wp-content\/uploads\/sites\/28\/2024\/10\/foto_orgaos_direcao_sergio-01.jpg\" alt=\"\" class=\"wp-image-4036\"\/><\/figure>\n\n\n\n<div class=\"wp-block-pt-ipleiria-ued-wp-theme-ipleiria-gutenbergblocks-infobox gbib gbib-view is-style-theme-infobox-caps-left-arrow\"><div class=\"gbib-wrapper gbib-title-wrapper\"><h2 class=\"gbib-title\">Escola<\/h2><\/div><div class=\"gbib-wrapper gbib-description-wrapper\"><div class=\"gbib-description\">Escola Superior de Turismo e Tecnologia do Mar<\/div><\/div><\/div>\n\n\n\n<div class=\"wp-block-pt-ipleiria-ued-wp-theme-ipleiria-gutenbergblocks-infobox gbib gbib-view is-style-theme-infobox-caps-left-arrow\"><div class=\"gbib-wrapper gbib-title-wrapper\"><h2 class=\"gbib-title\"><strong>CATEGORIA PROFISSIONAL<\/strong><\/h2><\/div><div class=\"gbib-wrapper gbib-description-wrapper\"><div class=\"gbib-description\">Professor Coordenador com Agrega\u00e7\u00e3o<\/div><\/div><\/div>\n\n\n\n<div class=\"wp-block-pt-ipleiria-ued-wp-theme-ipleiria-gutenbergblocks-infobox gbib gbib-view is-style-theme-infobox-caps-left-arrow\"><div class=\"gbib-wrapper gbib-title-wrapper\"><h2 class=\"gbib-title\"><strong>E-MAIL<\/strong><\/h2><\/div><div class=\"gbib-wrapper gbib-description-wrapper\"><div class=\"gbib-description\"><a href=\"mailto:sergio.leandro@ipleiria.pt\" target=\"_blank\" rel=\"noreferrer noopener\">sergio.leandro@ipleiria.pt<\/a><\/div><\/div><\/div>\n\n\n\n<div class=\"wp-block-pt-ipleiria-ued-wp-theme-ipleiria-gutenbergblocks-infobox gbib gbib-view is-style-theme-infobox-caps-left-arrow\"><div class=\"gbib-wrapper gbib-title-wrapper\"><h2 class=\"gbib-title\"><strong>OUTROS LINKS<\/strong><\/h2><\/div><div class=\"gbib-wrapper gbib-description-wrapper\"><div class=\"gbib-description\"><strong>ORCID ID<\/strong>: <a rel=\"noreferrer noopener\" href=\"http:\/\/orcid.org\/0000-0001-5005-3598\" target=\"_blank\">0000-0001-5005-3598<\/a><br><strong>Ci\u00eancia ID<\/strong>: <a rel=\"noreferrer noopener\" href=\"https:\/\/www.cienciavitae.pt\/4010-5225-08DD\" data-type=\"URL\" data-id=\"https:\/\/www.cienciavitae.pt\/4010-5225-08DD\" target=\"_blank\">4010-5225-08DD<\/a><br><strong>LinkedIn:<\/strong> <a rel=\"noreferrer noopener\" href=\"https:\/\/www.linkedin.com\/in\/sergio-leandro\/\" target=\"_blank\">sergio-leandro<\/a><\/div><\/div><\/div>\n\n\n\n<div class=\"wp-block-pt-ipleiria-ued-wp-theme-ipleiria-gutenbergblocks-infobox gbib gbib-view is-style-theme-infobox-caps-left-arrow\"><div class=\"gbib-wrapper gbib-title-wrapper\"><h2 class=\"gbib-title\"><strong>Contactos<\/strong><\/h2><\/div><div class=\"gbib-wrapper gbib-description-wrapper\"><div class=\"gbib-description\"><strong>Telefone:<\/strong>&nbsp;+&nbsp;351 262 783 607<br><strong>Tel. Interno:<\/strong>&nbsp;404 001<br><strong>Fax:<\/strong>&nbsp;+ 351 262 783 088<\/div><\/div><\/div>\n<\/div>\n\n\n\n<div class=\"wp-container-2 wp-block-column\" style=\"flex-basis:66.66%\">\n<p>S\u00c9RGIO MIGUEL LEANDRO, Licenciado em Biologia, Mestre em Ci\u00eancias das Zonas Costeiras, Doutorado em Biologia e com T\u00edtulo Acad\u00e9mico de Agregado em Biologia pela Universidade de Aveiro, \u00e9 docente do ensino superior polit\u00e9cnico desde 2006. \u00c9 diretor da ESTM-Polit\u00e9cnico de Leiria desde 2022, \u00e9 membro integrado do Centro de Ci\u00eancias do Mar e do Ambiente (MARE-Polit\u00e9cnico de Leiria), e coordenador cient\u00edfico do Parque de Ci\u00eancia e Tecnologia do Mar de Peniche (Smart Ocean). \u00c9 Vogal da Comiss\u00e3o Diretiva da Ordem dos Bi\u00f3logos desde abril 2021. Ao longo da sua carreira profissional e cient\u00edfica, tem vindo a desenvolver um conjunto diversificado de projetos e de atividades na \u00e1rea do USO SUSTENT\u00c1VEL DOS RECURSOS MARINHOS, desenvolvendo esta atividade em torno de 4 linhas de a\u00e7\u00e3o: (1) Atividades de I&amp;D, (2) Literacia e Comunica\u00e7\u00e3o de Ci\u00eancia, (3) Educa\u00e7\u00e3o e Forma\u00e7\u00e3o Avan\u00e7ada, e (4) Rela\u00e7\u00e3o com a Sociedade.<\/p>\n<\/div>\n<\/div>\n\n\n\n<p><\/p>\n","protected":false},"excerpt":{"rendered":"Diretor S\u00e9rgio Miguel Leandro S\u00c9RGIO MIGUEL LEANDRO, Licenciado em Biologia, Mestre em Ci\u00eancias das Zonas Costeiras, Doutorado em Biologia e com T\u00edtulo Acad\u00e9mico de Agregado em Biologia pela Universidade de Aveiro, \u00e9 docente do ensino superior polit\u00e9cnico desde 2006. \u00c9 diretor da ESTM-Polit\u00e9cnico de Leiria desde 2022, \u00e9 membro integrado do Centro de Ci\u00eancias do [&hellip;]","protected":false},"author":2,"featured_media":0,"parent":539,"menu_order":0,"comment_status":"closed","ping_status":"closed","template":"","meta":{"multilingual_post_translation":"","page_post-custom-url":"","page_post-custom-url-target":""},"_links":{"self":[{"href":"https:\/\/www.ipleiria.pt\/estm\/wp-json\/wp\/v2\/pages\/2035"}],"collection":[{"href":"https:\/\/www.ipleiria.pt\/estm\/wp-json\/wp\/v2\/pages"}],"about":[{"href":"https:\/\/www.ipleiria.pt\/estm\/wp-json\/wp\/v2\/types\/page"}],"author":[{"embeddable":true,"href":"https:\/\/www.ipleiria.pt\/estm\/wp-json\/wp\/v2\/users\/2"}],"replies":[{"embeddable":true,"href":"https:\/\/www.ipleiria.pt\/estm\/wp-json\/wp\/v2\/comments?post=2035"}],"version-history":[{"count":9,"href":"https:\/\/www.ipleiria.pt\/estm\/wp-json\/wp\/v2\/pages\/2035\/revisions"}],"predecessor-version":[{"id":4037,"href":"https:\/\/www.ipleiria.pt\/estm\/wp-json\/wp\/v2\/pages\/2035\/revisions\/4037"}],"up":[{"embeddable":true,"href":"https:\/\/www.ipleiria.pt\/estm\/wp-json\/wp\/v2\/pages\/539"}],"wp:attachment":[{"href":"https:\/\/www.ipleiria.pt\/estm\/wp-json\/wp\/v2\/media?parent=2035"}],"curies":[{"name":"wp","href":"https:\/\/api.w.org\/{rel}","templated":true}]}}