{"id":2043,"date":"2024-10-14T11:29:26","date_gmt":"2024-10-14T10:29:26","guid":{"rendered":"https:\/\/www.ipleiria.pt\/estm\/?page_id=2043"},"modified":"2024-10-17T17:00:40","modified_gmt":"2024-10-17T16:00:40","slug":"alexandra-sofia-mendes","status":"publish","type":"page","link":"https:\/\/www.ipleiria.pt\/estm\/escola\/quem-somos\/direcao-e-orgaos\/alexandra-sofia-mendes\/","title":{"rendered":"Alexandra Sofia Mendes"},"content":{"rendered":"\n<p class=\"is-style-theme-subtitle\">Subdiretora<\/p>\n\n\n\n<p class=\"is-style-theme-title\">Alexandra Sofia Mendes<\/p>\n\n\n\n<div style=\"height:20px\" aria-hidden=\"true\" class=\"wp-block-spacer\"><\/div>\n\n\n\n<div class=\"wp-container-3 wp-block-columns\">\n<div class=\"wp-container-1 wp-block-column\" style=\"flex-basis:33.33%\">\n<div style=\"height:20px\" aria-hidden=\"true\" class=\"wp-block-spacer\"><\/div>\n\n\n\n<figure class=\"wp-block-image size-full\"><img loading=\"lazy\" width=\"175\" height=\"167\" src=\"https:\/\/www.ipleiria.pt\/estm\/wp-content\/uploads\/sites\/28\/2024\/10\/Alexandra.png\" alt=\"\" class=\"wp-image-4106\"\/><\/figure>\n\n\n\n<div class=\"wp-block-pt-ipleiria-ued-wp-theme-ipleiria-gutenbergblocks-infobox gbib gbib-view is-style-theme-infobox-caps-left-arrow\"><div class=\"gbib-wrapper gbib-title-wrapper\"><h2 class=\"gbib-title\">Escola<\/h2><\/div><div class=\"gbib-wrapper gbib-description-wrapper\"><div class=\"gbib-description\">Escola Superior de Turismo e Tecnologia do Mar<\/div><\/div><\/div>\n\n\n\n<div class=\"wp-block-pt-ipleiria-ued-wp-theme-ipleiria-gutenbergblocks-infobox gbib gbib-view is-style-theme-infobox-caps-left-arrow\"><div class=\"gbib-wrapper gbib-title-wrapper\"><h2 class=\"gbib-title\"><strong>CATEGORIA PROFISSIONAL<\/strong><\/h2><\/div><div class=\"gbib-wrapper gbib-description-wrapper\"><div class=\"gbib-description\">Professora Adjunta<\/div><\/div><\/div>\n\n\n\n<div class=\"wp-block-pt-ipleiria-ued-wp-theme-ipleiria-gutenbergblocks-infobox gbib gbib-view is-style-theme-infobox-caps-left-arrow\"><div class=\"gbib-wrapper gbib-title-wrapper\"><h2 class=\"gbib-title\"><strong>E-MAIL<\/strong><\/h2><\/div><div class=\"gbib-wrapper gbib-description-wrapper\"><div class=\"gbib-description\"><a href=\"mailto:alexandra.mendes@ipleiria.pt\">alexandra.mendes@ipleiria.pt<\/a><\/div><\/div><\/div>\n\n\n\n<div class=\"wp-block-pt-ipleiria-ued-wp-theme-ipleiria-gutenbergblocks-infobox gbib gbib-view is-style-theme-infobox-caps-left-arrow\"><div class=\"gbib-wrapper gbib-title-wrapper\"><h2 class=\"gbib-title\"><strong>OUTROS LINKS<\/strong><\/h2><\/div><div class=\"gbib-wrapper gbib-description-wrapper\"><div class=\"gbib-description\"><strong>ORCID ID<\/strong>: <br><strong>Ci\u00eancia ID<\/strong>: <\/div><\/div><\/div>\n\n\n\n<div class=\"wp-block-pt-ipleiria-ued-wp-theme-ipleiria-gutenbergblocks-infobox gbib gbib-view is-style-theme-infobox-caps-left-arrow\"><div class=\"gbib-wrapper gbib-title-wrapper\"><h2 class=\"gbib-title\"><strong>Contactos<\/strong><\/h2><\/div><div class=\"gbib-wrapper gbib-description-wrapper\"><div class=\"gbib-description\"><strong>Telefone:\u00a0<\/strong>+ 351 262 783 607<br><strong>Tel. Interno:<\/strong>\u00a0404 002<br><strong>Fax:\u00a0<\/strong>+ 351 262 783 088<\/div><\/div><\/div>\n<\/div>\n\n\n\n<div class=\"wp-container-2 wp-block-column\" style=\"flex-basis:66.66%\">\n<p>Alexandra Sofia Mendes \u00e9 Professora Adjunta da Escola Superior de Turismo e Tecnologia do Mar (desde 2019), onde exerce fun\u00e7\u00f5es docentes (desde 1999), na \u00e1rea da Matem\u00e1tica e Estat\u00edstica, e de investiga\u00e7\u00e3o.<\/p>\n\n\n\n<p>Ao n\u00edvel da forma\u00e7\u00e3o acad\u00e9mica \u00e9 doutorada em Gest\u00e3o do Turismo pelo ISCTE-Instituto Universit\u00e1rio de Lisboa em associa\u00e7\u00e3o com a Universidade Europeia e licenciada em Matem\u00e1tica Aplicada e Computa\u00e7\u00e3o pelo Instituto Superior T\u00e9cnico. Atualmente, \u00e9 subdiretora da Escola Superior de Turismo e Tecnologia do Mar (desde 2022) e coordenadora da Licenciatura em Turismo (desde 2019).<\/p>\n\n\n\n<p>Desenvolve atividades de I&amp;D na \u00e1rea da Gest\u00e3o do Turismo e de forma\u00e7\u00e3o avan\u00e7ada na \u00e1rea do Turismo, sendo membro integrado do CiTUR-Centro de Investiga\u00e7\u00e3o, Desenvolvimento e Inova\u00e7\u00e3o em Turismo desde 2020.<\/p>\n\n\n\n<p>A docente ao longo dos vinte e cinco anos em que desempenha fun\u00e7\u00f5es nesta Escola, integrou em diversos momentos o Conselho T\u00e9cnico-Cient\u00edfico, o Conselho Pedag\u00f3gico (do qual foi presidente entre 2021 e 2022), uma Comiss\u00e3o Cient\u00edfico-Pedag\u00f3gica e a Assembleia de Representantes.<\/p>\n<\/div>\n<\/div>\n\n\n\n<p><\/p>\n","protected":false},"excerpt":{"rendered":"Subdiretora Alexandra Sofia Mendes Alexandra Sofia Mendes \u00e9 Professora Adjunta da Escola Superior de Turismo e Tecnologia do Mar (desde 2019), onde exerce fun\u00e7\u00f5es docentes (desde 1999), na \u00e1rea da Matem\u00e1tica e Estat\u00edstica, e de investiga\u00e7\u00e3o. Ao n\u00edvel da forma\u00e7\u00e3o acad\u00e9mica \u00e9 doutorada em Gest\u00e3o do Turismo pelo ISCTE-Instituto Universit\u00e1rio de Lisboa em associa\u00e7\u00e3o com [&hellip;]","protected":false},"author":2,"featured_media":0,"parent":539,"menu_order":2,"comment_status":"closed","ping_status":"closed","template":"","meta":{"multilingual_post_translation":"","page_post-custom-url":"","page_post-custom-url-target":""},"_links":{"self":[{"href":"https:\/\/www.ipleiria.pt\/estm\/wp-json\/wp\/v2\/pages\/2043"}],"collection":[{"href":"https:\/\/www.ipleiria.pt\/estm\/wp-json\/wp\/v2\/pages"}],"about":[{"href":"https:\/\/www.ipleiria.pt\/estm\/wp-json\/wp\/v2\/types\/page"}],"author":[{"embeddable":true,"href":"https:\/\/www.ipleiria.pt\/estm\/wp-json\/wp\/v2\/users\/2"}],"replies":[{"embeddable":true,"href":"https:\/\/www.ipleiria.pt\/estm\/wp-json\/wp\/v2\/comments?post=2043"}],"version-history":[{"count":2,"href":"https:\/\/www.ipleiria.pt\/estm\/wp-json\/wp\/v2\/pages\/2043\/revisions"}],"predecessor-version":[{"id":4110,"href":"https:\/\/www.ipleiria.pt\/estm\/wp-json\/wp\/v2\/pages\/2043\/revisions\/4110"}],"up":[{"embeddable":true,"href":"https:\/\/www.ipleiria.pt\/estm\/wp-json\/wp\/v2\/pages\/539"}],"wp:attachment":[{"href":"https:\/\/www.ipleiria.pt\/estm\/wp-json\/wp\/v2\/media?parent=2043"}],"curies":[{"name":"wp","href":"https:\/\/api.w.org\/{rel}","templated":true}]}}