{"id":2055,"date":"2024-10-14T11:30:17","date_gmt":"2024-10-14T10:30:17","guid":{"rendered":"https:\/\/www.ipleiria.pt\/estm\/?page_id=2055"},"modified":"2024-10-16T16:39:59","modified_gmt":"2024-10-16T15:39:59","slug":"marta-aguilar-caetano","status":"publish","type":"page","link":"https:\/\/www.ipleiria.pt\/estm\/escola\/quem-somos\/direcao-e-orgaos\/marta-aguilar-caetano\/","title":{"rendered":"Marta Aguilar Caetano"},"content":{"rendered":"\n<p class=\"is-style-theme-subtitle\">Subdiretora<\/p>\n\n\n\n<p class=\"is-style-theme-title\">Marta Aguilar Caetano<\/p>\n\n\n\n<div style=\"height:20px\" aria-hidden=\"true\" class=\"wp-block-spacer\"><\/div>\n\n\n\n<div class=\"wp-container-3 wp-block-columns\">\n<div class=\"wp-container-1 wp-block-column\" style=\"flex-basis:33.33%\">\n<div style=\"height:20px\" aria-hidden=\"true\" class=\"wp-block-spacer\"><\/div>\n\n\n\n<figure class=\"wp-block-image size-full\"><img loading=\"lazy\" width=\"234\" height=\"222\" src=\"https:\/\/www.ipleiria.pt\/estm\/wp-content\/uploads\/sites\/28\/2024\/10\/MCaetano_quadrada-01.jpg\" alt=\"\" class=\"wp-image-3489\"\/><\/figure>\n\n\n\n<div class=\"wp-block-pt-ipleiria-ued-wp-theme-ipleiria-gutenbergblocks-infobox gbib gbib-view is-style-theme-infobox-caps-left-arrow\"><div class=\"gbib-wrapper gbib-title-wrapper\"><h2 class=\"gbib-title\">Escola<\/h2><\/div><div class=\"gbib-wrapper gbib-description-wrapper\"><div class=\"gbib-description\">Escola Superior de Turismo e Tecnologia do Mar<\/div><\/div><\/div>\n\n\n\n<div class=\"wp-block-pt-ipleiria-ued-wp-theme-ipleiria-gutenbergblocks-infobox gbib gbib-view is-style-theme-infobox-caps-left-arrow\"><div class=\"gbib-wrapper gbib-title-wrapper\"><h2 class=\"gbib-title\"><strong>CATEGORIA PROFISSIONAL<\/strong><\/h2><\/div><div class=\"gbib-wrapper gbib-description-wrapper\"><div class=\"gbib-description\">Professora Adjunta<\/div><\/div><\/div>\n\n\n\n<div class=\"wp-block-pt-ipleiria-ued-wp-theme-ipleiria-gutenbergblocks-infobox gbib gbib-view is-style-theme-infobox-caps-left-arrow\"><div class=\"gbib-wrapper gbib-title-wrapper\"><h2 class=\"gbib-title\"><strong>E-MAIL<\/strong><\/h2><\/div><div class=\"gbib-wrapper gbib-description-wrapper\"><div class=\"gbib-description\"><a href=\"mailto:marta.caetano@ipleiria.pt\">marta.caetano@ipleiria.pt<\/a><\/div><\/div><\/div>\n\n\n\n<div class=\"wp-block-pt-ipleiria-ued-wp-theme-ipleiria-gutenbergblocks-infobox gbib gbib-view is-style-theme-infobox-caps-left-arrow\"><div class=\"gbib-wrapper gbib-title-wrapper\"><h2 class=\"gbib-title\"><strong>OUTROS LINKS<\/strong><\/h2><\/div><div class=\"gbib-wrapper gbib-description-wrapper\"><div class=\"gbib-description\"><strong>ORCID ID<\/strong>: <br><strong>Ci\u00eancia ID<\/strong>: <\/div><\/div><\/div>\n\n\n\n<div class=\"wp-block-pt-ipleiria-ued-wp-theme-ipleiria-gutenbergblocks-infobox gbib gbib-view is-style-theme-infobox-caps-left-arrow\"><div class=\"gbib-wrapper gbib-title-wrapper\"><h2 class=\"gbib-title\"><strong>Contactos<\/strong><\/h2><\/div><div class=\"gbib-wrapper gbib-description-wrapper\"><div class=\"gbib-description\"><strong>Telefone:\u00a0<\/strong>+ 351 262 783 607<br><strong>Tel. Interno:<\/strong>\u00a0404 003<br><strong>Fax:\u00a0<\/strong>+ 351 262 783 088<\/div><\/div><\/div>\n<\/div>\n\n\n\n<div class=\"wp-container-2 wp-block-column\" style=\"flex-basis:66.66%\">\n<p>Licenciada em Antropologia Social, tem P\u00f3s-Gradua\u00e7\u00e3o em Ci\u00eancias da Educa\u00e7\u00e3o &#8211; Educa\u00e7\u00e3o e Diversidade Cultural, e Doutoramento em Administra\u00e7\u00e3o de Empresas e Com\u00e9rcio Internacional. As suas \u00e1reas de interesse s\u00e3o Inova\u00e7\u00e3o Pedag\u00f3gica, Design Thinking, Criatividade e Anima\u00e7\u00e3o Sociocultural.<\/p>\n<\/div>\n<\/div>\n\n\n\n<p><\/p>\n","protected":false},"excerpt":{"rendered":"Subdiretora Marta Aguilar Caetano Licenciada em Antropologia Social, tem P\u00f3s-Gradua\u00e7\u00e3o em Ci\u00eancias da Educa\u00e7\u00e3o &#8211; Educa\u00e7\u00e3o e Diversidade Cultural, e Doutoramento em Administra\u00e7\u00e3o de Empresas e Com\u00e9rcio Internacional. As suas \u00e1reas de interesse s\u00e3o Inova\u00e7\u00e3o Pedag\u00f3gica, Design Thinking, Criatividade e Anima\u00e7\u00e3o Sociocultural.","protected":false},"author":2,"featured_media":0,"parent":539,"menu_order":3,"comment_status":"closed","ping_status":"closed","template":"","meta":{"multilingual_post_translation":"","page_post-custom-url":"","page_post-custom-url-target":""},"_links":{"self":[{"href":"https:\/\/www.ipleiria.pt\/estm\/wp-json\/wp\/v2\/pages\/2055"}],"collection":[{"href":"https:\/\/www.ipleiria.pt\/estm\/wp-json\/wp\/v2\/pages"}],"about":[{"href":"https:\/\/www.ipleiria.pt\/estm\/wp-json\/wp\/v2\/types\/page"}],"author":[{"embeddable":true,"href":"https:\/\/www.ipleiria.pt\/estm\/wp-json\/wp\/v2\/users\/2"}],"replies":[{"embeddable":true,"href":"https:\/\/www.ipleiria.pt\/estm\/wp-json\/wp\/v2\/comments?post=2055"}],"version-history":[{"count":2,"href":"https:\/\/www.ipleiria.pt\/estm\/wp-json\/wp\/v2\/pages\/2055\/revisions"}],"predecessor-version":[{"id":3492,"href":"https:\/\/www.ipleiria.pt\/estm\/wp-json\/wp\/v2\/pages\/2055\/revisions\/3492"}],"up":[{"embeddable":true,"href":"https:\/\/www.ipleiria.pt\/estm\/wp-json\/wp\/v2\/pages\/539"}],"wp:attachment":[{"href":"https:\/\/www.ipleiria.pt\/estm\/wp-json\/wp\/v2\/media?parent=2055"}],"curies":[{"name":"wp","href":"https:\/\/api.w.org\/{rel}","templated":true}]}}