{"id":2060,"date":"2024-10-14T11:30:50","date_gmt":"2024-10-14T10:30:50","guid":{"rendered":"https:\/\/www.ipleiria.pt\/estm\/?page_id=2060"},"modified":"2024-10-14T17:39:15","modified_gmt":"2024-10-14T16:39:15","slug":"susana-mendes","status":"publish","type":"page","link":"https:\/\/www.ipleiria.pt\/estm\/escola\/quem-somos\/direcao-e-orgaos\/susana-mendes\/","title":{"rendered":"Susana Mendes"},"content":{"rendered":"\n<p class=\"is-style-theme-subtitle\">Subdiretora<\/p>\n\n\n\n<p class=\"is-style-theme-title\">Susana Mendes<\/p>\n\n\n\n<div style=\"height:20px\" aria-hidden=\"true\" class=\"wp-block-spacer\"><\/div>\n\n\n\n<div class=\"wp-container-3 wp-block-columns\">\n<div class=\"wp-container-1 wp-block-column\" style=\"flex-basis:33.33%\">\n<div style=\"height:20px\" aria-hidden=\"true\" class=\"wp-block-spacer\"><\/div>\n\n\n\n<figure class=\"wp-block-image size-full\"><img loading=\"lazy\" width=\"234\" height=\"222\" src=\"https:\/\/www.ipleiria.pt\/estm\/wp-content\/uploads\/sites\/28\/2024\/10\/foto-sm.jpg\" alt=\"\" class=\"wp-image-2003\"\/><\/figure>\n\n\n\n<div class=\"wp-block-pt-ipleiria-ued-wp-theme-ipleiria-gutenbergblocks-infobox gbib gbib-view is-style-theme-infobox-caps-left-arrow\"><div class=\"gbib-wrapper gbib-title-wrapper\"><h2 class=\"gbib-title\">Escola<\/h2><\/div><div class=\"gbib-wrapper gbib-description-wrapper\"><div class=\"gbib-description\">Escola Superior de Turismo e Tecnologia do Mar<\/div><\/div><\/div>\n\n\n\n<div class=\"wp-block-pt-ipleiria-ued-wp-theme-ipleiria-gutenbergblocks-infobox gbib gbib-view is-style-theme-infobox-caps-left-arrow\"><div class=\"gbib-wrapper gbib-title-wrapper\"><h2 class=\"gbib-title\"><strong>CATEGORIA PROFISSIONAL<\/strong><\/h2><\/div><div class=\"gbib-wrapper gbib-description-wrapper\"><div class=\"gbib-description\">Professora Adjunta<\/div><\/div><\/div>\n\n\n\n<div class=\"wp-block-pt-ipleiria-ued-wp-theme-ipleiria-gutenbergblocks-infobox gbib gbib-view is-style-theme-infobox-caps-left-arrow\"><div class=\"gbib-wrapper gbib-title-wrapper\"><h2 class=\"gbib-title\"><strong>E-MAIL<\/strong><\/h2><\/div><div class=\"gbib-wrapper gbib-description-wrapper\"><div class=\"gbib-description\"><a href=\"mailto:susana.mendes@ipleiria.pt\">susana.mendes@ipleiria.pt<\/a><\/div><\/div><\/div>\n\n\n\n<div class=\"wp-block-pt-ipleiria-ued-wp-theme-ipleiria-gutenbergblocks-infobox gbib gbib-view is-style-theme-infobox-caps-left-arrow\"><div class=\"gbib-wrapper gbib-title-wrapper\"><h2 class=\"gbib-title\"><strong>OUTROS LINKS<\/strong><\/h2><\/div><div class=\"gbib-wrapper gbib-description-wrapper\"><div class=\"gbib-description\"><strong>ORCID ID<\/strong>:<a href=\"https:\/\/orcid.org\/0000-0001-9681-3169\" data-type=\"URL\" data-id=\"https:\/\/orcid.org\/0000-0001-9681-3169\" target=\"_blank\" rel=\"noreferrer noopener\"> 0000-0001-9681-3169<\/a><br><strong>Ci\u00eancia ID<\/strong>: <a href=\"https:\/\/www.cienciavitae.pt\/portal\/4514-12E2-1FD9\" data-type=\"URL\" data-id=\"https:\/\/www.cienciavitae.pt\/portal\/4514-12E2-1FD9\" target=\"_blank\" rel=\"noreferrer noopener\">4514-12E2-1FD9<\/a><\/div><\/div><\/div>\n\n\n\n<div class=\"wp-block-pt-ipleiria-ued-wp-theme-ipleiria-gutenbergblocks-infobox gbib gbib-view is-style-theme-infobox-caps-left-arrow\"><div class=\"gbib-wrapper gbib-title-wrapper\"><h2 class=\"gbib-title\"><strong>Contactos<\/strong><\/h2><\/div><div class=\"gbib-wrapper gbib-description-wrapper\"><div class=\"gbib-description\"><strong>Telefone:&nbsp;<\/strong>+ 351 262 783 607<br><strong>Tel. Interno:<\/strong>&nbsp;404 022<br><strong>Fax:&nbsp;<\/strong>+ 351 262 783 088<\/div><\/div><\/div>\n<\/div>\n\n\n\n<div class=\"wp-container-2 wp-block-column\" style=\"flex-basis:66.66%\">\n<p>Susana Mendes \u00e9 Professora Adjunta da Escola Superior de Turismo e Tecnologia do Mar (ESTM), em Peniche &#8211; Instituto Polit\u00e9cnico de Leiria, membro efetivo da MARE- Polit\u00e9cnico de Leiria e membro colaborador do Departamento de Estat\u00edstica (Universidade de Salamanca, Espanha). \u00c9 licenciada em Matem\u00e1tica pela Faculdade de Ci\u00eancias e Tecnologia \u2013 Universidade Nova de Lisboa e realizou o seu doutoramento em Estat\u00edstica Multivariada Aplicada no Departamento de Estat\u00edstica da Universidade de Salamanca (Espanha), onde desenvolveu investiga\u00e7\u00e3o em modelos de tr\u00eas vias e sua aplicabilidade para analisar dados de estudos ecol\u00f3gicos com varia\u00e7\u00f5es no tempo e no espa\u00e7o. A investiga\u00e7\u00e3o que desenvolve centra-se em estat\u00edstica multivariada aplicada. Tem coordenado v\u00e1rios projetos na \u00e1rea da inova\u00e7\u00e3o alimentar e \u00e9 autora de v\u00e1rios artigos cient\u00edficos publicados em revistas ISI (com cita\u00e7\u00e3o\u00a0da <em>Thomson Reuteurs<\/em>). \u00c9 igualmente Presidente da Comiss\u00e3o de \u00c9tica do Instituto Polit\u00e9cnico de Leiria e membro da equipa setorial da dimens\u00e3o \u201cAmbiente, Sustentabilidade e Responsabilidade Social\u201d do programa \u201cHealthy Campus\u201d do Instituto Polit\u00e9cnico de Leiria.<\/p>\n<\/div>\n<\/div>\n\n\n\n<p><\/p>\n","protected":false},"excerpt":{"rendered":"Subdiretora Susana Mendes Susana Mendes \u00e9 Professora Adjunta da Escola Superior de Turismo e Tecnologia do Mar (ESTM), em Peniche &#8211; Instituto Polit\u00e9cnico de Leiria, membro efetivo da MARE- Polit\u00e9cnico de Leiria e membro colaborador do Departamento de Estat\u00edstica (Universidade de Salamanca, Espanha). \u00c9 licenciada em Matem\u00e1tica pela Faculdade de Ci\u00eancias e Tecnologia \u2013 Universidade [&hellip;]","protected":false},"author":2,"featured_media":0,"parent":539,"menu_order":4,"comment_status":"closed","ping_status":"closed","template":"","meta":{"multilingual_post_translation":"","page_post-custom-url":"","page_post-custom-url-target":""},"_links":{"self":[{"href":"https:\/\/www.ipleiria.pt\/estm\/wp-json\/wp\/v2\/pages\/2060"}],"collection":[{"href":"https:\/\/www.ipleiria.pt\/estm\/wp-json\/wp\/v2\/pages"}],"about":[{"href":"https:\/\/www.ipleiria.pt\/estm\/wp-json\/wp\/v2\/types\/page"}],"author":[{"embeddable":true,"href":"https:\/\/www.ipleiria.pt\/estm\/wp-json\/wp\/v2\/users\/2"}],"replies":[{"embeddable":true,"href":"https:\/\/www.ipleiria.pt\/estm\/wp-json\/wp\/v2\/comments?post=2060"}],"version-history":[{"count":7,"href":"https:\/\/www.ipleiria.pt\/estm\/wp-json\/wp\/v2\/pages\/2060\/revisions"}],"predecessor-version":[{"id":2487,"href":"https:\/\/www.ipleiria.pt\/estm\/wp-json\/wp\/v2\/pages\/2060\/revisions\/2487"}],"up":[{"embeddable":true,"href":"https:\/\/www.ipleiria.pt\/estm\/wp-json\/wp\/v2\/pages\/539"}],"wp:attachment":[{"href":"https:\/\/www.ipleiria.pt\/estm\/wp-json\/wp\/v2\/media?parent=2060"}],"curies":[{"name":"wp","href":"https:\/\/api.w.org\/{rel}","templated":true}]}}