{"id":434,"date":"2021-10-08T17:47:56","date_gmt":"2021-10-08T16:47:56","guid":{"rendered":"https:\/\/www.ipleiria.pt\/estm\/?page_id=434"},"modified":"2021-10-13T15:08:30","modified_gmt":"2021-10-13T14:08:30","slug":"sitemap","status":"publish","type":"page","link":"https:\/\/www.ipleiria.pt\/estm\/sitemap\/","title":{"rendered":"Mapa do site"},"content":{"rendered":"<div id=\"sitemap\"><h2 id=\"sitemap-title\" class=\"sr-only\">Mapa do site<\/h2><ul aria-labelledby=\"sitemap-title\"><li><h3>Menu principal<\/h3><div id=\"sitemap-menu\" class=\"sitemap-container\"><ul id=\"menu-principal\" class=\" sitemap bootstrap-megamenu\"><li id=\"menu-item-458\" class=\"menu-item menu-item-type-post_type menu-item-object-page menu-item-has-children menu-item-458\"><a href=\"https:\/\/www.ipleiria.pt\/estm\/escola\/\">Escola<\/a>\n<ul class=\"sub-menu\">\n\t<li id=\"menu-item-657\" class=\"menu-item menu-item-type-post_type menu-item-object-page menu-item-has-children menu-item-657\"><a href=\"https:\/\/www.ipleiria.pt\/estm\/escola\/quem-somos\/\">Quem somos<\/a>\n\t<ul class=\"sub-menu\">\n\t\t<li id=\"menu-item-650\" class=\"menu-item menu-item-type-post_type menu-item-object-page menu-item-650\"><a href=\"https:\/\/www.ipleiria.pt\/estm\/escola\/quem-somos\/estm\/\">ESTM<\/a><\/li>\n\t\t<li id=\"menu-item-651\" class=\"menu-item menu-item-type-post_type menu-item-object-page menu-item-651\"><a href=\"https:\/\/www.ipleiria.pt\/estm\/escola\/quem-somos\/direcao-e-orgaos\/\">Dire\u00e7\u00e3o e \u00f3rg\u00e3os<\/a><\/li>\n\t\t<li id=\"menu-item-652\" class=\"menu-item menu-item-type-post_type menu-item-object-page menu-item-652\"><a href=\"https:\/\/www.ipleiria.pt\/estm\/escola\/quem-somos\/pessoas\/\">Pessoas<\/a><\/li>\n\t\t<li id=\"menu-item-649\" class=\"menu-item menu-item-type-post_type menu-item-object-page menu-item-649\"><a href=\"https:\/\/www.ipleiria.pt\/estm\/escola\/quem-somos\/estm-360\">ESTM 360\u00ba<\/a><\/li>\n\t\t<li id=\"menu-item-653\" class=\"menu-item menu-item-type-post_type menu-item-object-page menu-item-653\"><a href=\"https:\/\/www.ipleiria.pt\/estm\/escola\/quem-somos\/sustentabilidade\/\">Sustentabilidade<\/a><\/li>\n\t\t<li id=\"menu-item-654\" class=\"menu-item menu-item-type-post_type menu-item-object-page menu-item-654\"><a href=\"https:\/\/www.ipleiria.pt\/estm\/escola\/quem-somos\/contactos\/\">Contactos<\/a><\/li>\n\t<\/ul>\n<\/li>\n\t<li id=\"menu-item-658\" class=\"menu-item menu-item-type-post_type menu-item-object-page menu-item-has-children menu-item-658\"><a href=\"https:\/\/www.ipleiria.pt\/estm\/escola\/informacoes\/\">Informa\u00e7\u00f5es<\/a>\n\t<ul class=\"sub-menu\">\n\t\t<li id=\"menu-item-655\" class=\"menu-item menu-item-type-post_type menu-item-object-page menu-item-655\"><a href=\"https:\/\/www.ipleiria.pt\/estm\/escola\/informacoes\/acesso-a-plataformas\/\">Acesso a plataformas<\/a><\/li>\n\t\t<li id=\"menu-item-656\" class=\"menu-item menu-item-type-post_type menu-item-object-page menu-item-656\"><a href=\"https:\/\/www.ipleiria.pt\/estm\/escola\/informacoes\/informacao-de-gestao\/\">Informa\u00e7\u00e3o de gest\u00e3o<\/a><\/li>\n\t\t<li id=\"menu-item-677\" class=\"menu-item menu-item-type-post_type menu-item-object-page menu-item-677\"><a href=\"https:\/\/www.ipleiria.pt\/estm\/estudante\/dia-a-dia\/comunicacao\/\">Comunica\u00e7\u00e3o<\/a><\/li>\n\t\t<li id=\"menu-item-659\" class=\"menu-item menu-item-type-post_type menu-item-object-page menu-item-659\"><a href=\"https:\/\/www.ipleiria.pt\/estm\/escola\/informacoes\/legislacao\/\">Legisla\u00e7\u00e3o<\/a><\/li>\n\t\t<li id=\"menu-item-660\" class=\"menu-item menu-item-type-post_type menu-item-object-page menu-item-660\"><a href=\"https:\/\/www.ipleiria.pt\/estm\/escola\/informacoes\/processos-eleitorais\/\">Processos eleitorais<\/a><\/li>\n\t\t<li id=\"menu-item-661\" class=\"menu-item menu-item-type-post_type menu-item-object-page menu-item-661\"><a href=\"https:\/\/www.ipleiria.pt\/estm\/escola\/informacoes\/publicacao-de-atos\/\">Publica\u00e7\u00e3o de atos<\/a><\/li>\n\t\t<li id=\"menu-item-662\" class=\"menu-item menu-item-type-post_type menu-item-object-page menu-item-662\"><a href=\"https:\/\/www.ipleiria.pt\/estm\/escola\/informacoes\/plano-de-seguranca-interno\/\">Plano de seguran\u00e7a interno<\/a><\/li>\n\t<\/ul>\n<\/li>\n\t<li id=\"menu-item-663\" class=\"menu-item menu-item-type-post_type menu-item-object-page menu-item-has-children menu-item-663\"><a href=\"https:\/\/www.ipleiria.pt\/estm\/escola\/infraestrutura-e-servicos\/\">Infraestrutura e servi\u00e7os<\/a>\n\t<ul class=\"sub-menu\">\n\t\t<li id=\"menu-item-664\" class=\"menu-item menu-item-type-post_type menu-item-object-page menu-item-664\"><a href=\"https:\/\/www.ipleiria.pt\/estm\/escola\/infraestrutura-e-servicos\/as-nossas-instalacoes\/\">As nossas instala\u00e7\u00f5es<\/a><\/li>\n\t\t<li id=\"menu-item-665\" class=\"menu-item menu-item-type-post_type menu-item-object-page menu-item-665\"><a href=\"https:\/\/www.ipleiria.pt\/estm\/escola\/infraestrutura-e-servicos\/laboratorios\/\">Laborat\u00f3rios<\/a><\/li>\n\t\t<li id=\"menu-item-666\" class=\"menu-item menu-item-type-post_type menu-item-object-page menu-item-666\"><a href=\"https:\/\/www.ipleiria.pt\/estm\/escola\/infraestrutura-e-servicos\/hotel-escola\/\">Hotel escola<\/a><\/li>\n\t\t<li id=\"menu-item-667\" class=\"menu-item menu-item-type-post_type menu-item-object-page menu-item-667\"><a href=\"https:\/\/www.ipleiria.pt\/estm\/escola\/infraestrutura-e-servicos\/servicos\/\">Servi\u00e7os<\/a><\/li>\n\t<\/ul>\n<\/li>\n<\/ul>\n<\/li>\n<li id=\"menu-item-457\" class=\"menu-item menu-item-type-post_type menu-item-object-page menu-item-has-children menu-item-457\"><a href=\"https:\/\/www.ipleiria.pt\/estm\/estudante\/\">Estudantes<\/a>\n<ul class=\"sub-menu\">\n\t<li id=\"menu-item-668\" class=\"menu-item menu-item-type-post_type menu-item-object-page menu-item-has-children menu-item-668\"><a href=\"https:\/\/www.ipleiria.pt\/estm\/estudante\/dia-a-dia\/\">Dia a dia<\/a>\n\t<ul class=\"sub-menu\">\n\t\t<li id=\"menu-item-671\" class=\"menu-item menu-item-type-post_type menu-item-object-page menu-item-671\"><a href=\"https:\/\/www.ipleiria.pt\/estm\/estudante\/dia-a-dia\/a-nossa-regiao\/\">A nossa regi\u00e3o<\/a><\/li>\n\t\t<li id=\"menu-item-672\" class=\"menu-item menu-item-type-post_type menu-item-object-page menu-item-672\"><a href=\"https:\/\/www.ipleiria.pt\/estm\/estudante\/dia-a-dia\/guia-de-acolhimento\/\">Guia de acolhimento<\/a><\/li>\n\t\t<li id=\"menu-item-673\" class=\"menu-item menu-item-type-post_type menu-item-object-page menu-item-673\"><a href=\"https:\/\/www.ipleiria.pt\/estm\/estudante\/dia-a-dia\/acesso-a-plataformas\/\">Acesso a plataformas<\/a><\/li>\n\t\t<li id=\"menu-item-674\" class=\"menu-item menu-item-type-post_type menu-item-object-page menu-item-674\"><a href=\"https:\/\/www.ipleiria.pt\/estm\/estudante\/dia-a-dia\/biblioteca\/\">Biblioteca<\/a><\/li>\n\t\t<li id=\"menu-item-675\" class=\"menu-item menu-item-type-post_type menu-item-object-page menu-item-675\"><a href=\"https:\/\/www.ipleiria.pt\/estm\/estudante\/dia-a-dia\/associacao-de-estudantes\/\">Associa\u00e7\u00e3o Acad\u00e9mica do IPLeiria<\/a><\/li>\n\t\t<li id=\"menu-item-676\" class=\"menu-item menu-item-type-post_type menu-item-object-page menu-item-676\"><a href=\"https:\/\/www.ipleiria.pt\/estm\/estudante\/dia-a-dia\/estudantes-internacionais\/\">Estudantes Internacionais<\/a><\/li>\n\t\t<li id=\"menu-item-678\" class=\"menu-item menu-item-type-post_type menu-item-object-page menu-item-678\"><a href=\"https:\/\/www.ipleiria.pt\/estm\/estudante\/dia-a-dia\/alumni\/\">Alumni<\/a><\/li>\n\t\t<li id=\"menu-item-679\" class=\"menu-item menu-item-type-post_type menu-item-object-page menu-item-679\"><a href=\"https:\/\/www.ipleiria.pt\/estm\/estudante\/dia-a-dia\/provedor-do-estudante\/\">Provedor do estudante<\/a><\/li>\n\t<\/ul>\n<\/li>\n\t<li id=\"menu-item-669\" class=\"menu-item menu-item-type-post_type menu-item-object-page menu-item-has-children menu-item-669\"><a href=\"https:\/\/www.ipleiria.pt\/estm\/estudante\/cursos\/\">Cursos<\/a>\n\t<ul class=\"sub-menu\">\n\t\t<li id=\"menu-item-680\" class=\"menu-item menu-item-type-post_type menu-item-object-page menu-item-680\"><a href=\"https:\/\/www.ipleiria.pt\/estm\/estudante\/cursos\/tesp\/\">TeSP<\/a><\/li>\n\t\t<li id=\"menu-item-681\" class=\"menu-item menu-item-type-post_type menu-item-object-page menu-item-681\"><a href=\"https:\/\/www.ipleiria.pt\/estm\/estudante\/cursos\/licenciaturas\/\">Licenciaturas<\/a><\/li>\n\t\t<li id=\"menu-item-682\" class=\"menu-item menu-item-type-post_type menu-item-object-page menu-item-682\"><a href=\"https:\/\/www.ipleiria.pt\/estm\/estudante\/cursos\/mestrados\/\">Mestrados<\/a><\/li>\n\t\t<li id=\"menu-item-683\" class=\"menu-item menu-item-type-post_type menu-item-object-page menu-item-683\"><a href=\"https:\/\/www.ipleiria.pt\/estm\/estudante\/cursos\/pos-graduacoes\/\">P\u00f3s-gradua\u00e7\u00f5es<\/a><\/li>\n\t\t<li id=\"menu-item-684\" class=\"menu-item menu-item-type-post_type menu-item-object-page menu-item-684\"><a href=\"https:\/\/www.ipleiria.pt\/estm\/?page_id=604\">Forma\u00e7\u00e3o avan\u00e7ada<\/a><\/li>\n\t\t<li id=\"menu-item-685\" class=\"menu-item menu-item-type-post_type menu-item-object-page menu-item-685\"><a href=\"https:\/\/www.ipleiria.pt\/estm\/?page_id=606\">Forma\u00e7\u00e3o ao longo da vida<\/a><\/li>\n\t<\/ul>\n<\/li>\n\t<li id=\"menu-item-670\" class=\"menu-item menu-item-type-post_type menu-item-object-page menu-item-has-children menu-item-670\"><a href=\"https:\/\/www.ipleiria.pt\/estm\/estudante\/gestao-academica\/\">Gest\u00e3o acad\u00e9mica<\/a>\n\t<ul class=\"sub-menu\">\n\t\t<li id=\"menu-item-686\" class=\"menu-item menu-item-type-post_type menu-item-object-page menu-item-686\"><a href=\"https:\/\/www.ipleiria.pt\/estm\/estudante\/gestao-academica\/calendarios\/\">Calend\u00e1rios<\/a><\/li>\n\t\t<li id=\"menu-item-687\" class=\"menu-item menu-item-type-post_type menu-item-object-page menu-item-687\"><a href=\"https:\/\/www.ipleiria.pt\/estm\/estudante\/gestao-academica\/horarios\/\">Hor\u00e1rios<\/a><\/li>\n\t\t<li id=\"menu-item-688\" class=\"menu-item menu-item-type-post_type menu-item-object-page menu-item-688\"><a href=\"https:\/\/www.ipleiria.pt\/estm\/estudante\/gestao-academica\/provas-publicas\/\">Provas p\u00fablicas<\/a><\/li>\n\t\t<li id=\"menu-item-689\" class=\"menu-item menu-item-type-post_type menu-item-object-page menu-item-689\"><a href=\"https:\/\/www.ipleiria.pt\/estm\/estudante\/gestao-academica\/servicos-gestao-academica\/\">Servi\u00e7os de Gest\u00e3o Acad\u00e9mica<\/a><\/li>\n\t\t<li id=\"menu-item-690\" class=\"menu-item menu-item-type-post_type menu-item-object-page menu-item-690\"><a href=\"https:\/\/www.ipleiria.pt\/estm\/estudante\/gestao-academica\/estagios\/\">Est\u00e1gios<\/a><\/li>\n\t\t<li id=\"menu-item-691\" class=\"menu-item menu-item-type-post_type menu-item-object-page menu-item-691\"><a href=\"https:\/\/www.ipleiria.pt\/estm\/estudante\/gestao-academica\/notas\/\">Notas<\/a><\/li>\n\t<\/ul>\n<\/li>\n<\/ul>\n<\/li>\n<li id=\"menu-item-456\" class=\"menu-item menu-item-type-post_type menu-item-object-page menu-item-has-children menu-item-456\"><a href=\"https:\/\/www.ipleiria.pt\/estm\/investigacao\/\">Investiga\u00e7\u00e3o<\/a>\n<ul class=\"sub-menu\">\n\t<li id=\"menu-item-692\" class=\"menu-item menu-item-type-post_type menu-item-object-page menu-item-has-children menu-item-692\"><a href=\"https:\/\/www.ipleiria.pt\/estm\/investigacao\/publicacoes\/\">Publica\u00e7\u00f5es<\/a>\n\t<ul class=\"sub-menu\">\n\t\t<li id=\"menu-item-693\" class=\"menu-item menu-item-type-post_type menu-item-object-page menu-item-693\"><a href=\"https:\/\/www.ipleiria.pt\/estm\/investigacao\/publicacoes\/artigos-cientificos\/\">Artigos cient\u00edficos<\/a><\/li>\n\t\t<li id=\"menu-item-694\" class=\"menu-item menu-item-type-post_type menu-item-object-page menu-item-694\"><a href=\"https:\/\/www.ipleiria.pt\/estm\/investigacao\/publicacoes\/livros\/\">Livros<\/a><\/li>\n\t\t<li id=\"menu-item-695\" class=\"menu-item menu-item-type-post_type menu-item-object-page menu-item-695\"><a href=\"https:\/\/www.ipleiria.pt\/estm\/investigacao\/publicacoes\/relatorios\/\">Relat\u00f3rios<\/a><\/li>\n\t\t<li id=\"menu-item-696\" class=\"menu-item menu-item-type-post_type menu-item-object-page menu-item-696\"><a href=\"https:\/\/www.ipleiria.pt\/estm\/investigacao\/publicacoes\/artigos-de-opiniao\/\">Artigos de opini\u00e3o<\/a><\/li>\n\t<\/ul>\n<\/li>\n\t<li id=\"menu-item-697\" class=\"menu-item menu-item-type-post_type menu-item-object-page menu-item-has-children menu-item-697\"><a href=\"https:\/\/www.ipleiria.pt\/estm\/investigacao\/investigacao-e-desenvolvimento\/\">Investiga\u00e7\u00e3o e Desenvolvimento<\/a>\n\t<ul class=\"sub-menu\">\n\t\t<li id=\"menu-item-698\" class=\"menu-item menu-item-type-post_type menu-item-object-page menu-item-698\"><a href=\"https:\/\/www.ipleiria.pt\/estm\/investigacao\/investigacao-e-desenvolvimento\/projetos-idi\/\">Projetos I&#038;D+i<\/a><\/li>\n\t\t<li id=\"menu-item-699\" class=\"menu-item menu-item-type-post_type menu-item-object-page menu-item-699\"><a href=\"https:\/\/www.ipleiria.pt\/estm\/investigacao\/investigacao-e-desenvolvimento\/bolsas\/\">Bolsas<\/a><\/li>\n\t\t<li id=\"menu-item-700\" class=\"menu-item menu-item-type-post_type menu-item-object-page menu-item-700\"><a href=\"https:\/\/www.ipleiria.pt\/estm\/investigacao\/investigacao-e-desenvolvimento\/comissao-de-etica\/\">Comiss\u00e3o de \u00e9tica<\/a><\/li>\n\t<\/ul>\n<\/li>\n\t<li id=\"menu-item-701\" class=\"menu-item menu-item-type-post_type menu-item-object-page menu-item-has-children menu-item-701\"><a href=\"https:\/\/www.ipleiria.pt\/estm\/investigacao\/unidades-de-investigacao\/\">Unidades de investiga\u00e7\u00e3o<\/a>\n\t<ul class=\"sub-menu\">\n\t\t<li id=\"menu-item-702\" class=\"menu-item menu-item-type-post_type menu-item-object-page menu-item-702\"><a href=\"https:\/\/www.ipleiria.pt\/estm\/investigacao\/unidades-de-investigacao\/citur\/\">CITUR<\/a><\/li>\n\t\t<li id=\"menu-item-703\" class=\"menu-item menu-item-type-post_type menu-item-object-page menu-item-703\"><a href=\"https:\/\/www.ipleiria.pt\/estm\/investigacao\/unidades-de-investigacao\/mare\/\">MARE<\/a><\/li>\n\t<\/ul>\n<\/li>\n<\/ul>\n<\/li>\n<li id=\"menu-item-455\" class=\"menu-item menu-item-type-post_type menu-item-object-page menu-item-455\"><a href=\"https:\/\/www.ipleiria.pt\/estm\/qualidade\/\">Qualidade<\/a><\/li>\n<li id=\"menu-item-648\" class=\"menu-item menu-item-type-post_type menu-item-object-page menu-item-648\"><a href=\"https:\/\/www.ipleiria.pt\/estm\/agenda\/\">Agenda<\/a><\/li>\n<\/ul><\/div><\/li><li><h3>Outras liga\u00e7\u00f5es<\/h3><div id=\"sitemap-menu-other-links\" class=\"sitemap-container\"><ul id=\"menu-about-menu\" class=\" sitemap bootstrap-megamenu\"><li id=\"menu-item-443\" class=\"menu-item menu-item-type-post_type menu-item-object-page menu-item-443\"><a href=\"https:\/\/www.ipleiria.pt\/estm\/acessibilidade\/\">Acessibilidade<\/a><\/li>\n<li id=\"menu-item-444\" class=\"menu-item menu-item-type-post_type menu-item-object-page menu-item-444\"><a href=\"https:\/\/www.ipleiria.pt\/estm\/sitemap\/\">Mapa do site<\/a><\/li>\n<li id=\"menu-item-445\" class=\"menu-item menu-item-type-post_type menu-item-object-page menu-item-445\"><a href=\"https:\/\/www.ipleiria.pt\/estm\/politica-de-privacidade\/\">Pol\u00edtica de Privacidade<\/a><\/li>\n<\/ul><\/div><\/li><\/ul><\/div>","protected":false},"excerpt":{"rendered":"","protected":false},"author":1,"featured_media":0,"parent":0,"menu_order":910,"comment_status":"closed","ping_status":"closed","template":"","meta":{"multilingual_post_translation":"","page_post-custom-url":"","page_post-custom-url-target":""},"_links":{"self":[{"href":"https:\/\/www.ipleiria.pt\/estm\/wp-json\/wp\/v2\/pages\/434"}],"collection":[{"href":"https:\/\/www.ipleiria.pt\/estm\/wp-json\/wp\/v2\/pages"}],"about":[{"href":"https:\/\/www.ipleiria.pt\/estm\/wp-json\/wp\/v2\/types\/page"}],"author":[{"embeddable":true,"href":"https:\/\/www.ipleiria.pt\/estm\/wp-json\/wp\/v2\/users\/1"}],"replies":[{"embeddable":true,"href":"https:\/\/www.ipleiria.pt\/estm\/wp-json\/wp\/v2\/comments?post=434"}],"version-history":[{"count":1,"href":"https:\/\/www.ipleiria.pt\/estm\/wp-json\/wp\/v2\/pages\/434\/revisions"}],"predecessor-version":[{"id":435,"href":"https:\/\/www.ipleiria.pt\/estm\/wp-json\/wp\/v2\/pages\/434\/revisions\/435"}],"wp:attachment":[{"href":"https:\/\/www.ipleiria.pt\/estm\/wp-json\/wp\/v2\/media?parent=434"}],"curies":[{"name":"wp","href":"https:\/\/api.w.org\/{rel}","templated":true}]}}