{"id":436,"date":"2021-10-08T17:48:29","date_gmt":"2021-10-08T16:48:29","guid":{"rendered":"https:\/\/www.ipleiria.pt\/estm\/?page_id=436"},"modified":"2021-10-08T17:48:41","modified_gmt":"2021-10-08T16:48:41","slug":"acessibilidade","status":"publish","type":"page","link":"https:\/\/www.ipleiria.pt\/estm\/acessibilidade\/","title":{"rendered":"Acessibilidade"},"content":{"rendered":"<div id=\"load-accessibility\">\n<a href=\"https:\/\/www.ipleiria.pt\/acessibilidade\/\">Informa\u00e7\u00f5es \u00fateis sobre a acessibilidade<\/a>\n<script>\ndocument.addEventListener('DOMContentLoaded', function() {\n    fetch( 'https:\/\/www.ipleiria.pt\/wp-json\/wp\/v2\/pages?slug=acessibilidade&context=view&_fields=content' )\n        .then( response => {\n            if (response.status === 200) {\n                response.json().then( pages => {\n                    for ( let page of pages ) {\n                        document.querySelector('#load-accessibility').innerHTML = page.content.rendered;\n                    }\n                });\n            }\n        })\n        .catch(function(err) {\n            console.log('Error: ', err);\n        });\n});\n<\/script><noscript class=\"sr-only\">N\u00e3o foi poss\u00edvel carregar a p\u00e1gina com informa\u00e7\u00f5es sobre acessibilidade<\/noscript>\n<\/div>\n\n\n<p><\/p>\n","protected":false},"excerpt":{"rendered":"","protected":false},"author":1,"featured_media":0,"parent":0,"menu_order":900,"comment_status":"closed","ping_status":"closed","template":"","meta":{"multilingual_post_translation":"","page_post-custom-url":"","page_post-custom-url-target":""},"_links":{"self":[{"href":"https:\/\/www.ipleiria.pt\/estm\/wp-json\/wp\/v2\/pages\/436"}],"collection":[{"href":"https:\/\/www.ipleiria.pt\/estm\/wp-json\/wp\/v2\/pages"}],"about":[{"href":"https:\/\/www.ipleiria.pt\/estm\/wp-json\/wp\/v2\/types\/page"}],"author":[{"embeddable":true,"href":"https:\/\/www.ipleiria.pt\/estm\/wp-json\/wp\/v2\/users\/1"}],"replies":[{"embeddable":true,"href":"https:\/\/www.ipleiria.pt\/estm\/wp-json\/wp\/v2\/comments?post=436"}],"version-history":[{"count":2,"href":"https:\/\/www.ipleiria.pt\/estm\/wp-json\/wp\/v2\/pages\/436\/revisions"}],"predecessor-version":[{"id":438,"href":"https:\/\/www.ipleiria.pt\/estm\/wp-json\/wp\/v2\/pages\/436\/revisions\/438"}],"wp:attachment":[{"href":"https:\/\/www.ipleiria.pt\/estm\/wp-json\/wp\/v2\/media?parent=436"}],"curies":[{"name":"wp","href":"https:\/\/api.w.org\/{rel}","templated":true}]}}