{"id":453,"date":"2021-10-08T18:02:06","date_gmt":"2021-10-08T17:02:06","guid":{"rendered":"https:\/\/www.ipleiria.pt\/estm\/?page_id=453"},"modified":"2024-10-14T14:39:05","modified_gmt":"2024-10-14T13:39:05","slug":"qualidade","status":"publish","type":"page","link":"https:\/\/www.ipleiria.pt\/estm\/qualidade\/","title":{"rendered":"Qualidade"},"content":{"rendered":"\n<div class=\"wp-container-3 wp-block-columns\">\n<div class=\"wp-container-1 wp-block-column\">\n<p class=\"is-style-theme-subtitle\">SIGQ<\/p>\n\n\n\n<h2 class=\"is-style-theme-title\">Sistema Interno de Garantia da Qualidade do IPLeiria<\/h2>\n<\/div>\n\n\n\n<div class=\"wp-container-2 wp-block-column\"><\/div>\n<\/div>\n\n\n\n<div class=\"wp-container-7 wp-block-columns\">\n<div class=\"wp-container-5 wp-block-column\">\n<p>A garantia interna da qualidade das atividades do instituto tem-se revestido de uma import\u00e2ncia central e estrat\u00e9gica para o IPLeiria.<\/p>\n\n\n\n<p>O&nbsp;Sistema Interno de Garantia da Qualidade&nbsp;do IPLeiria \u2013&nbsp;SIGQ\/IPLeiria&nbsp;\u2013 traduz-se na implementa\u00e7\u00e3o de estrat\u00e9gias e pol\u00edticas de garantia da qualidade dos seus ciclos de estudos, bem como dos procedimentos adequados \u00e0 sua concretiza\u00e7\u00e3o, com vista \u00e0 melhoria cont\u00ednua.<\/p>\n\n\n\n<p>O&nbsp;Manual de Apoio ao Sistema Interno de Garantia da Qualidade&nbsp;do Polit\u00e9cnico de Leiria estabelece as bases de todo o sistema, definindo e caracterizando os principais mecanismos, processos e intervenientes.<\/p>\n\n\n\n<p>O SIGQ\/IPLeiria \u00e9 um sistema din\u00e2mico e interativo, pelo que todas as&nbsp;quest\u00f5es e sugest\u00f5es ser\u00e3o bem vindas.<br><br>Contacto&nbsp;<a href=\"mailto:gaq@ipleiria.pt\">gab.qualidade@ipleiria.pt<\/a><\/p>\n\n\n\n<p><a href=\"https:\/\/www.ipleiria.pt\/old-www\/wp-content\/uploads\/2018\/07\/MASIGQ_PolitecnicoLeiria_2018.pdf\" target=\"_blank\" rel=\"noreferrer noopener\">Manual de Apoio ao Sistema Interno de Garantia da Qualidade<\/a><\/p>\n\n\n\n<p><\/p>\n\n\n\n<div class=\"wp-container-4 wp-block-buttons\">\n<div class=\"wp-block-button is-style-theme-button-solid\"><a class=\"wp-block-button__link\" href=\"https:\/\/www.ipleiria.pt\/inovar\/qualidade\/\" target=\"_blank\" rel=\"noreferrer noopener\">saber mais<\/a><\/div>\n<\/div>\n<\/div>\n\n\n\n<div class=\"wp-container-6 wp-block-column\">\n<div style=\"height:15px\" aria-hidden=\"true\" class=\"wp-block-spacer\"><\/div>\n\n\n\n<figure class=\"wp-block-image size-large\"><img loading=\"lazy\" width=\"1024\" height=\"683\" src=\"https:\/\/www.ipleiria.pt\/estm\/wp-content\/uploads\/sites\/28\/2024\/10\/MG_9599-1024x683.jpg\" alt=\"imagem de estudantes\" class=\"wp-image-724\" srcset=\"https:\/\/www.ipleiria.pt\/estm\/wp-content\/uploads\/sites\/28\/2024\/10\/MG_9599-1024x683.jpg 1024w, https:\/\/www.ipleiria.pt\/estm\/wp-content\/uploads\/sites\/28\/2024\/10\/MG_9599-300x200.jpg 300w, https:\/\/www.ipleiria.pt\/estm\/wp-content\/uploads\/sites\/28\/2024\/10\/MG_9599-768x512.jpg 768w, https:\/\/www.ipleiria.pt\/estm\/wp-content\/uploads\/sites\/28\/2024\/10\/MG_9599-1536x1024.jpg 1536w, https:\/\/www.ipleiria.pt\/estm\/wp-content\/uploads\/sites\/28\/2024\/10\/MG_9599.jpg 1920w\" sizes=\"(max-width: 1024px) 100vw, 1024px\" \/><\/figure>\n<\/div>\n<\/div>\n\n\n\n<hr class=\"wp-block-separator has-alpha-channel-opacity is-style-wide\"\/>\n\n\n\n<p class=\"is-style-theme-subtitle\">gest\u00e3o na garantia de qualidade<\/p>\n\n\n\n<h2 class=\"is-style-theme-title\">Responsabilidades dos diferentes \u00f3rg\u00e3os<\/h2>\n\n\n\n<div class=\"wp-container-10 wp-block-columns\">\n<div class=\"wp-container-8 wp-block-column\">\n<p>Compet\u00eancias espec\u00edficas dos \u00f3rg\u00e3os da ESTM\/IPLeiria nos processos de garantia da qualidade. As compet\u00eancias globais dos \u00f3rg\u00e3os encontram-se especificadas nos estatutos.<\/p>\n<\/div>\n\n\n\n<div class=\"wp-container-9 wp-block-column\"><\/div>\n<\/div>\n\n\n\n<div id=\"gba_fdcb09-65\" class=\"wp-block-pt-ipleiria-ued-wp-theme-ipleiria-gutenbergblocks-collapse gba gba-view gba_fdcb09-65\">\n<div id=\"gba-pane_f1ade0-4a\" class=\"wp-block-pt-ipleiria-ued-wp-theme-ipleiria-gutenbergblocks-collapse-pane gba-pane gba-pane-save gba-pane_f1ade0-4a\"><div class=\"card\"><div class=\"card-header\" id=\"gba-pane-heading_f1ade0-4a\"><div class=\"mb-0\"><button class=\"btn btn-link collapsed\" type=\"button\" data-toggle=\"collapse\" data-target=\"#gba-pane-collapse_f1ade0-4a\" aria-controls=\"gba-pane-collapse_f1ade0-4a\" aria-expanded=\"false\"><span class=\"gba-pane-title\"><strong>Conselho de Representantes<\/strong><\/span><\/button><\/div><\/div><div id=\"gba-pane-collapse_f1ade0-4a\" class=\"panel-content collapse\" aria-labelledby=\"gba-pane-heading_f1ade0-4a\" data-parent=\"#gba_fdcb09-65\"><div class=\"card-body\">\n<ul><li>Eleger o(a) Diretor(a) por maioria absoluta dos membros em efetividade de fun\u00e7\u00f5es;<\/li><li>Dar parecer sobre o plano de atividades da Unidade Org\u00e2nica;<\/li><li>Apreciar o relat\u00f3rio de atividades;<\/li><\/ul>\n\n\n\n<p><a href=\"https:\/\/www.ipleiria.pt\/estm\/escola\/quem-somos\/direcao-e-orgaos\/#conselho-de-representantes\" data-type=\"URL\" data-id=\"https:\/\/www.ipleiria.pt\/estm\/escola\/quem-somos\/direcao-e-orgaos\/#conselho-de-representantes\">Link do Conselho de Representantes<\/a><\/p>\n<\/div><\/div><\/div><\/div>\n\n\n\n<div id=\"gba-pane_d22627-7d\" class=\"wp-block-pt-ipleiria-ued-wp-theme-ipleiria-gutenbergblocks-collapse-pane gba-pane gba-pane-save gba-pane_d22627-7d\"><div class=\"card\"><div class=\"card-header\" id=\"gba-pane-heading_d22627-7d\"><div class=\"mb-0\"><button class=\"btn btn-link collapsed\" type=\"button\" data-toggle=\"collapse\" data-target=\"#gba-pane-collapse_d22627-7d\" aria-controls=\"gba-pane-collapse_d22627-7d\" aria-expanded=\"false\"><span class=\"gba-pane-title\"><strong>Diretor da Unidade Org\u00e2nica<\/strong><\/span><\/button><\/div><\/div><div id=\"gba-pane-collapse_d22627-7d\" class=\"panel-content collapse\" aria-labelledby=\"gba-pane-heading_d22627-7d\" data-parent=\"#gba_fdcb09-65\"><div class=\"card-body\">\n<ul><li>Elaborar e submeter \u00e0 aprova\u00e7\u00e3o superior o plano de atividades da Unidade Org\u00e2nica que dever\u00e1 incluir a estimativa do or\u00e7amento necess\u00e1rio para o implementar, bem como elaborar o respetivo relat\u00f3rio de atividades;<\/li><\/ul>\n\n\n\n<p><a href=\"https:\/\/www.ipleiria.pt\/estm\/escola\/quem-somos\/direcao-e-orgaos\/#direcao\" data-type=\"URL\" data-id=\"https:\/\/www.ipleiria.pt\/estm\/escola\/quem-somos\/direcao-e-orgaos\/#direcao\">Link da Dire\u00e7\u00e3o<\/a><\/p>\n<\/div><\/div><\/div><\/div>\n\n\n\n<div id=\"gba-pane_c237ba-c8\" class=\"wp-block-pt-ipleiria-ued-wp-theme-ipleiria-gutenbergblocks-collapse-pane gba-pane gba-pane-save gba-pane_c237ba-c8\"><div class=\"card\"><div class=\"card-header\" id=\"gba-pane-heading_c237ba-c8\"><div class=\"mb-0\"><button class=\"btn btn-link collapsed\" type=\"button\" data-toggle=\"collapse\" data-target=\"#gba-pane-collapse_c237ba-c8\" aria-controls=\"gba-pane-collapse_c237ba-c8\" aria-expanded=\"false\"><span class=\"gba-pane-title\"><strong>Conselho T\u00e9cnico-Cient\u00edfico<\/strong><\/span><\/button><\/div><\/div><div id=\"gba-pane-collapse_c237ba-c8\" class=\"panel-content collapse\" aria-labelledby=\"gba-pane-heading_c237ba-c8\" data-parent=\"#gba_fdcb09-65\"><div class=\"card-body\">\n<ul><li>Apreciar o plano de atividades cient\u00edficas da Unidade Org\u00e2nica;<\/li><li>Pronunciar-se sobre a cria\u00e7\u00e3o de ciclos de estudos e aprovar os planos de estudos dos ciclos de estudos ministrados;<\/li><li>Aprovar os programas das unidades curriculares;<\/li><\/ul>\n\n\n\n<p><a href=\"https:\/\/www.ipleiria.pt\/estm\/escola\/quem-somos\/direcao-e-orgaos\/#conselho-tecnico-cientifico\" data-type=\"URL\" data-id=\"https:\/\/www.ipleiria.pt\/estm\/escola\/quem-somos\/direcao-e-orgaos\/#conselho-tecnico-cientifico\">Link do Conselho T\u00e9cnico-Cient\u00edfico<\/a><\/p>\n<\/div><\/div><\/div><\/div>\n\n\n\n<div id=\"gba-pane_e53321-cb\" class=\"wp-block-pt-ipleiria-ued-wp-theme-ipleiria-gutenbergblocks-collapse-pane gba-pane gba-pane-save gba-pane_e53321-cb\"><div class=\"card\"><div class=\"card-header\" id=\"gba-pane-heading_e53321-cb\"><div class=\"mb-0\"><button class=\"btn btn-link collapsed\" type=\"button\" data-toggle=\"collapse\" data-target=\"#gba-pane-collapse_e53321-cb\" aria-controls=\"gba-pane-collapse_e53321-cb\" aria-expanded=\"false\"><span class=\"gba-pane-title\"><strong>Conselho Pedag\u00f3gico<\/strong><\/span><\/button><\/div><\/div><div id=\"gba-pane-collapse_e53321-cb\" class=\"panel-content collapse\" aria-labelledby=\"gba-pane-heading_e53321-cb\" data-parent=\"#gba_fdcb09-65\"><div class=\"card-body\">\n<ul><li>Pronunciar-se sobre as orienta\u00e7\u00f5es pedag\u00f3gicas e os m\u00e9todos de ensino e de avalia\u00e7\u00e3o;<\/li><li>Promover a realiza\u00e7\u00e3o de inqu\u00e9ritos regulares ao desempenho pedag\u00f3gico dos docentes, por estes e pelos estudantes, e a sua an\u00e1lise e divulga\u00e7\u00e3o;<\/li><li>Apreciar as queixas relativas a falhas pedag\u00f3gicas e propor as provid\u00eancias necess\u00e1rias;<\/li><li>Aprovar o regulamento de avalia\u00e7\u00e3o do aproveitamento dos estudantes;<\/li><li>Pronunciar-se sobre a cria\u00e7\u00e3o de ciclos de estudos e sobre os planos dos ciclos de estudos ministrados;<\/li><\/ul>\n\n\n\n<p><a href=\"https:\/\/www.ipleiria.pt\/estm\/escola\/quem-somos\/direcao-e-orgaos\/#conselho-pedagogico\" data-type=\"URL\" data-id=\"https:\/\/www.ipleiria.pt\/estm\/escola\/quem-somos\/direcao-e-orgaos\/#conselho-pedagogico\">Link do Conselho Pedag\u00f3gico<\/a><\/p>\n<\/div><\/div><\/div><\/div>\n\n\n\n<div id=\"gba-pane_7c30a6-5b\" class=\"wp-block-pt-ipleiria-ued-wp-theme-ipleiria-gutenbergblocks-collapse-pane gba-pane gba-pane-save gba-pane_7c30a6-5b\"><div class=\"card\"><div class=\"card-header\" id=\"gba-pane-heading_7c30a6-5b\"><div class=\"mb-0\"><button class=\"btn btn-link collapsed\" type=\"button\" data-toggle=\"collapse\" data-target=\"#gba-pane-collapse_7c30a6-5b\" aria-controls=\"gba-pane-collapse_7c30a6-5b\" aria-expanded=\"false\"><span class=\"gba-pane-title\"><strong>Coordenador de Curso<\/strong><\/span><\/button><\/div><\/div><div id=\"gba-pane-collapse_7c30a6-5b\" class=\"panel-content collapse\" aria-labelledby=\"gba-pane-heading_7c30a6-5b\" data-parent=\"#gba_fdcb09-65\"><div class=\"card-body\">\n<ul><li>Representar o curso junto dos \u00f3rg\u00e3os de gest\u00e3o da respetiva Unidade Org\u00e2nica;<\/li><li>Contribuir para a promo\u00e7\u00e3o nacional e internacional do curso, em articula\u00e7\u00e3o com os \u00f3rg\u00e3os legalmente competentes do IPLeiria;<\/li><li>Propor ao Diretor da Unidade Org\u00e2nica o numerus clausus e as regras de ingresso no curso, ouvidos os departamentos ou estruturas com fun\u00e7\u00f5es equivalentes envolvidos;<\/li><li>Preparar as propostas de altera\u00e7\u00e3o do plano de estudos do curso;<\/li><li>Organizar as propostas gerais ou individuais de credita\u00e7\u00e3o;<\/li><li>Coordenar os programas das unidades curriculares do curso e garantir o seu bom funcionamento;<\/li><li>Garantir que os objetivos de aprendizagem das diversas unidades curriculares concorrem para os objetivos de forma\u00e7\u00e3o definidos no curso;<\/li><li>Coordenar as atividades de tutoria e de est\u00e1gio no \u00e2mbito do respetivo curso<\/li><li>Elaborar anualmente o relat\u00f3rio s\u00edntese das atividades do curso.<\/li><\/ul>\n\n\n\n<p><a href=\"https:\/\/www.ipleiria.pt\/estm\/escola\/quem-somos\/direcao-e-orgaos\/#coordenacao-de-cursos\" data-type=\"URL\" data-id=\"https:\/\/www.ipleiria.pt\/estm\/escola\/quem-somos\/direcao-e-orgaos\/#coordenacao-de-cursos\">Link da Coordena\u00e7\u00e3o de Cursos<\/a><\/p>\n<\/div><\/div><\/div><\/div>\n\n\n\n<div id=\"gba-pane_87efd9-13\" class=\"wp-block-pt-ipleiria-ued-wp-theme-ipleiria-gutenbergblocks-collapse-pane gba-pane gba-pane-save gba-pane_87efd9-13\"><div class=\"card\"><div class=\"card-header\" id=\"gba-pane-heading_87efd9-13\"><div class=\"mb-0\"><button class=\"btn btn-link collapsed\" type=\"button\" data-toggle=\"collapse\" data-target=\"#gba-pane-collapse_87efd9-13\" aria-controls=\"gba-pane-collapse_87efd9-13\" aria-expanded=\"false\"><span class=\"gba-pane-title\"><strong>Estudantes<\/strong><\/span><\/button><\/div><\/div><div id=\"gba-pane-collapse_87efd9-13\" class=\"panel-content collapse\" aria-labelledby=\"gba-pane-heading_87efd9-13\" data-parent=\"#gba_fdcb09-65\"><div class=\"card-body\">\n<ul><li>Participa\u00e7\u00e3o em \u00f3rg\u00e3os;<\/li><li>Preenchimento dos inqu\u00e9ritos ao desempenho pedag\u00f3gico;<\/li><li>Preenchimento de question\u00e1rios espec\u00edficos que avaliam, por exemplo, as unidades curriculares de projeto ou os ensinos cl\u00ednicos;<\/li><\/ul>\n<\/div><\/div><\/div><\/div>\n\n\n\n<div id=\"gba-pane_94a9fb-9c\" class=\"wp-block-pt-ipleiria-ued-wp-theme-ipleiria-gutenbergblocks-collapse-pane gba-pane gba-pane-save gba-pane_94a9fb-9c\"><div class=\"card\"><div class=\"card-header\" id=\"gba-pane-heading_94a9fb-9c\"><div class=\"mb-0\"><button class=\"btn btn-link collapsed\" type=\"button\" data-toggle=\"collapse\" data-target=\"#gba-pane-collapse_94a9fb-9c\" aria-controls=\"gba-pane-collapse_94a9fb-9c\" aria-expanded=\"false\"><span class=\"gba-pane-title\"><strong>Parceiros internos e externos<\/strong><\/span><\/button><\/div><\/div><div id=\"gba-pane-collapse_94a9fb-9c\" class=\"panel-content collapse\" aria-labelledby=\"gba-pane-heading_94a9fb-9c\" data-parent=\"#gba_fdcb09-65\"><div class=\"card-body\">\n<p>Os parceiros internos e externos, nomeadamente, estudantes, pessoal docente, pessoal n\u00e3o docente, diplomados, entidades recetoras de estagi\u00e1rios, parceiros empresariais, empregadores e comunidade em geral, interv\u00eam no SIGQ atrav\u00e9s de:<\/p>\n\n\n\n<ul><li>Participa\u00e7\u00e3o em \u00f3rg\u00e3os;<\/li><li>Resposta a inqu\u00e9ritos;<\/li><li>Eventos e iniciativas diversas.<\/li><\/ul>\n<\/div><\/div><\/div><\/div>\n<\/div>\n\n\n\n<hr class=\"wp-block-separator has-alpha-channel-opacity is-style-wide\"\/>\n\n\n\n<p class=\"is-style-theme-subtitle\">Auditoria <\/p>\n\n\n\n<h2 class=\"is-style-theme-title\">Sistema Interno de Garantia da Qualidade pela A3ES<\/h2>\n\n\n\n<div class=\"wp-container-13 wp-block-columns\">\n<div class=\"wp-container-11 wp-block-column\">\n<p>O Sistema Interno de Garantia da Qualidade do Polit\u00e9cnico de Leiria foi sujeito a um processo de auditoria pela Ag\u00eancia de Avalia\u00e7\u00e3o e Acredita\u00e7\u00e3o do Ensino Superior (A3ES), que resultou na sua certifica\u00e7\u00e3o pelo per\u00edodo de 2 anos.<\/p>\n\n\n\n<p>Os relat\u00f3rios e documenta\u00e7\u00e3o relevante poder\u00e3o ser consultados&nbsp;<a href=\"http:\/\/a3es.pt\/pt\/resultados-acreditacao-6\" target=\"_blank\" rel=\"noreferrer noopener\">aqui<\/a>.&nbsp;<\/p>\n<\/div>\n\n\n\n<div class=\"wp-container-12 wp-block-column\"><\/div>\n<\/div>\n\n\n\n<div style=\"height:40px\" aria-hidden=\"true\" class=\"wp-block-spacer\"><\/div>\n","protected":false},"excerpt":{"rendered":"SIGQ Sistema Interno de Garantia da Qualidade do IPLeiria A garantia interna da qualidade das atividades do instituto tem-se revestido de uma import\u00e2ncia central e estrat\u00e9gica para o IPLeiria. O&nbsp;Sistema Interno de Garantia da Qualidade&nbsp;do IPLeiria \u2013&nbsp;SIGQ\/IPLeiria&nbsp;\u2013 traduz-se na implementa\u00e7\u00e3o de estrat\u00e9gias e pol\u00edticas de garantia da qualidade dos seus ciclos de estudos, bem como [&hellip;]","protected":false},"author":2,"featured_media":787,"parent":0,"menu_order":40,"comment_status":"closed","ping_status":"closed","template":"","meta":{"multilingual_post_translation":"","page_post-custom-url":"","page_post-custom-url-target":""},"_links":{"self":[{"href":"https:\/\/www.ipleiria.pt\/estm\/wp-json\/wp\/v2\/pages\/453"}],"collection":[{"href":"https:\/\/www.ipleiria.pt\/estm\/wp-json\/wp\/v2\/pages"}],"about":[{"href":"https:\/\/www.ipleiria.pt\/estm\/wp-json\/wp\/v2\/types\/page"}],"author":[{"embeddable":true,"href":"https:\/\/www.ipleiria.pt\/estm\/wp-json\/wp\/v2\/users\/2"}],"replies":[{"embeddable":true,"href":"https:\/\/www.ipleiria.pt\/estm\/wp-json\/wp\/v2\/comments?post=453"}],"version-history":[{"count":15,"href":"https:\/\/www.ipleiria.pt\/estm\/wp-json\/wp\/v2\/pages\/453\/revisions"}],"predecessor-version":[{"id":4437,"href":"https:\/\/www.ipleiria.pt\/estm\/wp-json\/wp\/v2\/pages\/453\/revisions\/4437"}],"wp:featuredmedia":[{"embeddable":true,"href":"https:\/\/www.ipleiria.pt\/estm\/wp-json\/wp\/v2\/media\/787"}],"wp:attachment":[{"href":"https:\/\/www.ipleiria.pt\/estm\/wp-json\/wp\/v2\/media?parent=453"}],"curies":[{"name":"wp","href":"https:\/\/api.w.org\/{rel}","templated":true}]}}