{"id":551,"date":"2024-10-02T14:50:24","date_gmt":"2024-10-02T13:50:24","guid":{"rendered":"https:\/\/www.ipleiria.pt\/estm\/?page_id=551"},"modified":"2025-07-21T10:07:58","modified_gmt":"2025-07-21T09:07:58","slug":"informacao-de-gestao","status":"publish","type":"page","link":"https:\/\/www.ipleiria.pt\/estm\/escola\/informacoes\/informacao-de-gestao\/","title":{"rendered":"Informa\u00e7\u00e3o de gest\u00e3o"},"content":{"rendered":"\n<div class=\"wp-block-pt-ipleiria-ued-wp-theme-ipleiria-gutenbergblocks-moc gbmoc\" role=\"navigation\" aria-label=\"Menu de conte\u00fados\"><div class=\"gbmoc-menu-wrapper\"><div id=\"gbmoc-437cd5-0b-menu-container\" class=\"gbmoc-menu-container\"><div class=\"gbmoc-title\" id=\"gbmoc-437cd5-0b-title\">Ir para:<\/div><ul aria-describedby=\"gbmoc-437cd5-0b-title\" class=\"gbmoc-menuitems\"><li><a href=\"#planos-de-atividades\">Planos de Atividades<\/a><\/li><li><a href=\"#relatorios-de-atividades\">Relat\u00f3rios de Atividades<\/a><\/li><li class=\"gbmoc-scroll-to-top-wrapper\"><a class=\"gbmoc-scroll-to-top\" href=\"#top\">Topo<\/a><\/li><\/ul><\/div><\/div><\/div>\n\n\n\n<p class=\"is-style-theme-subtitle\">Gest\u00e3o<\/p>\n\n\n\n<h2 class=\"is-style-theme-title\" id=\"planos-de-atividades\">Planos de Atividades<\/h2>\n\n\n\n<div class=\"wp-container-3 wp-block-columns\">\n<div class=\"wp-container-1 wp-block-column\">\n<p>O Plano de Atividades \u00e9 um instrumento de gest\u00e3o que integra o processo de planeamento e constitui uma pe\u00e7a fundamental, a partir da qual se define para um determinado per\u00edodo de tempo (em regra, um ano) os objetivos, a estrat\u00e9gia e metodologia a seguir, assim como os meios e recursos a afetar com vista \u00e0 prossecu\u00e7\u00e3o dos objetivos determinados, e se especificam as a\u00e7\u00f5es a implementar que convergem para a concretiza\u00e7\u00e3o de metas.<\/p>\n\n\n\n<p>O Plano de Atividades resulta de um processo participado que envolve os v\u00e1rios n\u00edveis de decis\u00e3o internos.<\/p>\n<\/div>\n\n\n\n<div class=\"wp-container-2 wp-block-column\">\n<div style=\"height:15px\" aria-hidden=\"true\" class=\"wp-block-spacer\"><\/div>\n\n\n\n<figure class=\"wp-block-image size-large\"><img loading=\"lazy\" width=\"1024\" height=\"683\" src=\"https:\/\/www.ipleiria.pt\/estm\/wp-content\/uploads\/sites\/28\/2024\/10\/MG_9599-1024x683.jpg\" alt=\"imagem de estudantes\" class=\"wp-image-724\" srcset=\"https:\/\/www.ipleiria.pt\/estm\/wp-content\/uploads\/sites\/28\/2024\/10\/MG_9599-1024x683.jpg 1024w, https:\/\/www.ipleiria.pt\/estm\/wp-content\/uploads\/sites\/28\/2024\/10\/MG_9599-300x200.jpg 300w, https:\/\/www.ipleiria.pt\/estm\/wp-content\/uploads\/sites\/28\/2024\/10\/MG_9599-768x512.jpg 768w, https:\/\/www.ipleiria.pt\/estm\/wp-content\/uploads\/sites\/28\/2024\/10\/MG_9599-1536x1024.jpg 1536w, https:\/\/www.ipleiria.pt\/estm\/wp-content\/uploads\/sites\/28\/2024\/10\/MG_9599.jpg 1920w\" sizes=\"(max-width: 1024px) 100vw, 1024px\" \/><\/figure>\n<\/div>\n<\/div>\n\n\n\n<div style=\"height:40px\" aria-hidden=\"true\" class=\"wp-block-spacer\"><\/div>\n\n\n\n<div class=\"wp-container-6 wp-block-columns\">\n<div class=\"wp-container-4 wp-block-column\">\n<p><a href=\"https:\/\/www.ipleiria.pt\/estm\/wp-content\/uploads\/sites\/28\/2025\/07\/ESTM_Plano-atividades-2025_vf.pdf\" data-type=\"URL\" data-id=\"https:\/\/www.ipleiria.pt\/estm\/wp-content\/uploads\/sites\/28\/2025\/07\/ESTM_Plano-atividades-2025_vf.pdf\" target=\"_blank\" rel=\"noreferrer noopener\">Plano de atividades de 2025<\/a><\/p>\n\n\n\n<div class=\"wp-block-file\"><a id=\"wp-block-file--media-00168206-84f2-450a-8427-accd67c8b61a\" href=\"https:\/\/www.ipleiria.pt\/estm\/wp-content\/uploads\/sites\/28\/2024\/10\/ESTM_Plano-Atividades-2024-Final-CR-20240514_aprovado.pdf\" target=\"_blank\" rel=\"noreferrer noopener\">Plano de atividades de 2024<\/a><\/div>\n\n\n\n<div class=\"wp-block-file\"><a id=\"wp-block-file--media-9e433998-1958-492e-bf35-d05f06f0308c\" href=\"https:\/\/www.ipleiria.pt\/estm\/wp-content\/uploads\/sites\/28\/2024\/10\/ESTM_Plano-atividades-2023_vCR.pdf\" target=\"_blank\" rel=\"noreferrer noopener\">Plano de atividades de 2023<\/a><\/div>\n\n\n\n<div class=\"wp-block-file\"><a id=\"wp-block-file--media-7c8ea57f-8ec6-4c18-b06f-b9350b266eca\" href=\"https:\/\/www.ipleiria.pt\/estm\/wp-content\/uploads\/sites\/28\/2024\/10\/ESTM_Plano-atividades-2022_vf.pdf\" target=\"_blank\" rel=\"noreferrer noopener\">Plano de atividades de 2022<\/a><\/div>\n\n\n\n<div class=\"wp-block-file\"><a id=\"wp-block-file--media-868ffd6f-17dd-438b-98a5-2b85cee4dce9\" href=\"https:\/\/www.ipleiria.pt\/estm\/wp-content\/uploads\/sites\/28\/2024\/10\/ESTM_Plano-atividades-2021_vf.pdf\" target=\"_blank\" rel=\"noreferrer noopener\">Plano de Atividades de 2021<\/a><\/div>\n\n\n\n<div class=\"wp-block-file\"><a id=\"wp-block-file--media-4bf281ff-512c-4e71-85e1-65b7ef7284f2\" href=\"https:\/\/www.ipleiria.pt\/estm\/wp-content\/uploads\/sites\/28\/2024\/10\/ESTM_Plano-atividades-2020_CR.pdf\" target=\"_blank\" rel=\"noreferrer noopener\">Plano de Atividades de 2020<\/a><\/div>\n\n\n\n<div class=\"wp-block-file\"><a id=\"wp-block-file--media-2f7b31c0-fd1d-43af-b2a7-9c9c76ebb811\" href=\"https:\/\/www.ipleiria.pt\/estm\/wp-content\/uploads\/sites\/28\/2024\/10\/ESTM_Plano-atividades-2019_aprovado-CR.pdf\" target=\"_blank\" rel=\"noreferrer noopener\">Plano de Atividades de 2019<\/a><\/div>\n\n\n\n<div class=\"wp-block-file\"><a id=\"wp-block-file--media-65a6bebf-3541-4881-bba0-a7332fa4ee0f\" href=\"https:\/\/www.ipleiria.pt\/estm\/wp-content\/uploads\/sites\/28\/2024\/10\/ESTM_Plano-atividades-2018_vf-CR.pdf\" target=\"_blank\" rel=\"noreferrer noopener\">Plano de Atividades de 2018<\/a><\/div>\n<\/div>\n\n\n\n<div class=\"wp-container-5 wp-block-column\">\n<div class=\"wp-block-file\"><a id=\"wp-block-file--media-912c5369-a1c0-48f3-a4c7-8ee5a443871c\" href=\"https:\/\/www.ipleiria.pt\/estm\/wp-content\/uploads\/sites\/28\/2024\/10\/ESTM_Plano-atividades-2017_CR.pdf\" target=\"_blank\" rel=\"noreferrer noopener\">Plano de Atividades de 2017<\/a><\/div>\n\n\n\n<div class=\"wp-block-file\"><a id=\"wp-block-file--media-5fb194bb-1662-4840-8e41-b98a5a667a48\" href=\"https:\/\/www.ipleiria.pt\/estm\/wp-content\/uploads\/sites\/28\/2024\/10\/Plano-Ativi_ESTM_2016_aprovado-CR.pdf\" target=\"_blank\" rel=\"noreferrer noopener\">Plano de Atividades de 2016<\/a><\/div>\n\n\n\n<div class=\"wp-block-file\"><a id=\"wp-block-file--media-c4b05344-9382-47d6-8f54-39d8bf0be1ff\" href=\"https:\/\/www.ipleiria.pt\/estm\/wp-content\/uploads\/sites\/28\/2024\/10\/Plano-Ativi_ESTM_2015_aprovado-CR.pdf\" target=\"_blank\" rel=\"noreferrer noopener\">Plano de Atividades de 2015<\/a><\/div>\n\n\n\n<div class=\"wp-block-file\"><a id=\"wp-block-file--media-b9e9d34a-dc82-46aa-9709-59778e6db808\" href=\"https:\/\/www.ipleiria.pt\/estm\/wp-content\/uploads\/sites\/28\/2024\/10\/21564_PA_ESTM_2014_aprovado_CR.pdf\" target=\"_blank\" rel=\"noreferrer noopener\">Plano de Atividades de 2014<\/a><\/div>\n\n\n\n<div class=\"wp-block-file\"><a id=\"wp-block-file--media-677192cd-3b1e-4020-a95b-45b569e9fb46\" href=\"https:\/\/www.ipleiria.pt\/estm\/wp-content\/uploads\/sites\/28\/2024\/10\/21370_PA_2013_aprovado_CR.pdf\" target=\"_blank\" rel=\"noreferrer noopener\">Plano de Atividades de 2013<\/a><\/div>\n\n\n\n<div class=\"wp-block-file\"><a id=\"wp-block-file--media-3ab6caec-06a7-4ca6-b379-b0bea2f2720d\" href=\"https:\/\/www.ipleiria.pt\/estm\/wp-content\/uploads\/sites\/28\/2024\/10\/21369_PA_2012_final.pdf\" target=\"_blank\" rel=\"noreferrer noopener\">Plano de Atividades de 2012<\/a><\/div>\n\n\n\n<div class=\"wp-block-file\"><a id=\"wp-block-file--media-815ba57e-eaf6-48a9-a8b9-1b072d1c7dce\" href=\"https:\/\/www.ipleiria.pt\/estm\/wp-content\/uploads\/sites\/28\/2024\/10\/21368_PA_2011_Final.pdf\" target=\"_blank\" rel=\"noreferrer noopener\">Plano de Atividades de 2011<\/a><\/div>\n\n\n\n<div class=\"wp-block-file\"><a id=\"wp-block-file--media-7f61cb7d-16a9-4cf9-8264-ce555accad0d\" href=\"https:\/\/www.ipleiria.pt\/estm\/wp-content\/uploads\/sites\/28\/2024\/10\/21367_PA_2010_final-1.pdf\" target=\"_blank\" rel=\"noreferrer noopener\">Plano de Atividades de 2010<\/a><\/div>\n<\/div>\n<\/div>\n\n\n\n<hr class=\"wp-block-separator has-alpha-channel-opacity is-style-wide\"\/>\n\n\n\n<p class=\"is-style-theme-subtitle\">Gest\u00e3o<\/p>\n\n\n\n<h2 class=\"is-style-theme-title\" id=\"relatorios-de-atividades\">Relat\u00f3rios de Atividades<\/h2>\n\n\n\n<div class=\"wp-container-9 wp-block-columns\">\n<div class=\"wp-container-7 wp-block-column\">\n<p>O Relat\u00f3rio de Atividades pretende registar o percurso da atividade anual face ao que tinha sido estabelecido no Plano de Atividades, referindo a execu\u00e7\u00e3o dos objetivos, o grau de realiza\u00e7\u00e3o dos programas e a\u00e7\u00f5es propostas, assim como o n\u00edvel de recursos utilizados.<\/p>\n<\/div>\n\n\n\n<div class=\"wp-container-8 wp-block-column\"><\/div>\n<\/div>\n\n\n\n<div class=\"wp-container-12 wp-block-columns\">\n<div class=\"wp-container-10 wp-block-column\">\n<p><a href=\"https:\/\/www.ipleiria.pt\/estm\/wp-content\/uploads\/sites\/28\/2025\/07\/Relat_Ativ_ESTM_2024_vf.pdf\" data-type=\"URL\" data-id=\"https:\/\/www.ipleiria.pt\/estm\/wp-content\/uploads\/sites\/28\/2025\/07\/Relat_Ativ_ESTM_2024_vf.pdf\" target=\"_blank\" rel=\"noreferrer noopener\">Relat\u00f3rio de Atividades de 2024<\/a><\/p>\n\n\n\n<div class=\"wp-block-file\"><a id=\"wp-block-file--media-6edf5318-c186-4b59-b4f9-218cd348167f\" href=\"https:\/\/www.ipleiria.pt\/estm\/wp-content\/uploads\/sites\/28\/2024\/10\/ESTM_Relatorio-Atividades-2023-CR-20240514_aprovado.pdf\" target=\"_blank\" rel=\"noreferrer noopener\">Relat\u00f3rio de Atividades de 2023<\/a><\/div>\n\n\n\n<div class=\"wp-block-file\"><a id=\"wp-block-file--media-0cee76c9-7773-470a-9908-7b72954a104d\" href=\"https:\/\/www.ipleiria.pt\/estm\/wp-content\/uploads\/sites\/28\/2024\/10\/ESTM_Relatorio-Atividades-2022_vCR.pdf\" target=\"_blank\" rel=\"noreferrer noopener\">Relat\u00f3rio de Atividades de 2022<\/a><\/div>\n\n\n\n<div class=\"wp-block-file\"><a id=\"wp-block-file--media-aedb94a1-5e7f-4706-b078-d9c71578b16c\" href=\"https:\/\/www.ipleiria.pt\/estm\/wp-content\/uploads\/sites\/28\/2024\/10\/RELATORIO-ATIVIDADES-2021.pdf\" target=\"_blank\" rel=\"noreferrer noopener\">Relat\u00f3rio de Atividades de 2021<\/a><\/div>\n\n\n\n<div class=\"wp-block-file\"><a id=\"wp-block-file--media-649afe74-3781-4844-abcd-7f14e2328249\" href=\"https:\/\/www.ipleiria.pt\/estm\/wp-content\/uploads\/sites\/28\/2024\/10\/Relat_Ativ_ESTM_2020_vf.pdf\" target=\"_blank\" rel=\"noreferrer noopener\">Relat\u00f3rio de Atividades de 2020<\/a><\/div>\n\n\n\n<div class=\"wp-block-file\"><a id=\"wp-block-file--media-6870b273-52fe-469b-821c-5cfa301ce853\" href=\"https:\/\/www.ipleiria.pt\/estm\/wp-content\/uploads\/sites\/28\/2024\/10\/Relat_Ativ_ESTM_2019_aprovado-CR.pdf\" target=\"_blank\" rel=\"noreferrer noopener\">Relat\u00f3rio de Atividades de 2019<\/a><\/div>\n\n\n\n<div class=\"wp-block-file\"><a id=\"wp-block-file--media-715dacd1-bf53-4cbd-930d-8a593a725e3b\" href=\"https:\/\/www.ipleiria.pt\/estm\/wp-content\/uploads\/sites\/28\/2024\/10\/Relat_Ativ_ESTM_2018_v.CR_.pdf\" target=\"_blank\" rel=\"noreferrer noopener\">Relat\u00f3rio de Atividades de 2018<\/a><\/div>\n\n\n\n<div class=\"wp-block-file\"><a id=\"wp-block-file--media-33fa0c3b-ffe2-477f-97d4-450c46776329\" href=\"https:\/\/www.ipleiria.pt\/estm\/wp-content\/uploads\/sites\/28\/2024\/10\/Relat_Ativ_ESTM_2017_vf-CR.pdf\" target=\"_blank\" rel=\"noreferrer noopener\">Relat\u00f3rio de Atividades de 2017<\/a><\/div>\n<\/div>\n\n\n\n<div class=\"wp-container-11 wp-block-column\">\n<div class=\"wp-block-file\"><a id=\"wp-block-file--media-b9af62e1-0fad-486e-b184-528460d20385\" href=\"https:\/\/www.ipleiria.pt\/estm\/wp-content\/uploads\/sites\/28\/2024\/10\/Relat_Ativ_ESTM_2016_aprovado-CR.docx.pdf\" target=\"_blank\" rel=\"noreferrer noopener\">Relat\u00f3rio de Atividades de 2016<\/a><\/div>\n\n\n\n<div class=\"wp-block-file\"><a id=\"wp-block-file--media-56bbd887-6f38-44b2-8b04-7d263b679c37\" href=\"https:\/\/www.ipleiria.pt\/estm\/wp-content\/uploads\/sites\/28\/2024\/10\/Relat_Ativ_ESTM_2015_aprovado-CR.pdf\" target=\"_blank\" rel=\"noreferrer noopener\">Relat\u00f3rio de Atividades de 2015<\/a><\/div>\n\n\n\n<div class=\"wp-block-file\"><a id=\"wp-block-file--media-ea45a452-d122-4392-81dd-7d697f006b57\" href=\"https:\/\/www.ipleiria.pt\/estm\/wp-content\/uploads\/sites\/28\/2024\/10\/Relat_Ativ_ESTM_2014_aprovado-CR.pdf\" target=\"_blank\" rel=\"noreferrer noopener\">Relat\u00f3rio de Atividades de 2014<\/a><\/div>\n\n\n\n<div class=\"wp-block-file\"><a id=\"wp-block-file--media-d707a412-b207-48ff-91fe-887e4396095d\" href=\"https:\/\/www.ipleiria.pt\/estm\/wp-content\/uploads\/sites\/28\/2024\/10\/21563_Relat_Ativ_ESTM_2013_aprovado_CR_to.pdf\" target=\"_blank\" rel=\"noreferrer noopener\">Relat\u00f3rio de Atividades de 2013<\/a><\/div>\n\n\n\n<div class=\"wp-block-file\"><a id=\"wp-block-file--media-a413db6d-950e-4bf0-973b-a6c8ba3cfa99\" href=\"https:\/\/www.ipleiria.pt\/estm\/wp-content\/uploads\/sites\/28\/2024\/10\/21379_Relat_act_ESTM_2012_aprovado_CR.pdf\" target=\"_blank\" rel=\"noreferrer noopener\">Relat\u00f3rio de Atividades de 2012<\/a><\/div>\n\n\n\n<div class=\"wp-block-file\"><a id=\"wp-block-file--media-cc51c7e7-84a1-4f4f-8c2e-c6f8a5dee8ca\" href=\"https:\/\/www.ipleiria.pt\/estm\/wp-content\/uploads\/sites\/28\/2024\/10\/21378_RELAT_ACT_2011__final.pdf\" target=\"_blank\" rel=\"noreferrer noopener\">Relat\u00f3rio de Atividades de 2011<\/a><\/div>\n\n\n\n<div class=\"wp-block-file\"><a id=\"wp-block-file--media-7df7af45-036b-4c25-8343-b787f2e9f313\" href=\"https:\/\/www.ipleiria.pt\/estm\/wp-content\/uploads\/sites\/28\/2024\/10\/RELAT_ACT_2010-final.pdf\" target=\"_blank\" rel=\"noreferrer noopener\">Relat\u00f3rio de Atividades de 2010<\/a><\/div>\n<\/div>\n<\/div>\n","protected":false},"excerpt":{"rendered":"Gest\u00e3o Planos de Atividades O Plano de Atividades \u00e9 um instrumento de gest\u00e3o que integra o processo de planeamento e constitui uma pe\u00e7a fundamental, a partir da qual se define para um determinado per\u00edodo de tempo (em regra, um ano) os objetivos, a estrat\u00e9gia e metodologia a seguir, assim como os meios e recursos a [&hellip;]","protected":false},"author":4,"featured_media":0,"parent":549,"menu_order":10,"comment_status":"closed","ping_status":"closed","template":"","meta":{"multilingual_post_translation":"","page_post-custom-url":"","page_post-custom-url-target":""},"_links":{"self":[{"href":"https:\/\/www.ipleiria.pt\/estm\/wp-json\/wp\/v2\/pages\/551"}],"collection":[{"href":"https:\/\/www.ipleiria.pt\/estm\/wp-json\/wp\/v2\/pages"}],"about":[{"href":"https:\/\/www.ipleiria.pt\/estm\/wp-json\/wp\/v2\/types\/page"}],"author":[{"embeddable":true,"href":"https:\/\/www.ipleiria.pt\/estm\/wp-json\/wp\/v2\/users\/4"}],"replies":[{"embeddable":true,"href":"https:\/\/www.ipleiria.pt\/estm\/wp-json\/wp\/v2\/comments?post=551"}],"version-history":[{"count":10,"href":"https:\/\/www.ipleiria.pt\/estm\/wp-json\/wp\/v2\/pages\/551\/revisions"}],"predecessor-version":[{"id":10260,"href":"https:\/\/www.ipleiria.pt\/estm\/wp-json\/wp\/v2\/pages\/551\/revisions\/10260"}],"up":[{"embeddable":true,"href":"https:\/\/www.ipleiria.pt\/estm\/wp-json\/wp\/v2\/pages\/549"}],"wp:attachment":[{"href":"https:\/\/www.ipleiria.pt\/estm\/wp-json\/wp\/v2\/media?parent=551"}],"curies":[{"name":"wp","href":"https:\/\/api.w.org\/{rel}","templated":true}]}}