{"id":553,"date":"2024-10-02T14:50:42","date_gmt":"2024-10-02T13:50:42","guid":{"rendered":"https:\/\/www.ipleiria.pt\/estm\/?page_id=553"},"modified":"2026-01-09T12:06:41","modified_gmt":"2026-01-09T12:06:41","slug":"legislacao","status":"publish","type":"page","link":"https:\/\/www.ipleiria.pt\/estm\/escola\/informacoes\/legislacao\/","title":{"rendered":"Legisla\u00e7\u00e3o"},"content":{"rendered":"\n<div class=\"wp-block-pt-ipleiria-ued-wp-theme-ipleiria-gutenbergblocks-moc gbmoc\" role=\"navigation\" aria-label=\"Menu de conte\u00fados\"><div class=\"gbmoc-menu-wrapper\"><div id=\"gbmoc-be0306-09-menu-container\" class=\"gbmoc-menu-container\"><div class=\"gbmoc-title\" id=\"gbmoc-be0306-09-title\">Ir para:<\/div><ul aria-describedby=\"gbmoc-be0306-09-title\" class=\"gbmoc-menuitems\"><li><a href=\"#legislacao\">Legisla\u00e7\u00e3o<\/a><\/li><li><a href=\"#estatutos-da-estm\">Estatutos da ESTM<\/a><\/li><li><a href=\"#orgaos-da-estm\">\u00d3rg\u00e3os da ESTM<\/a><\/li><li><a href=\"#regulamentacao-da-estm\">Regulamenta\u00e7\u00e3o da ESTM<\/a><\/li><li><a href=\"#estudantes-da-estm\">Estudantes da ESTM<\/a><\/li><li><a href=\"#docentes-da-estm\">Docentes da ESTM<\/a><\/li><li><a href=\"#nao-docentes-da-estm\">Pessoal T\u00e9cnico e Administrativo<\/a><\/li><li><a href=\"#delegacoes-de-competencia\">Delega\u00e7\u00f5es de compet\u00eancia<\/a><\/li><li><a href=\"#regulamentos-academicos-do-politecnico\">Regulamentos Acad\u00e9micos do Polit\u00e9cnico<\/a><\/li><li class=\"gbmoc-scroll-to-top-wrapper\"><a class=\"gbmoc-scroll-to-top\" href=\"#top\">Topo<\/a><\/li><\/ul><\/div><\/div><\/div>\n\n\n\n<p class=\"is-style-theme-subtitle\">ESTM<\/p>\n\n\n\n<h2 class=\"is-style-theme-title\" id=\"legislacao\">Legisla\u00e7\u00e3o<\/h2>\n\n\n\n<div class=\"wp-container-3 wp-block-columns\">\n<div class=\"wp-container-1 wp-block-column\">\n<p>Como institui\u00e7\u00e3o de ensino superior p\u00fablico, o Polit\u00e9cnico de Leiria rege-se por princ\u00edpios e normas legais. Estas podem ter um car\u00e1ter gen\u00e9rico ou ser espec\u00edficas do Instituto e das cinco escolas que o comp\u00f5em: Escola Superior de Educa\u00e7\u00e3o e Ci\u00eancias Sociais, Escola Superior de Tecnologia e Gest\u00e3o, Escola Superior de Artes e Design, Escola Superior de Turismo e Tecnologia do Mar e Escola Superior de Sa\u00fade. Existe, al\u00e9m disso, legisla\u00e7\u00e3o pr\u00f3pria dirigida aos estudantes, docentes e pessoal t\u00e9cnico e administrativo do Polit\u00e9cnico de Leiria.<\/p>\n\n\n\n<p>Para teres acesso a toda a legisla\u00e7\u00e3o,&nbsp;<a href=\"https:\/\/www.ipleiria.pt\/ipleiria\/legislacao\/\" target=\"_blank\" rel=\"noreferrer noopener\">segue para a p\u00e1gina do Polit\u00e9cnico de Leiria.<\/a><\/p>\n<\/div>\n\n\n\n<div class=\"wp-container-2 wp-block-column\">\n<figure class=\"wp-block-image size-full\"><img loading=\"lazy\" width=\"1024\" height=\"683\" src=\"https:\/\/www.ipleiria.pt\/estm\/wp-content\/uploads\/sites\/28\/2024\/10\/webpc-passthru-1.webp\" alt=\"\" class=\"wp-image-2311\" srcset=\"https:\/\/www.ipleiria.pt\/estm\/wp-content\/uploads\/sites\/28\/2024\/10\/webpc-passthru-1.webp 1024w, https:\/\/www.ipleiria.pt\/estm\/wp-content\/uploads\/sites\/28\/2024\/10\/webpc-passthru-1-300x200.webp 300w, https:\/\/www.ipleiria.pt\/estm\/wp-content\/uploads\/sites\/28\/2024\/10\/webpc-passthru-1-768x512.webp 768w\" sizes=\"(max-width: 1024px) 100vw, 1024px\" \/><\/figure>\n<\/div>\n<\/div>\n\n\n\n<hr class=\"wp-block-separator has-alpha-channel-opacity is-style-wide\"\/>\n\n\n\n<p class=\"is-style-theme-subtitle\">Legisla\u00e7\u00e3o<\/p>\n\n\n\n<h2 class=\"is-style-theme-title\" id=\"estatutos-da-estm\">Estatutos da ESTM<\/h2>\n\n\n\n<div class=\"wp-container-6 wp-block-columns\">\n<div class=\"wp-container-4 wp-block-column\">\n<p>Homologa os Estatutos da Escola Superior de Turismo e Tecnologia do Mar de Peniche.<\/p>\n\n\n\n<div class=\"wp-block-file\"><a id=\"wp-block-file--media-2fec126c-de95-476d-aa23-64b46134dca2\" href=\"https:\/\/www.ipleiria.pt\/estm\/wp-content\/uploads\/sites\/28\/2025\/10\/ESTATUTOS-ESTM-DESPACHO-12432_2025.pdf\" target=\"_blank\" rel=\"noreferrer noopener\">Despacho n.\u00ba 12432\/2025<\/a><\/div>\n\n\n\n<p>Cria, no Polit\u00e9cnico de Leiria, a Escola Superior de Tecnologia do Mar (atual Escola Superior de Turismo e Tecnologia do Mar), com as altera\u00e7\u00f5es introduzidas pelo Decreto-Lei n.\u00ba 264\/99, de 14 de julho<\/p>\n\n\n\n<div class=\"wp-block-file\"><a id=\"wp-block-file--media-71142a47-5f46-400a-b3fc-501010fc9635\" href=\"https:\/\/www.ipleiria.pt\/estm\/wp-content\/uploads\/sites\/28\/2024\/10\/315_DecretoLei_n.o_15991_de_26_de__Abril.pdf\" target=\"_blank\" rel=\"noreferrer noopener\">Decreto-Lei n.\u00ba 159\/91, de 26 de abril<\/a><\/div>\n<\/div>\n\n\n\n<div class=\"wp-container-5 wp-block-column\"><\/div>\n<\/div>\n\n\n\n<hr class=\"wp-block-separator has-alpha-channel-opacity is-style-wide\"\/>\n\n\n\n<p class=\"is-style-theme-subtitle\">Legisla\u00e7\u00e3o<\/p>\n\n\n\n<h2 class=\"is-style-theme-title\" id=\"orgaos-da-estm\">\u00d3rg\u00e3os da ESTM<\/h2>\n\n\n\n<div style=\"height:20px\" aria-hidden=\"true\" class=\"wp-block-spacer\"><\/div>\n\n\n\n<div class=\"wp-container-9 wp-block-columns\">\n<div class=\"wp-container-7 wp-block-column\">\n<div class=\"wp-block-file\"><a id=\"wp-block-file--media-53eadb44-7d84-4c35-bdce-90626ca4d374\" href=\"https:\/\/www.ipleiria.pt\/estm\/wp-content\/uploads\/sites\/28\/2024\/10\/21442_Regulamento_eleitoral_CP_homologado.pdf\" target=\"_blank\" rel=\"noreferrer noopener\">Regulamento eleitoral do Conselho Pedag\u00f3gico<\/a><\/div>\n<\/div>\n\n\n\n<div class=\"wp-container-8 wp-block-column\"><\/div>\n<\/div>\n\n\n\n<div class=\"wp-block-file\"><a id=\"wp-block-file--media-366fdf1a-3891-4cc2-a614-9f0949c700df\" href=\"https:\/\/www.ipleiria.pt\/estm\/wp-content\/uploads\/sites\/28\/2024\/10\/21443_Regulamento_eleitoral_CTC_homologado.pdf\" target=\"_blank\" rel=\"noreferrer noopener\">Regulamento eleitoral do Conselho T\u00e9cnico-Cient\u00edfico<\/a><\/div>\n\n\n\n<div class=\"wp-block-file\"><a id=\"wp-block-file--media-c7d10411-737d-44d3-a059-43090965e042\" href=\"https:\/\/www.ipleiria.pt\/estm\/wp-content\/uploads\/sites\/28\/2024\/10\/23818_Regulamento_CR_ESTM.pdf\" target=\"_blank\" rel=\"noreferrer noopener\">Regulamento eleitoral do Conselho de Representantes<\/a><\/div>\n\n\n\n<hr class=\"wp-block-separator has-alpha-channel-opacity is-style-wide\"\/>\n\n\n\n<p class=\"is-style-theme-subtitle\">Legisla\u00e7\u00e3o<\/p>\n\n\n\n<h2 class=\"is-style-theme-title\" id=\"regulamentacao-da-estm\">Regulamenta\u00e7\u00e3o da ESTM<\/h2>\n\n\n\n<div style=\"height:20px\" aria-hidden=\"true\" class=\"wp-block-spacer\"><\/div>\n\n\n\n<div class=\"wp-container-12 wp-block-columns\">\n<div class=\"wp-container-10 wp-block-column\">\n<div class=\"wp-block-file\"><a id=\"wp-block-file--media-cb14a3c1-bf58-420b-a53b-73bffb2897d4\" href=\"https:\/\/www.ipleiria.pt\/estm\/wp-content\/uploads\/sites\/28\/2024\/10\/15858_Publicacao_em_DR__regulamento_acess.pdf\" target=\"_blank\" rel=\"noreferrer noopener\">Regulamento de acesso e perman\u00eancia de pessoas nas instala\u00e7\u00f5es da Escola<\/a><\/div>\n\n\n\n<div class=\"wp-block-file\"><a id=\"wp-block-file--media-5f516ba1-6044-4459-9841-fbe06d0e5a39\" href=\"https:\/\/www.ipleiria.pt\/estm\/wp-content\/uploads\/sites\/28\/2024\/10\/Desp.167.2016.pdf\" target=\"_blank\" rel=\"noreferrer noopener\">Regulamento dos Servi\u00e7os Administrativos Pr\u00f3prios da Escola<\/a><\/div>\n\n\n\n<div class=\"wp-block-file\"><a id=\"wp-block-file--media-5a48d434-5518-422e-876e-4fbfea965316\" href=\"https:\/\/www.ipleiria.pt\/estm\/wp-content\/uploads\/sites\/28\/2024\/10\/Regulamento-de-Utilizacao-e-Cedencia-de-Espacos-do-Instituto-Politecnico-de-Leiria.pdf\" target=\"_blank\" rel=\"noreferrer noopener\">Regulamento de Utiliza\u00e7\u00e3o e Ced\u00eancia de Espa\u00e7os do Polit\u00e9cnico de Leiria<\/a><\/div>\n\n\n\n<div class=\"wp-block-file\"><a id=\"wp-block-file--media-ebdf5064-0f78-4d66-9d56-287a7bc0a8e9\" href=\"https:\/\/www.ipleiria.pt\/estm\/wp-content\/uploads\/sites\/28\/2025\/09\/V_1.3_Tab.Precos-Ced.-Esp._IPLeiria_04_09_2025.pdf\" target=\"_blank\" rel=\"noreferrer noopener\">Tabela de Pre\u00e7os de Ced\u00eancia de Espa\u00e7os<\/a><\/div>\n<\/div>\n\n\n\n<div class=\"wp-container-11 wp-block-column\">\n<p><\/p>\n<\/div>\n<\/div>\n\n\n\n<hr class=\"wp-block-separator has-alpha-channel-opacity is-style-wide\"\/>\n\n\n\n<p class=\"is-style-theme-subtitle\">Legisla\u00e7\u00e3o<\/p>\n\n\n\n<h2 class=\"is-style-theme-title\" id=\"estudantes-da-estm\">Estudantes da ESTM<\/h2>\n\n\n\n<div style=\"height:20px\" aria-hidden=\"true\" class=\"wp-block-spacer\"><\/div>\n\n\n\n<div class=\"wp-container-18 wp-block-columns\">\n<div class=\"wp-container-16 wp-block-column\">\n<div class=\"wp-block-file\"><a id=\"wp-block-file--media-2adc9dda-6f57-406f-8253-8d704bfaa0d8\" href=\"https:\/\/www.ipleiria.pt\/estm\/wp-content\/uploads\/sites\/28\/2024\/10\/egulamento-de-Avaliacao-do-Aproveitamento-dos-Estudantes-da-ESTM.pdf\">Regulamento de Avalia\u00e7\u00e3o do Aproveitamento dos Estudantes<\/a><\/div>\n\n\n\n<div class=\"wp-container-15 wp-block-columns\">\n<div class=\"wp-container-13 wp-block-column\">\n<div class=\"wp-block-file\"><a id=\"wp-block-file--media-9b8472a0-559d-46d3-862c-7b334b8375b3\" href=\"https:\/\/www.ipleiria.pt\/estm\/wp-content\/uploads\/sites\/28\/2024\/10\/Regulamento-n.o-10512016-Diario-da-Republica-n.o-2222016-Serie-II-de-2016-11-18-1.pdf\" target=\"_blank\" rel=\"noreferrer noopener\">Regulamento de Faltas <\/a><\/div>\n<\/div>\n\n\n\n<div class=\"wp-container-14 wp-block-column\">\n<div class=\"wp-block-file\"><a id=\"wp-block-file--media-d98ce29e-47b0-4d16-82cf-113f6d8f28e4\" href=\"https:\/\/www.ipleiria.pt\/estm\/wp-content\/uploads\/sites\/28\/2024\/10\/Despacho-n.o-16_2018-Justificacao-de-faltas-dos-estudantes.pdf\" target=\"_blank\" rel=\"noreferrer noopener\">Respetiva altera\u00e7\u00e3o<\/a><\/div>\n<\/div>\n<\/div>\n\n\n\n<div class=\"wp-block-file\"><a id=\"wp-block-file--media-29ae44cd-a17e-4021-87db-df9adda864c2\" href=\"https:\/\/www.ipleiria.pt\/estm\/wp-content\/uploads\/sites\/28\/2024\/10\/3651736520.pdf\" target=\"_blank\" rel=\"noreferrer noopener\">Regulamento de Est\u00e1gios Curriculares e Extracurriculares<\/a><\/div>\n<\/div>\n\n\n\n<div class=\"wp-container-17 wp-block-column\"><\/div>\n<\/div>\n\n\n\n<hr class=\"wp-block-separator has-alpha-channel-opacity is-style-wide\"\/>\n\n\n\n<p class=\"is-style-theme-subtitle\">Legisla\u00e7\u00e3o<\/p>\n\n\n\n<h2 class=\"is-style-theme-title\" id=\"docentes-da-estm\">Docentes da ESTM<\/h2>\n\n\n\n<div style=\"height:20px\" aria-hidden=\"true\" class=\"wp-block-spacer\"><\/div>\n\n\n\n<div class=\"wp-container-21 wp-block-columns\">\n<div class=\"wp-container-19 wp-block-column\">\n<div class=\"wp-block-file\"><a id=\"wp-block-file--media-10fc801c-e498-4dbc-bcd6-a1adc7e23d19\" href=\"https:\/\/www.ipleiria.pt\/estm\/wp-content\/uploads\/sites\/28\/2024\/10\/Regulamento-de-Prestacao-de-Servico-dos-Docenteas-do-IPleiria.pdf\" target=\"_blank\" rel=\"noreferrer noopener\">Regulamento de Presta\u00e7\u00e3o de Servi\u00e7os dos Docentes do Polit\u00e9cnico de Leiria<\/a><\/div>\n<\/div>\n\n\n\n<div class=\"wp-container-20 wp-block-column\"><\/div>\n<\/div>\n\n\n\n<hr class=\"wp-block-separator has-alpha-channel-opacity is-style-wide\"\/>\n\n\n\n<p class=\"is-style-theme-subtitle\">Legisla\u00e7\u00e3o<\/p>\n\n\n\n<h2 class=\"is-style-theme-title\" id=\"nao-docentes-da-estm\">Pessoal T\u00e9cnico e Administrativo<\/h2>\n\n\n\n<div style=\"height:20px\" aria-hidden=\"true\" class=\"wp-block-spacer\"><\/div>\n\n\n\n<div class=\"wp-container-24 wp-block-columns\">\n<div class=\"wp-container-22 wp-block-column\">\n<div class=\"wp-block-file\"><a id=\"wp-block-file--media-42fc79f4-c300-4ea3-b12e-ef1c900fb008\" href=\"https:\/\/www.ipleiria.pt\/estm\/wp-content\/uploads\/sites\/28\/2024\/10\/25253_Despacho_156202014.pdf\" target=\"_blank\" rel=\"noreferrer noopener\">Regulamento de assiduidade e dos hor\u00e1rios de trabalho do Polit\u00e9cnico de Leiria e SAS<\/a><\/div>\n\n\n\n<div class=\"wp-block-file\"><a id=\"wp-block-file--media-1f708b1f-9e6a-46f5-944e-2ccbba04ceaa\" href=\"https:\/\/www.ipleiria.pt\/estm\/wp-content\/uploads\/sites\/28\/2024\/10\/Lei-Geral-do-Trabalho-em-Funcoes-Publicas.pdf\" target=\"_blank\" rel=\"noreferrer noopener\">Lei geral do trabalho em fun\u00e7\u00f5es p\u00fablicas<\/a><\/div>\n<\/div>\n\n\n\n<div class=\"wp-container-23 wp-block-column\">\n<p><\/p>\n<\/div>\n<\/div>\n\n\n\n<hr class=\"wp-block-separator has-alpha-channel-opacity is-style-wide\"\/>\n\n\n\n<p class=\"is-style-theme-subtitle\">Legisla\u00e7\u00e3o<\/p>\n\n\n\n<h2 class=\"is-style-theme-title\" id=\"delegacoes-de-competencia\">Delega\u00e7\u00f5es de compet\u00eancia<\/h2>\n\n\n\n<div style=\"height:20px\" aria-hidden=\"true\" class=\"wp-block-spacer\"><\/div>\n\n\n\n<div class=\"wp-container-27 wp-block-columns\">\n<div class=\"wp-container-25 wp-block-column\">\n<div class=\"wp-block-file\"><a id=\"wp-block-file--media-f79289c7-44e5-45b4-9f39-00f79d9b3cd7\" href=\"https:\/\/www.ipleiria.pt\/estm\/wp-content\/uploads\/sites\/28\/2024\/10\/DR_Despacho-n.o-11213_2024_Del.Comp_.DiretorESTM.pdf\" target=\"_blank\" rel=\"noreferrer noopener\">Delega\u00e7\u00e3o de compet\u00eancias do Presidente do Polit\u00e9cnico<\/a><\/div>\n\n\n\n<div class=\"wp-block-file\"><a id=\"wp-block-file--media-f69ac4aa-6de2-4716-b21f-ec4b15b41e1e\" href=\"https:\/\/www.ipleiria.pt\/estm\/wp-content\/uploads\/sites\/28\/2024\/10\/DR_Deliberacao-n.o-1247_2024_Del.Comp_.CG_Diretores.pdf\" target=\"_blank\" rel=\"noreferrer noopener\">Delega\u00e7\u00e3o de compet\u00eancias do Conselho de Gest\u00e3o<\/a><\/div>\n\n\n\n<div class=\"wp-block-file\"><a id=\"wp-block-file--media-098aae8f-70c6-4b71-885f-9d257a17b535\" href=\"https:\/\/www.ipleiria.pt\/estm\/wp-content\/uploads\/sites\/28\/2024\/10\/DR_Deliberacao-n.o-1250_2024_Del.Comp_.CG_FM.pdf\">Delega\u00e7\u00e3o de compet\u00eancias do Conselho de Gest\u00e3o \u2013 Fundo de Maneio<\/a><\/div>\n\n\n\n<div class=\"wp-block-file\"><a id=\"wp-block-file--media-b942c085-90a7-4658-af87-8ef19c25ab67\" href=\"https:\/\/www.ipleiria.pt\/estm\/wp-content\/uploads\/sites\/28\/2024\/10\/DR-subdiretora-substituira-diretor-1.pdf\">Indica\u00e7\u00e3o da subdiretora que substituir\u00e1 o Diretor da ESTM, em caso de aus\u00eancia ou impedimento<\/a><\/div>\n\n\n\n<div class=\"wp-block-file\"><a id=\"wp-block-file--media-4b7e816c-bed8-4104-a226-246b9e1f7fd8\" href=\"https:\/\/www.ipleiria.pt\/estm\/wp-content\/uploads\/sites\/28\/2024\/10\/DR-Nomeacao-Subdiretora-e-regime-de-suplencia.pdf\" target=\"_blank\" rel=\"noreferrer noopener\">Regime de supl\u00eancia<\/a><\/div>\n\n\n\n<p><\/p>\n\n\n\n<div class=\"wp-block-file\"><a id=\"wp-block-file--media-4c243fd2-7d64-4ef2-b7e3-a6eed2c75ff1\" href=\"https:\/\/www.ipleiria.pt\/estm\/wp-content\/uploads\/sites\/28\/2026\/01\/Despacho-n.o-01_2026_Delegacao-e-subdelegacao-competencias-Diretor_signed.pdf\" target=\"_blank\" rel=\"noreferrer noopener\">Delega\u00e7\u00e3o e subdelega\u00e7\u00e3o de compet\u00eancias do Diretor da ESTM<\/a><\/div>\n<\/div>\n\n\n\n<div class=\"wp-container-26 wp-block-column\">\n<p><\/p>\n<\/div>\n<\/div>\n\n\n\n<div class=\"wp-block-file\"><a id=\"wp-block-file--media-4d7a8423-6f20-4494-8c3d-9eee81d5a1d7\" href=\"https:\/\/www.ipleiria.pt\/estm\/wp-content\/uploads\/sites\/28\/2026\/01\/Despacho-n.o-02_2026_Subdelegacao-competencias-Diretor_Fundo-Maneio_signed.pdf\" target=\"_blank\" rel=\"noreferrer noopener\">Subdelega\u00e7\u00e3o de compet\u00eancias do Diretor da ESTM \u2013 Fundo de Maneio<\/a><\/div>\n\n\n\n<hr class=\"wp-block-separator has-alpha-channel-opacity is-style-wide\"\/>\n\n\n\n<p class=\"is-style-theme-subtitle\">Legisla\u00e7\u00e3o<\/p>\n\n\n\n<h2 class=\"is-style-theme-title\" id=\"regulamentos-academicos-do-politecnico\">Regulamentos Acad\u00e9micos do Polit\u00e9cnico<\/h2>\n\n\n\n<div style=\"height:20px\" aria-hidden=\"true\" class=\"wp-block-spacer\"><\/div>\n\n\n\n<div class=\"wp-container-30 wp-block-columns\">\n<div class=\"wp-container-28 wp-block-column\">\n<p><a href=\"https:\/\/www.ipleiria.pt\/politecnico\/institucional\/legislacao\/#estudantes\" data-type=\"URL\" data-id=\"https:\/\/www.ipleiria.pt\/politecnico\/institucional\/legislacao\/#estudantes\" target=\"_blank\" rel=\"noreferrer noopener\">Regulamentos, tabelas de emolumentos, normas e outros<\/a><\/p>\n<\/div>\n\n\n\n<div class=\"wp-container-29 wp-block-column\"><\/div>\n<\/div>\n","protected":false},"excerpt":{"rendered":"ESTM Legisla\u00e7\u00e3o Como institui\u00e7\u00e3o de ensino superior p\u00fablico, o Polit\u00e9cnico de Leiria rege-se por princ\u00edpios e normas legais. Estas podem ter um car\u00e1ter gen\u00e9rico ou ser espec\u00edficas do Instituto e das cinco escolas que o comp\u00f5em: Escola Superior de Educa\u00e7\u00e3o e Ci\u00eancias Sociais, Escola Superior de Tecnologia e Gest\u00e3o, Escola Superior de Artes e Design, [&hellip;]","protected":false},"author":4,"featured_media":0,"parent":549,"menu_order":20,"comment_status":"closed","ping_status":"closed","template":"","meta":{"multilingual_post_translation":"","page_post-custom-url":"","page_post-custom-url-target":""},"_links":{"self":[{"href":"https:\/\/www.ipleiria.pt\/estm\/wp-json\/wp\/v2\/pages\/553"}],"collection":[{"href":"https:\/\/www.ipleiria.pt\/estm\/wp-json\/wp\/v2\/pages"}],"about":[{"href":"https:\/\/www.ipleiria.pt\/estm\/wp-json\/wp\/v2\/types\/page"}],"author":[{"embeddable":true,"href":"https:\/\/www.ipleiria.pt\/estm\/wp-json\/wp\/v2\/users\/4"}],"replies":[{"embeddable":true,"href":"https:\/\/www.ipleiria.pt\/estm\/wp-json\/wp\/v2\/comments?post=553"}],"version-history":[{"count":27,"href":"https:\/\/www.ipleiria.pt\/estm\/wp-json\/wp\/v2\/pages\/553\/revisions"}],"predecessor-version":[{"id":11888,"href":"https:\/\/www.ipleiria.pt\/estm\/wp-json\/wp\/v2\/pages\/553\/revisions\/11888"}],"up":[{"embeddable":true,"href":"https:\/\/www.ipleiria.pt\/estm\/wp-json\/wp\/v2\/pages\/549"}],"wp:attachment":[{"href":"https:\/\/www.ipleiria.pt\/estm\/wp-json\/wp\/v2\/media?parent=553"}],"curies":[{"name":"wp","href":"https:\/\/api.w.org\/{rel}","templated":true}]}}