{"id":555,"date":"2024-10-02T14:51:02","date_gmt":"2024-10-02T13:51:02","guid":{"rendered":"https:\/\/www.ipleiria.pt\/estm\/?page_id=555"},"modified":"2025-10-23T10:54:12","modified_gmt":"2025-10-23T09:54:12","slug":"processos-eleitorais","status":"publish","type":"page","link":"https:\/\/www.ipleiria.pt\/estm\/escola\/informacoes\/processos-eleitorais\/","title":{"rendered":"Processos eleitorais"},"content":{"rendered":"\n<div class=\"wp-block-pt-ipleiria-ued-wp-theme-ipleiria-gutenbergblocks-moc gbmoc\" role=\"navigation\" aria-label=\"Menu de conte\u00fados\"><div class=\"gbmoc-menu-wrapper\"><div id=\"gbmoc-71b16f-6f-menu-container\" class=\"gbmoc-menu-container\"><div class=\"gbmoc-title\" id=\"gbmoc-71b16f-6f-title\">Ir para:<\/div><ul aria-describedby=\"gbmoc-71b16f-6f-title\" class=\"gbmoc-menuitems\"><li><a href=\"#processos-eleitorais\">Processos Eleitorais<\/a><\/li><li><a href=\"#a-decorrer\">A decorrer<\/a><\/li><li><a href=\"#concluidos\">Conclu\u00eddos<\/a><\/li><li class=\"gbmoc-scroll-to-top-wrapper\"><a class=\"gbmoc-scroll-to-top\" href=\"#top\">Topo<\/a><\/li><\/ul><\/div><\/div><\/div>\n\n\n\n<p class=\"is-style-theme-subtitle\">ESTM<\/p>\n\n\n\n<h2 class=\"is-style-theme-title\" id=\"processos-eleitorais\">Processos Eleitorais<\/h2>\n\n\n\n<div class=\"wp-container-3 wp-block-columns\">\n<div class=\"wp-container-1 wp-block-column\">\n<p>Os Estatutos do Instituto Polit\u00e9cnico de Leiria (IPLeiria) prev\u00ea a exist\u00eancia nas Escolas Superiores, de um \u00f3rg\u00e3o colegial de natureza executiva, o diretor; um \u00f3rg\u00e3o colegial de natureza representativa, o conselho de representantes; um \u00f3rg\u00e3o colegial de natureza t\u00e9cnico-cient\u00edfica, o conselho t\u00e9cnico-cient\u00edfico, e um \u00f3rg\u00e3o colegial de natureza pedag\u00f3gica, o conselho pedag\u00f3gico.<\/p>\n\n\n\n<p>As elei\u00e7\u00f5es para estes \u00f3rg\u00e3os colegiais devem ser feitas de acordo com o previsto nos Estatutos e em regulamento eleitoral da unidade org\u00e2nica, nos termos do RJIES.<\/p>\n<\/div>\n\n\n\n<div class=\"wp-container-2 wp-block-column\">\n<div class=\"wp-block-file\"><a id=\"wp-block-file--media-b6e5c76c-4ee9-45fd-b1b6-42729b774859\" href=\"https:\/\/www.ipleiria.pt\/estm\/wp-content\/uploads\/sites\/28\/2024\/10\/21442_Regulamento_eleitoral_CP_homologado-1.pdf\" target=\"_blank\" rel=\"noreferrer noopener\">Regulamento eleitoral do Conselho Pedag\u00f3gico<\/a><\/div>\n\n\n\n<div class=\"wp-block-file\"><a id=\"wp-block-file--media-9f407389-f2dc-456a-9867-81c9e8ee9a4f\" href=\"https:\/\/www.ipleiria.pt\/estm\/wp-content\/uploads\/sites\/28\/2024\/10\/21443_Regulamento_eleitoral_CTC_homologado-1.pdf\" target=\"_blank\" rel=\"noreferrer noopener\">Regulamento eleitoral do Conselho T\u00e9cnico-Cient\u00edfico<\/a><\/div>\n\n\n\n<div class=\"wp-block-file\"><a id=\"wp-block-file--media-8f287e45-81e6-49df-b22b-b0406c81d830\" href=\"https:\/\/www.ipleiria.pt\/estm\/wp-content\/uploads\/sites\/28\/2024\/10\/23818_Regulamento_CR_ESTM-1.pdf\" target=\"_blank\" rel=\"noreferrer noopener\">Regulamento eleitoral do Conselho de Representantes<\/a><\/div>\n<\/div>\n<\/div>\n\n\n\n<hr class=\"wp-block-separator has-alpha-channel-opacity is-style-wide\"\/>\n\n\n\n<p class=\"is-style-theme-subtitle\">Processos Eleitorais <\/p>\n\n\n\n<h2 class=\"is-style-theme-title\" id=\"a-decorrer\">A decorrer<\/h2>\n\n\n\n<hr class=\"wp-block-separator has-alpha-channel-opacity is-style-wide\"\/>\n\n\n\n<p class=\"is-style-theme-subtitle\">Processos Eleitorais <\/p>\n\n\n\n<h2 class=\"is-style-theme-title\" id=\"concluidos\">Conclu\u00eddos<\/h2>\n\n\n\n<div class=\"wp-container-8 wp-block-columns\">\n<div class=\"wp-container-6 wp-block-column\">\n<h3><strong>Elei\u00e7\u00e3o para Conselho de Representantes<\/strong><\/h3>\n\n\n\n<p>Processo eleitoral intercalar para os representantes dos assistentes e docentes convidados \u2013 29\/10\/2024<\/p>\n\n\n\n<div class=\"wp-container-5 wp-block-columns\">\n<div class=\"wp-container-4 wp-block-column\">\n<div class=\"wp-block-file\"><a id=\"wp-block-file--media-d2dccf1a-4908-4b36-a1e7-84f037422d7a\" href=\"https:\/\/www.ipleiria.pt\/estm\/wp-content\/uploads\/sites\/28\/2024\/10\/Despacho-n.o-20_2024-Processo-eleitoral-intercalar-CR_signed.pdf\" target=\"_blank\" rel=\"noreferrer noopener\">Calend\u00e1rio Eleitoral<\/a><\/div>\n<\/div>\n<\/div>\n\n\n\n<div class=\"wp-block-file\"><a id=\"wp-block-file--media-98ec3b29-d279-4b15-ab8e-63e680a036a3\" href=\"https:\/\/www.ipleiria.pt\/estm\/wp-content\/uploads\/sites\/28\/2024\/10\/Despacho-n.o-21_2024-Cadernos-eleitorais_Processo-eleitoral-intercalar-CR_signed.pdf\" target=\"_blank\" rel=\"noreferrer noopener\">Cadernos Eleitorais<\/a><\/div>\n\n\n\n<div class=\"wp-block-file\"><a id=\"wp-block-file--media-9557da8c-7b5b-4140-b707-b4b1b405da79\" href=\"https:\/\/www.ipleiria.pt\/estm\/wp-content\/uploads\/sites\/28\/2024\/10\/Despacho-n.o-22_2024-Cadernos-eleitorais-definitivos_Processo-eleitoral-intercalar-CR_signed.pdf\" target=\"_blank\" rel=\"noreferrer noopener\">Cadernos Eleitorais Definitivos<\/a><\/div>\n\n\n\n<div class=\"wp-block-file\"><a id=\"wp-block-file--media-a05d6586-df16-4af7-9600-9417ea9c91f4\" href=\"https:\/\/www.ipleiria.pt\/estm\/wp-content\/uploads\/sites\/28\/2024\/10\/DESPACHO-N_23_2024-Votacao-Plurinominal_Processo-eleitoral-intercalar-CR_signed.pdf\" target=\"_blank\" rel=\"noreferrer noopener\">Aus\u00eancia de Candidaturas\/Vota\u00e7\u00e3o Plurinominal<\/a><\/div>\n\n\n\n<div class=\"wp-block-file\"><a id=\"wp-block-file--media-f783b509-0c89-4ff1-a02a-1719978249f6\" href=\"https:\/\/www.ipleiria.pt\/estm\/wp-content\/uploads\/sites\/28\/2024\/10\/Despacho-n.o-24_2024-Correcao-oficiosa_Cadernos-eleitorais-definitivos_Processo-eleitoral-intercalar-CR_signed.pdf\" target=\"_blank\" rel=\"noreferrer noopener\">Cadernos Eleitorais Definitivos \u2013 corre\u00e7\u00e3o oficiosa <\/a><\/div>\n\n\n\n<div class=\"wp-block-file\"><a id=\"wp-block-file--media-af6605ed-3cc8-4bcd-9a49-131bf409bcf7\" href=\"https:\/\/www.ipleiria.pt\/estm\/wp-content\/uploads\/sites\/28\/2024\/10\/Despacho-n.o-25_2024-Mesa-voto_Processo-eleitoral-intercalar-CR_signed.pdf\" target=\"_blank\" rel=\"noreferrer noopener\">Mesa de Voto<\/a><\/div>\n\n\n\n<div class=\"wp-block-file\"><a id=\"wp-block-file--media-22dd1a98-cbba-481b-bcf6-3333258992fe\" href=\"https:\/\/www.ipleiria.pt\/estm\/wp-content\/uploads\/sites\/28\/2024\/11\/Despacho-n.o-26_2024-Resultados-provisorios_Processo-eleitoral-intercalar-CR_signed-1.pdf\" target=\"_blank\" rel=\"noreferrer noopener\">Resultados Provisorios<\/a><\/div>\n\n\n\n<div class=\"wp-block-file\"><a id=\"wp-block-file--media-64a26b33-977d-402b-94dd-d2b60f89aefe\" href=\"https:\/\/www.ipleiria.pt\/estm\/wp-content\/uploads\/sites\/28\/2024\/11\/Despacho-n.o-27_2024-Resultados-definitivos_Processo-eleitoral-intercalar-CR_signed.pdf\" target=\"_blank\" rel=\"noreferrer noopener\">Resultados Definitivos<\/a><\/div>\n\n\n\n<p><br><br>Processo eleitoral para os representantes dos estudantes \u2013 13\/12\/2022<\/p>\n\n\n\n<div class=\"wp-block-file\"><a id=\"wp-block-file--media-64824c25-b516-4d9f-b2b8-15df62f08b13\" href=\"https:\/\/www.ipleiria.pt\/estm\/wp-content\/uploads\/sites\/28\/2024\/10\/Despacho-n.o-19_2022_Processo-Eleitoral-CR-estudantes_2022_signed.pdf\" target=\"_blank\" rel=\"noreferrer noopener\">Calend\u00e1rio Eleitoral<\/a><\/div>\n\n\n\n<div class=\"wp-block-file\"><a id=\"wp-block-file--media-0501ed69-feb1-4d5e-882f-dfd03fd9fcb8\" href=\"https:\/\/www.ipleiria.pt\/estm\/wp-content\/uploads\/sites\/28\/2024\/10\/Despacho-n.o-24_2022-Cadernos-eleitorais_signed.pdf\" target=\"_blank\" rel=\"noreferrer noopener\">Caderno Eleitoral<\/a><\/div>\n\n\n\n<div class=\"wp-block-file\"><a id=\"wp-block-file--media-d20122b7-bc8a-4590-bf0c-c07c447c537c\" href=\"https:\/\/www.ipleiria.pt\/estm\/wp-content\/uploads\/sites\/28\/2024\/10\/Despacho-n.o-26_2022-Cadernos-eleitorais-definitivos_signed.pdf\" target=\"_blank\" rel=\"noreferrer noopener\">Cadernos Eleitorais Definitivos<\/a><\/div>\n\n\n\n<div class=\"wp-block-file\"><a id=\"wp-block-file--media-96e1bb80-df6d-4873-85bd-4fc0958e4274\" href=\"https:\/\/www.ipleiria.pt\/estm\/wp-content\/uploads\/sites\/28\/2024\/10\/Despacho-n.o-31_2022-Homologacao-lista-candidatura_eleicao-CR_estudantes_signed.pdf\" target=\"_blank\" rel=\"noreferrer noopener\">Homologa\u00e7\u00e3o de Listas de Candidatura<\/a><\/div>\n\n\n\n<div class=\"wp-block-file\"><a id=\"wp-block-file--media-81f0b4e0-838f-4d4b-86be-41fb251d2326\" href=\"https:\/\/www.ipleiria.pt\/estm\/wp-content\/uploads\/sites\/28\/2024\/10\/Despacho-n.o-34_2022-Lista-candidatura-definitiva-eleicao-CR-estudantes_signed.pdf\" target=\"_blank\" rel=\"noreferrer noopener\">Listas de Candidatura Definitivas<\/a><\/div>\n\n\n\n<div class=\"wp-block-file\"><a id=\"wp-block-file--media-34341d07-7c5c-4701-bd49-e6277ec65940\" href=\"https:\/\/www.ipleiria.pt\/estm\/wp-content\/uploads\/sites\/28\/2024\/10\/Despacho-n.o-30_2022-Mesas-de-Voto_13_12_202216_signed.pdf\" target=\"_blank\" rel=\"noreferrer noopener\">Mesa de Voto<\/a><\/div>\n\n\n\n<div class=\"wp-block-file\"><a id=\"wp-block-file--media-b10f2e09-170e-4aeb-8118-e36b4c67a335\" href=\"https:\/\/www.ipleiria.pt\/estm\/wp-content\/uploads\/sites\/28\/2024\/10\/Despacho-n.o-37_2022-Resultados-Provisorios_CR_estudantes_signed.pdf\" target=\"_blank\" rel=\"noreferrer noopener\">Resultados Provis\u00f3rios<\/a><\/div>\n\n\n\n<div class=\"wp-block-file\"><a id=\"wp-block-file--media-47969a9c-016d-47b2-90f6-87e2be238314\" href=\"https:\/\/www.ipleiria.pt\/estm\/wp-content\/uploads\/sites\/28\/2024\/10\/Despacho-n.o-41_2022_Resultados-Definitivos-CR_estudantes_signed.pdf\" target=\"_blank\" rel=\"noreferrer noopener\">Resultados Definitivos<\/a><\/div>\n<\/div>\n\n\n\n<div class=\"wp-container-7 wp-block-column\">\n<h3><strong>Elei\u00e7\u00e3o para o Conselho T\u00e9cnico-Cient\u00edfico<\/strong><\/h3>\n\n\n\n<p>Processo eleitoral para o oitavo conselho t\u00e9cnico-cient\u00edfico \u2013 13\/12\/2022<\/p>\n\n\n\n<p><a rel=\"noreferrer noopener\" href=\"https:\/\/www.ipleiria.pt\/estm\/wp-content\/uploads\/sites\/21\/2022\/11\/Despacho-n.%C2%BA-20_2022_Processo-Eleitoral-CTC_2022_signed.pdf\" target=\"_blank\">Calend\u00e1rio Eleitoral<\/a><\/p>\n\n\n\n<p><a rel=\"noreferrer noopener\" href=\"https:\/\/www.ipleiria.pt\/estm\/wp-content\/uploads\/sites\/21\/2022\/11\/Despacho-n.%C2%BA-22_2022-Despacho-retificativo_processo-eleitoral-CTC_signed.pdf\" target=\"_blank\">Despacho Retificativo<\/a>&nbsp;<\/p>\n\n\n\n<p><a rel=\"noreferrer noopener\" href=\"https:\/\/www.ipleiria.pt\/estm\/wp-content\/uploads\/sites\/21\/2022\/11\/Despacho-n.%C2%BA-24_2022-Cadernos-eleitorais_signed.pdf\" target=\"_blank\">Caderno Eleitoral<\/a><\/p>\n\n\n\n<p><a rel=\"noreferrer noopener\" href=\"https:\/\/www.ipleiria.pt\/estm\/wp-content\/uploads\/sites\/21\/2022\/11\/Despacho-n.%C2%BA-26_2022-Cadernos-eleitorais-definitivos_signed.pdf\" target=\"_blank\">Cadernos Eleitorais Definitivos&nbsp;<\/a>&nbsp;<\/p>\n\n\n\n<p>&nbsp;<a rel=\"noreferrer noopener\" href=\"https:\/\/www.ipleiria.pt\/estm\/wp-content\/uploads\/sites\/21\/2022\/12\/Despacho-n.%C2%BA-32_2022-Homologa%C3%A7%C3%A3o-lista-candidatura_elei%C3%A7%C3%A3o-CTC_signed.pdf\" target=\"_blank\">Homologa\u00e7\u00e3o de Listas de Candidatura<\/a>&nbsp;<\/p>\n\n\n\n<p><a rel=\"noreferrer noopener\" href=\"https:\/\/www.ipleiria.pt\/estm\/wp-content\/uploads\/sites\/21\/2022\/12\/Despacho-n.%C2%BA-35_2022-Listas-candidatura-definitivas-elei%C3%A7%C3%A3o-CTC_signed.pdf\" target=\"_blank\">Listas de Candidatura Definitivas&nbsp;<\/a>&nbsp;<\/p>\n\n\n\n<p><a rel=\"noreferrer noopener\" href=\"https:\/\/www.ipleiria.pt\/estm\/wp-content\/uploads\/sites\/21\/2022\/12\/Despacho-n.%C2%BA-30_2022-Mesas-de-Voto_13_12_202216_signed.pdf\" target=\"_blank\">Mesa de Voto<\/a><\/p>\n\n\n\n<p><a href=\"https:\/\/www.ipleiria.pt\/estm\/wp-content\/uploads\/sites\/21\/2022\/12\/Despacho-n.%C2%BA-39_2022-Resultados-proviso%CC%81rios-CTC_signed.pdf\" target=\"_blank\" rel=\"noreferrer noopener\">Resultados Provis\u00f3rios<\/a>&nbsp;&nbsp;<\/p>\n\n\n\n<p><a rel=\"noreferrer noopener\" href=\"https:\/\/www.ipleiria.pt\/estm\/wp-content\/uploads\/sites\/21\/2022\/12\/Despacho-n.%C2%BA-43_2022-Processo-eleitoral-CTC_signed.pdf\" target=\"_blank\">Suspens\u00e3o do Ato Eleitoral<\/a><\/p>\n\n\n\n<p><a rel=\"noreferrer noopener\" href=\"https:\/\/www.ipleiria.pt\/estm\/wp-content\/uploads\/sites\/21\/2023\/03\/Despacho-n.%C2%BA-03_2023-Processo-eleitoral-CTC-_res.-definitivos_ato-eleitoral_13_12_2022-com-inf.-DSJ_signed.pdf\" target=\"_blank\">Resultados Definitivos \u2013 ato eleitoral 13\/12\/2022<\/a><\/p>\n\n\n\n<p><a rel=\"noreferrer noopener\" href=\"https:\/\/www.ipleiria.pt\/estm\/wp-content\/uploads\/sites\/21\/2023\/03\/Despacho-n.%C2%BA-04_2023-Processo-eleitoral-CTC-ato-eleitoral-14_03_2023_signed.pdf\" target=\"_blank\">Calend\u00e1rio Eleitoral -Elei\u00e7\u00e3o dos Professores de Carreira, com t\u00edtulo de especialista<\/a><br><a rel=\"noreferrer noopener\" href=\"https:\/\/www.ipleiria.pt\/estm\/wp-content\/uploads\/sites\/21\/2023\/03\/Despacho-n.%C2%BA-05_2023-Processo-eleitoral-CTC-mesa-de-voto_signed.pdf\" target=\"_blank\">Mesa de Voto \u2013 Elei\u00e7\u00e3o dos Professores de Carreira, com t\u00edtulo de especialista<\/a><br><a rel=\"noreferrer noopener\" href=\"https:\/\/www.ipleiria.pt\/estm\/wp-content\/uploads\/sites\/21\/2023\/03\/Despacho-n.%C2%BA-06_2023-Reclamac%CC%A7a%CC%83o-sobre-despacho-03_2023-com-inf.-DSJ_signed.pdf\" target=\"_blank\">Reclama\u00e7\u00e3o sobre Despacho 03\/2023<\/a>&nbsp;<\/p>\n\n\n\n<p><a rel=\"noreferrer noopener\" href=\"https:\/\/www.ipleiria.pt\/estm\/wp-content\/uploads\/sites\/21\/2023\/03\/Despacho-n.%C2%BA-07_2023-Resultados-provis%C3%B3rios-CTC-ato-eleitoral-14_03_2023_signed.pdf\" target=\"_blank\">Resultados Provis\u00f3rios \u2013 ato eleitoral 14\/03\/2023<\/a><\/p>\n\n\n\n<p><a rel=\"noreferrer noopener\" href=\"https:\/\/www.ipleiria.pt\/estm\/wp-content\/uploads\/sites\/21\/2023\/03\/Despacho-n.%C2%BA-08_2023-Resultados-Definitivos_ato-eleitoral-14_03_2023_signed.pdf\" target=\"_blank\">Resultados Definitivos \u2013 ato eleitoral 14\/03\/2023<\/a><\/p>\n<\/div>\n<\/div>\n\n\n\n<h3><strong>Elei\u00e7\u00e3o para o Conselho Pedag\u00f3gico<\/strong><\/h3>\n\n\n\n<div class=\"wp-container-11 wp-block-columns\">\n<div class=\"wp-container-9 wp-block-column\">\n<p>Processo eleitoral intercalar para os representantes dos estudantes \u2013 28\/11\/2022<\/p>\n\n\n\n<p><a href=\"https:\/\/www.ipleiria.pt\/estm\/wp-content\/uploads\/sites\/21\/2022\/10\/Despacho-n.%C2%BA-16_2022-Eleic%CC%A7a%CC%83o-Intercalar-CP_estudantes_signed.pdf\">Calend\u00e1rio Eleitoral<\/a><\/p>\n\n\n\n<p><a rel=\"noreferrer noopener\" href=\"https:\/\/www.ipleiria.pt\/estm\/wp-content\/uploads\/sites\/21\/2022\/11\/Despacho-n.%C2%BA-17_2022-Caderno-eleitoral-estudantes-CP-intercalar_signed.pdf\" target=\"_blank\">Caderno Eleitoral<\/a><\/p>\n\n\n\n<p><a rel=\"noreferrer noopener\" href=\"https:\/\/www.ipleiria.pt\/estm\/wp-content\/uploads\/sites\/21\/2022\/11\/Despacho-n.%C2%BA-18_2022_Caderno-eleitoral-definitivo_CP-intercalar_signed.pdf\" target=\"_blank\">Caderno Eleitoral Definitivo<\/a><\/p>\n\n\n\n<p><a rel=\"noreferrer noopener\" href=\"https:\/\/www.ipleiria.pt\/estm\/wp-content\/uploads\/sites\/21\/2022\/11\/Despacho-n.%C2%BA-23_2022-Homologa%C3%A7%C3%A3o-listas-candidatura_elei%C3%A7%C3%A3o-intercalar-CP_signed.pdf\" target=\"_blank\">Homologa\u00e7\u00e3o de Listas de Candidatura&nbsp;<\/a><\/p>\n\n\n\n<p><a rel=\"noreferrer noopener\" href=\"https:\/\/www.ipleiria.pt\/estm\/wp-content\/uploads\/sites\/21\/2022\/11\/Despacho-n.%C2%BA-25_2022-Listas-candidatura-definitivas-eleic%CC%A7a%CC%83o-intercalar-CP99_signed.pdf\" target=\"_blank\">Listas de Candidatura Definitivas<\/a><\/p>\n\n\n\n<p><a rel=\"noreferrer noopener\" href=\"https:\/\/www.ipleiria.pt\/estm\/wp-content\/uploads\/sites\/21\/2022\/11\/Despacho-n.%C2%BA-27_2022-Mesa-Voto-eleic%CC%A7a%CC%83o-intercalar-CP_signed.pdf\" target=\"_blank\">Mesa de voto<\/a>&nbsp;<\/p>\n\n\n\n<p><a href=\"https:\/\/www.ipleiria.pt\/estm\/wp-content\/uploads\/sites\/21\/2022\/11\/Despacho-n.%C2%BA-28_2022-Resultados-Provis%C3%B3rios-Elei%C3%A7%C3%A3o-intercalar-CP_signed.pdf\">Resultados Provis\u00f3rios<\/a><\/p>\n\n\n\n<p><a href=\"https:\/\/www.ipleiria.pt\/estm\/wp-content\/uploads\/sites\/21\/2022\/11\/Despacho-n.%C2%BA-29_2022_Resultados-definitivos_eleic%CC%A7a%CC%83o-intercalar-CP_signed.pdf\">Resultados Definitivos<\/a><\/p>\n<\/div>\n\n\n\n<div class=\"wp-container-10 wp-block-column\">\n<p>Processo eleitoral para o oitavo conselho pedag\u00f3gico \u2013 13\/12\/2022<\/p>\n\n\n\n<p><a rel=\"noreferrer noopener\" href=\"https:\/\/www.ipleiria.pt\/estm\/wp-content\/uploads\/sites\/21\/2022\/11\/Despacho-n.%C2%BA-21_2022_Processo-Eleitoral-CP_2022_signed.pdf\" target=\"_blank\">Calend\u00e1rio Eleitoral<\/a><\/p>\n\n\n\n<p><a rel=\"noreferrer noopener\" href=\"https:\/\/www.ipleiria.pt\/estm\/wp-content\/uploads\/sites\/21\/2022\/11\/Despacho-n.%C2%BA-24_2022-Cadernos-eleitorais_signed.pdf\" target=\"_blank\">Caderno Eleitoral<\/a><\/p>\n\n\n\n<p><a rel=\"noreferrer noopener\" href=\"https:\/\/www.ipleiria.pt\/estm\/wp-content\/uploads\/sites\/21\/2022\/11\/Despacho-n.%C2%BA-26_2022-Cadernos-eleitorais-definitivos_signed.pdf\" target=\"_blank\">Cadernos Eleitorais Definitivos<\/a><\/p>\n\n\n\n<p><a href=\"https:\/\/www.ipleiria.pt\/estm\/wp-content\/uploads\/sites\/21\/2022\/12\/Despacho-n.%C2%BA-33_2022-Homologa%C3%A7%C3%A3o-lista-candidatura_elei%C3%A7%C3%A3o-CP_signed.pdf\">Homologa\u00e7\u00e3o de Listas de Candidatura<\/a><\/p>\n\n\n\n<p><a rel=\"noreferrer noopener\" href=\"https:\/\/www.ipleiria.pt\/estm\/wp-content\/uploads\/sites\/21\/2022\/12\/Despacho-n.%C2%BA-36_2022-Listas-candidatura-definitivas-elei%C3%A7%C3%A3o-CP_signed.pdf\" target=\"_blank\">Listas de Candidatura Definitivas&nbsp;<\/a>&nbsp;&nbsp;<\/p>\n\n\n\n<p><a rel=\"noreferrer noopener\" href=\"https:\/\/www.ipleiria.pt\/estm\/wp-content\/uploads\/sites\/21\/2022\/12\/Despacho-n.%C2%BA-30_2022-Mesas-de-Voto_13_12_202216_signed.pdf\" target=\"_blank\">Mesa de Voto<\/a><\/p>\n\n\n\n<p><a href=\"https:\/\/www.ipleiria.pt\/estm\/wp-content\/uploads\/sites\/21\/2022\/12\/Despacho-n.%C2%BA-38_2022-Resultados-Provis%C3%B3rios_CP_signed.pdf\">Resultados Provis\u00f3rios<\/a>&nbsp;&nbsp;<\/p>\n\n\n\n<p><a rel=\"noreferrer noopener\" href=\"https:\/\/www.ipleiria.pt\/estm\/wp-content\/uploads\/sites\/21\/2022\/12\/Despacho-n.%C2%BA-42_2022_Resultados-Definitivos-CP_signed.pdf\" target=\"_blank\">Resultados Definitivos<\/a><\/p>\n<\/div>\n<\/div>\n","protected":false},"excerpt":{"rendered":"ESTM Processos Eleitorais Os Estatutos do Instituto Polit\u00e9cnico de Leiria (IPLeiria) prev\u00ea a exist\u00eancia nas Escolas Superiores, de um \u00f3rg\u00e3o colegial de natureza executiva, o diretor; um \u00f3rg\u00e3o colegial de natureza representativa, o conselho de representantes; um \u00f3rg\u00e3o colegial de natureza t\u00e9cnico-cient\u00edfica, o conselho t\u00e9cnico-cient\u00edfico, e um \u00f3rg\u00e3o colegial de natureza pedag\u00f3gica, o conselho pedag\u00f3gico. [&hellip;]","protected":false},"author":4,"featured_media":0,"parent":549,"menu_order":30,"comment_status":"closed","ping_status":"closed","template":"","meta":{"multilingual_post_translation":"","page_post-custom-url":"","page_post-custom-url-target":""},"_links":{"self":[{"href":"https:\/\/www.ipleiria.pt\/estm\/wp-json\/wp\/v2\/pages\/555"}],"collection":[{"href":"https:\/\/www.ipleiria.pt\/estm\/wp-json\/wp\/v2\/pages"}],"about":[{"href":"https:\/\/www.ipleiria.pt\/estm\/wp-json\/wp\/v2\/types\/page"}],"author":[{"embeddable":true,"href":"https:\/\/www.ipleiria.pt\/estm\/wp-json\/wp\/v2\/users\/4"}],"replies":[{"embeddable":true,"href":"https:\/\/www.ipleiria.pt\/estm\/wp-json\/wp\/v2\/comments?post=555"}],"version-history":[{"count":18,"href":"https:\/\/www.ipleiria.pt\/estm\/wp-json\/wp\/v2\/pages\/555\/revisions"}],"predecessor-version":[{"id":10879,"href":"https:\/\/www.ipleiria.pt\/estm\/wp-json\/wp\/v2\/pages\/555\/revisions\/10879"}],"up":[{"embeddable":true,"href":"https:\/\/www.ipleiria.pt\/estm\/wp-json\/wp\/v2\/pages\/549"}],"wp:attachment":[{"href":"https:\/\/www.ipleiria.pt\/estm\/wp-json\/wp\/v2\/media?parent=555"}],"curies":[{"name":"wp","href":"https:\/\/api.w.org\/{rel}","templated":true}]}}