{"id":557,"date":"2024-10-02T14:51:27","date_gmt":"2024-10-02T13:51:27","guid":{"rendered":"https:\/\/www.ipleiria.pt\/estm\/?page_id=557"},"modified":"2025-03-26T10:38:08","modified_gmt":"2025-03-26T10:38:08","slug":"publicacao-de-atos","status":"publish","type":"page","link":"https:\/\/www.ipleiria.pt\/estm\/escola\/informacoes\/publicacao-de-atos\/","title":{"rendered":"Publica\u00e7\u00e3o de atos"},"content":{"rendered":"\n<div class=\"wp-block-pt-ipleiria-ued-wp-theme-ipleiria-gutenbergblocks-moc gbmoc\" role=\"navigation\" aria-label=\"Menu de conte\u00fados\"><div class=\"gbmoc-menu-wrapper\"><div id=\"gbmoc-f00af9-92-menu-container\" class=\"gbmoc-menu-container\"><div class=\"gbmoc-title\" id=\"gbmoc-f00af9-92-title\">Ir para:<\/div><ul aria-describedby=\"gbmoc-f00af9-92-title\" class=\"gbmoc-menuitems\"><li><a href=\"#aprovacaoalteracao-de-regulamentos\">Aprova\u00e7\u00e3o\/altera\u00e7\u00e3o de Regulamentos<\/a><\/li><li><a href=\"#consulta-publica\">Consulta p\u00fablica<\/a><\/li><li><a href=\"#louvores\">Louvores<\/a><\/li><li><a href=\"#provas-para-atribuicao-do-titulo-de-especialista\">Provas para atribui\u00e7\u00e3o do t\u00edtulo de especialista<\/a><\/li><li class=\"gbmoc-scroll-to-top-wrapper\"><a class=\"gbmoc-scroll-to-top\" href=\"#top\">Topo<\/a><\/li><\/ul><\/div><\/div><\/div>\n\n\n\n<div class=\"wp-container-3 wp-block-columns\">\n<div class=\"wp-container-1 wp-block-column\">\n<p class=\"is-style-theme-subtitle\">Publica\u00e7\u00e3o de atos<\/p>\n\n\n\n<h2 class=\"is-style-theme-title\" id=\"aprovacaoalteracao-de-regulamentos\">Aprova\u00e7\u00e3o\/altera\u00e7\u00e3o de Regulamentos<\/h2>\n\n\n\n<p>In\u00edcio de Procedimentos<\/p>\n\n\n\n<div class=\"wp-block-file\"><a id=\"wp-block-file--media-f424f62a-de90-41a0-ada3-ba8dda7056b0\" href=\"https:\/\/www.ipleiria.pt\/estm\/wp-content\/uploads\/sites\/28\/2024\/10\/Despacho-n.o-13_2024_Aviso-inicio-procedimento-revisao-Estatutos-ESTM_signed.pdf\" target=\"_blank\" rel=\"noreferrer noopener\">Aviso \u2013 In\u00edcio do procedimento de revis\u00e3o dos Estatutos da Escola Superior de Turismo e Tecnologia do Mar, de Peniche<\/a><\/div>\n<\/div>\n\n\n\n<div class=\"wp-container-2 wp-block-column\"><\/div>\n<\/div>\n\n\n\n<hr class=\"wp-block-separator has-alpha-channel-opacity is-style-wide\"\/>\n\n\n\n<p class=\"is-style-theme-subtitle\">Publica\u00e7\u00e3o de atos<\/p>\n\n\n\n<h2 class=\"is-style-theme-title\" id=\"consulta-publica\">Consulta p\u00fablica<\/h2>\n\n\n\n<div class=\"wp-container-6 wp-block-columns\">\n<div class=\"wp-container-4 wp-block-column\">\n<div style=\"height:20px\" aria-hidden=\"true\" class=\"wp-block-spacer\"><\/div>\n\n\n\n<div class=\"wp-block-file\"><a id=\"wp-block-file--media-b74d674a-bcab-4289-8867-d2961cb0fc8d\" href=\"https:\/\/www.ipleiria.pt\/estm\/wp-content\/uploads\/sites\/28\/2024\/10\/Despacho-n.o-17_2024-Edital_Revisao-Estatutos-ESTM_signed.pdf\" target=\"_blank\" rel=\"noreferrer noopener\">Despacho n.\u00ba 17\/2024<\/a><\/div>\n\n\n\n<div class=\"wp-block-file\"><a id=\"wp-block-file--media-ad5f62f0-1312-4e97-a67e-92e6d3632ff2\" href=\"https:\/\/www.ipleiria.pt\/estm\/wp-content\/uploads\/sites\/28\/2024\/10\/PROJETO-ESTATUTOS-ESTM_Discussao-Publica.pdf\" target=\"_blank\" rel=\"noreferrer noopener\">Projeto de revis\u00e3o dos Estatutos da ESTM<\/a><\/div>\n\n\n\n<p>Nos termos do edital aprovado pelo Despacho n.\u00ba 17\/2024, disponibiliza-se o projeto de revis\u00e3o dos Estatutos da Escola Superior de Turismo e Tecnologia do Mar, de Peniche, Instituto Polit\u00e9cnico de Leiria, acima divulgado, tendo em vista promover a fase de consulta p\u00fablica para recolha de sugest\u00f5es.<\/p>\n\n\n\n<p>O prazo de consulta p\u00fablica termina&nbsp;<strong>30 dias \u00fateis ap\u00f3s a publica\u00e7\u00e3o do acima referido edital em Di\u00e1rio da Rep\u00fablica<\/strong>, pelo que a data limite para apresenta\u00e7\u00e3o de contributos ser\u00e1 divulgada logo que ocorra a mencionada publica\u00e7\u00e3o.<\/p>\n<\/div>\n\n\n\n<div class=\"wp-container-5 wp-block-column\">\n<p>Convidam-se todos os interessados a dirigir, por escrito, eventuais sugest\u00f5es, dentro do per\u00edodo acima referido, para o correio eletr\u00f3nico&nbsp;<a href=\"mailto:estm@ipleiria.pt\">estm@ipleiria.pt<\/a>, sendo esta a via preferencial para efeitos de apresenta\u00e7\u00e3o de contributos. No entanto, em caso de dificuldade no uso da referida via de contacto, os interessados podem, dentro do prazo acima referido, remeter os pedidos por via postal para ESTM, Rua do Conhecimento, n.\u00ba 4, 2520-614 Peniche.<\/p>\n\n\n\n<div class=\"wp-block-file\"><a id=\"wp-block-file--media-2ded89de-7b54-4192-a310-1ae9df8852b3\" href=\"https:\/\/www.ipleiria.pt\/estm\/wp-content\/uploads\/sites\/28\/2024\/10\/Edital-n.o-1185_2024.pdf\" target=\"_blank\" rel=\"noreferrer noopener\">Edital n.\u00ba1185 \/2024<\/a><\/div>\n\n\n\n<p><strong>Atualiza\u00e7\u00e3o<\/strong><br>De acordo com o Edital n.\u00ba 1185\/2024, acima divulgado, o prazo para apresenta\u00e7\u00e3o de contributos termina no&nbsp;<strong>dia 30 de setembro de 2024.<\/strong><\/p>\n<\/div>\n<\/div>\n\n\n\n<div id=\"gbc-22373c-35\" class=\"wp-block-pt-ipleiria-ued-wp-theme-ipleiria-gutenbergblocks-container gbc gbc-view row-valign-top align-full\" style=\"background-color:#F3F3F3;margin-top:30px;margin-bottom:30px\"><div class=\"gbc-background-overlay gbc-background-overlay-normal\" style=\"opacity:0.3\"><\/div><div class=\"gbc-wrapper\" style=\"padding-top:60px;padding-bottom:60px\"><div id=\"gbc-container-gbc-22373c-35\" class=\"inner-container container\">\n<p class=\"is-style-theme-subtitle\">ESTM<\/p>\n\n\n\n<h2 class=\"is-style-theme-title\" id=\"louvores\">Louvores<\/h2>\n\n\n\n<div style=\"height:10px\" aria-hidden=\"true\" class=\"wp-block-spacer\"><\/div>\n\n\n\n<div class=\"wp-container-9 wp-block-columns\">\n<div class=\"wp-container-7 wp-block-column\">\n<h3><strong>Luciano Santos Rodrigues de Almeida<\/strong><\/h3>\n\n\n\n<div style=\"height:20px\" aria-hidden=\"true\" class=\"wp-block-spacer\"><\/div>\n\n\n\n<div class=\"wp-block-file\"><a id=\"wp-block-file--media-19b42355-2ff6-4aef-a2fb-a3ff0143eeed\" href=\"https:\/\/www.ipleiria.pt\/estm\/wp-content\/uploads\/sites\/28\/2024\/10\/Despacho-n.o-16_2024_Voto-Louvor_Prof.-Luciano-de-Almeida_signed.pdf\" target=\"_blank\" rel=\"noreferrer noopener\">Despacho n.\u00ba 16\/2024<\/a><\/div>\n\n\n\n<div class=\"wp-block-file\"><a id=\"wp-block-file--media-86e16dde-b7a1-4c9a-9fc7-b377f426e36c\" href=\"https:\/\/www.ipleiria.pt\/estm\/wp-content\/uploads\/sites\/28\/2024\/10\/Louvor-n.o-1352_2024-Prof.-Luciano-de-Almeida.pdf\" target=\"_blank\" rel=\"noreferrer noopener\">Louvor n.\u00ba 1352\/2024<\/a><\/div>\n<\/div>\n\n\n\n<div class=\"wp-container-8 wp-block-column\">\n<h3><strong>Zulmira Guadalupe Salgueiro Bule<\/strong><\/h3>\n\n\n\n<div style=\"height:20px\" aria-hidden=\"true\" class=\"wp-block-spacer\"><\/div>\n\n\n\n<div class=\"wp-block-file\"><a id=\"wp-block-file--media-68d0b0b9-b955-4cd6-a860-e27baa0d4a2f\" href=\"https:\/\/www.ipleiria.pt\/estm\/wp-content\/uploads\/sites\/28\/2024\/10\/Despacho-n.o-108-2023-Louvor-Zulmira-Bule.pdf\" target=\"_blank\" rel=\"noreferrer noopener\">Despacho n.\u00ba 108\/2023<\/a><\/div>\n\n\n\n<div class=\"wp-block-file\"><a id=\"wp-block-file--media-4b8fd73d-7a62-4fc0-8dcd-419caa009f18\" href=\"https:\/\/www.ipleiria.pt\/estm\/wp-content\/uploads\/sites\/28\/2024\/10\/Louvor-n.o-169-2023-Louvor-Zulmira-Bule.pdf\" target=\"_blank\" rel=\"noreferrer noopener\">Louvor n.\u00ba 169\/2023<\/a><\/div>\n<\/div>\n<\/div>\n<\/div><\/div><\/div>\n\n\n\n<div class=\"wp-container-12 wp-block-columns\">\n<div class=\"wp-container-10 wp-block-column\">\n<p class=\"is-style-theme-subtitle\">ESTM<\/p>\n\n\n\n<h2 class=\"is-style-theme-title\" id=\"provas-para-atribuicao-do-titulo-de-especialista\">Provas para atribui\u00e7\u00e3o do t\u00edtulo de especialista<\/h2>\n\n\n\n<p><em>\u00c9 expressamente proibida a recolha, grava\u00e7\u00e3o, registo, organiza\u00e7\u00e3o, estrutura\u00e7\u00e3o, conserva\u00e7\u00e3o, adapta\u00e7\u00e3o, altera\u00e7\u00e3o, divulga\u00e7\u00e3o, a utiliza\u00e7\u00e3o, a difus\u00e3o ou qualquer outra forma de transmiss\u00e3o ou disponibiliza\u00e7\u00e3o, a compara\u00e7\u00e3o ou interconex\u00e3o e a limita\u00e7\u00e3o das grava\u00e7\u00f5es de imagens e \u00e1udio acedidas atrav\u00e9s do link, designadamente em viola\u00e7\u00e3o do direito \u00e0 prote\u00e7\u00e3o de dados, dos direitos de propriedade intelectual ou de outras disposi\u00e7\u00f5es legais vigentes.<\/em><\/p>\n\n\n\n<p><em>O Polit\u00e9cnico de Leiria n\u00e3o assume qualquer responsabilidade quando os conte\u00fados acedidos atrav\u00e9s deste link sejam utilizados pelo utilizador de forma ilegal, il\u00edcita, abusiva, injuriosa ou de forma a denegrir a imagem de terceiro.<\/em><\/p>\n<\/div>\n\n\n\n<div class=\"wp-container-11 wp-block-column\"><\/div>\n<\/div>\n\n\n\n<div class=\"wp-container-15 wp-block-columns\">\n<div class=\"wp-container-13 wp-block-column\">\n<h3>C\u00e9lia Maria Ramos Serra Reis Barroso<\/h3>\n\n\n\n<p>No dia 2 de abril de 2025, em sess\u00e3o p\u00fablica, ser\u00e3o realizadas as provas para atribui\u00e7\u00e3o do T\u00edtulo de Especialista da candidata C\u00e9lia Maria Ramos Serra Reis Barroso, na \u00e1rea de Marketing e Publicidade. A sess\u00e3o ir\u00e1 decorrer na Sala de Atos&nbsp; da Escola Superior de Tecnologia e Gest\u00e3o do Instituto Polit\u00e9cnico de Leiria,&nbsp; realizando-se a primeira prova das 9h00 \u00e0s 11h00 para aprecia\u00e7\u00e3o e discuss\u00e3o do curr\u00edculo profissional e a segunda prova das 11h15 \u00e0s 13h15 para aprecia\u00e7\u00e3o cr\u00edtica e discuss\u00e3o do trabalho de natureza profissional<\/p>\n<\/div>\n\n\n\n<div class=\"wp-container-14 wp-block-column\">\n<h3><strong>Ab\u00edlio da Cunha Vila\u00e7a<\/strong><\/h3>\n\n\n\n<p>No dia 29 de mar\u00e7o de 2023, em sess\u00e3o p\u00fablica, ser\u00e3o realizadas as provas para atribui\u00e7\u00e3o do T\u00edtulo de Especialista do candidato Ab\u00edlio da Cunha Vila\u00e7a, na \u00e1rea de Turismo e Lazer. A sess\u00e3o ir\u00e1 decorrer na Sala de Berlengas da Escola Superior de Turismo e Tecnologia do Mar do Instituto Polit\u00e9cnico de Leiria, em Peniche, realizando-se a primeira prova das 09h00 \u00e0s 11h00 para aprecia\u00e7\u00e3o e discuss\u00e3o do curr\u00edculo profissional e a segunda prova das 11h15 \u00e0s 13h15 para aprecia\u00e7\u00e3o cr\u00edtica e discuss\u00e3o do trabalho de natureza profissional.<\/p>\n<\/div>\n<\/div>\n\n\n\n<div class=\"wp-container-18 wp-block-columns\">\n<div class=\"wp-container-16 wp-block-column\">\n<h3><strong>Ricardo Fernando Lu\u00eds Raimundo<\/strong><\/h3>\n\n\n\n<p>No dia 12 de julho de 2024, em sess\u00e3o p\u00fablica, ser\u00e3o realizadas as provas para atribui\u00e7\u00e3o do T\u00edtulo de Especialista do candidato Ricardo Fernando Lu\u00eds Raimundo, na \u00e1rea de Hotelaria e Restaura\u00e7\u00e3o. A sess\u00e3o ir\u00e1 decorrer na Sala de Berlengas da Escola Superior de Turismo e Tecnologia do Mar do Instituto Polit\u00e9cnico de Leiria, em Peniche, realizando-se a primeira prova das 10h00 \u00e0s 12h00 para aprecia\u00e7\u00e3o e discuss\u00e3o do curr\u00edculo profissional e a segunda prova das 14h00 \u00e0s 16h00 para aprecia\u00e7\u00e3o cr\u00edtica e discuss\u00e3o do trabalho de natureza profissional.<\/p>\n<\/div>\n\n\n\n<div class=\"wp-container-17 wp-block-column\">\n<h3><strong>F\u00e1tima Bento Reis<\/strong><\/h3>\n\n\n\n<p>No dia 23 de junho de 2021, em sess\u00e3o p\u00fablica, ser\u00e3o realizadas as provas para atribui\u00e7\u00e3o do T\u00edtulo de Especialista da candidata F\u00e1tima Bento Reis, na \u00e1rea de hotelaria e restaura\u00e7\u00e3o. A sess\u00e3o vai decorrer no audit\u00f3rio da Escola Superior de Turismo e Tecnologia do Mar em Peniche, realizando-se a primeira prova das 10h30 \u00e0s 12h30 para aprecia\u00e7\u00e3o e discuss\u00e3o do curr\u00edculo profissional e a segunda das 14h30 \u00e0s 16h30 para aprecia\u00e7\u00e3o cr\u00edtica e discuss\u00e3o do trabalho de natureza profissional.<\/p>\n<\/div>\n<\/div>\n\n\n\n<div class=\"wp-container-21 wp-block-columns\">\n<div class=\"wp-container-19 wp-block-column\">\n<h3><strong>Vasco Manuel Bento David<\/strong><\/h3>\n\n\n\n<p>No dia 17 de junho de 2021, em sess\u00e3o p\u00fablica, ser\u00e3o realizadas as provas para atribui\u00e7\u00e3o do T\u00edtulo de Especialista do candidato Vasco Manuel Bento David, na \u00e1rea de Hotelaria e Restaura\u00e7\u00e3o (CNAEF 811).<\/p>\n\n\n\n<p>A sess\u00e3o ir\u00e1 decorrer por videoconfer\u00eancia, realizando-se a primeira prova \u00e0s 10h30 para aprecia\u00e7\u00e3o e discuss\u00e3o do curr\u00edculo profissional e a segunda \u00e0s 14h30 para a aprecia\u00e7\u00e3o cr\u00edtica e discuss\u00e3o do trabalho de natureza profissional, intitulado \u201cSistema de Gest\u00e3o de F&amp;B para Restaurantes\u201d.<\/p>\n<\/div>\n\n\n\n<div class=\"wp-container-20 wp-block-column\">\n<h3><strong>Ana Paula Teles Guerreiro de Almeida Torres<\/strong><\/h3>\n\n\n\n<p>No dia 18 de mar\u00e7o de 2021, em sess\u00e3o p\u00fablica, ser\u00e3o realizadas as provas para atribui\u00e7\u00e3o do T\u00edtulo de Especialista da candidata Ana Paula Teles Guerreiro de Almeida Torres, na \u00e1rea de Hotelaria e Restaura\u00e7\u00e3o(CNAEF 811).<\/p>\n\n\n\n<p>A sess\u00e3o ir\u00e1 decorrer por videoconfer\u00eancia, realizando-se a primeira prova \u00e0s 11h00 para aprecia\u00e7\u00e3o e discuss\u00e3o do curr\u00edculo profissional e a segunda \u00e0s 15h00 para a aprecia\u00e7\u00e3o cr\u00edtica e discuss\u00e3o do trabalho de natureza profissional intitulado \u201cImplementa\u00e7\u00e3o CSO Pestana Hotels, Portugal e \u00c1frica Corporate, MI &amp; Global Partnerships\u201d.<\/p>\n<\/div>\n<\/div>\n\n\n\n<div class=\"wp-container-24 wp-block-columns\">\n<div class=\"wp-container-22 wp-block-column\">\n<h3><strong>Lu\u00eds Ant\u00f3nio Guerreiro dos Santos Francisco<\/strong><\/h3>\n\n\n\n<p>No dia 31 de julho de 2020, em sess\u00e3o p\u00fablica, ser\u00e3o realizadas as provas para atribui\u00e7\u00e3o do T\u00edtulo de Especialista do candidato Lu\u00eds Ant\u00f3nio Guerreiro dos Santos Francisco, na \u00e1rea de turismo e lazer.<\/p>\n\n\n\n<p>A sess\u00e3o ir\u00e1 decorrer por videoconfer\u00eancia, realizando-se a primeira prova \u00e0s 9h00&nbsp;para aprecia\u00e7\u00e3o e discuss\u00e3o do curr\u00edculo profissional e a segunda \u00e0s 11h30 para a aprecia\u00e7\u00e3o cr\u00edtica e discuss\u00e3o do trabalho de natureza profissional.&nbsp;<\/p>\n<\/div>\n\n\n\n<div class=\"wp-container-23 wp-block-column\">\n<h3>Patr\u00edcia Maria Vagos dos Reis<\/h3>\n\n\n\n<div style=\"height:15px\" aria-hidden=\"true\" class=\"wp-block-spacer\"><\/div>\n\n\n\n<div class=\"wp-block-file\"><a id=\"wp-block-file--media-b9c30690-eeca-41af-b313-3a499c39c5ad\" href=\"https:\/\/www.ipleiria.pt\/estm\/wp-content\/uploads\/sites\/28\/2024\/10\/Edital-Patricia-Reis.pdf\" target=\"_blank\" rel=\"noreferrer noopener\">Edital<\/a><\/div>\n\n\n\n<p>Prova P\u00fablica para&nbsp;obten\u00e7\u00e3o do T\u00edtulo de Especialista \u2013 \u00e1rea cientifica de Turismo e Lazer (CNAEF 812)<br>Local: Sala de Audiovisuais da Escola Superior de Turismo e Tecnologia do Mar<br>Data: 29 de julho de 2017<br>Hora:10h30<\/p>\n<\/div>\n<\/div>\n\n\n\n<div class=\"wp-container-27 wp-block-columns\">\n<div class=\"wp-container-25 wp-block-column\">\n<h3>Patr\u00edcia dos Santos Borges<\/h3>\n\n\n\n<div style=\"height:15px\" aria-hidden=\"true\" class=\"wp-block-spacer\"><\/div>\n\n\n\n<p><a href=\"https:\/\/www.ipleiria.pt\/estm\/wp-content\/uploads\/sites\/21\/2016\/08\/Edital-Patr%C3%ADcia-Borges.pdf\" target=\"_blank\" rel=\"noreferrer noopener\">Edital<\/a><\/p>\n\n\n\n<p>Prova P\u00fablica para&nbsp;obten\u00e7\u00e3o do T\u00edtulo de Especialista \u2013 \u00e1rea cient\u00edfica de Hotelaria e Restaura\u00e7\u00e3o (CNAEF: 811<br>Local: Sala de Audiovisuais da Escola Superior de Turismo e Tecnologia do Mar<br>Data: 30 de julho de 2017<br>Hora: 10h30<\/p>\n<\/div>\n\n\n\n<div class=\"wp-container-26 wp-block-column\">\n<h3>Jos\u00e9 Ant\u00f3nio Costa Alves da Silva<\/h3>\n\n\n\n<div style=\"height:15px\" aria-hidden=\"true\" class=\"wp-block-spacer\"><\/div>\n\n\n\n<div class=\"wp-block-file\"><a id=\"wp-block-file--media-b5eb3b6c-00db-45d4-ad77-cdbf7649a302\" href=\"https:\/\/www.ipleiria.pt\/estm\/wp-content\/uploads\/sites\/28\/2024\/10\/Edital.pdf\" target=\"_blank\" rel=\"noreferrer noopener\">Edital<\/a><\/div>\n\n\n\n<p>Provas para atribui\u00e7\u00e3o do T\u00edtulo de Especialista ,&nbsp;na \u00e1rea de Hotelaria e Restaura\u00e7\u00e3o (CNAEF: 811).<br>Local:&nbsp;&nbsp;Sala de Audiovisuais da Escola Superior de Turismo e Tecnologia do Mar do Polit\u00e9cnico de Leiria, em Peniche.<br>Data:&nbsp;&nbsp;29 de maio de 2018<br>Hora: A primeira prova de aprecia\u00e7\u00e3o e discuss\u00e3o do curr\u00edculo profissional, ter\u00e1 in\u00edcio \u00e0s 10h30. A segunda prova de apresenta\u00e7\u00e3o, aprecia\u00e7\u00e3o cr\u00edtica e discuss\u00e3o do trabalho de natureza profissional intitulada \u201c<em>A etiqueta \u00e0 mesa: A aplica\u00e7\u00e3o dos diversos tipos de servi\u00e7o de mesa<\/em>\u201d, ter\u00e1 in\u00edcio \u00e0s 14h30.<\/p>\n<\/div>\n<\/div>\n\n\n\n<div class=\"wp-container-30 wp-block-columns\">\n<div class=\"wp-container-28 wp-block-column\">\n<h3>Jos\u00e9 Jo\u00e3o Jordano Serrano<\/h3>\n\n\n\n<div style=\"height:15px\" aria-hidden=\"true\" class=\"wp-block-spacer\"><\/div>\n\n\n\n<div class=\"wp-block-file\"><a id=\"wp-block-file--media-7ac6b2c8-728d-43e0-9b17-f56d3e0c21db\" href=\"https:\/\/www.ipleiria.pt\/estm\/wp-content\/uploads\/sites\/28\/2024\/10\/titulo_especialista.pdf\" target=\"_blank\" rel=\"noreferrer noopener\">Edital<\/a><\/div>\n\n\n\n<p>Provas para atribui\u00e7\u00e3o do T\u00edtulo de Especialista, na \u00e1rea&nbsp;Hotelaria e Restaura\u00e7\u00e3o (CNAEF: 811).<br>Local:&nbsp;Sala de Audiovisuais da Escola Superior de Turismo e Tecnologia do Mar do Polit\u00e9cnico de Leiria, em Peniche.<br>Data: 13 de julho de 2018<br>Hora:&nbsp;A primeira prova de aprecia\u00e7\u00e3o e discuss\u00e3o do curr\u00edculo profissional, ter\u00e1 in\u00edcio \u00e0s 10h30. A segunda prova de apresenta\u00e7\u00e3o, aprecia\u00e7\u00e3o, cr\u00edtica e discuss\u00e3o do trabalho de natureza profissional intitulada \u201cManual de procedimentos e\/ou standards de servi\u00e7os de hotelaria\u201d, ter\u00e1 in\u00edcio \u00e0s 14h30.<\/p>\n<\/div>\n\n\n\n<div class=\"wp-container-29 wp-block-column\"><\/div>\n<\/div>\n","protected":false},"excerpt":{"rendered":"Publica\u00e7\u00e3o de atos Aprova\u00e7\u00e3o\/altera\u00e7\u00e3o de Regulamentos In\u00edcio de Procedimentos Publica\u00e7\u00e3o de atos Consulta p\u00fablica Nos termos do edital aprovado pelo Despacho n.\u00ba 17\/2024, disponibiliza-se o projeto de revis\u00e3o dos Estatutos da Escola Superior de Turismo e Tecnologia do Mar, de Peniche, Instituto Polit\u00e9cnico de Leiria, acima divulgado, tendo em vista promover a fase de consulta [&hellip;]","protected":false},"author":4,"featured_media":0,"parent":549,"menu_order":40,"comment_status":"closed","ping_status":"closed","template":"","meta":{"multilingual_post_translation":"","page_post-custom-url":"","page_post-custom-url-target":""},"_links":{"self":[{"href":"https:\/\/www.ipleiria.pt\/estm\/wp-json\/wp\/v2\/pages\/557"}],"collection":[{"href":"https:\/\/www.ipleiria.pt\/estm\/wp-json\/wp\/v2\/pages"}],"about":[{"href":"https:\/\/www.ipleiria.pt\/estm\/wp-json\/wp\/v2\/types\/page"}],"author":[{"embeddable":true,"href":"https:\/\/www.ipleiria.pt\/estm\/wp-json\/wp\/v2\/users\/4"}],"replies":[{"embeddable":true,"href":"https:\/\/www.ipleiria.pt\/estm\/wp-json\/wp\/v2\/comments?post=557"}],"version-history":[{"count":32,"href":"https:\/\/www.ipleiria.pt\/estm\/wp-json\/wp\/v2\/pages\/557\/revisions"}],"predecessor-version":[{"id":8955,"href":"https:\/\/www.ipleiria.pt\/estm\/wp-json\/wp\/v2\/pages\/557\/revisions\/8955"}],"up":[{"embeddable":true,"href":"https:\/\/www.ipleiria.pt\/estm\/wp-json\/wp\/v2\/pages\/549"}],"wp:attachment":[{"href":"https:\/\/www.ipleiria.pt\/estm\/wp-json\/wp\/v2\/media?parent=557"}],"curies":[{"name":"wp","href":"https:\/\/api.w.org\/{rel}","templated":true}]}}