{"id":559,"date":"2024-10-02T14:51:45","date_gmt":"2024-10-02T13:51:45","guid":{"rendered":"https:\/\/www.ipleiria.pt\/estm\/?page_id=559"},"modified":"2024-10-15T16:03:11","modified_gmt":"2024-10-15T15:03:11","slug":"plano-de-seguranca-interno","status":"publish","type":"page","link":"https:\/\/www.ipleiria.pt\/estm\/escola\/informacoes\/plano-de-seguranca-interno\/","title":{"rendered":"Plano de seguran\u00e7a interno"},"content":{"rendered":"\n<p class=\"is-style-theme-subtitle\">Instru\u00e7\u00f5es de Seguran\u00e7a<\/p>\n\n\n\n<h2 class=\"is-style-theme-title\">Plano de Seguran\u00e7a Interno<\/h2>\n\n\n\n<div class=\"wp-container-3 wp-block-columns\">\n<div class=\"wp-container-1 wp-block-column\">\n<p>Para uma r\u00e1pida interven\u00e7\u00e3o em situa\u00e7\u00f5es de emerg\u00eancia, a ESTM, disp\u00f5e de equipas de seguran\u00e7a devidamente equipadas, para fazer face ao perigo iminente, com forma\u00e7\u00e3o em:<\/p>\n\n\n\n<ul><li>Combate a inc\u00eandio<\/li><li>Evacua\u00e7\u00e3o de edif\u00edcios<\/li><li>Socorrismo<\/li><\/ul>\n\n\n\n<div style=\"height:20px\" aria-hidden=\"true\" class=\"wp-block-spacer\"><\/div>\n\n\n\n<p><strong>N\u00ba de Emerg\u00eancia Interno<\/strong> 400115<br>Poder\u00e1 ainda ligar 112 (Emerg\u00eancia M\u00e9dica) de qualquer telefone interno, caso seja necess\u00e1rio.<\/p>\n<\/div>\n\n\n\n<div class=\"wp-container-2 wp-block-column\">\n<div style=\"height:20px\" aria-hidden=\"true\" class=\"wp-block-spacer\"><\/div>\n\n\n<div class=\"wp-block-image\">\n<figure class=\"aligncenter size-full\"><img loading=\"lazy\" width=\"188\" height=\"188\" src=\"https:\/\/www.ipleiria.pt\/estm\/wp-content\/uploads\/sites\/28\/2024\/10\/telefone-24.png\" alt=\"\" class=\"wp-image-2874\" srcset=\"https:\/\/www.ipleiria.pt\/estm\/wp-content\/uploads\/sites\/28\/2024\/10\/telefone-24.png 188w, https:\/\/www.ipleiria.pt\/estm\/wp-content\/uploads\/sites\/28\/2024\/10\/telefone-24-150x150.png 150w\" sizes=\"(max-width: 188px) 100vw, 188px\" \/><\/figure><\/div><\/div>\n<\/div>\n\n\n\n<div id=\"gbc-4981fb-8d\" class=\"wp-block-pt-ipleiria-ued-wp-theme-ipleiria-gutenbergblocks-container gbc gbc-view row-valign-top align-full\" style=\"background-color:#F3F3F3;margin-top:30px;margin-bottom:60px\"><div class=\"gbc-background-overlay gbc-background-overlay-normal\" style=\"opacity:0.3\"><\/div><div class=\"gbc-wrapper\" style=\"padding-top:60px;padding-bottom:60px\"><div id=\"gbc-container-gbc-4981fb-8d\" class=\"inner-container container\">\n<p class=\"is-style-theme-subtitle\">Instru\u00e7\u00f5es de Seguran\u00e7a<\/p>\n\n\n\n<h2 class=\"is-style-theme-title\">Como agir perante uma situa\u00e7\u00e3o de inc\u00eandio<br><\/h2>\n\n\n\n<div class=\"wp-container-6 wp-block-columns\">\n<div class=\"wp-container-4 wp-block-column\">\n<p>Ao detetar um foco de inc\u00eandio ou qualquer outra situa\u00e7\u00e3o de risco&nbsp;dever\u00e1 manter a calma&nbsp;e&nbsp;dar o alarme.<\/p>\n<\/div>\n\n\n\n<div class=\"wp-container-5 wp-block-column\"><\/div>\n<\/div>\n\n\n\n<div class=\"wp-container-10 wp-block-columns\">\n<div class=\"wp-container-7 wp-block-column\"><div class=\"wp-block-image\">\n<figure class=\"aligncenter size-full\"><img loading=\"lazy\" width=\"256\" height=\"256\" src=\"https:\/\/www.ipleiria.pt\/estm\/wp-content\/uploads\/sites\/28\/2024\/10\/Fogo_Botoneira.png\" alt=\"\" class=\"wp-image-2878\" srcset=\"https:\/\/www.ipleiria.pt\/estm\/wp-content\/uploads\/sites\/28\/2024\/10\/Fogo_Botoneira.png 256w, https:\/\/www.ipleiria.pt\/estm\/wp-content\/uploads\/sites\/28\/2024\/10\/Fogo_Botoneira-150x150.png 150w\" sizes=\"(max-width: 256px) 100vw, 256px\" \/><\/figure><\/div>\n\n\n<p class=\"has-text-align-center\"><strong>1.<br><\/strong>Acionar a botoneira de alarme de inc\u00eandio, fazendo press\u00e3o sobre o vidro.<\/p>\n<\/div>\n\n\n\n<div class=\"wp-container-8 wp-block-column\"><div class=\"wp-block-image\">\n<figure class=\"aligncenter size-full\"><img loading=\"lazy\" width=\"256\" height=\"256\" src=\"https:\/\/www.ipleiria.pt\/estm\/wp-content\/uploads\/sites\/28\/2024\/10\/Sinalizacao-de-botoneira-de-alarme-de-incendio.png\" alt=\"\" class=\"wp-image-2879\" srcset=\"https:\/\/www.ipleiria.pt\/estm\/wp-content\/uploads\/sites\/28\/2024\/10\/Sinalizacao-de-botoneira-de-alarme-de-incendio.png 256w, https:\/\/www.ipleiria.pt\/estm\/wp-content\/uploads\/sites\/28\/2024\/10\/Sinalizacao-de-botoneira-de-alarme-de-incendio-150x150.png 150w\" sizes=\"(max-width: 256px) 100vw, 256px\" \/><\/figure><\/div>\n\n\n<p class=\"has-text-align-center\"><strong>2.<\/strong><br>Este sinal indica a localiza\u00e7\u00e3o da respetiva botoneira.<\/p>\n<\/div>\n\n\n\n<div class=\"wp-container-9 wp-block-column\"><div class=\"wp-block-image\">\n<figure class=\"aligncenter size-full\"><img loading=\"lazy\" width=\"256\" height=\"256\" src=\"https:\/\/www.ipleiria.pt\/estm\/wp-content\/uploads\/sites\/28\/2024\/10\/sinalizacao-de-telefone-de-emergencia.png\" alt=\"\" class=\"wp-image-2880\" srcset=\"https:\/\/www.ipleiria.pt\/estm\/wp-content\/uploads\/sites\/28\/2024\/10\/sinalizacao-de-telefone-de-emergencia.png 256w, https:\/\/www.ipleiria.pt\/estm\/wp-content\/uploads\/sites\/28\/2024\/10\/sinalizacao-de-telefone-de-emergencia-150x150.png 150w\" sizes=\"(max-width: 256px) 100vw, 256px\" \/><\/figure><\/div>\n\n\n<p class=\"has-text-align-center\"><strong>3.<\/strong><br>Poder\u00e1 ainda dar o alarme via n\u00famero interno de emerg\u00eancia.<\/p>\n<\/div>\n<\/div>\n<\/div><\/div><\/div>\n\n\n\n<p class=\"is-style-theme-subtitle\">Instru\u00e7\u00f5es de Seguran\u00e7a<\/p>\n\n\n\n<h2 class=\"is-style-theme-title\">Como agir perante um alarme<\/h2>\n\n\n\n<div class=\"wp-container-28 wp-block-columns\">\n<div class=\"wp-container-14 wp-block-column\">\n<div class=\"wp-container-13 wp-block-columns\">\n<div class=\"wp-container-11 wp-block-column\" style=\"flex-basis:25%\">\n<figure class=\"wp-block-image size-full\"><img loading=\"lazy\" width=\"256\" height=\"256\" src=\"https:\/\/www.ipleiria.pt\/estm\/wp-content\/uploads\/sites\/28\/2024\/10\/alarme..png\" alt=\"\" class=\"wp-image-2886\" srcset=\"https:\/\/www.ipleiria.pt\/estm\/wp-content\/uploads\/sites\/28\/2024\/10\/alarme..png 256w, https:\/\/www.ipleiria.pt\/estm\/wp-content\/uploads\/sites\/28\/2024\/10\/alarme.-150x150.png 150w\" sizes=\"(max-width: 256px) 100vw, 256px\" \/><\/figure>\n<\/div>\n\n\n\n<div class=\"wp-container-12 wp-block-column\">\n<div style=\"height:20px\" aria-hidden=\"true\" class=\"wp-block-spacer\"><\/div>\n\n\n\n<p><strong>\u2026 a sirene alerta para um perigo\u2026!!!<\/strong><br>Inicie a evacua\u00e7\u00e3o do edif\u00edcio de forma calma e ordeira.<\/p>\n<\/div>\n<\/div>\n\n\n\n<p>Siga rigorosamente as instru\u00e7\u00f5es transmitidas por sistema sonoro.<\/p>\n\n\n\n<h3>Docente\/Funcion\u00e1rio<\/h3>\n\n\n\n<p>Ordenar a evacua\u00e7\u00e3o do edif\u00edcio acompanhando os estudantes&nbsp;at\u00e9 o ponto de encontro mais pr\u00f3ximo.<\/p>\n\n\n\n<h3>Estudante<\/h3>\n\n\n\n<p>Cumprir as instru\u00e7\u00f5es dos docentes e\/ou funcion\u00e1rios.<\/p>\n<\/div>\n\n\n\n<div class=\"wp-container-27 wp-block-column\">\n<div class=\"wp-container-17 wp-block-columns\">\n<div class=\"wp-container-15 wp-block-column\">\n<p>Abandonar o local de acordo com os caminhos de evacua\u00e7\u00e3o. Fechar a porta para evitar a propaga\u00e7\u00e3o do fogo e fumo.&nbsp;N\u00c3O CORRER.<\/p>\n<\/div>\n\n\n\n<div class=\"wp-container-16 wp-block-column\" style=\"flex-basis:25%\">\n<div style=\"height:20px\" aria-hidden=\"true\" class=\"wp-block-spacer\"><\/div>\n\n\n\n<figure class=\"wp-block-image size-full is-resized\"><img loading=\"lazy\" src=\"https:\/\/www.ipleiria.pt\/estm\/wp-content\/uploads\/sites\/28\/2024\/10\/saida.jpg\" alt=\"\" class=\"wp-image-2888\" width=\"148\" height=\"56\"\/><\/figure>\n<\/div>\n<\/div>\n\n\n\n<div class=\"wp-container-20 wp-block-columns\">\n<div class=\"wp-container-18 wp-block-column\">\n<p>Seguir as instru\u00e7\u00f5es constantes das plantas de emerg\u00eancia.<\/p>\n<\/div>\n\n\n\n<div class=\"wp-container-19 wp-block-column\" style=\"flex-basis:25%\">\n<figure class=\"wp-block-image size-full\"><img loading=\"lazy\" width=\"125\" height=\"89\" src=\"https:\/\/www.ipleiria.pt\/estm\/wp-content\/uploads\/sites\/28\/2024\/10\/planta.jpg\" alt=\"\" class=\"wp-image-2889\"\/><\/figure>\n<\/div>\n<\/div>\n\n\n\n<div class=\"wp-container-23 wp-block-columns\">\n<div class=\"wp-container-21 wp-block-column\">\n<p>Dirija-se para a o ponto de encontro mais pr\u00f3ximo at\u00e9 receber novas instru\u00e7\u00f5es.<\/p>\n<\/div>\n\n\n\n<div class=\"wp-container-22 wp-block-column\" style=\"flex-basis:25%\">\n<div style=\"height:20px\" aria-hidden=\"true\" class=\"wp-block-spacer\"><\/div>\n\n\n\n<figure class=\"wp-block-image size-full\"><img loading=\"lazy\" width=\"48\" height=\"50\" src=\"https:\/\/www.ipleiria.pt\/estm\/wp-content\/uploads\/sites\/28\/2024\/10\/Ponto-de-encontro_75.png\" alt=\"\" class=\"wp-image-2890\"\/><\/figure>\n<\/div>\n<\/div>\n\n\n\n<div class=\"wp-container-26 wp-block-columns\">\n<div class=\"wp-container-24 wp-block-column\">\n<p>O coordenador de evacua\u00e7\u00e3o do edif\u00edcio dar-lhe-\u00e1 toda a informa\u00e7\u00e3o necess\u00e1ria.<\/p>\n<\/div>\n\n\n\n<div class=\"wp-container-25 wp-block-column\" style=\"flex-basis:25%\">\n<div style=\"height:10px\" aria-hidden=\"true\" class=\"wp-block-spacer\"><\/div>\n<\/div>\n<\/div>\n<\/div>\n<\/div>\n\n\n\n<hr class=\"wp-block-separator has-alpha-channel-opacity is-style-wide\"\/>\n\n\n\n<p class=\"is-style-theme-subtitle\">Tome Nota\u2026<\/p>\n\n\n\n<h2 class=\"is-style-theme-title\">Inc\u00eandio . Sismo . Evacua\u00e7\u00e3o . Ordem<\/h2>\n\n\n\n<div class=\"wp-container-31 wp-block-columns\">\n<div class=\"wp-container-29 wp-block-column\">\n<h3>Inc\u00eandio<\/h3>\n\n\n\n<ul><li>Dever\u00e1 sempre manter a calma.<\/li><li>Ap\u00f3s ter dado o alarme, se se julgar habilitado para o efeito, poder\u00e1 fazer uso dos meios de combate a inc\u00eandio existentes para tentar controlar o mesmo.<\/li><li>Dar indica\u00e7\u00f5es \u00e0s equipas de seguran\u00e7a sobre a localiza\u00e7\u00e3o de eventuais v\u00edtimas, de forma a que estes possam efetuar o resgate das mesmas no mais curto espa\u00e7o de tempo poss\u00edvel.<\/li><\/ul>\n<\/div>\n\n\n\n<div class=\"wp-container-30 wp-block-column\">\n<h3>Sismo<\/h3>\n\n\n\n<ul><li>Perante um sismo, proteja-se da queda de objetos, nomeadamente debaixo de:<ul><li>V\u00e3os de portas;<\/li><li>Cantos das salas;<\/li><li>Debaixo de mesas, camas ou outras superf\u00edcies resistentes.<\/li><\/ul><\/li><li>Logo que o abalo terminar, proceder de acordo com as instru\u00e7\u00f5es de evacua\u00e7\u00e3o:<ul><li>Docente\/Funcion\u00e1rio:&nbsp;Ordene a evacua\u00e7\u00e3o do edif\u00edcio acompanhando os alunos at\u00e9 ao ponto de encontro.<\/li><li>Estudante:&nbsp;Cumpra as instru\u00e7\u00f5es dos docentes e\/ou funcion\u00e1rios.<\/li><\/ul><\/li><\/ul>\n<\/div>\n<\/div>\n\n\n\n<div style=\"height:20px\" aria-hidden=\"true\" class=\"wp-block-spacer\"><\/div>\n\n\n\n<div class=\"wp-container-34 wp-block-columns\">\n<div class=\"wp-container-32 wp-block-column\" style=\"flex-basis:20%\">\n<div style=\"height:50px\" aria-hidden=\"true\" class=\"wp-block-spacer\"><\/div>\n\n\n\n<p><strong>Meios de combate a inc\u00eandio<\/strong><\/p>\n\n\n\n<figure class=\"wp-block-image size-full\"><img loading=\"lazy\" width=\"48\" height=\"50\" src=\"https:\/\/www.ipleiria.pt\/estm\/wp-content\/uploads\/sites\/28\/2024\/10\/mangueira-de-incendio_75.png\" alt=\"\" class=\"wp-image-2912\"\/><\/figure>\n\n\n\n<figure class=\"wp-block-image size-full\"><img loading=\"lazy\" width=\"48\" height=\"50\" src=\"https:\/\/www.ipleiria.pt\/estm\/wp-content\/uploads\/sites\/28\/2024\/10\/Estintor-de-incendio_75.png\" alt=\"\" class=\"wp-image-2908\"\/><\/figure>\n\n\n\n<p><strong>Ponto de encontro<\/strong><\/p>\n\n\n\n<figure class=\"wp-block-image size-full\"><img loading=\"lazy\" width=\"48\" height=\"50\" src=\"https:\/\/www.ipleiria.pt\/estm\/wp-content\/uploads\/sites\/28\/2024\/10\/Ponto-de-encontro_75.png\" alt=\"\" class=\"wp-image-2890\"\/><\/figure>\n<\/div>\n\n\n\n<div class=\"wp-container-33 wp-block-column\" style=\"flex-basis:80%\">\n<h3>Pontos de encontro<a href=\"https:\/\/www.ipleiria.pt\/estm\/wp-content\/uploads\/sites\/21\/2018\/08\/ESTM-Campus-1.png\"><\/a><\/h3>\n\n\n\n<figure class=\"wp-block-image size-large\"><img loading=\"lazy\" width=\"1024\" height=\"523\" src=\"https:\/\/www.ipleiria.pt\/estm\/wp-content\/uploads\/sites\/28\/2024\/10\/ESTM-Campus-1-1024x523.png\" alt=\"\" class=\"wp-image-2935\" srcset=\"https:\/\/www.ipleiria.pt\/estm\/wp-content\/uploads\/sites\/28\/2024\/10\/ESTM-Campus-1-1024x523.png 1024w, https:\/\/www.ipleiria.pt\/estm\/wp-content\/uploads\/sites\/28\/2024\/10\/ESTM-Campus-1-300x153.png 300w, https:\/\/www.ipleiria.pt\/estm\/wp-content\/uploads\/sites\/28\/2024\/10\/ESTM-Campus-1-768x392.png 768w, https:\/\/www.ipleiria.pt\/estm\/wp-content\/uploads\/sites\/28\/2024\/10\/ESTM-Campus-1.png 1109w\" sizes=\"(max-width: 1024px) 100vw, 1024px\" \/><\/figure>\n<\/div>\n<\/div>\n","protected":false},"excerpt":{"rendered":"Instru\u00e7\u00f5es de Seguran\u00e7a Plano de Seguran\u00e7a Interno Para uma r\u00e1pida interven\u00e7\u00e3o em situa\u00e7\u00f5es de emerg\u00eancia, a ESTM, disp\u00f5e de equipas de seguran\u00e7a devidamente equipadas, para fazer face ao perigo iminente, com forma\u00e7\u00e3o em: Combate a inc\u00eandioEvacua\u00e7\u00e3o de edif\u00edciosSocorrismo N\u00ba de Emerg\u00eancia Interno 400115Poder\u00e1 ainda ligar 112 (Emerg\u00eancia M\u00e9dica) de qualquer telefone interno, caso seja necess\u00e1rio. [&hellip;]","protected":false},"author":4,"featured_media":0,"parent":549,"menu_order":50,"comment_status":"closed","ping_status":"closed","template":"","meta":{"multilingual_post_translation":"","page_post-custom-url":"","page_post-custom-url-target":""},"_links":{"self":[{"href":"https:\/\/www.ipleiria.pt\/estm\/wp-json\/wp\/v2\/pages\/559"}],"collection":[{"href":"https:\/\/www.ipleiria.pt\/estm\/wp-json\/wp\/v2\/pages"}],"about":[{"href":"https:\/\/www.ipleiria.pt\/estm\/wp-json\/wp\/v2\/types\/page"}],"author":[{"embeddable":true,"href":"https:\/\/www.ipleiria.pt\/estm\/wp-json\/wp\/v2\/users\/4"}],"replies":[{"embeddable":true,"href":"https:\/\/www.ipleiria.pt\/estm\/wp-json\/wp\/v2\/comments?post=559"}],"version-history":[{"count":25,"href":"https:\/\/www.ipleiria.pt\/estm\/wp-json\/wp\/v2\/pages\/559\/revisions"}],"predecessor-version":[{"id":2941,"href":"https:\/\/www.ipleiria.pt\/estm\/wp-json\/wp\/v2\/pages\/559\/revisions\/2941"}],"up":[{"embeddable":true,"href":"https:\/\/www.ipleiria.pt\/estm\/wp-json\/wp\/v2\/pages\/549"}],"wp:attachment":[{"href":"https:\/\/www.ipleiria.pt\/estm\/wp-json\/wp\/v2\/media?parent=559"}],"curies":[{"name":"wp","href":"https:\/\/api.w.org\/{rel}","templated":true}]}}