{"id":565,"date":"2024-10-02T14:53:02","date_gmt":"2024-10-02T13:53:02","guid":{"rendered":"https:\/\/www.ipleiria.pt\/estm\/?page_id=565"},"modified":"2024-10-14T15:30:00","modified_gmt":"2024-10-14T14:30:00","slug":"as-nossas-instalacoes","status":"publish","type":"page","link":"https:\/\/www.ipleiria.pt\/estm\/escola\/infraestrutura-e-servicos\/as-nossas-instalacoes\/","title":{"rendered":"As nossas instala\u00e7\u00f5es"},"content":{"rendered":"\n<div class=\"wp-block-pt-ipleiria-ued-wp-theme-ipleiria-gutenbergblocks-moc gbmoc\" role=\"navigation\" aria-label=\"Menu de conte\u00fados\"><div class=\"gbmoc-menu-wrapper\"><div id=\"gbmoc-136a39-fd-menu-container\" class=\"gbmoc-menu-container\"><div class=\"gbmoc-title\" id=\"gbmoc-136a39-fd-title\">Ir para:<\/div><ul aria-describedby=\"gbmoc-136a39-fd-title\" class=\"gbmoc-menuitems\"><li><a href=\"#as-nossas-instalacoes\">As nossas instala\u00e7\u00f5es <\/a><\/li><li><a href=\"#auditorio\">Audit\u00f3rio<\/a><\/li><li><a href=\"#anfiteatro\">Anfiteatro<\/a><\/li><li><a href=\"#biblioteca\">Biblioteca<\/a><\/li><li><a href=\"#exterior\">Exterior<\/a><\/li><li><a href=\"#salas-de-acesso-livre\">Salas de Acesso Livre<\/a><\/li><li><a href=\"#salas-de-aula\">Salas de Aula<\/a><\/li><li><a href=\"#salas-de-informatica\">Salas de Inform\u00e1tica<\/a><\/li><li class=\"gbmoc-scroll-to-top-wrapper\"><a class=\"gbmoc-scroll-to-top\" href=\"#top\">Topo<\/a><\/li><\/ul><\/div><\/div><\/div>\n\n\n\n<div class=\"wp-container-3 wp-block-columns\">\n<div class=\"wp-container-1 wp-block-column\">\n<p class=\"is-style-theme-subtitle\">ESTM<\/p>\n\n\n\n<h2 class=\"is-style-theme-title\" id=\"as-nossas-instalacoes\">As nossas instala\u00e7\u00f5es <\/h2>\n\n\n\n<p>A ESTM possui 17 laborat\u00f3rios e salas pr\u00e1ticas na \u00e1rea das ci\u00eancias e tecnologias do mar e das ci\u00eancias do turismo, 27 salas de aula em pleno funcionamento, Sala de estudo, zona wireless, sala de utilizadores de inform\u00e1tica, uma biblioteca, um audit\u00f3rio com capacidade de 250 lugares e vista privilegiada para a ilha das Berlengas, um anfiteatro com capacidade para 89 lugares, tr\u00eas salas de inform\u00e1tica totalmente equipadas e um Hotel Escola equipado com 25 quartos duplos, sala de restaurante, cozinha, bar, rece\u00e7\u00e3o e duas salas de forma\u00e7\u00e3o, que \u00e9 tamb\u00e9m utilizado como uma das duas resid\u00eancias para estudante.<\/p>\n<\/div>\n\n\n\n<div class=\"wp-container-2 wp-block-column\">\n<figure class=\"wp-block-image size-full\"><img loading=\"lazy\" width=\"1024\" height=\"683\" src=\"https:\/\/www.ipleiria.pt\/estm\/wp-content\/uploads\/sites\/28\/2024\/10\/webpc-passthru-1.webp\" alt=\"\" class=\"wp-image-2311\" srcset=\"https:\/\/www.ipleiria.pt\/estm\/wp-content\/uploads\/sites\/28\/2024\/10\/webpc-passthru-1.webp 1024w, https:\/\/www.ipleiria.pt\/estm\/wp-content\/uploads\/sites\/28\/2024\/10\/webpc-passthru-1-300x200.webp 300w, https:\/\/www.ipleiria.pt\/estm\/wp-content\/uploads\/sites\/28\/2024\/10\/webpc-passthru-1-768x512.webp 768w\" sizes=\"(max-width: 1024px) 100vw, 1024px\" \/><\/figure>\n<\/div>\n<\/div>\n\n\n\n<hr class=\"wp-block-separator has-alpha-channel-opacity is-style-wide\"\/>\n\n\n\n<div class=\"wp-container-6 wp-block-columns\">\n<div class=\"wp-container-4 wp-block-column\">\n<p class=\"is-style-theme-subtitle\">ESTM<\/p>\n\n\n\n<h2 class=\"is-style-theme-title\" id=\"auditorio\">Audit\u00f3rio<\/h2>\n\n\n\n<p>O Audit\u00f3rio tem uma capacidade de 250 lugares e tem vista privilegiada para a ilha das Berlengas.<\/p>\n<\/div>\n\n\n\n<div class=\"wp-container-5 wp-block-column\"><\/div>\n<\/div>\n\n\n\n<div class=\"wp-container-8 wp-block-columns\">\n<div class=\"wp-container-7 wp-block-column\"><div class=\"wp-block-image\">\n<figure class=\"alignleft size-large is-resized\"><img loading=\"lazy\" src=\"https:\/\/www.ipleiria.pt\/estm\/wp-content\/uploads\/sites\/28\/2024\/10\/14806_auditorio-1-1024x1024.jpg\" alt=\"\" class=\"wp-image-2370\" width=\"1024\" height=\"1024\" srcset=\"https:\/\/www.ipleiria.pt\/estm\/wp-content\/uploads\/sites\/28\/2024\/10\/14806_auditorio-1-1024x1024.jpg 1024w, https:\/\/www.ipleiria.pt\/estm\/wp-content\/uploads\/sites\/28\/2024\/10\/14806_auditorio-1-300x300.jpg 300w, https:\/\/www.ipleiria.pt\/estm\/wp-content\/uploads\/sites\/28\/2024\/10\/14806_auditorio-1-150x150.jpg 150w, https:\/\/www.ipleiria.pt\/estm\/wp-content\/uploads\/sites\/28\/2024\/10\/14806_auditorio-1-768x768.jpg 768w, https:\/\/www.ipleiria.pt\/estm\/wp-content\/uploads\/sites\/28\/2024\/10\/14806_auditorio-1.jpg 1200w\" sizes=\"(max-width: 1024px) 100vw, 1024px\" \/><\/figure><\/div><\/div>\n<\/div>\n\n\n\n<hr class=\"wp-block-separator has-alpha-channel-opacity is-style-wide\"\/>\n\n\n\n<div class=\"wp-container-11 wp-block-columns\">\n<div class=\"wp-container-9 wp-block-column\">\n<p class=\"is-style-theme-subtitle\">ESTM<\/p>\n\n\n\n<h2 class=\"is-style-theme-title\" id=\"anfiteatro\">Anfiteatro<\/h2>\n\n\n\n<p>O Anfiteatro tem uma capacidade de 89 lugares.<\/p>\n<\/div>\n\n\n\n<div class=\"wp-container-10 wp-block-column\"><\/div>\n<\/div>\n\n\n\n<div class=\"wp-container-13 wp-block-columns\">\n<div class=\"wp-container-12 wp-block-column\"><div class=\"wp-block-image\">\n<figure class=\"alignleft size-large\"><img loading=\"lazy\" width=\"1024\" height=\"1024\" src=\"https:\/\/www.ipleiria.pt\/estm\/wp-content\/uploads\/sites\/28\/2024\/10\/14808_anfiteatro-1024x1024.jpg\" alt=\"\" class=\"wp-image-2374\" srcset=\"https:\/\/www.ipleiria.pt\/estm\/wp-content\/uploads\/sites\/28\/2024\/10\/14808_anfiteatro-1024x1024.jpg 1024w, https:\/\/www.ipleiria.pt\/estm\/wp-content\/uploads\/sites\/28\/2024\/10\/14808_anfiteatro-300x300.jpg 300w, https:\/\/www.ipleiria.pt\/estm\/wp-content\/uploads\/sites\/28\/2024\/10\/14808_anfiteatro-150x150.jpg 150w, https:\/\/www.ipleiria.pt\/estm\/wp-content\/uploads\/sites\/28\/2024\/10\/14808_anfiteatro-768x768.jpg 768w, https:\/\/www.ipleiria.pt\/estm\/wp-content\/uploads\/sites\/28\/2024\/10\/14808_anfiteatro.jpg 1200w\" sizes=\"(max-width: 1024px) 100vw, 1024px\" \/><\/figure><\/div><\/div>\n<\/div>\n\n\n\n<hr class=\"wp-block-separator has-alpha-channel-opacity is-style-wide\"\/>\n\n\n\n<div class=\"wp-container-16 wp-block-columns\">\n<div class=\"wp-container-14 wp-block-column\">\n<p class=\"is-style-theme-subtitle\">ESTM<\/p>\n\n\n\n<h2 class=\"is-style-theme-title\" id=\"biblioteca\">Biblioteca<\/h2>\n\n\n\n<p>Biblioteca campus 4<br>Acesso ao site da biblioteca aqui:\u00a0<a rel=\"noreferrer noopener\" href=\"https:\/\/www.ipleiria.pt\/sdoc\/\" target=\"_blank\">https:\/\/www.ipleiria.pt\/sdoc\/<\/a><\/p>\n<\/div>\n\n\n\n<div class=\"wp-container-15 wp-block-column\"><\/div>\n<\/div>\n\n\n\n<div class=\"wp-container-18 wp-block-columns\">\n<div class=\"wp-container-17 wp-block-column\">\n<figure class=\"wp-block-image size-large\"><img loading=\"lazy\" width=\"1024\" height=\"1024\" src=\"https:\/\/www.ipleiria.pt\/estm\/wp-content\/uploads\/sites\/28\/2024\/10\/14800_biblioteca-1024x1024.jpg\" alt=\"\" class=\"wp-image-2376\" srcset=\"https:\/\/www.ipleiria.pt\/estm\/wp-content\/uploads\/sites\/28\/2024\/10\/14800_biblioteca-1024x1024.jpg 1024w, https:\/\/www.ipleiria.pt\/estm\/wp-content\/uploads\/sites\/28\/2024\/10\/14800_biblioteca-300x300.jpg 300w, https:\/\/www.ipleiria.pt\/estm\/wp-content\/uploads\/sites\/28\/2024\/10\/14800_biblioteca-150x150.jpg 150w, https:\/\/www.ipleiria.pt\/estm\/wp-content\/uploads\/sites\/28\/2024\/10\/14800_biblioteca-768x768.jpg 768w, https:\/\/www.ipleiria.pt\/estm\/wp-content\/uploads\/sites\/28\/2024\/10\/14800_biblioteca.jpg 1200w\" sizes=\"(max-width: 1024px) 100vw, 1024px\" \/><\/figure>\n<\/div>\n<\/div>\n\n\n\n<hr class=\"wp-block-separator has-alpha-channel-opacity is-style-wide\"\/>\n\n\n\n<div class=\"wp-container-21 wp-block-columns\">\n<div class=\"wp-container-19 wp-block-column\">\n<p class=\"is-style-theme-subtitle\">ESTM<\/p>\n\n\n\n<h2 class=\"is-style-theme-title\" id=\"exterior\">Exterior<\/h2>\n\n\n\n<p>A ESTM encontra-se instalada num moderno e bem equipado Edif\u00edcio Pedag\u00f3gico, cuja localiza\u00e7\u00e3o pr\u00f3xima do Cabo Carvoeiro, em Peniche, com as Berlengas como pano de fundo, faz sobressair o mar como imagem de marca e suporte da identidade desta Escola.<\/p>\n<\/div>\n\n\n\n<div class=\"wp-container-20 wp-block-column\"><\/div>\n<\/div>\n\n\n\n<div class=\"wp-container-23 wp-block-columns\">\n<div class=\"wp-container-22 wp-block-column\"><div class=\"wp-block-image\">\n<figure class=\"alignleft size-large\"><img loading=\"lazy\" width=\"1024\" height=\"1024\" src=\"https:\/\/www.ipleiria.pt\/estm\/wp-content\/uploads\/sites\/28\/2024\/10\/14828_exterior_estm-1024x1024.jpg\" alt=\"\" class=\"wp-image-2379\" srcset=\"https:\/\/www.ipleiria.pt\/estm\/wp-content\/uploads\/sites\/28\/2024\/10\/14828_exterior_estm-1024x1024.jpg 1024w, https:\/\/www.ipleiria.pt\/estm\/wp-content\/uploads\/sites\/28\/2024\/10\/14828_exterior_estm-300x300.jpg 300w, https:\/\/www.ipleiria.pt\/estm\/wp-content\/uploads\/sites\/28\/2024\/10\/14828_exterior_estm-150x150.jpg 150w, https:\/\/www.ipleiria.pt\/estm\/wp-content\/uploads\/sites\/28\/2024\/10\/14828_exterior_estm-768x768.jpg 768w, https:\/\/www.ipleiria.pt\/estm\/wp-content\/uploads\/sites\/28\/2024\/10\/14828_exterior_estm.jpg 1200w\" sizes=\"(max-width: 1024px) 100vw, 1024px\" \/><\/figure><\/div><\/div>\n<\/div>\n\n\n\n<hr class=\"wp-block-separator has-alpha-channel-opacity is-style-wide\"\/>\n\n\n\n<div class=\"wp-container-26 wp-block-columns\">\n<div class=\"wp-container-24 wp-block-column\">\n<p class=\"is-style-theme-subtitle\">ESTM<\/p>\n\n\n\n<h2 class=\"is-style-theme-title\" id=\"salas-de-acesso-livre\">Salas de Acesso Livre<\/h2>\n\n\n\n<p>Sala de estudo, zona wireless, sala de utilizadores de inform\u00e1tica.<\/p>\n<\/div>\n\n\n\n<div class=\"wp-container-25 wp-block-column\"><\/div>\n<\/div>\n\n\n\n<div class=\"wp-container-28 wp-block-columns\">\n<div class=\"wp-container-27 wp-block-column\">\n<figure class=\"wp-block-image size-large\"><img loading=\"lazy\" width=\"1024\" height=\"1024\" src=\"https:\/\/www.ipleiria.pt\/estm\/wp-content\/uploads\/sites\/28\/2024\/10\/14796_salas_acesso_livre-1024x1024.jpg\" alt=\"\" class=\"wp-image-2387\" srcset=\"https:\/\/www.ipleiria.pt\/estm\/wp-content\/uploads\/sites\/28\/2024\/10\/14796_salas_acesso_livre-1024x1024.jpg 1024w, https:\/\/www.ipleiria.pt\/estm\/wp-content\/uploads\/sites\/28\/2024\/10\/14796_salas_acesso_livre-300x300.jpg 300w, https:\/\/www.ipleiria.pt\/estm\/wp-content\/uploads\/sites\/28\/2024\/10\/14796_salas_acesso_livre-150x150.jpg 150w, https:\/\/www.ipleiria.pt\/estm\/wp-content\/uploads\/sites\/28\/2024\/10\/14796_salas_acesso_livre-768x768.jpg 768w, https:\/\/www.ipleiria.pt\/estm\/wp-content\/uploads\/sites\/28\/2024\/10\/14796_salas_acesso_livre.jpg 1200w\" sizes=\"(max-width: 1024px) 100vw, 1024px\" \/><\/figure>\n<\/div>\n<\/div>\n\n\n\n<hr class=\"wp-block-separator has-alpha-channel-opacity is-style-wide\"\/>\n\n\n\n<div class=\"wp-container-31 wp-block-columns\">\n<div class=\"wp-container-29 wp-block-column\">\n<p class=\"is-style-theme-subtitle\">ESTM<\/p>\n\n\n\n<h2 class=\"is-style-theme-title\" id=\"salas-de-aula\">Salas de Aula<\/h2>\n\n\n\n<p>A ESTM disp\u00f5e de 27 salas de aula em pleno funcionamento.<\/p>\n<\/div>\n\n\n\n<div class=\"wp-container-30 wp-block-column\"><\/div>\n<\/div>\n\n\n\n<div class=\"wp-container-33 wp-block-columns\">\n<div class=\"wp-container-32 wp-block-column\"><div class=\"wp-block-image\">\n<figure class=\"alignleft size-large\"><img loading=\"lazy\" width=\"1024\" height=\"1024\" src=\"https:\/\/www.ipleiria.pt\/estm\/wp-content\/uploads\/sites\/28\/2024\/10\/14794_salas_aula_estm-1024x1024.jpg\" alt=\"\" class=\"wp-image-2389\" srcset=\"https:\/\/www.ipleiria.pt\/estm\/wp-content\/uploads\/sites\/28\/2024\/10\/14794_salas_aula_estm-1024x1024.jpg 1024w, https:\/\/www.ipleiria.pt\/estm\/wp-content\/uploads\/sites\/28\/2024\/10\/14794_salas_aula_estm-300x300.jpg 300w, https:\/\/www.ipleiria.pt\/estm\/wp-content\/uploads\/sites\/28\/2024\/10\/14794_salas_aula_estm-150x150.jpg 150w, https:\/\/www.ipleiria.pt\/estm\/wp-content\/uploads\/sites\/28\/2024\/10\/14794_salas_aula_estm-768x768.jpg 768w, https:\/\/www.ipleiria.pt\/estm\/wp-content\/uploads\/sites\/28\/2024\/10\/14794_salas_aula_estm.jpg 1200w\" sizes=\"(max-width: 1024px) 100vw, 1024px\" \/><\/figure><\/div><\/div>\n<\/div>\n\n\n\n<hr class=\"wp-block-separator has-alpha-channel-opacity is-style-wide\"\/>\n\n\n\n<p class=\"is-style-theme-subtitle\">ESTM<\/p>\n\n\n\n<h2 class=\"is-style-theme-title\" id=\"salas-de-informatica\">Salas de Inform\u00e1tica<\/h2>\n\n\n\n<div class=\"wp-container-35 wp-block-columns\">\n<div class=\"wp-container-34 wp-block-column\"><div class=\"wp-block-image\">\n<figure class=\"alignleft size-large\"><img loading=\"lazy\" width=\"1024\" height=\"1024\" src=\"https:\/\/www.ipleiria.pt\/estm\/wp-content\/uploads\/sites\/28\/2024\/10\/15771_salas_informatica-1024x1024.jpg\" alt=\"\" class=\"wp-image-2391\" srcset=\"https:\/\/www.ipleiria.pt\/estm\/wp-content\/uploads\/sites\/28\/2024\/10\/15771_salas_informatica-1024x1024.jpg 1024w, https:\/\/www.ipleiria.pt\/estm\/wp-content\/uploads\/sites\/28\/2024\/10\/15771_salas_informatica-300x300.jpg 300w, https:\/\/www.ipleiria.pt\/estm\/wp-content\/uploads\/sites\/28\/2024\/10\/15771_salas_informatica-150x150.jpg 150w, https:\/\/www.ipleiria.pt\/estm\/wp-content\/uploads\/sites\/28\/2024\/10\/15771_salas_informatica-768x768.jpg 768w, https:\/\/www.ipleiria.pt\/estm\/wp-content\/uploads\/sites\/28\/2024\/10\/15771_salas_informatica.jpg 1200w\" sizes=\"(max-width: 1024px) 100vw, 1024px\" \/><\/figure><\/div><\/div>\n<\/div>\n","protected":false},"excerpt":{"rendered":"ESTM As nossas instala\u00e7\u00f5es A ESTM possui 17 laborat\u00f3rios e salas pr\u00e1ticas na \u00e1rea das ci\u00eancias e tecnologias do mar e das ci\u00eancias do turismo, 27 salas de aula em pleno funcionamento, Sala de estudo, zona wireless, sala de utilizadores de inform\u00e1tica, uma biblioteca, um audit\u00f3rio com capacidade de 250 lugares e vista privilegiada para [&hellip;]","protected":false},"author":4,"featured_media":0,"parent":563,"menu_order":10,"comment_status":"closed","ping_status":"closed","template":"","meta":{"multilingual_post_translation":"","page_post-custom-url":"","page_post-custom-url-target":""},"_links":{"self":[{"href":"https:\/\/www.ipleiria.pt\/estm\/wp-json\/wp\/v2\/pages\/565"}],"collection":[{"href":"https:\/\/www.ipleiria.pt\/estm\/wp-json\/wp\/v2\/pages"}],"about":[{"href":"https:\/\/www.ipleiria.pt\/estm\/wp-json\/wp\/v2\/types\/page"}],"author":[{"embeddable":true,"href":"https:\/\/www.ipleiria.pt\/estm\/wp-json\/wp\/v2\/users\/4"}],"replies":[{"embeddable":true,"href":"https:\/\/www.ipleiria.pt\/estm\/wp-json\/wp\/v2\/comments?post=565"}],"version-history":[{"count":15,"href":"https:\/\/www.ipleiria.pt\/estm\/wp-json\/wp\/v2\/pages\/565\/revisions"}],"predecessor-version":[{"id":2395,"href":"https:\/\/www.ipleiria.pt\/estm\/wp-json\/wp\/v2\/pages\/565\/revisions\/2395"}],"up":[{"embeddable":true,"href":"https:\/\/www.ipleiria.pt\/estm\/wp-json\/wp\/v2\/pages\/563"}],"wp:attachment":[{"href":"https:\/\/www.ipleiria.pt\/estm\/wp-json\/wp\/v2\/media?parent=565"}],"curies":[{"name":"wp","href":"https:\/\/api.w.org\/{rel}","templated":true}]}}