{"id":567,"date":"2024-10-02T14:53:22","date_gmt":"2024-10-02T13:53:22","guid":{"rendered":"https:\/\/www.ipleiria.pt\/estm\/?page_id=567"},"modified":"2024-10-17T14:32:47","modified_gmt":"2024-10-17T13:32:47","slug":"laboratorios","status":"publish","type":"page","link":"https:\/\/www.ipleiria.pt\/estm\/escola\/infraestrutura-e-servicos\/laboratorios\/","title":{"rendered":"Laborat\u00f3rios"},"content":{"rendered":"\n<div class=\"wp-block-pt-ipleiria-ued-wp-theme-ipleiria-gutenbergblocks-moc gbmoc\" role=\"navigation\" aria-label=\"Menu de conte\u00fados\"><div class=\"gbmoc-menu-wrapper\"><div id=\"gbmoc-7bfb16-7b-menu-container\" class=\"gbmoc-menu-container\"><div class=\"gbmoc-title\" id=\"gbmoc-7bfb16-7b-title\">Ir para:<\/div><ul aria-describedby=\"gbmoc-7bfb16-7b-title\" class=\"gbmoc-menuitems\"><li><a href=\"#laboratorios\">Laborat\u00f3rios<\/a><\/li><li><a href=\"#fast\">FAST<\/a><\/li><li><a href=\"#clip\">CliP<\/a><\/li><li><a href=\"#medialab\">MediaLAB<\/a><\/li><li class=\"gbmoc-scroll-to-top-wrapper\"><a class=\"gbmoc-scroll-to-top\" href=\"#top\">Topo<\/a><\/li><\/ul><\/div><\/div><\/div>\n\n\n\n<div class=\"wp-container-3 wp-block-columns\">\n<div class=\"wp-container-1 wp-block-column\">\n<p class=\"is-style-theme-subtitle\">ESTM<\/p>\n\n\n\n<h2 class=\"is-style-theme-title\" id=\"laboratorios\">Laborat\u00f3rios<\/h2>\n\n\n\n<p>A ESTM 17 laborat\u00f3rios e salas pr\u00e1ticas nas \u00e1reas das ci\u00eancias e tecnologias do mar e das ci\u00eancias do turismo.<\/p>\n<\/div>\n\n\n\n<div class=\"wp-container-2 wp-block-column\"><\/div>\n<\/div>\n\n\n\n<div class=\"wp-container-6 wp-block-columns\">\n<div class=\"wp-container-4 wp-block-column\">\n<figure class=\"wp-block-image size-large\"><img loading=\"lazy\" width=\"1024\" height=\"683\" src=\"https:\/\/www.ipleiria.pt\/estm\/wp-content\/uploads\/sites\/28\/2024\/10\/cetemares_2-1024x683.jpg\" alt=\"\" class=\"wp-image-3021\" srcset=\"https:\/\/www.ipleiria.pt\/estm\/wp-content\/uploads\/sites\/28\/2024\/10\/cetemares_2-1024x683.jpg 1024w, https:\/\/www.ipleiria.pt\/estm\/wp-content\/uploads\/sites\/28\/2024\/10\/cetemares_2-300x200.jpg 300w, https:\/\/www.ipleiria.pt\/estm\/wp-content\/uploads\/sites\/28\/2024\/10\/cetemares_2-768x512.jpg 768w, https:\/\/www.ipleiria.pt\/estm\/wp-content\/uploads\/sites\/28\/2024\/10\/cetemares_2.jpg 1536w\" sizes=\"(max-width: 1024px) 100vw, 1024px\" \/><\/figure>\n<\/div>\n\n\n\n<div class=\"wp-container-5 wp-block-column\">\n<figure class=\"wp-block-image size-large\"><img loading=\"lazy\" width=\"1024\" height=\"683\" src=\"https:\/\/www.ipleiria.pt\/estm\/wp-content\/uploads\/sites\/28\/2024\/10\/MG_9506-1024x683.jpg\" alt=\"\" class=\"wp-image-944\" srcset=\"https:\/\/www.ipleiria.pt\/estm\/wp-content\/uploads\/sites\/28\/2024\/10\/MG_9506-1024x683.jpg 1024w, https:\/\/www.ipleiria.pt\/estm\/wp-content\/uploads\/sites\/28\/2024\/10\/MG_9506-300x200.jpg 300w, https:\/\/www.ipleiria.pt\/estm\/wp-content\/uploads\/sites\/28\/2024\/10\/MG_9506-768x512.jpg 768w, https:\/\/www.ipleiria.pt\/estm\/wp-content\/uploads\/sites\/28\/2024\/10\/MG_9506-1536x1024.jpg 1536w, https:\/\/www.ipleiria.pt\/estm\/wp-content\/uploads\/sites\/28\/2024\/10\/MG_9506.jpg 1920w\" sizes=\"(max-width: 1024px) 100vw, 1024px\" \/><\/figure>\n<\/div>\n<\/div>\n\n\n\n<div class=\"wp-container-10 wp-block-columns\">\n<div class=\"wp-container-7 wp-block-column\">\n<figure class=\"wp-block-image size-large\"><img loading=\"lazy\" width=\"683\" height=\"1024\" src=\"https:\/\/www.ipleiria.pt\/estm\/wp-content\/uploads\/sites\/28\/2024\/10\/MG_27781-683x1024.jpg\" alt=\"\" class=\"wp-image-928\" srcset=\"https:\/\/www.ipleiria.pt\/estm\/wp-content\/uploads\/sites\/28\/2024\/10\/MG_27781-683x1024.jpg 683w, https:\/\/www.ipleiria.pt\/estm\/wp-content\/uploads\/sites\/28\/2024\/10\/MG_27781-200x300.jpg 200w, https:\/\/www.ipleiria.pt\/estm\/wp-content\/uploads\/sites\/28\/2024\/10\/MG_27781-768x1152.jpg 768w, https:\/\/www.ipleiria.pt\/estm\/wp-content\/uploads\/sites\/28\/2024\/10\/MG_27781-1024x1536.jpg 1024w, https:\/\/www.ipleiria.pt\/estm\/wp-content\/uploads\/sites\/28\/2024\/10\/MG_27781-1365x2048.jpg 1365w, https:\/\/www.ipleiria.pt\/estm\/wp-content\/uploads\/sites\/28\/2024\/10\/MG_27781-scaled.jpg 1707w\" sizes=\"(max-width: 683px) 100vw, 683px\" \/><\/figure>\n<\/div>\n\n\n\n<div class=\"wp-container-8 wp-block-column\">\n<figure class=\"wp-block-image size-large\"><img loading=\"lazy\" width=\"683\" height=\"1024\" src=\"https:\/\/www.ipleiria.pt\/estm\/wp-content\/uploads\/sites\/28\/2024\/10\/MG_27151-683x1024.jpg\" alt=\"\" class=\"wp-image-927\" srcset=\"https:\/\/www.ipleiria.pt\/estm\/wp-content\/uploads\/sites\/28\/2024\/10\/MG_27151-683x1024.jpg 683w, https:\/\/www.ipleiria.pt\/estm\/wp-content\/uploads\/sites\/28\/2024\/10\/MG_27151-200x300.jpg 200w, https:\/\/www.ipleiria.pt\/estm\/wp-content\/uploads\/sites\/28\/2024\/10\/MG_27151-768x1152.jpg 768w, https:\/\/www.ipleiria.pt\/estm\/wp-content\/uploads\/sites\/28\/2024\/10\/MG_27151-1024x1536.jpg 1024w, https:\/\/www.ipleiria.pt\/estm\/wp-content\/uploads\/sites\/28\/2024\/10\/MG_27151.jpg 1280w\" sizes=\"(max-width: 683px) 100vw, 683px\" \/><\/figure>\n<\/div>\n\n\n\n<div class=\"wp-container-9 wp-block-column\">\n<figure class=\"wp-block-image size-large\"><img loading=\"lazy\" width=\"683\" height=\"1024\" src=\"https:\/\/www.ipleiria.pt\/estm\/wp-content\/uploads\/sites\/28\/2024\/10\/MG_9477-1-683x1024.jpg\" alt=\"\" class=\"wp-image-943\" srcset=\"https:\/\/www.ipleiria.pt\/estm\/wp-content\/uploads\/sites\/28\/2024\/10\/MG_9477-1-683x1024.jpg 683w, https:\/\/www.ipleiria.pt\/estm\/wp-content\/uploads\/sites\/28\/2024\/10\/MG_9477-1-200x300.jpg 200w, https:\/\/www.ipleiria.pt\/estm\/wp-content\/uploads\/sites\/28\/2024\/10\/MG_9477-1-768x1152.jpg 768w, https:\/\/www.ipleiria.pt\/estm\/wp-content\/uploads\/sites\/28\/2024\/10\/MG_9477-1-1024x1536.jpg 1024w, https:\/\/www.ipleiria.pt\/estm\/wp-content\/uploads\/sites\/28\/2024\/10\/MG_9477-1-1365x2048.jpg 1365w, https:\/\/www.ipleiria.pt\/estm\/wp-content\/uploads\/sites\/28\/2024\/10\/MG_9477-1-scaled.jpg 1707w\" sizes=\"(max-width: 683px) 100vw, 683px\" \/><\/figure>\n<\/div>\n<\/div>\n\n\n\n<div class=\"wp-container-15 wp-block-columns\">\n<div class=\"wp-container-14 wp-block-column\">\n<div class=\"wp-container-13 wp-block-columns\">\n<div class=\"wp-container-11 wp-block-column\">\n<figure class=\"wp-block-image size-large\"><img loading=\"lazy\" width=\"1024\" height=\"683\" src=\"https:\/\/www.ipleiria.pt\/estm\/wp-content\/uploads\/sites\/28\/2024\/10\/MG_26341-1024x683.jpg\" alt=\"\" class=\"wp-image-924\" srcset=\"https:\/\/www.ipleiria.pt\/estm\/wp-content\/uploads\/sites\/28\/2024\/10\/MG_26341-1024x683.jpg 1024w, https:\/\/www.ipleiria.pt\/estm\/wp-content\/uploads\/sites\/28\/2024\/10\/MG_26341-300x200.jpg 300w, https:\/\/www.ipleiria.pt\/estm\/wp-content\/uploads\/sites\/28\/2024\/10\/MG_26341-768x512.jpg 768w, https:\/\/www.ipleiria.pt\/estm\/wp-content\/uploads\/sites\/28\/2024\/10\/MG_26341-1536x1024.jpg 1536w, https:\/\/www.ipleiria.pt\/estm\/wp-content\/uploads\/sites\/28\/2024\/10\/MG_26341.jpg 1920w\" sizes=\"(max-width: 1024px) 100vw, 1024px\" \/><\/figure>\n<\/div>\n\n\n\n<div class=\"wp-container-12 wp-block-column\">\n<figure class=\"wp-block-image size-large\"><img loading=\"lazy\" width=\"1024\" height=\"683\" src=\"https:\/\/www.ipleiria.pt\/estm\/wp-content\/uploads\/sites\/28\/2024\/10\/MG_9311-1024x683.jpg\" alt=\"\" class=\"wp-image-934\" srcset=\"https:\/\/www.ipleiria.pt\/estm\/wp-content\/uploads\/sites\/28\/2024\/10\/MG_9311-1024x683.jpg 1024w, https:\/\/www.ipleiria.pt\/estm\/wp-content\/uploads\/sites\/28\/2024\/10\/MG_9311-300x200.jpg 300w, https:\/\/www.ipleiria.pt\/estm\/wp-content\/uploads\/sites\/28\/2024\/10\/MG_9311-768x512.jpg 768w, https:\/\/www.ipleiria.pt\/estm\/wp-content\/uploads\/sites\/28\/2024\/10\/MG_9311-1536x1024.jpg 1536w, https:\/\/www.ipleiria.pt\/estm\/wp-content\/uploads\/sites\/28\/2024\/10\/MG_9311.jpg 1920w\" sizes=\"(max-width: 1024px) 100vw, 1024px\" \/><\/figure>\n<\/div>\n<\/div>\n<\/div>\n<\/div>\n\n\n\n<hr class=\"wp-block-separator has-alpha-channel-opacity is-style-wide\"\/>\n\n\n\n<p class=\"is-style-theme-subtitle\">ESTM<\/p>\n\n\n\n<h2 class=\"is-style-theme-title\" id=\"fast\">FAST<\/h2>\n\n\n\n<div class=\"wp-container-19 wp-block-columns\">\n<div class=\"wp-container-17 wp-block-column\">\n<p>O Projeto FAST \u2013 Ferramentas de Apoio \u00e0 Sustentabilidade no Turismo, \u00e9 um projeto PRR do Polit\u00e9cnico de Leiria &#8211; CiTUR, associado \u00e0 Agenda ATT \u2013 Acelerar &amp; Transformar o Turismo, que procura promover o turismo sustent\u00e1vel e a viabilidade&nbsp;das atividades econ\u00f3micas a longo prazo, respeitando a autenticidade sociocultural das comunidades e fazendo um uso adequado do territ\u00f3rio e dos recursos naturais. Considerando-se de extrema import\u00e2ncia a monitoriza\u00e7\u00e3o constante dos impactos da atividade tur\u00edstica, assim como a manuten\u00e7\u00e3o de um elevado n\u00edvel de satisfa\u00e7\u00e3o, quer dos visitantes, quer dos residentes. Para tal, o projeto FAST pretende criar uma plataforma de conhecimento que permita \u00e0s empresas do setor adotar pol\u00edticas e pr\u00e1ticas respons\u00e1veis, na dimens\u00e3o interna e externa, quer ao n\u00edvel econ\u00f3mico quer ao n\u00edvel social, assim como projetar pr\u00e1ticas inovadoras que assegurem experi\u00eancias tur\u00edsticas nos territ\u00f3rios no \u00e2mbito dos princ\u00edpios da sustentabilidade.<\/p>\n\n\n\n<div class=\"wp-container-16 wp-block-buttons\">\n<div class=\"wp-block-button is-style-theme-button-outline\"><a class=\"wp-block-button__link\" href=\"https:\/\/projetofast.pt\/\" target=\"_blank\" rel=\"noreferrer noopener\">Projeto FAST<\/a><\/div>\n<\/div>\n<\/div>\n\n\n\n<div class=\"wp-container-18 wp-block-column\"><div class=\"wp-block-image\">\n<figure class=\"aligncenter size-full\"><img loading=\"lazy\" width=\"300\" height=\"232\" src=\"https:\/\/www.ipleiria.pt\/estm\/wp-content\/uploads\/sites\/28\/2024\/10\/Fast-logo-cores-300x232-1.png\" alt=\"\" class=\"wp-image-3164\"\/><\/figure><\/div><\/div>\n<\/div>\n\n\n\n<hr class=\"wp-block-separator has-alpha-channel-opacity is-style-wide\"\/>\n\n\n\n<p class=\"is-style-theme-subtitle\">ESTM<\/p>\n\n\n\n<h2 class=\"is-style-theme-title\" id=\"clip\">CliP<\/h2>\n\n\n\n<div class=\"wp-container-22 wp-block-columns\">\n<div class=\"wp-container-20 wp-block-column\">\n<p>O Laborat\u00f3rio de Compet\u00eancias Lingu\u00edsticas e de Inova\u00e7\u00e3o Pedag\u00f3gica \u2013 CliP \u2013 foi criado formalmente em mar\u00e7o de 2024, com o objetivo de:&nbsp;<br><\/p>\n\n\n\n<ol><li>ampliar o espa\u00e7o formal existente para a aprendizagem de l\u00ednguas, com car\u00e1ter flex\u00edvel e colaborativo, de forma a permitir aos estudantes apropriarem-se do espa\u00e7o e desenvolverem as atividades necess\u00e1rias ao seu percurso de aprendizagem;<\/li><li>promover compet\u00eancias como a criatividade, a flexibilidade e a autonomia dos estudantes, sendo um espa\u00e7o de excel\u00eancia para a aprendizagem de l\u00ednguas e realiza\u00e7\u00e3o de projetos com impacto interno e externo;<\/li><li>desenvolver cursos de forma\u00e7\u00e3o avan\u00e7ada, em regime presencial, online e h\u00edbrido, acrescentando um novo espa\u00e7o de colabora\u00e7\u00e3o institucional entre a ESTM &#8211; IPLeiria e empresas de \u00e2mbito regional e nacional, nomeadamente nas \u00e1reas das Ci\u00eancias do Turismo e das Ci\u00eancias e Tecnologias do Mar;&nbsp;<\/li><li>dar&nbsp;&nbsp; suporte&nbsp;&nbsp; a&nbsp;&nbsp; projetos&nbsp;&nbsp; internacionais, pautando-se&nbsp;&nbsp; por&nbsp;&nbsp; valores&nbsp;&nbsp; como&nbsp;&nbsp; sustentabilidade, multiculturalismo e toler\u00e2ncia.<\/li><\/ol>\n<\/div>\n\n\n\n<div class=\"wp-container-21 wp-block-column\">\n<p>Este projeto tem como objetivos principais a promo\u00e7\u00e3o de estrat\u00e9gias inovadoras de ensino e aprendizagem em diferentes formatos (presencial, e-learning, b-learning, h\u00edbrido, invertido, entre outros), fomentando metodologias de ensino e aprendizagem centradas nos estudantes. Permite ainda fomentar o aprofundamento de compet\u00eancias comunicacionais e interculturais, por meio do incentivo cont\u00ednuo \u00e0 investiga\u00e7\u00e3o cient\u00edfica e consequente troca e renova\u00e7\u00e3o de saberes e colmatar as necessidades internas e externas \u00e0 comunidade acad\u00e9mica, no \u00e2mbito das l\u00ednguas e culturas estrangeiras.<\/p>\n<\/div>\n<\/div>\n\n\n\n<hr class=\"wp-block-separator has-alpha-channel-opacity is-style-wide\"\/>\n\n\n\n<p class=\"is-style-theme-subtitle\">ESTM<\/p>\n\n\n\n<h2 class=\"is-style-theme-title\" id=\"medialab\">MediaLAB<\/h2>\n\n\n\n<div class=\"wp-container-25 wp-block-columns\">\n<div class=\"wp-container-23 wp-block-column\">\n<p>As tecnologias digitais e o audiovisual, desempenham um papel crucial e transformador nas institui\u00e7\u00f5es de ensino superior e na comunidade em geral. Considerando a sua import\u00e2ncia, O MediaLAB (Laborat\u00f3rio Multim\u00e9dia e Tecnologias Digitais) surge para dar apoio \u00e0s atividades formativas de ensino-aprendizagem e \u00e0s atividades de investiga\u00e7\u00e3o da ESTM. O MediaLAB tem um papel fulcral na produ\u00e7\u00e3o de conte\u00fados audiovisuais, em diversos modelos e dissemin\u00e1-los nos canais de comunica\u00e7\u00e3o.\u00a0<\/p>\n<\/div>\n\n\n\n<div class=\"wp-container-24 wp-block-column\"><\/div>\n<\/div>\n","protected":false},"excerpt":{"rendered":"ESTM Laborat\u00f3rios A ESTM 17 laborat\u00f3rios e salas pr\u00e1ticas nas \u00e1reas das ci\u00eancias e tecnologias do mar e das ci\u00eancias do turismo. ESTM FAST O Projeto FAST \u2013 Ferramentas de Apoio \u00e0 Sustentabilidade no Turismo, \u00e9 um projeto PRR do Polit\u00e9cnico de Leiria &#8211; CiTUR, associado \u00e0 Agenda ATT \u2013 Acelerar &amp; Transformar o Turismo, [&hellip;]","protected":false},"author":4,"featured_media":0,"parent":563,"menu_order":20,"comment_status":"closed","ping_status":"closed","template":"","meta":{"multilingual_post_translation":"","page_post-custom-url":"","page_post-custom-url-target":""},"_links":{"self":[{"href":"https:\/\/www.ipleiria.pt\/estm\/wp-json\/wp\/v2\/pages\/567"}],"collection":[{"href":"https:\/\/www.ipleiria.pt\/estm\/wp-json\/wp\/v2\/pages"}],"about":[{"href":"https:\/\/www.ipleiria.pt\/estm\/wp-json\/wp\/v2\/types\/page"}],"author":[{"embeddable":true,"href":"https:\/\/www.ipleiria.pt\/estm\/wp-json\/wp\/v2\/users\/4"}],"replies":[{"embeddable":true,"href":"https:\/\/www.ipleiria.pt\/estm\/wp-json\/wp\/v2\/comments?post=567"}],"version-history":[{"count":12,"href":"https:\/\/www.ipleiria.pt\/estm\/wp-json\/wp\/v2\/pages\/567\/revisions"}],"predecessor-version":[{"id":4070,"href":"https:\/\/www.ipleiria.pt\/estm\/wp-json\/wp\/v2\/pages\/567\/revisions\/4070"}],"up":[{"embeddable":true,"href":"https:\/\/www.ipleiria.pt\/estm\/wp-json\/wp\/v2\/pages\/563"}],"wp:attachment":[{"href":"https:\/\/www.ipleiria.pt\/estm\/wp-json\/wp\/v2\/media?parent=567"}],"curies":[{"name":"wp","href":"https:\/\/api.w.org\/{rel}","templated":true}]}}