{"id":569,"date":"2024-10-02T14:53:41","date_gmt":"2024-10-02T13:53:41","guid":{"rendered":"https:\/\/www.ipleiria.pt\/estm\/?page_id=569"},"modified":"2024-10-14T15:33:07","modified_gmt":"2024-10-14T14:33:07","slug":"hotel-escola","status":"publish","type":"page","link":"https:\/\/www.ipleiria.pt\/estm\/escola\/infraestrutura-e-servicos\/hotel-escola\/","title":{"rendered":"Hotel escola"},"content":{"rendered":"\n<div class=\"wp-container-3 wp-block-columns\">\n<div class=\"wp-container-1 wp-block-column\">\n<p class=\"is-style-theme-subtitle\">ESTM<\/p>\n\n\n\n<h2 class=\"is-style-theme-title\">Hotel escola <\/h2>\n\n\n\n<p>O Hotel Escola da ESTM est\u00e1 equipado com 25 quartos duplos, sala de restaurante, cozinha, bar, rece\u00e7\u00e3o e duas salas de forma\u00e7\u00e3o. Este espa\u00e7o \u00e9 ainda utilizado como uma das duas resid\u00eancias para estudantes.<\/p>\n\n\n\n<p>Rua do Conhecimento, 2520-614 \u2013 Peniche<br>Coordenadas GPS: 39\u00b021\u201955.0\u2033N 9\u00b024\u201913.7\u2033W<br>Contactos: 30000 75 12 | &nbsp;966 11 62 20 |&nbsp;<a href=\"mailto:sas@ipleiria.pt\">sas@ipleiria.pt<\/a><\/p>\n<\/div>\n\n\n\n<div class=\"wp-container-2 wp-block-column\">\n<figure class=\"wp-block-image size-full\"><img loading=\"lazy\" width=\"1024\" height=\"678\" src=\"https:\/\/www.ipleiria.pt\/estm\/wp-content\/uploads\/sites\/28\/2024\/10\/DSC_9638-copy-1024x678-1.jpg\" alt=\"\" class=\"wp-image-2359\" srcset=\"https:\/\/www.ipleiria.pt\/estm\/wp-content\/uploads\/sites\/28\/2024\/10\/DSC_9638-copy-1024x678-1.jpg 1024w, https:\/\/www.ipleiria.pt\/estm\/wp-content\/uploads\/sites\/28\/2024\/10\/DSC_9638-copy-1024x678-1-300x199.jpg 300w, https:\/\/www.ipleiria.pt\/estm\/wp-content\/uploads\/sites\/28\/2024\/10\/DSC_9638-copy-1024x678-1-768x509.jpg 768w\" sizes=\"(max-width: 1024px) 100vw, 1024px\" \/><\/figure>\n<\/div>\n<\/div>\n\n\n\n<div class=\"wp-container-6 wp-block-columns\">\n<div class=\"wp-container-4 wp-block-column\">\n<figure class=\"wp-block-image size-full\"><img loading=\"lazy\" width=\"1024\" height=\"678\" src=\"https:\/\/www.ipleiria.pt\/estm\/wp-content\/uploads\/sites\/28\/2024\/10\/DSC_9638_copy1-1024x678-1.jpg\" alt=\"\" class=\"wp-image-2360\" srcset=\"https:\/\/www.ipleiria.pt\/estm\/wp-content\/uploads\/sites\/28\/2024\/10\/DSC_9638_copy1-1024x678-1.jpg 1024w, https:\/\/www.ipleiria.pt\/estm\/wp-content\/uploads\/sites\/28\/2024\/10\/DSC_9638_copy1-1024x678-1-300x199.jpg 300w, https:\/\/www.ipleiria.pt\/estm\/wp-content\/uploads\/sites\/28\/2024\/10\/DSC_9638_copy1-1024x678-1-768x509.jpg 768w\" sizes=\"(max-width: 1024px) 100vw, 1024px\" \/><\/figure>\n<\/div>\n\n\n\n<div class=\"wp-container-5 wp-block-column\">\n<figure class=\"wp-block-image size-large\"><img loading=\"lazy\" width=\"1024\" height=\"683\" src=\"https:\/\/www.ipleiria.pt\/estm\/wp-content\/uploads\/sites\/28\/2024\/10\/MG_2860-1024x683.jpg\" alt=\"\" class=\"wp-image-2396\" srcset=\"https:\/\/www.ipleiria.pt\/estm\/wp-content\/uploads\/sites\/28\/2024\/10\/MG_2860-1024x683.jpg 1024w, https:\/\/www.ipleiria.pt\/estm\/wp-content\/uploads\/sites\/28\/2024\/10\/MG_2860-300x200.jpg 300w, https:\/\/www.ipleiria.pt\/estm\/wp-content\/uploads\/sites\/28\/2024\/10\/MG_2860-768x512.jpg 768w, https:\/\/www.ipleiria.pt\/estm\/wp-content\/uploads\/sites\/28\/2024\/10\/MG_2860-1536x1024.jpg 1536w, https:\/\/www.ipleiria.pt\/estm\/wp-content\/uploads\/sites\/28\/2024\/10\/MG_2860.jpg 1920w\" sizes=\"(max-width: 1024px) 100vw, 1024px\" \/><\/figure>\n<\/div>\n<\/div>\n","protected":false},"excerpt":{"rendered":"ESTM Hotel escola O Hotel Escola da ESTM est\u00e1 equipado com 25 quartos duplos, sala de restaurante, cozinha, bar, rece\u00e7\u00e3o e duas salas de forma\u00e7\u00e3o. Este espa\u00e7o \u00e9 ainda utilizado como uma das duas resid\u00eancias para estudantes. Rua do Conhecimento, 2520-614 \u2013 PenicheCoordenadas GPS: 39\u00b021\u201955.0\u2033N 9\u00b024\u201913.7\u2033WContactos: 30000 75 12 | &nbsp;966 11 62 20 |&nbsp;sas@ipleiria.pt","protected":false},"author":4,"featured_media":0,"parent":563,"menu_order":30,"comment_status":"closed","ping_status":"closed","template":"","meta":{"multilingual_post_translation":"","page_post-custom-url":"","page_post-custom-url-target":""},"_links":{"self":[{"href":"https:\/\/www.ipleiria.pt\/estm\/wp-json\/wp\/v2\/pages\/569"}],"collection":[{"href":"https:\/\/www.ipleiria.pt\/estm\/wp-json\/wp\/v2\/pages"}],"about":[{"href":"https:\/\/www.ipleiria.pt\/estm\/wp-json\/wp\/v2\/types\/page"}],"author":[{"embeddable":true,"href":"https:\/\/www.ipleiria.pt\/estm\/wp-json\/wp\/v2\/users\/4"}],"replies":[{"embeddable":true,"href":"https:\/\/www.ipleiria.pt\/estm\/wp-json\/wp\/v2\/comments?post=569"}],"version-history":[{"count":8,"href":"https:\/\/www.ipleiria.pt\/estm\/wp-json\/wp\/v2\/pages\/569\/revisions"}],"predecessor-version":[{"id":2399,"href":"https:\/\/www.ipleiria.pt\/estm\/wp-json\/wp\/v2\/pages\/569\/revisions\/2399"}],"up":[{"embeddable":true,"href":"https:\/\/www.ipleiria.pt\/estm\/wp-json\/wp\/v2\/pages\/563"}],"wp:attachment":[{"href":"https:\/\/www.ipleiria.pt\/estm\/wp-json\/wp\/v2\/media?parent=569"}],"curies":[{"name":"wp","href":"https:\/\/api.w.org\/{rel}","templated":true}]}}