{"id":571,"date":"2024-10-02T14:53:59","date_gmt":"2024-10-02T13:53:59","guid":{"rendered":"https:\/\/www.ipleiria.pt\/estm\/?page_id=571"},"modified":"2024-10-28T09:55:07","modified_gmt":"2024-10-28T09:55:07","slug":"servicos","status":"publish","type":"page","link":"https:\/\/www.ipleiria.pt\/estm\/escola\/infraestrutura-e-servicos\/servicos\/","title":{"rendered":"Servi\u00e7os"},"content":{"rendered":"\n<div class=\"wp-block-pt-ipleiria-ued-wp-theme-ipleiria-gutenbergblocks-moc gbmoc\" role=\"navigation\" aria-label=\"Menu de conte\u00fados\"><div class=\"gbmoc-menu-wrapper\"><div id=\"gbmoc-632705-3b-menu-container\" class=\"gbmoc-menu-container\"><div class=\"gbmoc-title\" id=\"gbmoc-632705-3b-title\">Ir para:<\/div><ul aria-describedby=\"gbmoc-632705-3b-title\" class=\"gbmoc-menuitems\"><li><a href=\"#estm\">Servi\u00e7os de Gest\u00e3o Acad\u00e9mica<\/a><\/li><li><a href=\"#estm_2\">Servi\u00e7os T\u00e9cnicos<\/a><\/li><li><a href=\"#servicos-informatica\">Servi\u00e7os Inform\u00e1tica<\/a><\/li><li><a href=\"#servicos-de-planeamento-e-desenvolvimento-estrategico\">Servi\u00e7os de Planeamento e Desenvolvimento Estrat\u00e9gico<\/a><\/li><li class=\"gbmoc-scroll-to-top-wrapper\"><a class=\"gbmoc-scroll-to-top\" href=\"#top\">Topo<\/a><\/li><\/ul><\/div><\/div><\/div>\n\n\n\n<div class=\"wp-container-3 wp-block-columns\">\n<div class=\"wp-container-1 wp-block-column\">\n<p class=\"is-style-theme-subtitle-inherit-color\">ESTM<\/p>\n\n\n\n<h2 class=\"is-style-theme-title\" id=\"estm\">Servi\u00e7os de Gest\u00e3o Acad\u00e9mica<\/h2>\n\n\n\n<p>Email:&nbsp;<a rel=\"noreferrer noopener\" href=\"mailto:academicos@ipleiria.pt\" target=\"_blank\">academicos@ipleiria.pt<\/a>&nbsp;<\/p>\n<\/div>\n\n\n\n<div class=\"wp-container-2 wp-block-column\">\n<div style=\"height:28px\" aria-hidden=\"true\" class=\"wp-block-spacer\"><\/div>\n<\/div>\n<\/div>\n\n\n\n<hr class=\"wp-block-separator has-alpha-channel-opacity is-style-wide\"\/>\n\n\n\n<div class=\"wp-container-6 wp-block-columns\">\n<div class=\"wp-container-4 wp-block-column\">\n<p class=\"is-style-theme-subtitle-inherit-color\">ESTM<\/p>\n\n\n\n<h2 class=\"is-style-theme-title\" id=\"estm_2\">Servi\u00e7os T\u00e9cnicos<\/h2>\n\n\n\n<p>Email:&nbsp;<\/p>\n<\/div>\n\n\n\n<div class=\"wp-container-5 wp-block-column\">\n<div style=\"height:28px\" aria-hidden=\"true\" class=\"wp-block-spacer\"><\/div>\n<\/div>\n<\/div>\n\n\n\n<hr class=\"wp-block-separator has-alpha-channel-opacity is-style-wide\"\/>\n\n\n\n<p class=\"is-style-theme-subtitle-inherit-color\">ESTM<\/p>\n\n\n\n<h2 class=\"is-style-theme-title\" id=\"servicos-informatica\">Servi\u00e7os Inform\u00e1tica<\/h2>\n\n\n\n<p>Email:<\/p>\n\n\n\n<hr class=\"wp-block-separator has-alpha-channel-opacity is-style-wide\"\/>\n\n\n\n<p class=\"is-style-theme-subtitle-inherit-color\">ESTM<\/p>\n\n\n\n<h2 class=\"is-style-theme-title\">Servi\u00e7os Documenta\u00e7\u00e3o<\/h2>\n\n\n\n<p>Email:<\/p>\n\n\n\n<hr class=\"wp-block-separator has-alpha-channel-opacity is-style-wide\"\/>\n\n\n\n<div class=\"wp-container-9 wp-block-columns\">\n<div class=\"wp-container-7 wp-block-column\">\n<p class=\"is-style-theme-subtitle-inherit-color\">ESTM<\/p>\n\n\n\n<h2 class=\"is-style-theme-title\" id=\"servicos-de-planeamento-e-desenvolvimento-estrategico\">Servi\u00e7os de Planeamento e Desenvolvimento Estrat\u00e9gico<\/h2>\n\n\n\n<p>Email:<\/p>\n<\/div>\n\n\n\n<div class=\"wp-container-8 wp-block-column\"><\/div>\n<\/div>\n","protected":false},"excerpt":{"rendered":"ESTM Servi\u00e7os de Gest\u00e3o Acad\u00e9mica Email:&nbsp;academicos@ipleiria.pt&nbsp; ESTM Servi\u00e7os T\u00e9cnicos Email:&nbsp; ESTM Servi\u00e7os Inform\u00e1tica Email: ESTM Servi\u00e7os Documenta\u00e7\u00e3o Email: ESTM Servi\u00e7os de Planeamento e Desenvolvimento Estrat\u00e9gico Email:","protected":false},"author":4,"featured_media":0,"parent":563,"menu_order":40,"comment_status":"closed","ping_status":"closed","template":"","meta":{"multilingual_post_translation":"","page_post-custom-url":"","page_post-custom-url-target":""},"_links":{"self":[{"href":"https:\/\/www.ipleiria.pt\/estm\/wp-json\/wp\/v2\/pages\/571"}],"collection":[{"href":"https:\/\/www.ipleiria.pt\/estm\/wp-json\/wp\/v2\/pages"}],"about":[{"href":"https:\/\/www.ipleiria.pt\/estm\/wp-json\/wp\/v2\/types\/page"}],"author":[{"embeddable":true,"href":"https:\/\/www.ipleiria.pt\/estm\/wp-json\/wp\/v2\/users\/4"}],"replies":[{"embeddable":true,"href":"https:\/\/www.ipleiria.pt\/estm\/wp-json\/wp\/v2\/comments?post=571"}],"version-history":[{"count":10,"href":"https:\/\/www.ipleiria.pt\/estm\/wp-json\/wp\/v2\/pages\/571\/revisions"}],"predecessor-version":[{"id":4462,"href":"https:\/\/www.ipleiria.pt\/estm\/wp-json\/wp\/v2\/pages\/571\/revisions\/4462"}],"up":[{"embeddable":true,"href":"https:\/\/www.ipleiria.pt\/estm\/wp-json\/wp\/v2\/pages\/563"}],"wp:attachment":[{"href":"https:\/\/www.ipleiria.pt\/estm\/wp-json\/wp\/v2\/media?parent=571"}],"curies":[{"name":"wp","href":"https:\/\/api.w.org\/{rel}","templated":true}]}}