{"id":575,"date":"2024-10-02T14:54:42","date_gmt":"2024-10-02T13:54:42","guid":{"rendered":"https:\/\/www.ipleiria.pt\/estm\/?page_id=575"},"modified":"2024-10-09T10:34:26","modified_gmt":"2024-10-09T09:34:26","slug":"a-nossa-regiao","status":"publish","type":"page","link":"https:\/\/www.ipleiria.pt\/estm\/estudante\/dia-a-dia\/a-nossa-regiao\/","title":{"rendered":"A nossa regi\u00e3o"},"content":{"rendered":"\n<div class=\"wp-block-pt-ipleiria-ued-wp-theme-ipleiria-gutenbergblocks-moc gbmoc\" role=\"navigation\" aria-label=\"Menu de conte\u00fados\"><div class=\"gbmoc-menu-wrapper\"><div id=\"gbmoc-a21229-fc-menu-container\" class=\"gbmoc-menu-container\"><div class=\"gbmoc-title\" id=\"gbmoc-a21229-fc-title\">Ir para:<\/div><ul aria-describedby=\"gbmoc-a21229-fc-title\" class=\"gbmoc-menuitems\"><li><a href=\"#conhecer-a-cidade\">Conhecer a  cidade<\/a><\/li><li><a href=\"#regio-do-oeste\">Paisagem privilegiada<\/a><\/li><li><a href=\"#curiosidades\">Pontos de interesse<\/a><\/li><li><a href=\"#contactos\">Contactos<\/a><\/li><li class=\"gbmoc-scroll-to-top-wrapper\"><a class=\"gbmoc-scroll-to-top\" href=\"#top\">Topo<\/a><\/li><\/ul><\/div><\/div><\/div>\n\n\n\n<p class=\"is-style-theme-subtitle\">Saber mais<\/p>\n\n\n\n<h2 class=\"is-style-theme-title\" id=\"conhecer-a-cidade\">Conhecer a  cidade<\/h2>\n\n\n\n<p class=\"has-text-columns text-columns-2\">Peniche, situada numa pen\u00ednsula cujo extremo \u00e9 o Cabo Carvoeiro, \u00e9 a cidade mais ocidental da Europa.  Com uma beleza natural \u00fanica, a cidade tem tamb\u00e9m monumentos e museus para visitar e uma gastronomia que convida a ficar e apreciar peixe com sabor a mar e irresist\u00edveis doces t\u00edpicos da Regi\u00e3o Centro.<br>Conhecida como a Capital da Onda, Peniche \u00e9 local de culto para a pr\u00e1tica de desportos  n\u00e1uticos, com destaque para o surf. As suas ondas tubulares s\u00e3o famosas mundialmente e \u00e9 na Praia dos Super Tubos que decorrem, anualmente, v\u00e1rias competi\u00e7\u00f5es internacionais da modalidade.<br>Nem s\u00f3 de mar se faz a cidade.  Peniche est\u00e1 plena de anima\u00e7\u00e3o noturna, de gente jovem, cheia de vida e boa energia.<br><\/p>\n\n\n\n<div style=\"height:20px\" aria-hidden=\"true\" class=\"wp-block-spacer\"><\/div>\n\n\n<figure class=\"wp-block-embed\">\n<div style=\"position: relative\">\n<div style=\"padding-top: 42.49%;\">\n<iframe loading=\"lazy\" src=\"https:\/\/www.google.com\/maps\/embed?pb=!1m14!1m12!1m3!1d14673.594522359166!2d-9.386497008507515!3d39.36205032606521!2m3!1f0!2f0!3f0!3m2!1i1024!2i768!4f13.1!5e0!3m2!1spt-PT!2spt!4v1571850329963!5m2!1spt-PT!2spt\" width=\"800\" height=\"600\" frameborder=\"0\"allowfullscreen=\"\" style=\"position: absolute;top: 0;right: 0;bottom: 0;left: 0;width: 100%;height: 100%;border:0;\"><\/iframe><\/div>\n<\/div>\n<\/figure>\n\n\n<div style=\"height:20px\" aria-hidden=\"true\" class=\"wp-block-spacer\"><\/div>\n\n\n\n<h3 class=\"is-style-theme-default-title\" id=\"regio-do-oeste\">Paisagem privilegiada<\/h3>\n\n\n\n<p class=\"has-text-columns text-columns-2\">De m\u00e3os dadas com o Atl\u00e2ntico est\u00e1 a Escola Superior de Turismo e Tecnologia do Mar (ESTM), de onde se avista a Ilha da Berlenga, num maravilhoso cen\u00e1rio natural de \u00e1guas calmas e cristalinas.<br><br>Zona de grande beleza natural, com forma\u00e7\u00f5es geol\u00f3gicas raras e ex\u00f3ticas, esculpidas pelo mar, \u00e9 um dos locais ideais para a observa\u00e7\u00e3o de aves marinhas e contempla\u00e7\u00e3o da beleza natural. <\/p>\n\n\n\n<div class=\"wp-container-3 wp-block-columns has-2-columns\">\n<div class=\"wp-container-1 wp-block-column\">\n<figure class=\"wp-block-image size-large\"><img src=\"https:\/\/www.ipleiria.pt\/wp-content\/uploads\/2019\/10\/MG_2578-1024x683.jpg\" alt=\"\" class=\"wp-image-5043\"\/><\/figure>\n<\/div>\n\n\n\n<div class=\"wp-container-2 wp-block-column\">\n<figure class=\"wp-block-image size-large\"><img src=\"https:\/\/www.ipleiria.pt\/wp-content\/uploads\/2019\/10\/MG_0030-1024x683.jpg\" alt=\"\" class=\"wp-image-5063\"\/><\/figure>\n<\/div>\n<\/div>\n\n\n\n<div class=\"wp-container-6 wp-block-columns has-2-columns\">\n<div class=\"wp-container-4 wp-block-column\">\n<figure class=\"wp-block-image size-large\"><img src=\"https:\/\/www.ipleiria.pt\/wp-content\/uploads\/2019\/10\/MG_2566-1024x683.jpg\" alt=\"\" class=\"wp-image-5052\"\/><\/figure>\n<\/div>\n\n\n\n<div class=\"wp-container-5 wp-block-column\">\n<figure class=\"wp-block-image size-large\"><img src=\"https:\/\/www.ipleiria.pt\/wp-content\/uploads\/2019\/10\/MG_9712-1024x683.jpg\" alt=\"\" class=\"wp-image-5046\"\/><\/figure>\n<\/div>\n<\/div>\n\n\n\n<div class=\"wp-container-10 wp-block-columns has-2-columns\">\n<div class=\"wp-container-9 wp-block-column\">\n<figure class=\"wp-container-8 wp-block-gallery-7 wp-block-gallery has-nested-images columns-default is-cropped\">\n<figure class=\"wp-block-image size-large\"><img src=\"https:\/\/www.ipleiria.pt\/wp-content\/uploads\/2019\/10\/MG_4683-1024x683.jpg\" alt=\"\" class=\"wp-image-5065\"\/><\/figure>\n<\/figure>\n<\/div>\n<\/div>\n\n\n\n<hr class=\"wp-block-separator has-css-opacity\"\/>\n\n\n\n<h2 class=\"is-style-theme-subtitle\" id=\"curiosidades\">Pontos de interesse<\/h2>\n\n\n\n<p class=\"is-style-theme-title\">Berlengas <\/p>\n\n\n\n<p class=\"has-text-columns text-columns-2\"> As Berlengas s\u00e3o um arquip\u00e9lago oce\u00e2nico composto  por 3 grupos de ilhas e rochedos: a Berlenga, as Estelas e os Farilh\u00f5es-Forcadas.   De uma beleza natural \u00fanica, o arquip\u00e9lago recebeu da UNESCO a classifica\u00e7\u00e3o de Reserva Natural, em 1981, pela imensa popula\u00e7\u00e3o de esp\u00e9cies de aves marinhas, pela biodiversidade subaqu\u00e1tica e pelas plantas end\u00e9micas.<br> A n\u00e3o perder, uma ida \u00e0 Ilha da Berlenga Grande, a \u00fanica que pode ser visitada. Basta chegar ao Cais de Embarque de Peniche, apanhar o barco e desfrutar desta aventura \u00fanica.  <\/p>\n\n\n\n<figure class=\"wp-block-image size-full\"><img src=\"https:\/\/www.ipleiria.pt\/wp-content\/uploads\/2019\/10\/MG_0043.jpg\" alt=\"\" class=\"wp-image-5056\"\/><\/figure>\n\n\n\n<hr class=\"wp-block-separator has-css-opacity\"\/>\n\n\n\n<h2 class=\"is-style-theme-subtitle\" id=\"contactos\">Contactos<\/h2>\n\n\n\n<p class=\"is-style-theme-title\">Liga\u00e7\u00f5es \u00fateis<\/p>\n\n\n\n<p>Munic\u00edpio de Peniche . <a rel=\"noreferrer noopener\" href=\"https:\/\/www.cm-peniche.pt\/\" data-type=\"URL\" data-id=\"https:\/\/www.cm-peniche.pt\/\" target=\"_blank\">municipiopeniche<\/a> <br><\/p>\n\n\n\n<div style=\"height:81px\" aria-hidden=\"true\" class=\"wp-block-spacer\"><\/div>\n\n\n\n<div id=\"gbc-_2a0759-ae\" class=\"wp-block-pt-ipleiria-ued-wp-theme-ipleiria-gutenbergblocks-container gbc gbc-view row-valign-middle align-full\" style=\"background-color:#F3F3F3;margin-bottom:-25px\"><div class=\"gbc-background-overlay gbc-background-overlay-normal\" style=\"opacity:0.3\"><\/div><div class=\"gbc-wrapper\" style=\"padding-top:60px;padding-bottom:50px\"><div id=\"gbc-container-gbc-_2a0759-ae\" class=\"inner-container container\">\n<div class=\"d-lg-flex gbht\">\n<h2 class=\"is-style-theme-title flex-grow-1 text-center text-lg-left\">Sabe mais sobre a ESTM<\/h2>\n\n\n\n<div class=\"wp-block-button is-style-theme-button-solid mt-4 mt-lg-0 text-center text-lg-right\"><a class=\"wp-block-button__link\" href=\"https:\/\/www.ipleiria.pt\/estm\/escola\/quem-somos\/estm\/\">A Escola<\/a><\/div>\n\n\n\n<p><\/p>\n<\/div>\n<\/div><\/div><\/div>\n","protected":false},"excerpt":{"rendered":"Saber mais Conhecer a cidade Peniche, situada numa pen\u00ednsula cujo extremo \u00e9 o Cabo Carvoeiro, \u00e9 a cidade mais ocidental da Europa. Com uma beleza natural \u00fanica, a cidade tem tamb\u00e9m monumentos e museus para visitar e uma gastronomia que convida a ficar e apreciar peixe com sabor a mar e irresist\u00edveis doces t\u00edpicos da [&hellip;]","protected":false},"author":4,"featured_media":917,"parent":573,"menu_order":10,"comment_status":"closed","ping_status":"closed","template":"","meta":{"multilingual_post_translation":"","page_post-custom-url":"","page_post-custom-url-target":""},"_links":{"self":[{"href":"https:\/\/www.ipleiria.pt\/estm\/wp-json\/wp\/v2\/pages\/575"}],"collection":[{"href":"https:\/\/www.ipleiria.pt\/estm\/wp-json\/wp\/v2\/pages"}],"about":[{"href":"https:\/\/www.ipleiria.pt\/estm\/wp-json\/wp\/v2\/types\/page"}],"author":[{"embeddable":true,"href":"https:\/\/www.ipleiria.pt\/estm\/wp-json\/wp\/v2\/users\/4"}],"replies":[{"embeddable":true,"href":"https:\/\/www.ipleiria.pt\/estm\/wp-json\/wp\/v2\/comments?post=575"}],"version-history":[{"count":8,"href":"https:\/\/www.ipleiria.pt\/estm\/wp-json\/wp\/v2\/pages\/575\/revisions"}],"predecessor-version":[{"id":1547,"href":"https:\/\/www.ipleiria.pt\/estm\/wp-json\/wp\/v2\/pages\/575\/revisions\/1547"}],"up":[{"embeddable":true,"href":"https:\/\/www.ipleiria.pt\/estm\/wp-json\/wp\/v2\/pages\/573"}],"wp:featuredmedia":[{"embeddable":true,"href":"https:\/\/www.ipleiria.pt\/estm\/wp-json\/wp\/v2\/media\/917"}],"wp:attachment":[{"href":"https:\/\/www.ipleiria.pt\/estm\/wp-json\/wp\/v2\/media?parent=575"}],"curies":[{"name":"wp","href":"https:\/\/api.w.org\/{rel}","templated":true}]}}