{"id":579,"date":"2024-10-02T14:55:15","date_gmt":"2024-10-02T13:55:15","guid":{"rendered":"https:\/\/www.ipleiria.pt\/estm\/?page_id=579"},"modified":"2025-09-18T10:08:06","modified_gmt":"2025-09-18T09:08:06","slug":"acesso-a-plataformas","status":"publish","type":"page","link":"https:\/\/www.ipleiria.pt\/estm\/estudante\/dia-a-dia\/acesso-a-plataformas\/","title":{"rendered":"Acesso a plataformas"},"content":{"rendered":"\n<div class=\"wp-container-3 wp-block-columns\">\n<div class=\"wp-container-1 wp-block-column\">\n<p class=\"is-style-theme-subtitle\">Portal do estudante<\/p>\n\n\n\n<p class=\"is-style-theme-title\">Acesso a Plataformas<\/p>\n\n\n\n<p>No Portal do Estudante podes consultar&nbsp;o teu hor\u00e1rio, inscri\u00e7\u00e3o, programas das disciplinas, calend\u00e1rios, sum\u00e1rios, pautas de avalia\u00e7\u00f5es, entre outros.&nbsp;<\/p>\n\n\n\n<div class=\"wp-block-button is-style-theme-button-solid\"><a class=\"wp-block-button__link\" href=\"https:\/\/portaldoestudante.ipleiria.pt\/netpa\/page\" target=\"_blank\" rel=\"noreferrer noopener\">Portal do estudante<\/a><\/div>\n<\/div>\n\n\n\n<div class=\"wp-container-2 wp-block-column\">\n<figure class=\"wp-block-image size-large\"><img loading=\"lazy\" width=\"1024\" height=\"683\" src=\"https:\/\/www.ipleiria.pt\/estm\/wp-content\/uploads\/sites\/28\/2024\/10\/MG_9673-1024x683.jpg\" alt=\"\" class=\"wp-image-960\" srcset=\"https:\/\/www.ipleiria.pt\/estm\/wp-content\/uploads\/sites\/28\/2024\/10\/MG_9673-1024x683.jpg 1024w, https:\/\/www.ipleiria.pt\/estm\/wp-content\/uploads\/sites\/28\/2024\/10\/MG_9673-300x200.jpg 300w, https:\/\/www.ipleiria.pt\/estm\/wp-content\/uploads\/sites\/28\/2024\/10\/MG_9673-768x512.jpg 768w, https:\/\/www.ipleiria.pt\/estm\/wp-content\/uploads\/sites\/28\/2024\/10\/MG_9673-1536x1024.jpg 1536w, https:\/\/www.ipleiria.pt\/estm\/wp-content\/uploads\/sites\/28\/2024\/10\/MG_9673.jpg 1920w\" sizes=\"(max-width: 1024px) 100vw, 1024px\" \/><\/figure>\n<\/div>\n<\/div>\n\n\n\n<div style=\"height:40px\" aria-hidden=\"true\" class=\"wp-block-spacer\"><\/div>\n\n\n\n<div class=\"wp-container-8 wp-block-columns\">\n<div class=\"wp-container-4 wp-block-column\">\n<div class=\"wp-block-pt-ipleiria-ued-wp-theme-ipleiria-gutenbergblocks-infobox gbib gbib-view is-style-theme-infobox-caps\"><div class=\"gbib-wrapper gbib-image-wrapper\"><img class=\"gbib-image\" src=\"https:\/\/www.ipleiria.pt\/estm\/wp-content\/uploads\/sites\/28\/2024\/10\/email.png\" alt=\"\"\/><\/div><div class=\"gbib-wrapper gbib-title-wrapper\"><h2 class=\"gbib-title\">Email<\/h2><\/div><div class=\"gbib-wrapper gbib-description-wrapper\"><div class=\"gbib-description\"><a rel=\"noreferrer noopener\" href=\"https:\/\/outlook.office.com\/mail\/inbox\" target=\"_blank\">Conta de e-mail de estudante do Polit\u00e9cnico de Leiria <\/a><\/div><\/div><\/div>\n<\/div>\n\n\n\n<div class=\"wp-container-5 wp-block-column\">\n<div class=\"wp-block-pt-ipleiria-ued-wp-theme-ipleiria-gutenbergblocks-infobox gbib gbib-view is-style-theme-infobox-caps\"><div class=\"gbib-wrapper gbib-image-wrapper\"><img class=\"gbib-image\" src=\"https:\/\/www.ipleiria.pt\/estm\/wp-content\/uploads\/sites\/28\/2024\/10\/rede.png\" alt=\"\"\/><\/div><div class=\"gbib-wrapper gbib-title-wrapper\"><h2 class=\"gbib-title\">Wi-fi (gratuito)<\/h2><\/div><div class=\"gbib-wrapper gbib-description-wrapper\"><div class=\"gbib-description\"><a rel=\"noreferrer noopener\" aria-label=\"escolas, resid\u00eancias, cantinas e espa\u00e7os do Polit\u00e9cnico de Leiria (opens in a new tab)\" href=\"https:\/\/www.ipleiria.pt\/dsi\/pag2\/#rede-sem-fios\" target=\"_blank\">Em todas as nossas escolas, resid\u00eancias, cantinas e espa\u00e7os<\/a><\/div><\/div><\/div>\n<\/div>\n\n\n\n<div class=\"wp-container-6 wp-block-column\">\n<div class=\"wp-block-pt-ipleiria-ued-wp-theme-ipleiria-gutenbergblocks-infobox gbib gbib-view is-style-theme-infobox-caps\"><div class=\"gbib-wrapper gbib-image-wrapper\"><img class=\"gbib-image\" src=\"https:\/\/www.ipleiria.pt\/estm\/wp-content\/uploads\/sites\/28\/2024\/10\/partilha.png\" alt=\"\"\/><\/div><div class=\"gbib-wrapper gbib-title-wrapper\"><h2 class=\"gbib-title\">Plataforma de elearning<\/h2><\/div><div class=\"gbib-wrapper gbib-description-wrapper\"><div class=\"gbib-description\"><a href=\"https:\/\/ead.ipleiria.pt\/\" data-type=\"URL\" data-id=\"https:\/\/ead.ipleiria.pt\/\" target=\"_blank\" rel=\"noreferrer noopener\">Todas as unidades curriculares (UC) t\u00eam um espa\u00e7o no Moodle<\/a><\/div><\/div><\/div>\n<\/div>\n\n\n\n<div class=\"wp-container-7 wp-block-column\">\n<div class=\"wp-block-pt-ipleiria-ued-wp-theme-ipleiria-gutenbergblocks-infobox gbib gbib-view is-style-theme-infobox-caps\"><div class=\"gbib-wrapper gbib-image-wrapper\"><img class=\"gbib-image\" src=\"https:\/\/www.ipleiria.pt\/estm\/wp-content\/uploads\/sites\/28\/2024\/10\/board.png\" alt=\"\"\/><\/div><div class=\"gbib-wrapper gbib-title-wrapper\"><h2 class=\"gbib-title\">Hor\u00e1rios e Sum\u00e1rios das aulas<\/h2><\/div><div class=\"gbib-wrapper gbib-description-wrapper\"><div class=\"gbib-description\"><a href=\"https:\/\/inforestudante.ipleiria.pt\/\" data-type=\"URL\" data-id=\"https:\/\/inforestudante.ipleiria.pt\/\" target=\"_blank\" rel=\"noreferrer noopener\">Consulta os sum\u00e1rios das tuas unidades curriculares<\/a><\/div><\/div><\/div>\n<\/div>\n<\/div>\n\n\n\n<div style=\"height:80px\" aria-hidden=\"true\" class=\"wp-block-spacer\"><\/div>\n\n\n\n<div id=\"gbc-_aef586-70\" class=\"wp-block-pt-ipleiria-ued-wp-theme-ipleiria-gutenbergblocks-container gbc gbc-view row-valign-top align-full\" style=\"background-color:#F3F3F3\"><div class=\"gbc-background-overlay gbc-background-overlay-normal\" style=\"opacity:0.3\"><\/div><div class=\"gbc-wrapper\" style=\"padding-top:0;padding-bottom:0\"><div id=\"gbc-container-gbc-_aef586-70\" class=\"inner-container\">\n<div class=\"wp-container-11 wp-block-columns\">\n<div class=\"wp-container-9 wp-block-column is-vertically-aligned-top\">\n<figure class=\"wp-block-image size-full img-cover\"><img src=\"https:\/\/www.ipleiria.pt\/wp-content\/uploads\/2019\/10\/MG_9138_2.jpg\" alt=\"\" class=\"wp-image-4861\"\/><\/figure>\n<\/div>\n\n\n\n<div class=\"wp-container-10 wp-block-column ml-0\">\n<div id=\"gbc-_51ed26-0e\" class=\"wp-block-pt-ipleiria-ued-wp-theme-ipleiria-gutenbergblocks-container gbc gbc-view row-valign-top align-full pl-md-4 scrollable-content\" style=\"margin-left:0px;margin-right:0px\"><div class=\"gbc-background-overlay gbc-background-overlay-normal\" style=\"opacity:0.3\"><\/div><div class=\"gbc-wrapper\"><div id=\"gbc-container-gbc-_51ed26-0e\" class=\"inner-container\" style=\"max-width:540px\">\n<div id=\"gbc-_453753-2a\" class=\"wp-block-pt-ipleiria-ued-wp-theme-ipleiria-gutenbergblocks-container gbc gbc-view row-valign-top align-none\"><div class=\"gbc-background-overlay gbc-background-overlay-normal\" style=\"opacity:0.3\"><\/div><div class=\"gbc-wrapper\" style=\"padding-left:15px;padding-right:15px;padding-top:42px;padding-bottom:15px\"><div id=\"gbc-container-gbc-_453753-2a\" class=\"inner-container container\">\n<p class=\"has-text-align-left is-style-theme-subtitle-inherit-color\">Servi\u00e7os de a\u00e7\u00e3o social<\/p>\n\n\n\n<h2 class=\"has-text-align-left is-style-theme-title\">O que podes encontrar<\/h2>\n\n\n\n<p>Podes procurar informa\u00e7\u00e3o sobre bolsas e apoios sociais nos Servi\u00e7os de A\u00e7\u00e3o Social.<\/p>\n\n\n\n<div style=\"height:11px\" aria-hidden=\"true\" class=\"wp-block-spacer\"><\/div>\n<\/div><\/div><\/div>\n<\/div><\/div><\/div>\n<\/div>\n<\/div>\n\n\n\n<div style=\"height:20px\" aria-hidden=\"true\" class=\"wp-block-spacer\"><\/div>\n\n\n\n<div style=\"height:20px\" aria-hidden=\"true\" class=\"wp-block-spacer\"><\/div>\n\n\n\n<div class=\"wp-container-17 wp-block-columns\">\n<div class=\"wp-container-12 wp-block-column\">\n<div class=\"wp-block-pt-ipleiria-ued-wp-theme-ipleiria-gutenbergblocks-infobox gbib gbib-view is-style-theme-infobox-caps\"><div class=\"gbib-wrapper gbib-image-wrapper\"><img class=\"gbib-image\" src=\"https:\/\/www.ipleiria.pt\/estm\/wp-content\/uploads\/sites\/28\/2024\/10\/alimentacao.png\" alt=\"\"\/><\/div><div class=\"gbib-wrapper gbib-title-wrapper\"><h2 class=\"gbib-title\">Alimenta\u00e7\u00e3o<\/h2><\/div><div class=\"gbib-wrapper gbib-description-wrapper\"><div class=\"gbib-description\"><a href=\"https:\/\/www.ipleiria.pt\/viver\/dia-a-dia\/alimentacao\/\" data-type=\"URL\" data-id=\"https:\/\/www.ipleiria.pt\/viver\/dia-a-dia\/alimentacao\/\" target=\"_blank\" rel=\"noreferrer noopener\">Cantinas e ementas<\/a><\/div><\/div><\/div>\n\n\n\n<p><\/p>\n<\/div>\n\n\n\n<div class=\"wp-container-13 wp-block-column\">\n<div class=\"wp-block-pt-ipleiria-ued-wp-theme-ipleiria-gutenbergblocks-infobox gbib gbib-view is-style-theme-infobox-caps\"><div class=\"gbib-wrapper gbib-image-wrapper\"><img class=\"gbib-image\" src=\"https:\/\/www.ipleiria.pt\/estm\/wp-content\/uploads\/sites\/28\/2024\/10\/alojamento.png\" alt=\"\"\/><\/div><div class=\"gbib-wrapper gbib-title-wrapper\"><h2 class=\"gbib-title\">Resid\u00eancias<\/h2><\/div><div class=\"gbib-wrapper gbib-description-wrapper\"><div class=\"gbib-description\"><a href=\"https:\/\/www.ipleiria.pt\/viver\/dia-a-dia\/alojamento\/\" data-type=\"URL\" data-id=\"https:\/\/www.ipleiria.pt\/viver\/dia-a-dia\/alojamento\/\" target=\"_blank\" rel=\"noreferrer noopener\">Alojamento<\/a><\/div><\/div><\/div>\n<\/div>\n\n\n\n<div class=\"wp-container-14 wp-block-column\">\n<div class=\"wp-block-pt-ipleiria-ued-wp-theme-ipleiria-gutenbergblocks-infobox gbib gbib-view is-style-theme-infobox-caps\"><div class=\"gbib-wrapper gbib-image-wrapper\"><img class=\"gbib-image\" src=\"https:\/\/www.ipleiria.pt\/estm\/wp-content\/uploads\/sites\/28\/2024\/10\/bolsa.png\" alt=\"\"\/><\/div><div class=\"gbib-wrapper gbib-title-wrapper\"><h2 class=\"gbib-title\">Bolsas<\/h2><\/div><div class=\"gbib-wrapper gbib-description-wrapper\"><div class=\"gbib-description\"><a href=\"https:\/\/www.ipleiria.pt\/viver\/apoios\/bolsas\/\" data-type=\"URL\" data-id=\"https:\/\/www.ipleiria.pt\/viver\/apoios\/bolsas\/\" target=\"_blank\" rel=\"noreferrer noopener\">Bolsas de estudo<\/a><\/div><\/div><\/div>\n<\/div>\n\n\n\n<div class=\"wp-container-15 wp-block-column\">\n<div class=\"wp-block-pt-ipleiria-ued-wp-theme-ipleiria-gutenbergblocks-infobox gbib gbib-view is-style-theme-infobox-caps\"><div class=\"gbib-wrapper gbib-image-wrapper\"><img class=\"gbib-image\" src=\"https:\/\/www.ipleiria.pt\/estm\/wp-content\/uploads\/sites\/28\/2024\/10\/desporto.png\" alt=\"\"\/><\/div><div class=\"gbib-wrapper gbib-title-wrapper\"><h2 class=\"gbib-title\">Desporto<\/h2><\/div><div class=\"gbib-wrapper gbib-description-wrapper\"><div class=\"gbib-description\"><a href=\"https:\/\/www.ipleiria.pt\/viver\/dia-a-dia\/desporto-e-atividade-fisica\/\" data-type=\"URL\" data-id=\"https:\/\/www.ipleiria.pt\/viver\/dia-a-dia\/desporto-e-atividade-fisica\/\" target=\"_blank\" rel=\"noreferrer noopener\">Atividade F\u00edsica<\/a><\/div><\/div><\/div>\n\n\n\n<p><\/p>\n<\/div>\n\n\n\n<div class=\"wp-container-16 wp-block-column\">\n<div class=\"wp-block-pt-ipleiria-ued-wp-theme-ipleiria-gutenbergblocks-infobox gbib gbib-view is-style-theme-infobox-caps\"><div class=\"gbib-wrapper gbib-image-wrapper\"><img class=\"gbib-image\" src=\"https:\/\/www.ipleiria.pt\/estm\/wp-content\/uploads\/sites\/28\/2024\/10\/medico.png\" alt=\"\"\/><\/div><div class=\"gbib-wrapper gbib-title-wrapper\"><h2 class=\"gbib-title\">SERVI\u00c7OS M\u00e9dicos<\/h2><\/div><div class=\"gbib-wrapper gbib-description-wrapper\"><div class=\"gbib-description\"><a href=\"https:\/\/www.ipleiria.pt\/viver\/servicos\/servicos-medicos\/\" data-type=\"URL\" data-id=\"https:\/\/www.ipleiria.pt\/viver\/servicos\/servicos-medicos\/\" target=\"_blank\" rel=\"noreferrer noopener\">Cl\u00ednica geral e desportiva<\/a><\/div><\/div><\/div>\n<\/div>\n<\/div>\n\n\n\n<div style=\"height:30px\" aria-hidden=\"true\" class=\"wp-block-spacer\"><\/div>\n\n\n\n<div id=\"gbc-_36f01f-cc\" class=\"wp-block-pt-ipleiria-ued-wp-theme-ipleiria-gutenbergblocks-container gbc gbc-view row-valign-middle align-none\" style=\"background-color:#262626\"><div class=\"gbc-background-overlay gbc-background-overlay-normal\" style=\"opacity:0.3\"><\/div><div class=\"gbc-wrapper\" style=\"padding-top:100px;padding-bottom:60px\"><div id=\"gbc-container-gbc-_36f01f-cc\" class=\"inner-container container\">\n<p class=\"has-text-align-center is-style-theme-subtitle-inherit-color has-text-color\" style=\"color:#ffffff\">Cart\u00e3o de estudante<\/p>\n\n\n\n<h2 class=\"has-text-align-center is-style-theme-title-inherit-color has-dark-title-text-color-color has-text-color\">Tens descontos em livrarias, restaurantes, gin\u00e1sios e muitos outros servi\u00e7os. <\/h2>\n\n\n\n<div style=\"height:30px\" aria-hidden=\"true\" class=\"wp-block-spacer\"><\/div>\n\n\n\n<div class=\"wp-block-button aligncenter is-style-theme-button-outline\"><a class=\"wp-block-button__link has-dark-title-text-color-color has-dark-title-text-color-background-color has-text-color has-background\" href=\"https:\/\/www.ipleiria.pt\/viver\/apoios\/descontos-e-protocolos\/\" target=\"_blank\" rel=\"noreferrer noopener\">Todos os descontos<\/a><\/div>\n\n\n\n<div style=\"height:30px\" aria-hidden=\"true\" class=\"wp-block-spacer\"><\/div>\n\n\n\n<p><\/p>\n<\/div><\/div><\/div>\n<\/div><\/div><\/div>\n\n\n\n<div id=\"gbc-_011b0c-e4\" class=\"wp-block-pt-ipleiria-ued-wp-theme-ipleiria-gutenbergblocks-container gbc gbc-view row-valign-top align-full\" style=\"background-color:#F3F3F3\"><div class=\"gbc-background-overlay gbc-background-overlay-normal\" style=\"opacity:0.3\"><\/div><div class=\"gbc-wrapper\" style=\"padding-top:0;padding-bottom:0\"><div id=\"gbc-container-gbc-_011b0c-e4\" class=\"inner-container\">\n<div class=\"wp-container-20 wp-block-columns\">\n<div class=\"wp-container-18 wp-block-column\">\n<div id=\"gbc-_87cb9e-ca\" class=\"wp-block-pt-ipleiria-ued-wp-theme-ipleiria-gutenbergblocks-container gbc gbc-view row-valign-top align-full pr-md-4 scrollable-content to-the-left\" style=\"margin-left:0;margin-right:0\"><div class=\"gbc-background-overlay gbc-background-overlay-normal\" style=\"opacity:0.3\"><\/div><div class=\"gbc-wrapper\"><div id=\"gbc-container-gbc-_87cb9e-ca\" class=\"inner-container\" style=\"max-width:540px\">\n<div id=\"gbc-_ba3d14-29\" class=\"wp-block-pt-ipleiria-ued-wp-theme-ipleiria-gutenbergblocks-container gbc gbc-view row-valign-top align-full\" style=\"margin-left:0px;margin-right:0px\"><div class=\"gbc-background-overlay gbc-background-overlay-normal\" style=\"opacity:0.3\"><\/div><div class=\"gbc-wrapper\" style=\"padding-left:15px;padding-right:15px;padding-top:42px;padding-bottom:15px\"><div id=\"gbc-container-gbc-_ba3d14-29\" class=\"inner-container\">\n<div style=\"height:30px\" aria-hidden=\"true\" class=\"wp-block-spacer\"><\/div>\n\n\n\n<p class=\"has-text-align-left is-style-theme-subtitle\">Servi\u00e7os de apoio ao estudante<\/p>\n\n\n\n<h2 class=\"has-text-align-left is-style-theme-title\">Apoio Psicol\u00f3gico<\/h2>\n\n\n\n<p>Tens um problema e n\u00e3o encontras a solu\u00e7\u00e3o? Precisas de ajuda? Os Servi\u00e7os de Apoio ao Estudante (SAPE) oferecem:<\/p>\n\n\n\n<ul><li>Apoio Psicol\u00f3gico e Orienta\u00e7\u00e3o Vocacional<\/li><li>Apoio Psicopedag\u00f3gico<\/li><li>Orienta\u00e7\u00e3o e Acompanhamento Pessoal e Social<\/li><\/ul>\n\n\n\n<div class=\"wp-block-button is-style-theme-button-solid\"><a class=\"wp-block-button__link\" href=\"https:\/\/www.ipleiria.pt\/viver\/servicos\/centro-apoio-estudante\/\" target=\"_blank\" rel=\"noreferrer noopener\">Apoio Psicol\u00f3gico<\/a><\/div>\n<\/div><\/div><\/div>\n<\/div><\/div><\/div>\n<\/div>\n\n\n\n<div class=\"wp-container-19 wp-block-column\">\n<figure class=\"wp-block-image size-large\"><img src=\"https:\/\/www.ipleiria.pt\/wp-content\/uploads\/2019\/10\/MG_2103-1024x683.jpg\" alt=\"\" class=\"wp-image-4846\"\/><\/figure>\n<\/div>\n<\/div>\n<\/div><\/div><\/div>\n\n\n\n<div style=\"height:60px\" aria-hidden=\"true\" class=\"wp-block-spacer\"><\/div>\n\n\n\n<p class=\"has-text-align-center is-style-theme-subtitle\">Outros servi\u00e7os<\/p>\n\n\n\n<h2 class=\"has-text-align-center is-style-theme-title\">\u00c0 tua disposi\u00e7\u00e3o<\/h2>\n\n\n\n<div style=\"height:30px\" aria-hidden=\"true\" class=\"wp-block-spacer\"><\/div>\n\n\n\n<div class=\"wp-container-24 wp-block-columns\">\n<div class=\"wp-container-21 wp-block-column\">\n<a class=\"wp-block-pt-ipleiria-ued-wp-theme-ipleiria-gutenbergblocks-infobox gbib gbib-view is-style-theme-infobox-caps\" href=\"https:\/\/www.ipleiria.pt\/estm\/estudante\/dia-a-dia\/biblioteca\/\"><span class=\"gbib-wrapper gbib-image-wrapper\"><img class=\"gbib-image\" src=\"https:\/\/www.ipleiria.pt\/wp-content\/uploads\/2019\/10\/biblioteca.jpg\" alt=\"\"\/><\/span><span class=\"gbib-wrapper gbib-title-wrapper\"><span class=\"gbib-title\">Bibliotecas<\/span><\/span><\/a>\n<\/div>\n\n\n\n<div class=\"wp-container-22 wp-block-column\">\n<a class=\"wp-block-pt-ipleiria-ued-wp-theme-ipleiria-gutenbergblocks-infobox gbib gbib-view is-style-theme-infobox-caps\" href=\"https:\/\/www.ipleiria.pt\/estm\/estudante\/gestao-academica\/\"><span class=\"gbib-wrapper gbib-image-wrapper\"><img class=\"gbib-image\" src=\"https:\/\/www.ipleiria.pt\/wp-content\/uploads\/2019\/10\/informatica.jpg\" alt=\"\"\/><\/span><span class=\"gbib-wrapper gbib-title-wrapper\"><span class=\"gbib-title\">servi\u00e7os acad\u00e9micos<\/span><\/span><\/a>\n<\/div>\n\n\n\n<div class=\"wp-container-23 wp-block-column\">\n<a class=\"wp-block-pt-ipleiria-ued-wp-theme-ipleiria-gutenbergblocks-infobox gbib gbib-view is-style-theme-infobox-caps\" href=\"https:\/\/www.ipleiria.pt\/estm\/escola\/infraestrutura-e-servicos\/servicos\/\"><span class=\"gbib-wrapper gbib-image-wrapper\"><img class=\"gbib-image\" src=\"https:\/\/www.ipleiria.pt\/wp-content\/uploads\/2019\/10\/academicos.jpg\" alt=\"\"\/><\/span><span class=\"gbib-wrapper gbib-title-wrapper\"><span class=\"gbib-title\">Outros servi\u00e7os<\/span><\/span><\/a>\n<\/div>\n<\/div>\n\n\n\n<div style=\"height:100px\" aria-hidden=\"true\" class=\"wp-block-spacer\"><\/div>\n\n\n\n<div id=\"gbc-_723657-96\" class=\"wp-block-pt-ipleiria-ued-wp-theme-ipleiria-gutenbergblocks-container gbc gbc-view row-valign-top align-full\"><div class=\"gbc-background-overlay gbc-background-overlay-normal\" style=\"opacity:0.3\"><\/div><div class=\"gbc-wrapper\" style=\"padding-top:0;padding-bottom:0\"><div id=\"gbc-container-gbc-_723657-96\" class=\"inner-container\">\n<div class=\"wp-container-27 wp-block-columns\">\n<div class=\"wp-container-25 wp-block-column is-vertically-aligned-top\">\n<figure class=\"wp-block-image size-full img-cover\"><img src=\"https:\/\/www.ipleiria.pt\/wp-content\/uploads\/2019\/10\/MG_9174_1-1.jpg\" alt=\"\" class=\"wp-image-4858\"\/><\/figure>\n<\/div>\n\n\n\n<div class=\"wp-container-26 wp-block-column ml-0\">\n<div id=\"gbc-_f72752-02\" class=\"wp-block-pt-ipleiria-ued-wp-theme-ipleiria-gutenbergblocks-container gbc gbc-view row-valign-top align-full pl-md-4 scrollable-content\" style=\"margin-left:0px;margin-right:0px\"><div class=\"gbc-background-overlay gbc-background-overlay-normal\" style=\"opacity:0.3\"><\/div><div class=\"gbc-wrapper\"><div id=\"gbc-container-gbc-_f72752-02\" class=\"inner-container\" style=\"max-width:540px\">\n<div id=\"gbc-_fca54b-f8\" class=\"wp-block-pt-ipleiria-ued-wp-theme-ipleiria-gutenbergblocks-container gbc gbc-view row-valign-top align-none\" style=\"margin-left:0px;margin-right:0px\"><div class=\"gbc-background-overlay gbc-background-overlay-normal\" style=\"opacity:0.3\"><\/div><div class=\"gbc-wrapper\" style=\"padding-left:15px;padding-right:15px;padding-top:42px;padding-bottom:15px\"><div id=\"gbc-container-gbc-_fca54b-f8\" class=\"inner-container container\">\n<p class=\"has-text-align-left is-style-theme-subtitle\">erasmus+<\/p>\n\n\n\n<h2 class=\"has-text-align-left is-style-theme-title\">Mobilidade Internacional<\/h2>\n\n\n\n<p>Atrav\u00e9s de&nbsp;um programa de mobilidade podes, simultaneamente, melhorar as tuas compet\u00eancias lingu\u00edsticas e conhecer novas regi\u00f5es e culturas.<\/p>\n\n\n\n<div class=\"wp-block-button is-style-theme-button-outline\"><a class=\"wp-block-button__link\" href=\"https:\/\/www.ipleiria.pt\/estm\/estudante\/dia-a-dia\/estudantes-internacionais\/\">Mobilidade<\/a><\/div>\n<\/div><\/div><\/div>\n<\/div><\/div><\/div>\n<\/div>\n<\/div>\n<\/div><\/div><\/div>\n","protected":false},"excerpt":{"rendered":"Portal do estudante Acesso a Plataformas No Portal do Estudante podes consultar&nbsp;o teu hor\u00e1rio, inscri\u00e7\u00e3o, programas das disciplinas, calend\u00e1rios, sum\u00e1rios, pautas de avalia\u00e7\u00f5es, entre outros.&nbsp; Outros servi\u00e7os \u00c0 tua disposi\u00e7\u00e3o","protected":false},"author":4,"featured_media":795,"parent":573,"menu_order":30,"comment_status":"closed","ping_status":"closed","template":"","meta":{"multilingual_post_translation":"","page_post-custom-url":"","page_post-custom-url-target":""},"_links":{"self":[{"href":"https:\/\/www.ipleiria.pt\/estm\/wp-json\/wp\/v2\/pages\/579"}],"collection":[{"href":"https:\/\/www.ipleiria.pt\/estm\/wp-json\/wp\/v2\/pages"}],"about":[{"href":"https:\/\/www.ipleiria.pt\/estm\/wp-json\/wp\/v2\/types\/page"}],"author":[{"embeddable":true,"href":"https:\/\/www.ipleiria.pt\/estm\/wp-json\/wp\/v2\/users\/4"}],"replies":[{"embeddable":true,"href":"https:\/\/www.ipleiria.pt\/estm\/wp-json\/wp\/v2\/comments?post=579"}],"version-history":[{"count":21,"href":"https:\/\/www.ipleiria.pt\/estm\/wp-json\/wp\/v2\/pages\/579\/revisions"}],"predecessor-version":[{"id":10573,"href":"https:\/\/www.ipleiria.pt\/estm\/wp-json\/wp\/v2\/pages\/579\/revisions\/10573"}],"up":[{"embeddable":true,"href":"https:\/\/www.ipleiria.pt\/estm\/wp-json\/wp\/v2\/pages\/573"}],"wp:featuredmedia":[{"embeddable":true,"href":"https:\/\/www.ipleiria.pt\/estm\/wp-json\/wp\/v2\/media\/795"}],"wp:attachment":[{"href":"https:\/\/www.ipleiria.pt\/estm\/wp-json\/wp\/v2\/media?parent=579"}],"curies":[{"name":"wp","href":"https:\/\/api.w.org\/{rel}","templated":true}]}}