{"id":583,"date":"2024-10-02T14:55:54","date_gmt":"2024-10-02T13:55:54","guid":{"rendered":"https:\/\/www.ipleiria.pt\/estm\/?page_id=583"},"modified":"2026-03-23T11:49:14","modified_gmt":"2026-03-23T11:49:14","slug":"associacao-de-estudantes","status":"publish","type":"page","link":"https:\/\/www.ipleiria.pt\/estm\/estudante\/dia-a-dia\/associacao-de-estudantes\/","title":{"rendered":"Associa\u00e7\u00e3o Acad\u00e9mica do IPLeiria"},"content":{"rendered":"\n<h2 class=\"is-style-theme-subtitle\">Estudantes<\/h2>\n\n\n\n<h2 class=\"is-style-theme-title\"><strong>AAIPLEIRIA &#8211; ASSOCIA\u00c7\u00c3O ACAD\u00c9MICA DO INSTITUTO POLIT\u00c9CNICO DE LEIRIA<\/strong><\/h2>\n\n\n\n<div style=\"height:31px\" aria-hidden=\"true\" class=\"wp-block-spacer\"><\/div>\n\n\n\n<div class=\"wp-container-6 wp-block-columns has-2-columns\">\n<div class=\"wp-container-4 wp-block-column\">\n<div class=\"wp-container-1 wp-block-group has-background-grey-color-background-color has-background\"><div class=\"wp-block-group__inner-container\">\n<p class=\"is-style-theme-default-title\"><strong>Associa\u00e7\u00e3o Acad\u00e9mica do Instituto Polit\u00e9cnico de Leiria <\/strong><br>Contacto: <a href=\"mailto:aaipleiria@my.ipleiria.pt\">aaipleiria@my.ipleiria.pt<\/a><\/p>\n\n\n\n<p><strong>Redes Sociais<\/strong><br><a rel=\"noreferrer noopener\" href=\"https:\/\/www.facebook.com\/aaipleiria\/\" data-type=\"URL\" data-id=\"https:\/\/www.facebook.com\/aaipleiria\/\" target=\"_blank\">Facebook<\/a><br><a rel=\"noreferrer noopener\" href=\"https:\/\/www.instagram.com\/aaipleiria\/\" data-type=\"URL\" data-id=\"https:\/\/www.instagram.com\/aaipleiria\/\" target=\"_blank\">Instagram<\/a><\/p>\n<\/div><\/div>\n\n\n\n<div class=\"wp-container-3 wp-block-group\"><div class=\"wp-block-group__inner-container\">\n<div class=\"wp-container-2 wp-block-group has-background-grey-color-background-color has-background\"><div class=\"wp-block-group__inner-container\">\n<p class=\"is-style-theme-default-title has-title-text-color-color has-text-color\"><strong>N\u00facleo Acad\u00e9mico da ESTM<\/strong><br>Campus 4 &#8211; ESTM &#8211; Peniche<s><br><\/s>Contacto:&nbsp;<a rel=\"noreferrer noopener\" href=\"mailto:ae.estm@my.ipleiria.pt\" target=\"_blank\">ae.estm@my.ipleiria.pt<\/a><\/p>\n\n\n\n<p class=\"is-style-theme-default-title\"><strong>Redes Sociais<\/strong><br><a rel=\"noreferrer noopener\" href=\"https:\/\/www.instagram.com\/_na.estm_?igsh=MXV6cDlxdHJmN2tuMg%3D%3D\" data-type=\"URL\" data-id=\"https:\/\/www.instagram.com\/_na.estm_?igsh=MXV6cDlxdHJmN2tuMg%3D%3D\" target=\"_blank\">Instagram<\/a>: <br><a rel=\"noreferrer noopener\" href=\"https:\/\/www.tiktok.com\/@_na.estm_?_r=1&amp;_t=ZG-93Z15ZcsQuP\" data-type=\"URL\" data-id=\"https:\/\/www.tiktok.com\/@_na.estm_?_r=1&amp;_t=ZG-93Z15ZcsQuP\" target=\"_blank\">TikTok<\/a><br><a rel=\"noreferrer noopener\" href=\"https:\/\/www.facebook.com\/profile.php?id=61554229496391\" data-type=\"URL\" data-id=\"https:\/\/www.facebook.com\/profile.php?id=61554229496391\" target=\"_blank\">Facebook<\/a><br><\/p>\n<\/div><\/div>\n<\/div><\/div>\n\n\n\n<h3><strong>N\u00facleos de Cursos<\/strong><\/h3>\n\n\n\n<p>Anima\u00e7\u00e3o Tur\u00edstica:&nbsp;<a href=\"mailto:nucleo.at.estm@my.ipleiria.pt\">nucleo.at.estm@my.ipleiria.pt<\/a><br>Biotecnologia:<a href=\"mailto:nucleo.biotec.estm@my.ipleiria.pt\">nucleo.biotec.estm@my.ipleiria.pt<\/a><br>Biologia Marinha:&nbsp;<a href=\"mailto:nucleo.bm.estm@my.ipleiria.pt\">nucleo.bm.estm@my.ipleiria.pt<\/a><br>Cursos TeSP:&nbsp;<a href=\"mailto:nucleo.ctesp.estm@my.ipleiria.pt\">nucleo.ctesp.estm@my.ipleiria.pt<\/a><br>Engenharia Alimentar:&nbsp;<a href=\"mailto:nucleo.ea.estm@my.ipleiria.pt\">nucleo.ea.estm@my.ipleiria.pt<\/a><br>Gest\u00e3o de Eventos:&nbsp;<a href=\"mailto:nucleo.ge.estm@my.ipleiria.pt\">nucleo.ge.estm@my.ipleiria.pt<\/a><br>Gest\u00e3o da Restaura\u00e7\u00e3o e Catering:&nbsp;<a href=\"mailto:nucleo.grc.estm@my.ipleiria.pt\">&nbsp;nucleo.grc.estm@my.ipleiria.pt<\/a><br>Gest\u00e3o Tur\u00edstica e Hoteleira:&nbsp;<a href=\"mailto:nucleo.gth.estm@my.ipleiria.pt\">nucleo.gth.estm@my.ipleiria.pt<\/a><br>Marketing Tur\u00edstico:&nbsp;<a href=\"mailto:nucleo.mt.estm@my.ipleiria.pt\">nucleo.mt.estm@my.ipleiria.pt<\/a><br>Turismo:&nbsp;<a href=\"mailto:nucleo.turismo.estm@my.ipleiria.pt\">nucleo.turismo.estm@my.ipleiria.pt<\/a><\/p>\n\n\n\n<h3><strong><strong>Tunas acad\u00e9micas<\/strong><\/strong><\/h3>\n\n\n\n<p><a href=\"mailto:amartuna.estm@my.ipleiria.pt\">amartuna.estm@my.ipleiria.pt<\/a><br><a href=\"mailto:neptunos.estm@my.ipleiria.pt\">neptunos.estm@my.ipleiria.pt<\/a><\/p>\n\n\n\n<h3><strong><strong><strong>Comiss\u00e3o de praxe<\/strong><\/strong><\/strong><\/h3>\n\n\n\n<p><a href=\"mailto:comiss%C3%A3o.praxe.estm@my.ipleiria.pt\">comiss\u00e3o.praxe.estm@my.ipleiria.pt<\/a> <\/p>\n<\/div>\n\n\n\n<div class=\"wp-container-5 wp-block-column\">\n<div style=\"height:20px\" aria-hidden=\"true\" class=\"wp-block-spacer\"><\/div>\n\n\n\n<figure class=\"wp-block-image size-full\"><img src=\"https:\/\/www.ipleiria.pt\/wp-content\/uploads\/2021\/08\/capas_no_ar.jpg\" alt=\"\" class=\"wp-image-41066\"\/><\/figure>\n<\/div>\n<\/div>\n\n\n\n<hr class=\"wp-block-separator has-alpha-channel-opacity is-style-wide\"\/>\n\n\n\n<h2 class=\"is-style-theme-subtitle\">Normas e c\u00f3digo<\/h2>\n\n\n\n<h2 class=\"is-style-theme-title\">Praxe<\/h2>\n\n\n\n<div class=\"wp-container-9 wp-block-columns has-2-columns\">\n<div class=\"wp-container-7 wp-block-column\">\n<p>As atividades de praxe s\u00e3o um bom modo de integra\u00e7\u00e3o e cria\u00e7\u00e3o de la\u00e7os de amizade nos momentos iniciais. Contudo, relembramos que a praxe \u00e9 facultativa e que h\u00e1 limites que devem ser sempre respeitados.<\/p>\n<\/div>\n\n\n\n<div class=\"wp-container-8 wp-block-column\">\n<div class=\"wp-block-file\"><a id=\"wp-block-file--media-0b55f727-405a-4a59-8d3b-afa22e703c17\" href=\"https:\/\/www.ipleiria.pt\/wp-content\/uploads\/2019\/08\/337_reg._429.2008__normas_reguladoras_da_praxe1.pdf\" target=\"_blank\" rel=\"noreferrer noopener\">Normas Reguladoras dos Atos de Praxe<\/a><\/div>\n\n\n\n<div class=\"wp-block-file\"><a id=\"wp-block-file--media-9a9dc753-336f-47b4-b917-384a18d0181d\" href=\"https:\/\/www.ipleiria.pt\/estm\/wp-content\/uploads\/sites\/28\/2024\/10\/Codigo-de-praxe-2023_231209_223006.pdf\">Codigo de praxe ESTM | Peniche<\/a><\/div>\n<\/div>\n<\/div>\n\n\n\n<div style=\"height:70px\" aria-hidden=\"true\" class=\"wp-block-spacer\"><\/div>\n","protected":false},"excerpt":{"rendered":"Estudantes AAIPLEIRIA &#8211; ASSOCIA\u00c7\u00c3O ACAD\u00c9MICA DO INSTITUTO POLIT\u00c9CNICO DE LEIRIA Associa\u00e7\u00e3o Acad\u00e9mica do Instituto Polit\u00e9cnico de Leiria Contacto: aaipleiria@my.ipleiria.pt Redes SociaisFacebookInstagram N\u00facleo Acad\u00e9mico da ESTMCampus 4 &#8211; ESTM &#8211; PenicheContacto:&nbsp;ae.estm@my.ipleiria.pt Redes SociaisInstagram: TikTokFacebook N\u00facleos de Cursos Anima\u00e7\u00e3o Tur\u00edstica:&nbsp;nucleo.at.estm@my.ipleiria.ptBiotecnologia:nucleo.biotec.estm@my.ipleiria.ptBiologia Marinha:&nbsp;nucleo.bm.estm@my.ipleiria.ptCursos TeSP:&nbsp;nucleo.ctesp.estm@my.ipleiria.ptEngenharia Alimentar:&nbsp;nucleo.ea.estm@my.ipleiria.ptGest\u00e3o de Eventos:&nbsp;nucleo.ge.estm@my.ipleiria.ptGest\u00e3o da Restaura\u00e7\u00e3o e Catering:&nbsp;&nbsp;nucleo.grc.estm@my.ipleiria.ptGest\u00e3o Tur\u00edstica e Hoteleira:&nbsp;nucleo.gth.estm@my.ipleiria.ptMarketing Tur\u00edstico:&nbsp;nucleo.mt.estm@my.ipleiria.ptTurismo:&nbsp;nucleo.turismo.estm@my.ipleiria.pt Tunas acad\u00e9micas amartuna.estm@my.ipleiria.ptneptunos.estm@my.ipleiria.pt Comiss\u00e3o [&hellip;]","protected":false},"author":4,"featured_media":1075,"parent":573,"menu_order":50,"comment_status":"closed","ping_status":"closed","template":"","meta":{"multilingual_post_translation":"","page_post-custom-url":"","page_post-custom-url-target":""},"_links":{"self":[{"href":"https:\/\/www.ipleiria.pt\/estm\/wp-json\/wp\/v2\/pages\/583"}],"collection":[{"href":"https:\/\/www.ipleiria.pt\/estm\/wp-json\/wp\/v2\/pages"}],"about":[{"href":"https:\/\/www.ipleiria.pt\/estm\/wp-json\/wp\/v2\/types\/page"}],"author":[{"embeddable":true,"href":"https:\/\/www.ipleiria.pt\/estm\/wp-json\/wp\/v2\/users\/4"}],"replies":[{"embeddable":true,"href":"https:\/\/www.ipleiria.pt\/estm\/wp-json\/wp\/v2\/comments?post=583"}],"version-history":[{"count":27,"href":"https:\/\/www.ipleiria.pt\/estm\/wp-json\/wp\/v2\/pages\/583\/revisions"}],"predecessor-version":[{"id":12675,"href":"https:\/\/www.ipleiria.pt\/estm\/wp-json\/wp\/v2\/pages\/583\/revisions\/12675"}],"up":[{"embeddable":true,"href":"https:\/\/www.ipleiria.pt\/estm\/wp-json\/wp\/v2\/pages\/573"}],"wp:featuredmedia":[{"embeddable":true,"href":"https:\/\/www.ipleiria.pt\/estm\/wp-json\/wp\/v2\/media\/1075"}],"wp:attachment":[{"href":"https:\/\/www.ipleiria.pt\/estm\/wp-json\/wp\/v2\/media?parent=583"}],"curies":[{"name":"wp","href":"https:\/\/api.w.org\/{rel}","templated":true}]}}