{"id":585,"date":"2024-10-02T14:57:31","date_gmt":"2024-10-02T13:57:31","guid":{"rendered":"https:\/\/www.ipleiria.pt\/estm\/?page_id=585"},"modified":"2024-10-16T09:44:11","modified_gmt":"2024-10-16T08:44:11","slug":"estudantes-internacionais","status":"publish","type":"page","link":"https:\/\/www.ipleiria.pt\/estm\/estudante\/dia-a-dia\/estudantes-internacionais\/","title":{"rendered":"Estudantes Internacionais"},"content":{"rendered":"\n<p class=\"is-style-theme-subtitle\">ESTM<\/p>\n\n\n\n<h2 class=\"is-style-theme-title\" id=\"sejam-bem-vindos\">Sejam bem-vindos!<\/h2>\n\n\n\n<div class=\"wp-container-4 wp-block-columns\">\n<div class=\"wp-container-2 wp-block-column\">\n<p>Se pensas eleger Portugal e o Polit\u00e9cnico de Leiria como ponto de partida para uma experi\u00eancia internacional, nesta p\u00e1gina podes encontrar a descri\u00e7\u00e3o&nbsp;do processo de candidatura.&nbsp; <br>Se j\u00e1 foste admitido no Polit\u00e9cnico de Leiria n\u00e3o deixes de consultar o guia que preparamos especialmente para ti.<\/p>\n\n\n\n<div class=\"wp-container-1 wp-block-buttons\">\n<div class=\"wp-block-button is-style-theme-button-outline\"><a class=\"wp-block-button__link\" href=\"https:\/\/www.ipleiria.pt\/internacional\/estudar-em-portugal\/estudantes-internacionais\/guia-de-acolhimento\/\" target=\"_blank\" rel=\"noreferrer noopener\">Guia de acolhimento<\/a><\/div>\n<\/div>\n<\/div>\n\n\n\n<div class=\"wp-container-3 wp-block-column\">\n<figure class=\"wp-block-image size-large\"><img src=\"https:\/\/www.ipleiria.pt\/wp-content\/uploads\/2021\/08\/internacional_1_2-1024x683.jpg\" alt=\"\" class=\"wp-image-41123\"\/><\/figure>\n<\/div>\n<\/div>\n\n\n\n<div style=\"height:100px\" aria-hidden=\"true\" class=\"wp-block-spacer\"><\/div>\n\n\n\n<div class=\"wp-container-7 wp-block-columns\">\n<div class=\"wp-container-5 wp-block-column\">\n<figure class=\"wp-block-embed is-type-video is-provider-youtube wp-block-embed-youtube wp-embed-aspect-16-9 wp-has-aspect-ratio\"><div class=\"wp-block-embed__wrapper\">\n<iframe loading=\"lazy\" title=\"Polit\u00e9cnico de Leiria - Escola Superior de Turismo e Tecnologia do Mar\" width=\"500\" height=\"281\" src=\"https:\/\/www.youtube.com\/embed\/1_AD6CiPsVM?feature=oembed\" frameborder=\"0\" allow=\"accelerometer; autoplay; clipboard-write; encrypted-media; gyroscope; picture-in-picture; web-share\" referrerpolicy=\"strict-origin-when-cross-origin\" allowfullscreen><\/iframe>\n<\/div><\/figure>\n<\/div>\n\n\n\n<div class=\"wp-container-6 wp-block-column\">\n<figure class=\"wp-block-embed is-type-video is-provider-youtube wp-block-embed-youtube wp-embed-aspect-16-9 wp-has-aspect-ratio\"><div class=\"wp-block-embed__wrapper\">\n<iframe loading=\"lazy\" title=\"Study and Research in Portugal\" width=\"500\" height=\"281\" src=\"https:\/\/www.youtube.com\/embed\/wBL8dC7_obY?feature=oembed\" frameborder=\"0\" allow=\"accelerometer; autoplay; clipboard-write; encrypted-media; gyroscope; picture-in-picture; web-share\" referrerpolicy=\"strict-origin-when-cross-origin\" allowfullscreen><\/iframe>\n<\/div><\/figure>\n<\/div>\n<\/div>\n","protected":false},"excerpt":{"rendered":"ESTM Sejam bem-vindos! Se pensas eleger Portugal e o Polit\u00e9cnico de Leiria como ponto de partida para uma experi\u00eancia internacional, nesta p\u00e1gina podes encontrar a descri\u00e7\u00e3o&nbsp;do processo de candidatura.&nbsp; Se j\u00e1 foste admitido no Polit\u00e9cnico de Leiria n\u00e3o deixes de consultar o guia que preparamos especialmente para ti.","protected":false},"author":4,"featured_media":1452,"parent":573,"menu_order":60,"comment_status":"closed","ping_status":"closed","template":"","meta":{"multilingual_post_translation":"","page_post-custom-url":"","page_post-custom-url-target":""},"_links":{"self":[{"href":"https:\/\/www.ipleiria.pt\/estm\/wp-json\/wp\/v2\/pages\/585"}],"collection":[{"href":"https:\/\/www.ipleiria.pt\/estm\/wp-json\/wp\/v2\/pages"}],"about":[{"href":"https:\/\/www.ipleiria.pt\/estm\/wp-json\/wp\/v2\/types\/page"}],"author":[{"embeddable":true,"href":"https:\/\/www.ipleiria.pt\/estm\/wp-json\/wp\/v2\/users\/4"}],"replies":[{"embeddable":true,"href":"https:\/\/www.ipleiria.pt\/estm\/wp-json\/wp\/v2\/comments?post=585"}],"version-history":[{"count":6,"href":"https:\/\/www.ipleiria.pt\/estm\/wp-json\/wp\/v2\/pages\/585\/revisions"}],"predecessor-version":[{"id":3081,"href":"https:\/\/www.ipleiria.pt\/estm\/wp-json\/wp\/v2\/pages\/585\/revisions\/3081"}],"up":[{"embeddable":true,"href":"https:\/\/www.ipleiria.pt\/estm\/wp-json\/wp\/v2\/pages\/573"}],"wp:featuredmedia":[{"embeddable":true,"href":"https:\/\/www.ipleiria.pt\/estm\/wp-json\/wp\/v2\/media\/1452"}],"wp:attachment":[{"href":"https:\/\/www.ipleiria.pt\/estm\/wp-json\/wp\/v2\/media?parent=585"}],"curies":[{"name":"wp","href":"https:\/\/api.w.org\/{rel}","templated":true}]}}