{"id":610,"date":"2024-10-02T15:04:11","date_gmt":"2024-10-02T14:04:11","guid":{"rendered":"https:\/\/www.ipleiria.pt\/estm\/?page_id=610"},"modified":"2024-10-17T14:39:07","modified_gmt":"2024-10-17T13:39:07","slug":"artigos-cientificos","status":"publish","type":"page","link":"https:\/\/www.ipleiria.pt\/estm\/investigacao\/publicacoes\/artigos-cientificos\/","title":{"rendered":"Artigos cient\u00edficos"},"content":{"rendered":"\n<div class=\"wp-container-3 wp-block-columns\">\n<div class=\"wp-container-1 wp-block-column\">\n<p class=\"is-style-theme-subtitle\">ESTM<\/p>\n\n\n\n<h2 class=\"is-style-theme-title\">Artigos Cient\u00edficos<\/h2>\n\n\n\n<p>Em breve, estar\u00e3o dispon\u00edveis os artigos cient\u00edficos produzidos pelos nossos investigadores e docentes. Este espa\u00e7o ser\u00e1 dedicado \u00e0 divulga\u00e7\u00e3o de estudos e investiga\u00e7\u00f5es nas diversas \u00e1reas de atua\u00e7\u00e3o da ESTM, contribuindo para o avan\u00e7o do conhecimento cient\u00edfico.<\/p>\n<\/div>\n\n\n\n<div class=\"wp-container-2 wp-block-column\">\n<figure class=\"wp-block-image size-large\"><img loading=\"lazy\" width=\"1024\" height=\"683\" src=\"https:\/\/www.ipleiria.pt\/estm\/wp-content\/uploads\/sites\/28\/2024\/10\/MG_9673-1024x683.jpg\" alt=\"\" class=\"wp-image-960\" srcset=\"https:\/\/www.ipleiria.pt\/estm\/wp-content\/uploads\/sites\/28\/2024\/10\/MG_9673-1024x683.jpg 1024w, https:\/\/www.ipleiria.pt\/estm\/wp-content\/uploads\/sites\/28\/2024\/10\/MG_9673-300x200.jpg 300w, https:\/\/www.ipleiria.pt\/estm\/wp-content\/uploads\/sites\/28\/2024\/10\/MG_9673-768x512.jpg 768w, https:\/\/www.ipleiria.pt\/estm\/wp-content\/uploads\/sites\/28\/2024\/10\/MG_9673-1536x1024.jpg 1536w, https:\/\/www.ipleiria.pt\/estm\/wp-content\/uploads\/sites\/28\/2024\/10\/MG_9673.jpg 1920w\" sizes=\"(max-width: 1024px) 100vw, 1024px\" \/><\/figure>\n<\/div>\n<\/div>\n","protected":false},"excerpt":{"rendered":"ESTM Artigos Cient\u00edficos Em breve, estar\u00e3o dispon\u00edveis os artigos cient\u00edficos produzidos pelos nossos investigadores e docentes. Este espa\u00e7o ser\u00e1 dedicado \u00e0 divulga\u00e7\u00e3o de estudos e investiga\u00e7\u00f5es nas diversas \u00e1reas de atua\u00e7\u00e3o da ESTM, contribuindo para o avan\u00e7o do conhecimento cient\u00edfico.","protected":false},"author":4,"featured_media":0,"parent":608,"menu_order":10,"comment_status":"closed","ping_status":"closed","template":"","meta":{"multilingual_post_translation":"","page_post-custom-url":"","page_post-custom-url-target":""},"_links":{"self":[{"href":"https:\/\/www.ipleiria.pt\/estm\/wp-json\/wp\/v2\/pages\/610"}],"collection":[{"href":"https:\/\/www.ipleiria.pt\/estm\/wp-json\/wp\/v2\/pages"}],"about":[{"href":"https:\/\/www.ipleiria.pt\/estm\/wp-json\/wp\/v2\/types\/page"}],"author":[{"embeddable":true,"href":"https:\/\/www.ipleiria.pt\/estm\/wp-json\/wp\/v2\/users\/4"}],"replies":[{"embeddable":true,"href":"https:\/\/www.ipleiria.pt\/estm\/wp-json\/wp\/v2\/comments?post=610"}],"version-history":[{"count":3,"href":"https:\/\/www.ipleiria.pt\/estm\/wp-json\/wp\/v2\/pages\/610\/revisions"}],"predecessor-version":[{"id":4077,"href":"https:\/\/www.ipleiria.pt\/estm\/wp-json\/wp\/v2\/pages\/610\/revisions\/4077"}],"up":[{"embeddable":true,"href":"https:\/\/www.ipleiria.pt\/estm\/wp-json\/wp\/v2\/pages\/608"}],"wp:attachment":[{"href":"https:\/\/www.ipleiria.pt\/estm\/wp-json\/wp\/v2\/media?parent=610"}],"curies":[{"name":"wp","href":"https:\/\/api.w.org\/{rel}","templated":true}]}}