{"id":614,"date":"2024-10-02T15:05:28","date_gmt":"2024-10-02T14:05:28","guid":{"rendered":"https:\/\/www.ipleiria.pt\/estm\/?page_id=614"},"modified":"2026-04-29T10:29:18","modified_gmt":"2026-04-29T09:29:18","slug":"calendarios","status":"publish","type":"page","link":"https:\/\/www.ipleiria.pt\/estm\/estudante\/gestao-academica\/calendarios\/","title":{"rendered":"Calend\u00e1rios"},"content":{"rendered":"\n<div class=\"wp-block-pt-ipleiria-ued-wp-theme-ipleiria-gutenbergblocks-moc gbmoc\" role=\"navigation\" aria-label=\"Menu de conte\u00fados\"><div class=\"gbmoc-menu-wrapper\"><div id=\"gbmoc-3fc3fe-9b-menu-container\" class=\"gbmoc-menu-container\"><div class=\"gbmoc-title\" id=\"gbmoc-3fc3fe-9b-title\">Ir para:<\/div><ul aria-describedby=\"gbmoc-3fc3fe-9b-title\" class=\"gbmoc-menuitems\"><li><a href=\"#calendario-academico\">Calend\u00e1rio Acad\u00e9mico<\/a><\/li><li><a href=\"#licenciaturas\">Licenciaturas<\/a><\/li><li><a href=\"#mestrados\">Mestrados<\/a><\/li><li><a href=\"#tesp\">TeSP<\/a><\/li><li class=\"gbmoc-scroll-to-top-wrapper\"><a class=\"gbmoc-scroll-to-top\" href=\"#top\">Topo<\/a><\/li><\/ul><\/div><\/div><\/div>\n\n\n\n<div class=\"wp-container-3 wp-block-columns\">\n<div class=\"wp-container-1 wp-block-column\">\n<p class=\"is-style-theme-subtitle\">2025\/2026<\/p>\n\n\n\n<h2 class=\"is-style-theme-title\" id=\"calendario-academico\">Calend\u00e1rio Acad\u00e9mico<\/h2>\n\n\n\n<div style=\"height:20px\" aria-hidden=\"true\" class=\"wp-block-spacer\"><\/div>\n\n\n\n<p><a rel=\"noreferrer noopener\" href=\"https:\/\/www.ipleiria.pt\/estm\/wp-content\/uploads\/sites\/28\/2025\/06\/Despacho-n.o-12_2025-Calenda\u0301rio-Letivo-ESTM-2025_2026_signed.pdf\" data-type=\"URL\" data-id=\"https:\/\/www.ipleiria.pt\/estm\/wp-content\/uploads\/sites\/28\/2025\/06\/Despacho-n.o-12_2025-Calenda\u0301rio-Letivo-ESTM-2025_2026_signed.pdf\" target=\"_blank\">Calend\u00e1rio Letivo 2025\/2026<\/a><br><a href=\"https:\/\/www.ipleiria.pt\/estm\/wp-content\/uploads\/sites\/28\/2025\/09\/Despacho-n.o-15_2025_Epocas-Extraordinarias-2025_2026_signed.pdf\" data-type=\"URL\" data-id=\"https:\/\/www.ipleiria.pt\/estm\/wp-content\/uploads\/sites\/28\/2025\/09\/Despacho-n.o-15_2025_Epocas-Extraordinarias-2025_2026_signed.pdf\" target=\"_blank\" rel=\"noreferrer noopener\">Calend\u00e1rio Letivo 2025\/2026 \u2013 Adenda<\/a><\/p>\n<\/div>\n\n\n\n<div class=\"wp-container-2 wp-block-column\">\n<figure class=\"wp-block-image size-large\"><img loading=\"lazy\" width=\"1024\" height=\"683\" src=\"https:\/\/www.ipleiria.pt\/estm\/wp-content\/uploads\/sites\/28\/2024\/10\/MG_9599-2-1024x683.jpg\" alt=\"\" class=\"wp-image-953\" srcset=\"https:\/\/www.ipleiria.pt\/estm\/wp-content\/uploads\/sites\/28\/2024\/10\/MG_9599-2-1024x683.jpg 1024w, https:\/\/www.ipleiria.pt\/estm\/wp-content\/uploads\/sites\/28\/2024\/10\/MG_9599-2-300x200.jpg 300w, https:\/\/www.ipleiria.pt\/estm\/wp-content\/uploads\/sites\/28\/2024\/10\/MG_9599-2-768x512.jpg 768w, https:\/\/www.ipleiria.pt\/estm\/wp-content\/uploads\/sites\/28\/2024\/10\/MG_9599-2-1536x1024.jpg 1536w, https:\/\/www.ipleiria.pt\/estm\/wp-content\/uploads\/sites\/28\/2024\/10\/MG_9599-2.jpg 1920w\" sizes=\"(max-width: 1024px) 100vw, 1024px\" \/><\/figure>\n<\/div>\n<\/div>\n\n\n\n<p>Consultar em:<\/p>\n\n\n\n<p class=\"is-style-theme-title\"><strong><a rel=\"noreferrer noopener\" href=\"https:\/\/inforestudante.ipleiria.pt\/nonio\" target=\"_blank\">InforEstudante<\/a><\/strong> <\/p>\n\n\n\n<p class=\"has-small-font-size\"><strong>As avalia\u00e7\u00f5es\/exames devem ser  consultadas na p\u00e1gina do  <a rel=\"noreferrer noopener\" href=\"https:\/\/inforestudante.ipleiria.pt\/nonio\" target=\"_blank\">InforEstudante<\/a><\/strong>. <\/p>\n\n\n\n<p><\/p>\n\n\n\n<p class=\"has-background-grey-color-background-color has-background has-medium-font-size\"><\/p>\n\n\n\n<p class=\"is-style-theme-subtitle-inherit-color\" style=\"font-size:25px\"><\/p>\n\n\n\n<p><\/p>\n\n\n\n<hr class=\"wp-block-separator has-alpha-channel-opacity is-style-wide\"\/>\n\n\n\n<p class=\"is-style-theme-subtitle\">Calend\u00e1rio de Exames<\/p>\n\n\n\n<h2 class=\"is-style-theme-title\" id=\"licenciaturas\">Licenciaturas<\/h2>\n\n\n\n<figure class=\"wp-block-table no-icon is-style-stripes\"><table class=\"has-fixed-layout\"><thead><tr><th class=\"has-text-align-left\" data-align=\"left\">Curso<\/th><th class=\"has-text-align-left\" data-align=\"left\">Regime Diurno<\/th><\/tr><\/thead><tbody><tr><td class=\"has-text-align-left\" data-align=\"left\">Anima\u00e7\u00e3o Tur\u00edstica<\/td><td class=\"has-text-align-left\" data-align=\"left\"><a href=\"https:\/\/www.ipleiria.pt\/estm\/wp-content\/uploads\/sites\/28\/2026\/04\/AT_2S_Exames_2025_2026_signed.pdf\" target=\"_blank\" rel=\"noreferrer noopener\">AT_2.\u00baS Exames \u00c9poca Normal; Recurso e Especial<\/a><\/td><\/tr><tr><td class=\"has-text-align-left\" data-align=\"left\">Biotecnologia<\/td><td class=\"has-text-align-left\" data-align=\"left\"><a href=\"https:\/\/www.ipleiria.pt\/estm\/wp-content\/uploads\/sites\/28\/2026\/04\/BioT_2S_Exames_2025_2026_signed.pdf\" target=\"_blank\" rel=\"noreferrer noopener\">BioT_2.\u00baS Exames \u00c9poca Normal; Recurso e Especial<\/a><\/td><\/tr><tr><td class=\"has-text-align-left\" data-align=\"left\">Biologia Marinha&nbsp;<\/td><td class=\"has-text-align-left\" data-align=\"left\"><a href=\"https:\/\/www.ipleiria.pt\/estm\/wp-content\/uploads\/sites\/28\/2026\/04\/BM_2S_Exames_2025_2026_signed.pdf\" target=\"_blank\" rel=\"noreferrer noopener\">BM_2.\u00baS Exames \u00c9poca Normal; Recurso e Especial<\/a><\/td><\/tr><tr><td class=\"has-text-align-left\" data-align=\"left\">Engenharia Alimentar<\/td><td class=\"has-text-align-left\" data-align=\"left\"><a href=\"https:\/\/www.ipleiria.pt\/estm\/wp-content\/uploads\/sites\/28\/2026\/04\/EA_2S_Exames_2025_2026_signed.pdf\" target=\"_blank\" rel=\"noreferrer noopener\">EA_2.\u00baS Exames \u00c9poca Normal; Recurso e Especial<\/a><\/td><\/tr><tr><td class=\"has-text-align-left\" data-align=\"left\">Gest\u00e3o de Eventos<\/td><td class=\"has-text-align-left\" data-align=\"left\"><a href=\"https:\/\/www.ipleiria.pt\/estm\/wp-content\/uploads\/sites\/28\/2026\/04\/GE_2S_Exames_2025_2026_signed.pdf\" target=\"_blank\" rel=\"noreferrer noopener\">GE_2.\u00baS Exames \u00c9poca Normal; Recurso e Especial<\/a><\/td><\/tr><tr><td class=\"has-text-align-left\" data-align=\"left\">Gest\u00e3o da Restaura\u00e7\u00e3o e Catering<\/td><td class=\"has-text-align-left\" data-align=\"left\"><a href=\"https:\/\/www.ipleiria.pt\/estm\/wp-content\/uploads\/sites\/28\/2026\/04\/GRC_2S_Exames_2025_2026_signed.pdf\" target=\"_blank\" rel=\"noreferrer noopener\">GRC_2.\u00baS Exames \u00c9poca Normal; Recurso e Especial<\/a><\/td><\/tr><tr><td class=\"has-text-align-left\" data-align=\"left\">Gest\u00e3o Tur\u00edstica e Hoteleira<\/td><td class=\"has-text-align-left\" data-align=\"left\"><a rel=\"noreferrer noopener\" href=\"https:\/\/www.ipleiria.pt\/estm\/wp-content\/uploads\/sites\/28\/2025\/06\/GTH_EEN_EER_EEE_2S_2024_2025_signed.pdf\" data-type=\"URL\" target=\"_blank\"><br><\/a><a href=\"https:\/\/www.ipleiria.pt\/estm\/wp-content\/uploads\/sites\/28\/2026\/04\/GTH_2S_Exames_2025_2026_signed.pdf\" target=\"_blank\" rel=\"noreferrer noopener\">GTH_2.\u00baS Exames \u00c9poca Normal; Recurso e Especial<\/a><\/td><\/tr><tr><td class=\"has-text-align-left\" data-align=\"left\">Marketing Tur\u00edstico<\/td><td class=\"has-text-align-left\" data-align=\"left\"><a href=\"https:\/\/www.ipleiria.pt\/estm\/wp-content\/uploads\/sites\/28\/2026\/04\/MT_2S_Exames_2025_2026_signed.pdf\" target=\"_blank\" rel=\"noreferrer noopener\">MT_2.\u00baS Exames \u00c9poca Normal; Recurso e Especial<\/a><\/td><\/tr><tr><td class=\"has-text-align-left\" data-align=\"left\">Turismo<\/td><td class=\"has-text-align-left\" data-align=\"left\"><a href=\"https:\/\/www.ipleiria.pt\/estm\/wp-content\/uploads\/sites\/28\/2026\/04\/TUR_2S_Exames_2025_2026_signed.pdf\" target=\"_blank\" rel=\"noreferrer noopener\">TUR_2.\u00baS Exames \u00c9poca Normal; Recurso e Especial<\/a><\/td><\/tr><\/tbody><\/table><\/figure>\n\n\n\n<hr class=\"wp-block-separator has-alpha-channel-opacity is-style-wide\"\/>\n\n\n\n<p class=\"is-style-theme-subtitle\">Calend\u00e1rio de Exames<\/p>\n\n\n\n<h2 class=\"is-style-theme-title\" id=\"mestrados\">Mestrados<\/h2>\n\n\n\n<figure class=\"wp-block-table no-icon is-style-stripes\"><table class=\"has-fixed-layout\"><thead><tr><th class=\"has-text-align-left\" data-align=\"left\">Curso<\/th><th class=\"has-text-align-left\" data-align=\"left\">Avalia\u00e7\u00e3o<\/th><\/tr><\/thead><tbody><tr><td class=\"has-text-align-left\" data-align=\"left\">Aquacultura<\/td><td class=\"has-text-align-left\" data-align=\"left\"><a rel=\"noreferrer noopener\" href=\"https:\/\/www.ipleiria.pt\/estm\/wp-content\/uploads\/sites\/28\/2024\/10\/mAQ_2.oS-EN-e-ER_2023_2024_signed.pdf\" data-type=\"URL\" data-id=\"https:\/\/www.ipleiria.pt\/estm\/wp-content\/uploads\/sites\/28\/2024\/10\/mAQ_2.oS-EN-e-ER_2023_2024_signed.pdf\" target=\"_blank\"><br><\/a><a href=\"https:\/\/www.ipleiria.pt\/estm\/wp-content\/uploads\/sites\/28\/2026\/04\/mAQ_2S_Exames_2025_2026_signed.pdf\" target=\"_blank\" rel=\"noreferrer noopener\">mAQ_2.\u00baS Exames \u00c9poca Normal; Recurso e Especial<\/a><\/td><\/tr><tr><td class=\"has-text-align-left\" data-align=\"left\">Economia Azul e Circular&nbsp;<\/td><td class=\"has-text-align-left\" data-align=\"left\"><a href=\"https:\/\/www.ipleiria.pt\/estm\/wp-content\/uploads\/sites\/28\/2026\/04\/mEAC_2S_Exames_2025_2026_signed.pdf\" target=\"_blank\" rel=\"noreferrer noopener\">mEAC_2.\u00baS Exames \u00c9poca Normal; Recurso e Especial<\/a><\/td><\/tr><tr><td class=\"has-text-align-left\" data-align=\"left\">Gest\u00e3o e Dire\u00e7\u00e3o Hoteleira<\/td><td class=\"has-text-align-left\" data-align=\"left\"><a href=\"https:\/\/www.ipleiria.pt\/estm\/wp-content\/uploads\/sites\/28\/2026\/04\/mGDH_2S_Exames_2025_2026_signed.pdf\" target=\"_blank\" rel=\"noreferrer noopener\">mGDH_2.\u00baS Exames \u00c9poca Normal; Recurso e Especial<\/a><\/td><\/tr><tr><td class=\"has-text-align-left\" data-align=\"left\">Gest\u00e3o da Qualidade e Seguran\u00e7a Alimentar<\/td><td class=\"has-text-align-left\" data-align=\"left\"><a href=\"https:\/\/www.ipleiria.pt\/estm\/wp-content\/uploads\/sites\/28\/2026\/04\/mGQSA_2S_Exames_2025_2026_signed.pdf\" target=\"_blank\" rel=\"noreferrer noopener\">mGQSA_2.\u00baS Exames \u00c9poca Normal; Recurso e Especial<\/a><\/td><\/tr><tr><td class=\"has-text-align-left\" data-align=\"left\">Marketing e Promo\u00e7\u00e3o Tur\u00edstica<\/td><td class=\"has-text-align-left\" data-align=\"left\"><a href=\"https:\/\/www.ipleiria.pt\/estm\/wp-content\/uploads\/sites\/28\/2026\/04\/mMPT_2S_Exames_2025_2026_signed.pdf\" target=\"_blank\" rel=\"noreferrer noopener\">mMPT_2.\u00baS Exames \u00c9poca Normal; Recurso e Especial<\/a><\/td><\/tr><tr><td class=\"has-text-align-left\" data-align=\"left\">Sustainable Tourism Management<\/td><td class=\"has-text-align-left\" data-align=\"left\"><a href=\"https:\/\/www.ipleiria.pt\/estm\/wp-content\/uploads\/sites\/28\/2026\/04\/mSTM_2S_Exames_2025_2026_signed.pdf\" target=\"_blank\" rel=\"noreferrer noopener\">mSTM_2.\u00baS Exames \u00c9poca Normal; Recurso e Especial<\/a><\/td><\/tr><\/tbody><\/table><\/figure>\n\n\n\n<hr class=\"wp-block-separator has-alpha-channel-opacity is-style-wide\"\/>\n\n\n\n<p class=\"is-style-theme-subtitle\">Calend\u00e1rio de Exames<\/p>\n\n\n\n<h2 class=\"is-style-theme-title\" id=\"tesp\">TeSP<\/h2>\n\n\n\n<figure class=\"wp-block-table no-icon is-style-stripes\"><table class=\"has-fixed-layout\"><thead><tr><th class=\"has-text-align-left\" data-align=\"left\">Curso<\/th><th class=\"has-text-align-left\" data-align=\"left\">Avalia\u00e7\u00e3o<\/th><\/tr><\/thead><tbody><tr><td class=\"has-text-align-left\" data-align=\"left\">An\u00e1lises Laboratoriais<\/td><td class=\"has-text-align-left\" data-align=\"left\"><a href=\"https:\/\/www.ipleiria.pt\/estm\/wp-content\/uploads\/sites\/28\/2026\/04\/TeSP-ALAB_2S_Exames_2025_2026_signed-1.pdf\" target=\"_blank\" rel=\"noreferrer noopener\">ALAB_2.\u00baS Exames \u00c9poca Normal; Recurso e Especial<\/a><\/td><\/tr><tr><td class=\"has-text-align-left\" data-align=\"left\">Anima\u00e7\u00e3o em Turismo de Natureza e Aventura<\/td><td class=\"has-text-align-left\" data-align=\"left\"><a href=\"https:\/\/www.ipleiria.pt\/estm\/wp-content\/uploads\/sites\/28\/2026\/04\/TeSP-ATNA_2S_Exames_2025_2026_signed.pdf\" target=\"_blank\" rel=\"noreferrer noopener\">ATNA_2.\u00baS Exames \u00c9poca Normal; Recurso e Especial<\/a><\/td><\/tr><tr><td class=\"has-text-align-left\" data-align=\"left\">Cozinha e Produ\u00e7\u00e3o Alimentar<\/td><td class=\"has-text-align-left\" data-align=\"left\"><a href=\"https:\/\/www.ipleiria.pt\/estm\/wp-content\/uploads\/sites\/28\/2026\/04\/TeSP-CPA_2S_Exames_2025_2026_signed.pdf\" target=\"_blank\" rel=\"noreferrer noopener\">CPA_2.\u00baS Exames \u00c9poca Normal; Recurso e Especial<\/a><\/td><\/tr><tr><td class=\"has-text-align-left\" data-align=\"left\">Gest\u00e3o Hoteleira e Alojamento<\/td><td class=\"has-text-align-left\" data-align=\"left\"><a href=\"https:\/\/www.ipleiria.pt\/estm\/wp-content\/uploads\/sites\/28\/2026\/04\/TeSP-GHA_2S_Exames_2025_2026_signed-1.pdf\" target=\"_blank\" rel=\"noreferrer noopener\">GHA_2.\u00baS Exames \u00c9poca Normal; Recurso e Especial<\/a><\/td><\/tr><tr><td class=\"has-text-align-left\" data-align=\"left\">Marketing Digital no Turismo<\/td><td class=\"has-text-align-left\" data-align=\"left\"><a href=\"https:\/\/www.ipleiria.pt\/estm\/wp-content\/uploads\/sites\/28\/2026\/04\/TeSP-MDT_2S_Exames_2025_2026_signed-1.pdf\" target=\"_blank\" rel=\"noreferrer noopener\">MDT_2.\u00baS Exames \u00c9poca Normal; Recurso e Especial<\/a><\/td><\/tr><tr><td class=\"has-text-align-left\" data-align=\"left\">Organiza\u00e7\u00e3o e Comunica\u00e7\u00e3o de Eventos&nbsp;&nbsp;<\/td><td class=\"has-text-align-left\" data-align=\"left\"><a href=\"https:\/\/www.ipleiria.pt\/estm\/wp-content\/uploads\/sites\/28\/2026\/04\/TeSP-OCE_2S_Exames_2025_2026_signed-1.pdf\" target=\"_blank\" rel=\"noreferrer noopener\">OCE_2.\u00baS Exames \u00c9poca Normal; Recurso e Especial<\/a><\/td><\/tr><\/tbody><\/table><\/figure>\n","protected":false},"excerpt":{"rendered":"2025\/2026 Calend\u00e1rio Acad\u00e9mico Calend\u00e1rio Letivo 2025\/2026Calend\u00e1rio Letivo 2025\/2026 \u2013 Adenda Consultar em: InforEstudante As avalia\u00e7\u00f5es\/exames devem ser consultadas na p\u00e1gina do InforEstudante. Calend\u00e1rio de Exames Licenciaturas CursoRegime DiurnoAnima\u00e7\u00e3o Tur\u00edsticaAT_2.\u00baS Exames \u00c9poca Normal; Recurso e EspecialBiotecnologiaBioT_2.\u00baS Exames \u00c9poca Normal; Recurso e EspecialBiologia Marinha&nbsp;BM_2.\u00baS Exames \u00c9poca Normal; Recurso e EspecialEngenharia AlimentarEA_2.\u00baS Exames \u00c9poca Normal; Recurso e EspecialGest\u00e3o [&hellip;]","protected":false},"author":4,"featured_media":788,"parent":612,"menu_order":10,"comment_status":"closed","ping_status":"closed","template":"","meta":{"multilingual_post_translation":"","page_post-custom-url":"","page_post-custom-url-target":""},"_links":{"self":[{"href":"https:\/\/www.ipleiria.pt\/estm\/wp-json\/wp\/v2\/pages\/614"}],"collection":[{"href":"https:\/\/www.ipleiria.pt\/estm\/wp-json\/wp\/v2\/pages"}],"about":[{"href":"https:\/\/www.ipleiria.pt\/estm\/wp-json\/wp\/v2\/types\/page"}],"author":[{"embeddable":true,"href":"https:\/\/www.ipleiria.pt\/estm\/wp-json\/wp\/v2\/users\/4"}],"replies":[{"embeddable":true,"href":"https:\/\/www.ipleiria.pt\/estm\/wp-json\/wp\/v2\/comments?post=614"}],"version-history":[{"count":50,"href":"https:\/\/www.ipleiria.pt\/estm\/wp-json\/wp\/v2\/pages\/614\/revisions"}],"predecessor-version":[{"id":12948,"href":"https:\/\/www.ipleiria.pt\/estm\/wp-json\/wp\/v2\/pages\/614\/revisions\/12948"}],"up":[{"embeddable":true,"href":"https:\/\/www.ipleiria.pt\/estm\/wp-json\/wp\/v2\/pages\/612"}],"wp:featuredmedia":[{"embeddable":true,"href":"https:\/\/www.ipleiria.pt\/estm\/wp-json\/wp\/v2\/media\/788"}],"wp:attachment":[{"href":"https:\/\/www.ipleiria.pt\/estm\/wp-json\/wp\/v2\/media?parent=614"}],"curies":[{"name":"wp","href":"https:\/\/api.w.org\/{rel}","templated":true}]}}