{"id":620,"date":"2024-10-02T15:06:41","date_gmt":"2024-10-02T14:06:41","guid":{"rendered":"https:\/\/www.ipleiria.pt\/estm\/?page_id=620"},"modified":"2025-11-14T15:34:44","modified_gmt":"2025-11-14T15:34:44","slug":"servicos-gestao-academica","status":"publish","type":"page","link":"https:\/\/www.ipleiria.pt\/estm\/estudante\/gestao-academica\/servicos-gestao-academica\/","title":{"rendered":"Servi\u00e7os de Gest\u00e3o Acad\u00e9mica"},"content":{"rendered":"\n<div class=\"wp-block-pt-ipleiria-ued-wp-theme-ipleiria-gutenbergblocks-moc gbmoc\" role=\"navigation\" aria-label=\"Menu de conte\u00fados\"><div class=\"gbmoc-menu-wrapper\"><div id=\"gbmoc-9ae832-35-menu-container\" class=\"gbmoc-menu-container\"><div class=\"gbmoc-title\" id=\"gbmoc-9ae832-35-title\">Ir para:<\/div><ul aria-describedby=\"gbmoc-9ae832-35-title\" class=\"gbmoc-menuitems\"><li><a href=\"#plataformas\">Gest\u00e3o Acad\u00e9mica<\/a><\/li><li><a href=\"#horario\">Hor\u00e1rio<\/a><\/li><li><a href=\"#atendimento\">On-line<\/a><\/li><li><a href=\"#estm\">Contactos<\/a><\/li><li class=\"gbmoc-scroll-to-top-wrapper\"><a class=\"gbmoc-scroll-to-top\" href=\"#top\">Topo<\/a><\/li><\/ul><\/div><\/div><\/div>\n\n\n\n<p class=\"is-style-theme-subtitle-inherit-color\">Servi\u00e7os<\/p>\n\n\n\n<h1 class=\"is-style-theme-title\" id=\"plataformas\">Gest\u00e3o Acad\u00e9mica<\/h1>\n\n\n\n<div class=\"wp-container-3 wp-block-columns\">\n<div class=\"wp-container-1 wp-block-column\">\n<p>Os Servi\u00e7os de Gest\u00e3o Acad\u00e9mica da Escola Superior de Turismo e Tecnologia do Mar, de Peniche, encontram-se dotados dos mais atuais meios inform\u00e1ticos por forma a proporcionarem aos utentes um servi\u00e7o de qualidade de acordo com as mais recentes medidas de moderniza\u00e7\u00e3o administrativa.<\/p>\n\n\n\n<p>Consultar o Calend\u00e1rio Acad\u00e9mico <a href=\"https:\/\/www.ipleiria.pt\/estm\/estudante\/gestao-academica\/calendarios\/\" data-type=\"page\" data-id=\"614\">aqui<\/a>.<\/p>\n\n\n\n<h3><strong>Contactos<\/strong><\/h3>\n\n\n\n<p><a href=\"mailto:academicos@ipleiria.pt\">academicos@ipleiria.pt<\/a>&nbsp; . Telefone: (+351) 244&nbsp;820&nbsp;312<\/p>\n<\/div>\n\n\n\n<div class=\"wp-container-2 wp-block-column\">\n<figure class=\"wp-block-image size-large\"><img loading=\"lazy\" width=\"1024\" height=\"683\" src=\"https:\/\/www.ipleiria.pt\/estm\/wp-content\/uploads\/sites\/28\/2024\/10\/MG_4022-1536x1024-1-1024x683.jpg\" alt=\"\" class=\"wp-image-1171\" srcset=\"https:\/\/www.ipleiria.pt\/estm\/wp-content\/uploads\/sites\/28\/2024\/10\/MG_4022-1536x1024-1-1024x683.jpg 1024w, https:\/\/www.ipleiria.pt\/estm\/wp-content\/uploads\/sites\/28\/2024\/10\/MG_4022-1536x1024-1-300x200.jpg 300w, https:\/\/www.ipleiria.pt\/estm\/wp-content\/uploads\/sites\/28\/2024\/10\/MG_4022-1536x1024-1-768x512.jpg 768w, https:\/\/www.ipleiria.pt\/estm\/wp-content\/uploads\/sites\/28\/2024\/10\/MG_4022-1536x1024-1.jpg 1536w\" sizes=\"(max-width: 1024px) 100vw, 1024px\" \/><\/figure>\n<\/div>\n<\/div>\n\n\n\n<div id=\"gbc-_0a23e7-7d\" class=\"wp-block-pt-ipleiria-ued-wp-theme-ipleiria-gutenbergblocks-container gbc gbc-view row-valign-top align-full\" style=\"background-color:#F3F3F3;margin-top:60px;margin-bottom:60px\"><div class=\"gbc-background-overlay gbc-background-overlay-normal\" style=\"opacity:0.3\"><\/div><div class=\"gbc-wrapper\"><div id=\"gbc-container-gbc-_0a23e7-7d\" class=\"inner-container\">\n<div class=\"wp-container-6 wp-block-columns\">\n<div class=\"wp-container-4 wp-block-column is-vertically-aligned-top\">\n<figure class=\"wp-block-image size-large img-cover\"><img src=\"https:\/\/www.ipleiria.pt\/wp-content\/uploads\/2021\/04\/MG_4130.jpg\" alt=\"\" class=\"wp-image-26153\"\/><\/figure>\n<\/div>\n\n\n\n<div class=\"wp-container-5 wp-block-column ml-0\">\n<div id=\"gbc-_2bd142-27\" class=\"wp-block-pt-ipleiria-ued-wp-theme-ipleiria-gutenbergblocks-container gbc gbc-view row-valign-top align-full pl-md-4 scrollable-content\" style=\"margin-left:0px;margin-right:0px\"><div class=\"gbc-background-overlay gbc-background-overlay-normal\" style=\"opacity:0.3\"><\/div><div class=\"gbc-wrapper\"><div id=\"gbc-container-gbc-_2bd142-27\" class=\"inner-container\" style=\"max-width:540px\">\n<div id=\"gbc-_af890c-a2\" class=\"wp-block-pt-ipleiria-ued-wp-theme-ipleiria-gutenbergblocks-container gbc gbc-view row-valign-top align-full pl-md-4\" style=\"margin-left:0px;margin-right:0px\"><div class=\"gbc-background-overlay gbc-background-overlay-normal\" style=\"opacity:0.3\"><\/div><div class=\"gbc-wrapper\" style=\"padding-left:15px;padding-right:15px;padding-top:42px;padding-bottom:15px\"><div id=\"gbc-container-gbc-_af890c-a2\" class=\"inner-container\">\n<p class=\"has-text-align-left is-style-theme-subtitle\">Atendimento presencial<\/p>\n\n\n\n<h2 class=\"is-style-theme-title\" id=\"horario\">Hor\u00e1rio<\/h2>\n\n\n\n<p>(a partir de 17\/11\/2025)<\/p>\n\n\n\n<figure class=\"wp-block-table is-style-regular\"><table><thead><tr><th>Per\u00edodo<\/th><th>Hor\u00e1rio<\/th><\/tr><\/thead><tbody><tr><td>PER\u00cdODO DA MANH\u00c3 &nbsp;<\/td><td>das 10H00 \u00e0s 12H30<\/td><\/tr><tr><td>PER\u00cdODO DA TARDE (2\u00aa, 3\u00aa, 5\u00aa e 6\u00aa) \u00a0<\/td><td>das 14H00 \u00e0s 16H00<\/td><\/tr><tr><td>PER\u00cdODO DA TARDE \u2013 4\u00aa feira<\/td><td>das 16h00 \u00e0s 18h00<\/td><\/tr><\/tbody><\/table><\/figure>\n\n\n\n<p><em><strong>Nos per\u00edodos de interrup\u00e7\u00e3o letiva e f\u00e9rias escolares o hor\u00e1rio de atendimento \u00e0 quarta-feira ser\u00e1 das 10h00 \u00e0s 12h30 e das 14h00 \u00e0s 16h00<\/strong><\/em>.<\/p>\n\n\n\n<p><\/p>\n<\/div><\/div><\/div>\n<\/div><\/div><\/div>\n<\/div>\n<\/div>\n<\/div><\/div><\/div>\n\n\n\n<p class=\"is-style-theme-subtitle-inherit-color\">Servi\u00e7os<\/p>\n\n\n\n<h1 class=\"is-style-theme-title\" id=\"atendimento\">On-line<\/h1>\n\n\n\n<div class=\"wp-container-11 wp-block-columns\">\n<div class=\"wp-container-7 wp-block-column\">\n<div class=\"wp-block-pt-ipleiria-ued-wp-theme-ipleiria-gutenbergblocks-infobox gbib gbib-view is-style-theme-infobox-caps\"><div class=\"gbib-wrapper gbib-image-wrapper\"><img class=\"gbib-image\" src=\"https:\/\/www.ipleiria.pt\/estm\/wp-content\/uploads\/sites\/28\/2024\/10\/circulos.png\" alt=\"\"\/><\/div><div class=\"gbib-wrapper gbib-title-wrapper\"><h2 class=\"gbib-title\">Espa\u00e7o do estudante<\/h2><\/div><div class=\"gbib-wrapper gbib-description-wrapper\"><div class=\"gbib-description\"><a rel=\"noreferrer noopener\" href=\"https:\/\/portaldoestudante.ipleiria.pt\/netpa\/page\" data-type=\"URL\" data-id=\"https:\/\/portaldoestudante.ipleiria.pt\/netpa\/page\" target=\"_blank\">Portal do Estudante<\/a><\/div><\/div><div class=\"gbib-wrapper gbib-read-more-wrapper\"><a class=\"gbib-read-more\"> Apenas para estudantes inscritos em 2024\/2025.<\/a><\/div><\/div>\n<\/div>\n\n\n\n<div class=\"wp-container-8 wp-block-column\">\n<div class=\"wp-block-pt-ipleiria-ued-wp-theme-ipleiria-gutenbergblocks-infobox gbib gbib-view is-style-theme-infobox-caps\"><div class=\"gbib-wrapper gbib-image-wrapper\"><img class=\"gbib-image\" src=\"https:\/\/www.ipleiria.pt\/estm\/wp-content\/uploads\/sites\/28\/2024\/10\/circulos.png\" alt=\"\"\/><\/div><div class=\"gbib-wrapper gbib-title-wrapper\"><h2 class=\"gbib-title\">candidaturas on-line <\/h2><\/div><div class=\"gbib-wrapper gbib-description-wrapper\"><div class=\"gbib-description\"><a rel=\"noreferrer noopener\" href=\"http:\/\/estudantes.ipleiria.pt\/Pages\/default.aspx\" target=\"_blank\"><\/a><a href=\"https:\/\/inforestudante.ipleiria.pt\/\" data-type=\"URL\" data-id=\"https:\/\/inforestudante.ipleiria.pt\/\" target=\"_blank\" rel=\"noreferrer noopener\">Candidaturas<\/a><\/div><\/div><\/div>\n<\/div>\n\n\n\n<div class=\"wp-container-9 wp-block-column\">\n<div class=\"wp-block-pt-ipleiria-ued-wp-theme-ipleiria-gutenbergblocks-infobox gbib gbib-view is-style-theme-infobox-caps\"><div class=\"gbib-wrapper gbib-image-wrapper\"><img class=\"gbib-image\" src=\"https:\/\/www.ipleiria.pt\/estm\/wp-content\/uploads\/sites\/28\/2024\/10\/circulos.png\" alt=\"\"\/><\/div><div class=\"gbib-wrapper gbib-title-wrapper\"><h2 class=\"gbib-title\">matr\u00edcula 1\u00aa vez<\/h2><\/div><div class=\"gbib-wrapper gbib-description-wrapper\"><div class=\"gbib-description\"><a href=\"https:\/\/inforestudante.ipleiria.pt\/\" data-type=\"URL\" data-id=\"https:\/\/inforestudante.ipleiria.pt\/\" target=\"_blank\" rel=\"noreferrer noopener\">Matr\u00edculas<\/a><\/div><\/div><\/div>\n<\/div>\n\n\n\n<div class=\"wp-container-10 wp-block-column\">\n<div class=\"wp-block-pt-ipleiria-ued-wp-theme-ipleiria-gutenbergblocks-infobox gbib gbib-view is-style-theme-infobox-caps\"><div class=\"gbib-wrapper gbib-image-wrapper\"><img class=\"gbib-image\" src=\"https:\/\/www.ipleiria.pt\/estm\/wp-content\/uploads\/sites\/28\/2024\/10\/circulos.png\" alt=\"\"\/><\/div><div class=\"gbib-wrapper gbib-title-wrapper\"><h2 class=\"gbib-title\">renova\u00e7\u00e3o inscri\u00e7\u00e3o<\/h2><\/div><div class=\"gbib-wrapper gbib-description-wrapper\"><div class=\"gbib-description\"><a href=\"https:\/\/inforestudante.ipleiria.pt\" data-type=\"URL\" data-id=\"https:\/\/inforestudante.ipleiria.pt\" target=\"_blank\" rel=\"noreferrer noopener\">Renova\u00e7\u00e3o da Inscri\u00e7\u00e3o<\/a><\/div><\/div><\/div>\n<\/div>\n<\/div>\n\n\n\n<div class=\"wp-container-15 wp-block-columns\">\n<div class=\"wp-container-12 wp-block-column\">\n<div class=\"wp-block-pt-ipleiria-ued-wp-theme-ipleiria-gutenbergblocks-infobox gbib gbib-view is-style-theme-infobox-caps\"><div class=\"gbib-wrapper gbib-image-wrapper\"><img class=\"gbib-image\" src=\"https:\/\/www.ipleiria.pt\/estm\/wp-content\/uploads\/sites\/28\/2024\/10\/circulos.png\" alt=\"\"\/><\/div><div class=\"gbib-wrapper gbib-title-wrapper\"><h2 class=\"gbib-title\">Propina refer\u00eancia<\/h2><\/div><div class=\"gbib-wrapper gbib-description-wrapper\"><div class=\"gbib-description\"><a href=\"https:\/\/inforestudante.ipleiria.pt\" data-type=\"URL\" data-id=\"https:\/\/inforestudante.ipleiria.pt\" target=\"_blank\" rel=\"noreferrer noopener\">Pagamento de Propinas<\/a><\/div><\/div><\/div>\n<\/div>\n\n\n\n<div class=\"wp-container-13 wp-block-column\">\n<div class=\"wp-block-pt-ipleiria-ued-wp-theme-ipleiria-gutenbergblocks-infobox gbib gbib-view is-style-theme-infobox-caps\"><div class=\"gbib-wrapper gbib-image-wrapper\"><img class=\"gbib-image\" src=\"https:\/\/www.ipleiria.pt\/estm\/wp-content\/uploads\/sites\/28\/2024\/10\/circulos.png\" alt=\"\"\/><\/div><div class=\"gbib-wrapper gbib-title-wrapper\"><h2 class=\"gbib-title\">IRS<\/h2><\/div><div class=\"gbib-wrapper gbib-description-wrapper\"><div class=\"gbib-description\"><a rel=\"noreferrer noopener\" href=\"https:\/\/www.declaracaoirs.ipleiria.pt\/\" target=\"_blank\">Declara\u00e7\u00f5es IRS<\/a><\/div><\/div><\/div>\n<\/div>\n\n\n\n<div class=\"wp-container-14 wp-block-column\"><\/div>\n<\/div>\n\n\n\n<div class=\"wp-container-17 wp-block-columns\">\n<div class=\"wp-container-16 wp-block-column\">\n<hr class=\"wp-block-separator has-alpha-channel-opacity is-style-wide\"\/>\n<\/div>\n<\/div>\n\n\n\n<div class=\"wp-container-20 wp-block-columns\">\n<div class=\"wp-container-18 wp-block-column\">\n<p>Inforestudante &#8211; <a href=\"https:\/\/eur02.safelinks.protection.outlook.com\/?url=https%3A%2F%2Finforestudante.ipleiria.pt%2F&amp;data=05%7C02%7Cgire.estm%40ipleiria.pt%7C63bec4110ab3470dcf6308ddba168c74%7C536b85ada4484186a9afe3ccad3302c5%7C0%7C0%7C638871328198441885%7CUnknown%7CTWFpbGZsb3d8eyJFbXB0eU1hcGkiOnRydWUsIlYiOiIwLjAuMDAwMCIsIlAiOiJXaW4zMiIsIkFOIjoiTWFpbCIsIldUIjoyfQ%3D%3D%7C0%7C%7C%7C&amp;sdata=naXid0zFwy4MNRm%2B5ijYYN89y9yLJiKA3I9Fxiv5%2Bk8%3D&amp;reserved=0\">https:\/\/inforestudante.ipleiria.pt<\/a><\/p>\n<\/div>\n\n\n\n<div class=\"wp-container-19 wp-block-column\"><\/div>\n<\/div>\n\n\n\n<hr class=\"wp-block-separator has-css-opacity is-style-wide\"\/>\n\n\n\n<div class=\"wp-container-23 wp-block-columns\">\n<div class=\"wp-container-21 wp-block-column\">\n<p class=\"is-style-theme-subtitle-inherit-color\">CAMPUS 4 . Peniche<\/p>\n\n\n\n<h2 class=\"is-style-theme-title\" id=\"estm\">Contactos<\/h2>\n\n\n\n<p>Escola Superior de Turismo e Tecnologia do Mar \u2013 Campus 4<br>Rua do Conhecimento, n.\u00ba 4<br>2520-614 Peniche<br>Tel: (+351) 244 820 312<br>Email:&nbsp;<a rel=\"noreferrer noopener\" href=\"mailto:academicos@ipleiria.pt\" target=\"_blank\">academicos@ipleiria.pt<\/a>&nbsp;<\/p>\n<\/div>\n\n\n\n<div class=\"wp-container-22 wp-block-column\">\n<div style=\"height:28px\" aria-hidden=\"true\" class=\"wp-block-spacer\"><\/div>\n\n\n\n<p><\/p>\n<\/div>\n<\/div>\n","protected":false},"excerpt":{"rendered":"Servi\u00e7os Gest\u00e3o Acad\u00e9mica Os Servi\u00e7os de Gest\u00e3o Acad\u00e9mica da Escola Superior de Turismo e Tecnologia do Mar, de Peniche, encontram-se dotados dos mais atuais meios inform\u00e1ticos por forma a proporcionarem aos utentes um servi\u00e7o de qualidade de acordo com as mais recentes medidas de moderniza\u00e7\u00e3o administrativa. Consultar o Calend\u00e1rio Acad\u00e9mico aqui. Contactos academicos@ipleiria.pt&nbsp; . Telefone: [&hellip;]","protected":false},"author":4,"featured_media":790,"parent":612,"menu_order":40,"comment_status":"closed","ping_status":"closed","template":"","meta":{"multilingual_post_translation":"","page_post-custom-url":"","page_post-custom-url-target":""},"_links":{"self":[{"href":"https:\/\/www.ipleiria.pt\/estm\/wp-json\/wp\/v2\/pages\/620"}],"collection":[{"href":"https:\/\/www.ipleiria.pt\/estm\/wp-json\/wp\/v2\/pages"}],"about":[{"href":"https:\/\/www.ipleiria.pt\/estm\/wp-json\/wp\/v2\/types\/page"}],"author":[{"embeddable":true,"href":"https:\/\/www.ipleiria.pt\/estm\/wp-json\/wp\/v2\/users\/4"}],"replies":[{"embeddable":true,"href":"https:\/\/www.ipleiria.pt\/estm\/wp-json\/wp\/v2\/comments?post=620"}],"version-history":[{"count":37,"href":"https:\/\/www.ipleiria.pt\/estm\/wp-json\/wp\/v2\/pages\/620\/revisions"}],"predecessor-version":[{"id":11351,"href":"https:\/\/www.ipleiria.pt\/estm\/wp-json\/wp\/v2\/pages\/620\/revisions\/11351"}],"up":[{"embeddable":true,"href":"https:\/\/www.ipleiria.pt\/estm\/wp-json\/wp\/v2\/pages\/612"}],"wp:featuredmedia":[{"embeddable":true,"href":"https:\/\/www.ipleiria.pt\/estm\/wp-json\/wp\/v2\/media\/790"}],"wp:attachment":[{"href":"https:\/\/www.ipleiria.pt\/estm\/wp-json\/wp\/v2\/media?parent=620"}],"curies":[{"name":"wp","href":"https:\/\/api.w.org\/{rel}","templated":true}]}}