{"id":628,"date":"2024-10-02T15:09:07","date_gmt":"2024-10-02T14:09:07","guid":{"rendered":"https:\/\/www.ipleiria.pt\/estm\/?page_id=628"},"modified":"2024-10-17T14:40:08","modified_gmt":"2024-10-17T13:40:08","slug":"relatorios","status":"publish","type":"page","link":"https:\/\/www.ipleiria.pt\/estm\/investigacao\/publicacoes\/relatorios\/","title":{"rendered":"Relat\u00f3rios"},"content":{"rendered":"\n<div class=\"wp-container-3 wp-block-columns\">\n<div class=\"wp-container-1 wp-block-column\">\n<p class=\"is-style-theme-subtitle\">ESTM<\/p>\n\n\n\n<h2 class=\"is-style-theme-title\">Relat\u00f3rios<\/h2>\n\n\n\n<p>Em breve, disponibilizaremos relat\u00f3rios relevantes que refletem o trabalho desenvolvido na ESTM. Aqui poder\u00e1 encontrar documentos oficiais que detalham o progresso de projetos, atividades e iniciativas da institui\u00e7\u00e3o.<\/p>\n<\/div>\n\n\n\n<div class=\"wp-container-2 wp-block-column\">\n<figure class=\"wp-block-image size-full\"><img loading=\"lazy\" width=\"1024\" height=\"683\" src=\"https:\/\/www.ipleiria.pt\/estm\/wp-content\/uploads\/sites\/28\/2024\/10\/webpc-passthru-1.webp\" alt=\"\" class=\"wp-image-2311\" srcset=\"https:\/\/www.ipleiria.pt\/estm\/wp-content\/uploads\/sites\/28\/2024\/10\/webpc-passthru-1.webp 1024w, https:\/\/www.ipleiria.pt\/estm\/wp-content\/uploads\/sites\/28\/2024\/10\/webpc-passthru-1-300x200.webp 300w, https:\/\/www.ipleiria.pt\/estm\/wp-content\/uploads\/sites\/28\/2024\/10\/webpc-passthru-1-768x512.webp 768w\" sizes=\"(max-width: 1024px) 100vw, 1024px\" \/><\/figure>\n<\/div>\n<\/div>\n","protected":false},"excerpt":{"rendered":"ESTM Relat\u00f3rios Em breve, disponibilizaremos relat\u00f3rios relevantes que refletem o trabalho desenvolvido na ESTM. Aqui poder\u00e1 encontrar documentos oficiais que detalham o progresso de projetos, atividades e iniciativas da institui\u00e7\u00e3o.","protected":false},"author":4,"featured_media":0,"parent":608,"menu_order":30,"comment_status":"closed","ping_status":"closed","template":"","meta":{"multilingual_post_translation":"","page_post-custom-url":"","page_post-custom-url-target":""},"_links":{"self":[{"href":"https:\/\/www.ipleiria.pt\/estm\/wp-json\/wp\/v2\/pages\/628"}],"collection":[{"href":"https:\/\/www.ipleiria.pt\/estm\/wp-json\/wp\/v2\/pages"}],"about":[{"href":"https:\/\/www.ipleiria.pt\/estm\/wp-json\/wp\/v2\/types\/page"}],"author":[{"embeddable":true,"href":"https:\/\/www.ipleiria.pt\/estm\/wp-json\/wp\/v2\/users\/4"}],"replies":[{"embeddable":true,"href":"https:\/\/www.ipleiria.pt\/estm\/wp-json\/wp\/v2\/comments?post=628"}],"version-history":[{"count":3,"href":"https:\/\/www.ipleiria.pt\/estm\/wp-json\/wp\/v2\/pages\/628\/revisions"}],"predecessor-version":[{"id":4074,"href":"https:\/\/www.ipleiria.pt\/estm\/wp-json\/wp\/v2\/pages\/628\/revisions\/4074"}],"up":[{"embeddable":true,"href":"https:\/\/www.ipleiria.pt\/estm\/wp-json\/wp\/v2\/pages\/608"}],"wp:attachment":[{"href":"https:\/\/www.ipleiria.pt\/estm\/wp-json\/wp\/v2\/media?parent=628"}],"curies":[{"name":"wp","href":"https:\/\/api.w.org\/{rel}","templated":true}]}}