{"id":630,"date":"2024-10-02T15:09:26","date_gmt":"2024-10-02T14:09:26","guid":{"rendered":"https:\/\/www.ipleiria.pt\/estm\/?page_id=630"},"modified":"2024-10-17T14:40:59","modified_gmt":"2024-10-17T13:40:59","slug":"artigos-de-opiniao","status":"publish","type":"page","link":"https:\/\/www.ipleiria.pt\/estm\/investigacao\/publicacoes\/artigos-de-opiniao\/","title":{"rendered":"Artigos de opini\u00e3o"},"content":{"rendered":"\n<div class=\"wp-container-3 wp-block-columns\">\n<div class=\"wp-container-1 wp-block-column\">\n<p class=\"is-style-theme-subtitle\">ESTM<\/p>\n\n\n\n<h2 class=\"is-style-theme-title\">Artigos de opini\u00e3o<\/h2>\n\n\n\n<p>Em breve, estar\u00e3o dispon\u00edveis artigos de opini\u00e3o elaborados por especialistas da ESTM. Estes textos trar\u00e3o perspetivas e reflex\u00f5es sobre temas atuais, proporcionando um espa\u00e7o de debate e troca de ideias.<\/p>\n<\/div>\n\n\n\n<div class=\"wp-container-2 wp-block-column\">\n<figure class=\"wp-block-image size-full\"><img loading=\"lazy\" width=\"1024\" height=\"683\" src=\"https:\/\/www.ipleiria.pt\/estm\/wp-content\/uploads\/sites\/28\/2024\/10\/webpc-passthru-1.webp\" alt=\"\" class=\"wp-image-2311\" srcset=\"https:\/\/www.ipleiria.pt\/estm\/wp-content\/uploads\/sites\/28\/2024\/10\/webpc-passthru-1.webp 1024w, https:\/\/www.ipleiria.pt\/estm\/wp-content\/uploads\/sites\/28\/2024\/10\/webpc-passthru-1-300x200.webp 300w, https:\/\/www.ipleiria.pt\/estm\/wp-content\/uploads\/sites\/28\/2024\/10\/webpc-passthru-1-768x512.webp 768w\" sizes=\"(max-width: 1024px) 100vw, 1024px\" \/><\/figure>\n<\/div>\n<\/div>\n","protected":false},"excerpt":{"rendered":"ESTM Artigos de opini\u00e3o Em breve, estar\u00e3o dispon\u00edveis artigos de opini\u00e3o elaborados por especialistas da ESTM. Estes textos trar\u00e3o perspetivas e reflex\u00f5es sobre temas atuais, proporcionando um espa\u00e7o de debate e troca de ideias.","protected":false},"author":4,"featured_media":0,"parent":608,"menu_order":40,"comment_status":"closed","ping_status":"closed","template":"","meta":{"multilingual_post_translation":"","page_post-custom-url":"","page_post-custom-url-target":""},"_links":{"self":[{"href":"https:\/\/www.ipleiria.pt\/estm\/wp-json\/wp\/v2\/pages\/630"}],"collection":[{"href":"https:\/\/www.ipleiria.pt\/estm\/wp-json\/wp\/v2\/pages"}],"about":[{"href":"https:\/\/www.ipleiria.pt\/estm\/wp-json\/wp\/v2\/types\/page"}],"author":[{"embeddable":true,"href":"https:\/\/www.ipleiria.pt\/estm\/wp-json\/wp\/v2\/users\/4"}],"replies":[{"embeddable":true,"href":"https:\/\/www.ipleiria.pt\/estm\/wp-json\/wp\/v2\/comments?post=630"}],"version-history":[{"count":3,"href":"https:\/\/www.ipleiria.pt\/estm\/wp-json\/wp\/v2\/pages\/630\/revisions"}],"predecessor-version":[{"id":4076,"href":"https:\/\/www.ipleiria.pt\/estm\/wp-json\/wp\/v2\/pages\/630\/revisions\/4076"}],"up":[{"embeddable":true,"href":"https:\/\/www.ipleiria.pt\/estm\/wp-json\/wp\/v2\/pages\/608"}],"wp:attachment":[{"href":"https:\/\/www.ipleiria.pt\/estm\/wp-json\/wp\/v2\/media?parent=630"}],"curies":[{"name":"wp","href":"https:\/\/api.w.org\/{rel}","templated":true}]}}