{"id":634,"date":"2024-10-02T15:10:18","date_gmt":"2024-10-02T14:10:18","guid":{"rendered":"https:\/\/www.ipleiria.pt\/estm\/?page_id=634"},"modified":"2025-01-08T11:14:56","modified_gmt":"2025-01-08T11:14:56","slug":"projetos-idi","status":"publish","type":"page","link":"https:\/\/www.ipleiria.pt\/estm\/investigacao\/investigacao-e-desenvolvimento\/projetos-idi\/","title":{"rendered":"Projetos I&#038;D+i"},"content":{"rendered":"\n<div class=\"wp-container-3 wp-block-columns\">\n<div class=\"wp-container-1 wp-block-column\">\n<p class=\"is-style-theme-subtitle\">Projetos I&amp;D+i<\/p>\n\n\n\n<h2 class=\"is-style-theme-title\">Unidades, polos e delega\u00e7\u00f5es de investiga\u00e7\u00e3o<\/h2>\n<\/div>\n\n\n\n<div class=\"wp-container-2 wp-block-column\"><\/div>\n<\/div>\n\n\n\n<div class=\"wp-container-6 wp-block-columns\">\n<div class=\"wp-container-4 wp-block-column\">\n<p>O Polit\u00e9cnico de Leiria&nbsp;tem-se afirmado nos \u00faltimos anos como uma institui\u00e7\u00e3o focada na Investiga\u00e7\u00e3o, Desenvolvimento e Inova\u00e7\u00e3o (I&amp;D+i),&nbsp;tendo por marca identit\u00e1ria um<a rel=\"noreferrer noopener\" href=\"https:\/\/www.ipleiria.pt\/investigar\/estrutura-ecossistema-idi\/ecossistema-id\/\" data-type=\"URL\" data-id=\"https:\/\/www.ipleiria.pt\/investigar\/estrutura-ecossistema-idi\/ecossistema-id\/\" target=\"_blank\">&nbsp;<strong>Ecossistema<\/strong><\/a>de I&amp;D+i orientado primordialmente para o tecido econ\u00f3mico e social da regi\u00e3o onde est\u00e1 inserido, n\u00e3o perdendo, contudo, o foco global que se pretende para a I&amp;D+i.<\/p>\n\n\n\n<p>Assim, \u00e9 nosso objetivo assegurar uma atividade de I&amp;D+i que seja \u00fatil para a Regi\u00e3o, mas tamb\u00e9m relevante para todo o Pa\u00eds, e com potencial de aplica\u00e7\u00e3o em contexto internacional, dentro das nossas diversas \u00e1reas de atua\u00e7\u00e3o.<\/p>\n\n\n\n<p>O Polit\u00e9cnico de Leiria desenvolve as suas atividades de I&amp;D+i atrav\u00e9s de&nbsp; 15&nbsp;<a href=\"https:\/\/www.ipleiria.pt\/investigar\/estrutura-ecossistema-idi\/unidades-e-polos-de-investigacao\/\" data-type=\"URL\" data-id=\"https:\/\/www.ipleiria.pt\/investigar\/estrutura-ecossistema-idi\/unidades-e-polos-de-investigacao\/\" target=\"_blank\" rel=\"noreferrer noopener\">unidades de investiga\u00e7\u00e3o<\/a>&nbsp;em 4 \u00e1reas cient\u00edficas, com&nbsp;enfoque principal na transfer\u00eancia do conhecimento para a economia, procurando respostas pr\u00e1ticas e aplicadas a uma diversidade de tem\u00e1ticas sociais, econ\u00f3micas, tecnol\u00f3gicas, ambientais, tur\u00edsticas e de sa\u00fade e bem estar.&nbsp;<\/p>\n<\/div>\n\n\n\n<div class=\"wp-container-5 wp-block-column\">\n<figure class=\"wp-block-image size-full\"><img loading=\"lazy\" width=\"1024\" height=\"817\" src=\"https:\/\/www.ipleiria.pt\/estm\/wp-content\/uploads\/sites\/28\/2024\/10\/ECOSSISTEMA_Ant_2-1024x817-1.png\" alt=\"\" class=\"wp-image-3037\" srcset=\"https:\/\/www.ipleiria.pt\/estm\/wp-content\/uploads\/sites\/28\/2024\/10\/ECOSSISTEMA_Ant_2-1024x817-1.png 1024w, https:\/\/www.ipleiria.pt\/estm\/wp-content\/uploads\/sites\/28\/2024\/10\/ECOSSISTEMA_Ant_2-1024x817-1-300x239.png 300w, https:\/\/www.ipleiria.pt\/estm\/wp-content\/uploads\/sites\/28\/2024\/10\/ECOSSISTEMA_Ant_2-1024x817-1-768x613.png 768w\" sizes=\"(max-width: 1024px) 100vw, 1024px\" \/><\/figure>\n<\/div>\n<\/div>\n\n\n\n<hr class=\"wp-block-separator has-alpha-channel-opacity is-style-wide\"\/>\n\n\n\n<p class=\"has-text-align-center is-style-theme-subtitle\"> I&amp;D+i<\/p>\n\n\n\n<h2 class=\"has-text-align-center is-style-theme-title\">Em Peniche<\/h2>\n\n\n\n<p class=\"has-text-align-center\">Est\u00e3o sediadas as seguintes unidades de investiga\u00e7\u00e3o:<\/p>\n\n\n\n<div style=\"height:20px\" aria-hidden=\"true\" class=\"wp-block-spacer\"><\/div>\n\n\n\n<figure class=\"wp-block-image alignfull size-large\"><img loading=\"lazy\" width=\"1024\" height=\"293\" src=\"https:\/\/www.ipleiria.pt\/estm\/wp-content\/uploads\/sites\/28\/2025\/01\/Banner-para-novo-website-12-1024x293.png\" alt=\"\" class=\"wp-image-8037\" srcset=\"https:\/\/www.ipleiria.pt\/estm\/wp-content\/uploads\/sites\/28\/2025\/01\/Banner-para-novo-website-12-1024x293.png 1024w, https:\/\/www.ipleiria.pt\/estm\/wp-content\/uploads\/sites\/28\/2025\/01\/Banner-para-novo-website-12-300x86.png 300w, https:\/\/www.ipleiria.pt\/estm\/wp-content\/uploads\/sites\/28\/2025\/01\/Banner-para-novo-website-12-768x220.png 768w, https:\/\/www.ipleiria.pt\/estm\/wp-content\/uploads\/sites\/28\/2025\/01\/Banner-para-novo-website-12-1536x440.png 1536w, https:\/\/www.ipleiria.pt\/estm\/wp-content\/uploads\/sites\/28\/2025\/01\/Banner-para-novo-website-12.png 1920w\" sizes=\"(max-width: 1024px) 100vw, 1024px\" \/><\/figure>\n\n\n\n<div style=\"height:21px\" aria-hidden=\"true\" class=\"wp-block-spacer\"><\/div>\n\n\n<div class=\"wp-block-image\">\n<figure class=\"aligncenter size-full is-resized\"><img loading=\"lazy\" src=\"https:\/\/www.ipleiria.pt\/estm\/wp-content\/uploads\/sites\/28\/2025\/01\/MARE.png\" alt=\"\" class=\"wp-image-8029\" width=\"235\" height=\"100\" srcset=\"https:\/\/www.ipleiria.pt\/estm\/wp-content\/uploads\/sites\/28\/2025\/01\/MARE.png 470w, https:\/\/www.ipleiria.pt\/estm\/wp-content\/uploads\/sites\/28\/2025\/01\/MARE-300x128.png 300w\" sizes=\"(max-width: 235px) 100vw, 235px\" \/><\/figure><\/div>\n\n\n<div class=\"wp-container-9 wp-block-columns\">\n<div class=\"wp-container-7 wp-block-column\">\n<p><\/p>\n\n\n\n<p>O <a href=\"https:\/\/mare.ipleiria.pt\/\" data-type=\"URL\" data-id=\"https:\/\/mare.ipleiria.pt\/\" target=\"_blank\" rel=\"noreferrer noopener\">MARE \u2013 Centro de Ci\u00eancias do Mar e do Ambiente <\/a>\u00e9 uma unidade de Investiga\u00e7\u00e3o e Desenvolvimento (I&amp;D) classificada como excelente na \u00e1rea das Ci\u00eancias do Mar pela Funda\u00e7\u00e3o Portuguesa para a Ci\u00eancia e a Tecnologia. O MARE-Polit\u00e9cnico de Leiria foca a sua investiga\u00e7\u00e3o nas \u00e1reas de Biotecnologia Marinha, Biologia Marinha e Aquacultura, e Produtos Alimentares Marinhos.<\/p>\n\n\n\n<p>Associada a uma forte componente de investiga\u00e7\u00e3o e desenvolvimento, a interse\u00e7\u00e3o destas \u00e1reas permite impulsionar a inova\u00e7\u00e3o e potenciar a transfer\u00eancia de conhecimento para as empresas, um tra\u00e7o profundamente enraizado no ADN do MARE-Polit\u00e9cnico de Leiria. <\/p>\n\n\n\n<p>Esta voca\u00e7\u00e3o, aliada \u00e0 miss\u00e3o de sensibilizar para a sustentabilidade e comunicar ci\u00eancia e conhecimento no dom\u00ednio dos ambientes e recursos marinhos, permite a cria\u00e7\u00e3o de pontes que ligam o mar \u00e0 sociedade.<\/p>\n<\/div>\n\n\n\n<div class=\"wp-container-8 wp-block-column\">\n<p><\/p>\n\n\n\n<p><a rel=\"noreferrer noopener\" href=\"https:\/\/mare.ipleiria.pt\/\" data-type=\"URL\" data-id=\"https:\/\/mare.ipleiria.pt\/\" target=\"_blank\">MARE \u2013 Marine and Environmental Sciences Centre<\/a> is a R&amp;D unit classified as excellent in the field of Marine Sciences by the Portuguese National Science Foundation. MARE-Polytechnic of Leiria focuses its research in the areas of Marine Biotechnology, Marine Biology and Aquaculture, and Seafood. <\/p>\n\n\n\n<p>Linked to the strong research and development component, the interception of these areas allows leveraging innovation and potentiating knowledge transfer to companies, a trait deeply entangled in MARE-Polytechnic of Leiria\u2019s DNA. <\/p>\n\n\n\n<p>This vocation associated with the mission to raise awareness towards sustainability and communicate science and knowledge in the domain of marine environments and resources allows the creation of bridges from the sea to society.<\/p>\n<\/div>\n<\/div>\n\n\n\n<div style=\"height:30px\" aria-hidden=\"true\" class=\"wp-block-spacer\"><\/div>\n\n\n\n<figure class=\"wp-block-image alignfull size-large\"><img loading=\"lazy\" width=\"1024\" height=\"293\" src=\"https:\/\/www.ipleiria.pt\/estm\/wp-content\/uploads\/sites\/28\/2025\/01\/Banner-para-novo-website-11-1024x293.png\" alt=\"\" class=\"wp-image-8031\" srcset=\"https:\/\/www.ipleiria.pt\/estm\/wp-content\/uploads\/sites\/28\/2025\/01\/Banner-para-novo-website-11-1024x293.png 1024w, https:\/\/www.ipleiria.pt\/estm\/wp-content\/uploads\/sites\/28\/2025\/01\/Banner-para-novo-website-11-300x86.png 300w, https:\/\/www.ipleiria.pt\/estm\/wp-content\/uploads\/sites\/28\/2025\/01\/Banner-para-novo-website-11-768x220.png 768w, https:\/\/www.ipleiria.pt\/estm\/wp-content\/uploads\/sites\/28\/2025\/01\/Banner-para-novo-website-11-1536x440.png 1536w, https:\/\/www.ipleiria.pt\/estm\/wp-content\/uploads\/sites\/28\/2025\/01\/Banner-para-novo-website-11.png 1920w\" sizes=\"(max-width: 1024px) 100vw, 1024px\" \/><\/figure>\n\n\n\n<div style=\"height:13px\" aria-hidden=\"true\" class=\"wp-block-spacer\"><\/div>\n\n\n<div class=\"wp-block-image\">\n<figure class=\"aligncenter size-full\"><img loading=\"lazy\" width=\"300\" height=\"143\" src=\"https:\/\/www.ipleiria.pt\/estm\/wp-content\/uploads\/sites\/28\/2025\/01\/logo-cores-300x143-1.png\" alt=\"\" class=\"wp-image-8032\"\/><\/figure><\/div>\n\n\n<div style=\"height:10px\" aria-hidden=\"true\" class=\"wp-block-spacer\"><\/div>\n\n\n\n<div class=\"wp-container-12 wp-block-columns\">\n<div class=\"wp-container-10 wp-block-column\">\n<p>O <a href=\"https:\/\/citur-tourismresearch.com\/\" data-type=\"URL\" data-id=\"https:\/\/citur-tourismresearch.com\/\" target=\"_blank\" rel=\"noreferrer noopener\">CiTUR<\/a> \u00e9 uma unidade de Investiga\u00e7\u00e3o e Desenvolvimento (I&amp;D) do ensino superior em Portugal, que integra mais de 200 investigadores provenientes de 17 institui\u00e7\u00f5es (polit\u00e9cnicos e universidades).<\/p>\n\n\n\n<p><strong>Miss\u00e3o<\/strong><br>O CiTUR concentra-se em promover a investiga\u00e7\u00e3o aplicada multidisciplinar e interdisciplinar, estimulando a produ\u00e7\u00e3o e a partilha de conhecimento cient\u00edfico no dom\u00ednio do turismo.<\/p>\n\n\n\n<p><strong>Vis\u00e3o<\/strong><br>Ambicionamos ser l\u00edderes em investiga\u00e7\u00e3o aplicada, desenvolvimento e inova\u00e7\u00e3o, e ser reconhecidos pela sociedade \u2013 cidad\u00e3os, empresas e stakeholders \u2013 pela nossa capacidade excecional de gerar e partilhar conhecimento na \u00e1rea do turismo.<\/p>\n<\/div>\n\n\n\n<div class=\"wp-container-11 wp-block-column\">\n<p><a href=\"https:\/\/citur-tourismresearch.com\/\" data-type=\"URL\" data-id=\"https:\/\/citur-tourismresearch.com\/\" target=\"_blank\" rel=\"noreferrer noopener\">CiTUR<\/a> is a R&amp;D unit from the polytechnic subsystem of Portuguese higher education, which comprises over 200 researchers&nbsp; from 17 institutions (polytechnics and universities).<\/p>\n\n\n\n<p><strong>Mission<\/strong><\/p>\n\n\n\n<p>CiTUR focuses on fostering multidisciplinary and interdisciplinary&nbsp;applied research, and on stimulating the production and sharing of scientific knowledge in tourism.<\/p>\n\n\n\n<p><strong>Vision<\/strong><\/p>\n\n\n\n<p>We&nbsp;aim to become&nbsp;leaders in applied research,&nbsp;development and innovation and to be recognized by society, e.g. citizens, business and stakeholders, for our outstanding ability to generate and share knowledge in tourism.<\/p>\n<\/div>\n<\/div>\n\n\n\n<hr class=\"wp-block-separator has-alpha-channel-opacity is-style-wide\"\/>\n\n\n\n<figure class=\"wp-block-image alignfull size-large\"><img loading=\"lazy\" width=\"1024\" height=\"293\" src=\"https:\/\/www.ipleiria.pt\/estm\/wp-content\/uploads\/sites\/28\/2025\/01\/Banner-para-novo-website-8-1024x293.png\" alt=\"\" class=\"wp-image-8023\" srcset=\"https:\/\/www.ipleiria.pt\/estm\/wp-content\/uploads\/sites\/28\/2025\/01\/Banner-para-novo-website-8-1024x293.png 1024w, https:\/\/www.ipleiria.pt\/estm\/wp-content\/uploads\/sites\/28\/2025\/01\/Banner-para-novo-website-8-300x86.png 300w, https:\/\/www.ipleiria.pt\/estm\/wp-content\/uploads\/sites\/28\/2025\/01\/Banner-para-novo-website-8-768x220.png 768w, https:\/\/www.ipleiria.pt\/estm\/wp-content\/uploads\/sites\/28\/2025\/01\/Banner-para-novo-website-8-1536x440.png 1536w, https:\/\/www.ipleiria.pt\/estm\/wp-content\/uploads\/sites\/28\/2025\/01\/Banner-para-novo-website-8.png 1920w\" sizes=\"(max-width: 1024px) 100vw, 1024px\" \/><\/figure>\n\n\n\n<div style=\"height:24px\" aria-hidden=\"true\" class=\"wp-block-spacer\"><\/div>\n\n\n\n<div class=\"wp-container-15 wp-block-columns\">\n<div class=\"wp-container-13 wp-block-column\">\n<p>A Escola Superior de Turismo e Tecnologia do Mar &#8211; Polit\u00e9cnico de Leiria,  \u00e9 membro da&nbsp;<a rel=\"noreferrer noopener\" href=\"https:\/\/aeht.eu\/\" target=\"_blank\">AEHT \u2013 Association Europ\u00e9enne des \u00c9coles d\u2019H\u00f4tellerie et de Tourisme\/European Association of Hotel and Tourism Schools<\/a>.<\/p>\n\n\n\n<p>AEHT \u00e9 uma Organiza\u00e7\u00e3o N\u00e3o Governamental Internacional com estatuto consultivo no Conselho da Europa, que promove uma vis\u00e3o europeia nas Escolas de Hotelaria e Turismo. Tem como objetivos ligar escolas europeias, promover a educa\u00e7\u00e3o em hospitalidade, incentivar interc\u00e2mbios de estudantes e professores, e criar m\u00e9todos de ensino inovadores.<\/p>\n\n\n\n<p>Focada em estudantes e professores, organiza eventos para responder \u00e0s suas necessidades. \u00c9 gerida por uma Dire\u00e7\u00e3o Executiva, composta por representantes de cada pa\u00eds membro, que elegem um Presidente e Vice-Presidentes, com apoio administrativo do Secret\u00e1rio-Geral no Luxemburgo.<\/p>\n\n\n\n<p>Fundada em 1988 por Jean-Paul Bernard e Martin Bruder, come\u00e7ou com 24 escolas de 16 pa\u00edses. Atualmente, conta com cerca de 400 membros e representantes nacionais em 40 pa\u00edses europeus.<\/p>\n<\/div>\n\n\n\n<div class=\"wp-container-14 wp-block-column\">\n<p>The School of Tourism and Maritime Technology &#8211; Polytechnic University of Leiria,  is a member of the <a rel=\"noreferrer noopener\" href=\"https:\/\/aeht.eu\/\" target=\"_blank\">AEHT \u2013 Association Europ\u00e9enne des \u00c9coles d\u2019H\u00f4tellerie et de Tourisme\/European Association of Hotel and Tourism Schools<\/a>.<\/p>\n\n\n\n<p>AEHT is an International Non-Governmental Organisation with consultative status at the Council of Europe, promoting a European outlook among Hotel and Tourism Schools. Its goals include connecting European schools, fostering hospitality education, encouraging student and teacher exchanges, and developing innovative teaching methods.<\/p>\n\n\n\n<p>Focused on students and teachers, AEHT organizes events to meet their needs. It is managed by an Executive Board comprising representatives from each member country, who elect a President and Vice-Presidents, supported administratively by the Secretary General based in Luxembourg.<\/p>\n\n\n\n<p>Founded in 1988 by Jean-Paul Bernard and Martin Bruder, AEHT started with 24 schools from 16 countries. Today, it includes around 400 members and national representatives in 40 European countries.<\/p>\n<\/div>\n<\/div>\n","protected":false},"excerpt":{"rendered":"Projetos I&amp;D+i Unidades, polos e delega\u00e7\u00f5es de investiga\u00e7\u00e3o O Polit\u00e9cnico de Leiria&nbsp;tem-se afirmado nos \u00faltimos anos como uma institui\u00e7\u00e3o focada na Investiga\u00e7\u00e3o, Desenvolvimento e Inova\u00e7\u00e3o (I&amp;D+i),&nbsp;tendo por marca identit\u00e1ria um&nbsp;Ecossistemade I&amp;D+i orientado primordialmente para o tecido econ\u00f3mico e social da regi\u00e3o onde est\u00e1 inserido, n\u00e3o perdendo, contudo, o foco global que se pretende para a [&hellip;]","protected":false},"author":4,"featured_media":3031,"parent":632,"menu_order":10,"comment_status":"closed","ping_status":"closed","template":"","meta":{"multilingual_post_translation":"","page_post-custom-url":"","page_post-custom-url-target":""},"_links":{"self":[{"href":"https:\/\/www.ipleiria.pt\/estm\/wp-json\/wp\/v2\/pages\/634"}],"collection":[{"href":"https:\/\/www.ipleiria.pt\/estm\/wp-json\/wp\/v2\/pages"}],"about":[{"href":"https:\/\/www.ipleiria.pt\/estm\/wp-json\/wp\/v2\/types\/page"}],"author":[{"embeddable":true,"href":"https:\/\/www.ipleiria.pt\/estm\/wp-json\/wp\/v2\/users\/4"}],"replies":[{"embeddable":true,"href":"https:\/\/www.ipleiria.pt\/estm\/wp-json\/wp\/v2\/comments?post=634"}],"version-history":[{"count":17,"href":"https:\/\/www.ipleiria.pt\/estm\/wp-json\/wp\/v2\/pages\/634\/revisions"}],"predecessor-version":[{"id":8039,"href":"https:\/\/www.ipleiria.pt\/estm\/wp-json\/wp\/v2\/pages\/634\/revisions\/8039"}],"up":[{"embeddable":true,"href":"https:\/\/www.ipleiria.pt\/estm\/wp-json\/wp\/v2\/pages\/632"}],"wp:featuredmedia":[{"embeddable":true,"href":"https:\/\/www.ipleiria.pt\/estm\/wp-json\/wp\/v2\/media\/3031"}],"wp:attachment":[{"href":"https:\/\/www.ipleiria.pt\/estm\/wp-json\/wp\/v2\/media?parent=634"}],"curies":[{"name":"wp","href":"https:\/\/api.w.org\/{rel}","templated":true}]}}