{"id":636,"date":"2024-10-02T15:10:35","date_gmt":"2024-10-02T14:10:35","guid":{"rendered":"https:\/\/www.ipleiria.pt\/estm\/?page_id=636"},"modified":"2024-10-16T09:23:50","modified_gmt":"2024-10-16T08:23:50","slug":"bolsas","status":"publish","type":"page","link":"https:\/\/www.ipleiria.pt\/estm\/investigacao\/investigacao-e-desenvolvimento\/bolsas\/","title":{"rendered":"Bolsas"},"content":{"rendered":"\n<div class=\"wp-container-4 wp-block-columns\">\n<div class=\"wp-container-2 wp-block-column\">\n<p class=\"is-style-theme-subtitle\"><strong>Concursos Abertos<\/strong><\/p>\n\n\n\n<h2 class=\"is-style-theme-title\">Bolsas de I&amp;D+i<\/h2>\n\n\n\n<p>No site do Polit\u00e9cnico de Leiria, pode encontrar toda a informa\u00e7\u00e3o relativa \u00e0s Bolsas de Investiga\u00e7\u00e3o e Desenvolvimento (I&amp;D+i), bem como os concursos abertos. Este espa\u00e7o \u00e9 dedicado \u00e0 promo\u00e7\u00e3o e apoio ao desenvolvimento de projetos de investiga\u00e7\u00e3o, oferecendo oportunidades para estudantes e investigadores se envolverem em iniciativas inovadoras e cient\u00edficas. <\/p>\n\n\n\n<div class=\"wp-container-1 wp-block-buttons\">\n<div class=\"wp-block-button is-style-theme-button-outline\"><a class=\"wp-block-button__link\" href=\"https:\/\/www.ipleiria.pt\/investigar\/bolsas-idi\/concursos-abertos\/\" target=\"_blank\" rel=\"noreferrer noopener\">concursos abertos<\/a><\/div>\n<\/div>\n<\/div>\n\n\n\n<div class=\"wp-container-3 wp-block-column\">\n<figure class=\"wp-block-image size-large\"><img loading=\"lazy\" width=\"1024\" height=\"683\" src=\"https:\/\/www.ipleiria.pt\/estm\/wp-content\/uploads\/sites\/28\/2024\/10\/cetemares_2-1024x683.jpg\" alt=\"\" class=\"wp-image-3021\" srcset=\"https:\/\/www.ipleiria.pt\/estm\/wp-content\/uploads\/sites\/28\/2024\/10\/cetemares_2-1024x683.jpg 1024w, https:\/\/www.ipleiria.pt\/estm\/wp-content\/uploads\/sites\/28\/2024\/10\/cetemares_2-300x200.jpg 300w, https:\/\/www.ipleiria.pt\/estm\/wp-content\/uploads\/sites\/28\/2024\/10\/cetemares_2-768x512.jpg 768w, https:\/\/www.ipleiria.pt\/estm\/wp-content\/uploads\/sites\/28\/2024\/10\/cetemares_2.jpg 1536w\" sizes=\"(max-width: 1024px) 100vw, 1024px\" \/><\/figure>\n<\/div>\n<\/div>\n\n\n\n<div style=\"height:50px\" aria-hidden=\"true\" class=\"wp-block-spacer\"><\/div>\n","protected":false},"excerpt":{"rendered":"Concursos Abertos Bolsas de I&amp;D+i No site do Polit\u00e9cnico de Leiria, pode encontrar toda a informa\u00e7\u00e3o relativa \u00e0s Bolsas de Investiga\u00e7\u00e3o e Desenvolvimento (I&amp;D+i), bem como os concursos abertos. Este espa\u00e7o \u00e9 dedicado \u00e0 promo\u00e7\u00e3o e apoio ao desenvolvimento de projetos de investiga\u00e7\u00e3o, oferecendo oportunidades para estudantes e investigadores se envolverem em iniciativas inovadoras e [&hellip;]","protected":false},"author":4,"featured_media":0,"parent":632,"menu_order":20,"comment_status":"closed","ping_status":"closed","template":"","meta":{"multilingual_post_translation":"","page_post-custom-url":"","page_post-custom-url-target":""},"_links":{"self":[{"href":"https:\/\/www.ipleiria.pt\/estm\/wp-json\/wp\/v2\/pages\/636"}],"collection":[{"href":"https:\/\/www.ipleiria.pt\/estm\/wp-json\/wp\/v2\/pages"}],"about":[{"href":"https:\/\/www.ipleiria.pt\/estm\/wp-json\/wp\/v2\/types\/page"}],"author":[{"embeddable":true,"href":"https:\/\/www.ipleiria.pt\/estm\/wp-json\/wp\/v2\/users\/4"}],"replies":[{"embeddable":true,"href":"https:\/\/www.ipleiria.pt\/estm\/wp-json\/wp\/v2\/comments?post=636"}],"version-history":[{"count":9,"href":"https:\/\/www.ipleiria.pt\/estm\/wp-json\/wp\/v2\/pages\/636\/revisions"}],"predecessor-version":[{"id":3030,"href":"https:\/\/www.ipleiria.pt\/estm\/wp-json\/wp\/v2\/pages\/636\/revisions\/3030"}],"up":[{"embeddable":true,"href":"https:\/\/www.ipleiria.pt\/estm\/wp-json\/wp\/v2\/pages\/632"}],"wp:attachment":[{"href":"https:\/\/www.ipleiria.pt\/estm\/wp-json\/wp\/v2\/media?parent=636"}],"curies":[{"name":"wp","href":"https:\/\/api.w.org\/{rel}","templated":true}]}}