{"id":638,"date":"2024-10-02T15:10:55","date_gmt":"2024-10-02T14:10:55","guid":{"rendered":"https:\/\/www.ipleiria.pt\/estm\/?page_id=638"},"modified":"2024-10-23T08:15:06","modified_gmt":"2024-10-23T07:15:06","slug":"comissao-de-etica","status":"publish","type":"page","link":"https:\/\/www.ipleiria.pt\/estm\/investigacao\/investigacao-e-desenvolvimento\/comissao-de-etica\/","title":{"rendered":"Comiss\u00e3o de \u00e9tica"},"content":{"rendered":"\n<div class=\"wp-block-pt-ipleiria-ued-wp-theme-ipleiria-gutenbergblocks-moc gbmoc\" role=\"navigation\" aria-label=\"Menu de conte\u00fados\"><div class=\"gbmoc-menu-wrapper\"><div id=\"gbmoc-356193-4e-menu-container\" class=\"gbmoc-menu-container\"><div class=\"gbmoc-title\" id=\"gbmoc-356193-4e-title\">Ir para:<\/div><ul aria-describedby=\"gbmoc-356193-4e-title\" class=\"gbmoc-menuitems\"><li><a href=\"#comissao-de-etica\">Comiss\u00e3o de \u00e9tica<\/a><\/li><li class=\"gbmoc-scroll-to-top-wrapper\"><a class=\"gbmoc-scroll-to-top\" href=\"#top\">Topo<\/a><\/li><\/ul><\/div><\/div><\/div>\n\n\n\n<p class=\"is-style-theme-subtitle\">ESTM<\/p>\n\n\n\n<h2 class=\"is-style-theme-title\" id=\"comissao-de-etica\">Comiss\u00e3o de \u00e9tica<\/h2>\n\n\n\n<div class=\"wp-container-4 wp-block-columns\">\n<div class=\"wp-container-2 wp-block-column\">\n<p>A Comiss\u00e3o de \u00c9tica do Polit\u00e9cnico de Leiria (CE), constitu\u00edda em 2016 (Regulamento n.\u00ba 689\/2016, alterado pelo Regulamento n.\u00ba 351\/2021), \u00e9 uma unidade funcional de natureza consultiva e independente, que visa zelar pela observ\u00e2ncia e promo\u00e7\u00e3o de padr\u00f5es de integridade, honestidade e qualidade \u00e9tica no \u00e2mbito das atividades desenvolvidas no Polit\u00e9cnico de Leiria nas \u00e1reas do ensino, da investiga\u00e7\u00e3o cient\u00edfica e da presta\u00e7\u00e3o de servi\u00e7os \u00e0 comunidade.<\/p>\n\n\n\n<p>A Comiss\u00e3o de \u00c9tica \u00e9 constitu\u00edda por onze membros, sendo nove do Polit\u00e9cnico de Leiria e dois externos, um presidente, um vice-presidente e nove vogais, nomeados pelo Presidente do Polit\u00e9cnico de Leiria.<\/p>\n\n\n\n<p>A Comiss\u00e3o de \u00c9tica re\u00fane ordinariamente em plen\u00e1rio mediante convocat\u00f3ria do seu presidente, na terceira sexta-feira de cada m\u00eas, pelo que, em cada reuni\u00e3o ser\u00e3o analisados os pedidos submetidos at\u00e9 ao \u00faltimo dia do m\u00eas anterior ao m\u00eas da reuni\u00e3o.<\/p>\n\n\n\n<div class=\"wp-container-1 wp-block-buttons\">\n<div class=\"wp-block-button is-style-theme-button-outline\"><a class=\"wp-block-button__link\" href=\"https:\/\/www.ipleiria.pt\/investigar\/investigar\/comissao-de-etica\/\" target=\"_blank\" rel=\"noreferrer noopener\">Mais informa\u00e7\u00f5es<\/a><\/div>\n<\/div>\n<\/div>\n\n\n\n<div class=\"wp-container-3 wp-block-column\">\n<figure class=\"wp-block-image size-large\"><img loading=\"lazy\" width=\"1024\" height=\"683\" src=\"https:\/\/www.ipleiria.pt\/estm\/wp-content\/uploads\/sites\/28\/2024\/10\/MG_4022-1536x1024-1-1024x683.jpg\" alt=\"\" class=\"wp-image-1171\" srcset=\"https:\/\/www.ipleiria.pt\/estm\/wp-content\/uploads\/sites\/28\/2024\/10\/MG_4022-1536x1024-1-1024x683.jpg 1024w, https:\/\/www.ipleiria.pt\/estm\/wp-content\/uploads\/sites\/28\/2024\/10\/MG_4022-1536x1024-1-300x200.jpg 300w, https:\/\/www.ipleiria.pt\/estm\/wp-content\/uploads\/sites\/28\/2024\/10\/MG_4022-1536x1024-1-768x512.jpg 768w, https:\/\/www.ipleiria.pt\/estm\/wp-content\/uploads\/sites\/28\/2024\/10\/MG_4022-1536x1024-1.jpg 1536w\" sizes=\"(max-width: 1024px) 100vw, 1024px\" \/><\/figure>\n<\/div>\n<\/div>\n","protected":false},"excerpt":{"rendered":"ESTM Comiss\u00e3o de \u00e9tica A Comiss\u00e3o de \u00c9tica do Polit\u00e9cnico de Leiria (CE), constitu\u00edda em 2016 (Regulamento n.\u00ba 689\/2016, alterado pelo Regulamento n.\u00ba 351\/2021), \u00e9 uma unidade funcional de natureza consultiva e independente, que visa zelar pela observ\u00e2ncia e promo\u00e7\u00e3o de padr\u00f5es de integridade, honestidade e qualidade \u00e9tica no \u00e2mbito das atividades desenvolvidas no Polit\u00e9cnico [&hellip;]","protected":false},"author":4,"featured_media":0,"parent":632,"menu_order":30,"comment_status":"closed","ping_status":"closed","template":"","meta":{"multilingual_post_translation":"","page_post-custom-url":"","page_post-custom-url-target":""},"_links":{"self":[{"href":"https:\/\/www.ipleiria.pt\/estm\/wp-json\/wp\/v2\/pages\/638"}],"collection":[{"href":"https:\/\/www.ipleiria.pt\/estm\/wp-json\/wp\/v2\/pages"}],"about":[{"href":"https:\/\/www.ipleiria.pt\/estm\/wp-json\/wp\/v2\/types\/page"}],"author":[{"embeddable":true,"href":"https:\/\/www.ipleiria.pt\/estm\/wp-json\/wp\/v2\/users\/4"}],"replies":[{"embeddable":true,"href":"https:\/\/www.ipleiria.pt\/estm\/wp-json\/wp\/v2\/comments?post=638"}],"version-history":[{"count":9,"href":"https:\/\/www.ipleiria.pt\/estm\/wp-json\/wp\/v2\/pages\/638\/revisions"}],"predecessor-version":[{"id":4432,"href":"https:\/\/www.ipleiria.pt\/estm\/wp-json\/wp\/v2\/pages\/638\/revisions\/4432"}],"up":[{"embeddable":true,"href":"https:\/\/www.ipleiria.pt\/estm\/wp-json\/wp\/v2\/pages\/632"}],"wp:attachment":[{"href":"https:\/\/www.ipleiria.pt\/estm\/wp-json\/wp\/v2\/media?parent=638"}],"curies":[{"name":"wp","href":"https:\/\/api.w.org\/{rel}","templated":true}]}}