{"id":642,"date":"2024-10-02T15:11:58","date_gmt":"2024-10-02T14:11:58","guid":{"rendered":"https:\/\/www.ipleiria.pt\/estm\/?page_id=642"},"modified":"2024-10-16T13:20:01","modified_gmt":"2024-10-16T12:20:01","slug":"citur","status":"publish","type":"page","link":"https:\/\/www.ipleiria.pt\/estm\/investigacao\/unidades-de-investigacao\/citur\/","title":{"rendered":"CITUR &#8211; Centro de Investiga\u00e7\u00e3o em Turismo"},"content":{"rendered":"\n<div class=\"wp-container-4 wp-block-columns\">\n<div class=\"wp-container-2 wp-block-column\">\n<p class=\"is-style-theme-subtitle\">CiTUR <\/p>\n\n\n\n<h2 class=\"is-style-theme-title\">Centro de Investiga\u00e7\u00e3o, Desenvolvimento e Inova\u00e7\u00e3o em Turismo<\/h2>\n\n\n\n<p>\u00c9 uma unidade de investiga\u00e7\u00e3o cient\u00edfica, desenvolvimento tecnol\u00f3gico e inova\u00e7\u00e3o, de car\u00e1ter multidisciplinar e interdisciplinar, no \u00e2mbito das ci\u00eancias do turismo, e sua aplica\u00e7\u00e3o, que integra investigadores associados a institui\u00e7\u00f5es de Ensino Superior. O CiTUR foi fundado por 17 institui\u00e7\u00f5es de Ensino Superior Polit\u00e9cnico p\u00fablico, estando organizado por 6 Polos, sendo um dos quais o Polo CiTUR Leiria, Institui\u00e7\u00e3o de Gest\u00e3o Principal perante a FCT . Tem por miss\u00e3o a aposta na promo\u00e7\u00e3o da investiga\u00e7\u00e3o aplicada multidisciplinar e interdisciplinar e no est\u00edmulo \u00e0 produ\u00e7\u00e3o e partilha de conhecimento cient\u00edfico em turismo e, como vis\u00e3o, tornar-se l\u00edder em investiga\u00e7\u00e3o cient\u00edfica aplicada, desenvolvimento e inova\u00e7\u00e3o, sendo reconhecida pela sociedade como unidade de investiga\u00e7\u00e3o com not\u00e1vel capacidade em gerar e partilhar conhecimento na \u00e1rea do turismo.<\/p>\n\n\n\n<div class=\"wp-container-1 wp-block-buttons\">\n<div class=\"wp-block-button is-style-theme-button-outline\"><a class=\"wp-block-button__link\" href=\"http:\/\/citur-tourismresearch.com\/\" target=\"_blank\" rel=\"noreferrer noopener\">Conhece o Citur<\/a><\/div>\n<\/div>\n<\/div>\n\n\n\n<div class=\"wp-container-3 wp-block-column\">\n<div style=\"height:100px\" aria-hidden=\"true\" class=\"wp-block-spacer\"><\/div>\n\n\n<div class=\"wp-block-image\">\n<figure class=\"aligncenter size-large is-resized\"><img loading=\"lazy\" src=\"https:\/\/www.ipleiria.pt\/estm\/wp-content\/uploads\/sites\/28\/2024\/10\/Untitled-1-4-1-1024x487.png\" alt=\"\" class=\"wp-image-3001\" width=\"256\" height=\"122\" srcset=\"https:\/\/www.ipleiria.pt\/estm\/wp-content\/uploads\/sites\/28\/2024\/10\/Untitled-1-4-1-1024x487.png 1024w, https:\/\/www.ipleiria.pt\/estm\/wp-content\/uploads\/sites\/28\/2024\/10\/Untitled-1-4-1-300x143.png 300w, https:\/\/www.ipleiria.pt\/estm\/wp-content\/uploads\/sites\/28\/2024\/10\/Untitled-1-4-1-768x365.png 768w, https:\/\/www.ipleiria.pt\/estm\/wp-content\/uploads\/sites\/28\/2024\/10\/Untitled-1-4-1.png 1417w\" sizes=\"(max-width: 256px) 100vw, 256px\" \/><\/figure><\/div><\/div>\n<\/div>\n","protected":false},"excerpt":{"rendered":"CiTUR Centro de Investiga\u00e7\u00e3o, Desenvolvimento e Inova\u00e7\u00e3o em Turismo \u00c9 uma unidade de investiga\u00e7\u00e3o cient\u00edfica, desenvolvimento tecnol\u00f3gico e inova\u00e7\u00e3o, de car\u00e1ter multidisciplinar e interdisciplinar, no \u00e2mbito das ci\u00eancias do turismo, e sua aplica\u00e7\u00e3o, que integra investigadores associados a institui\u00e7\u00f5es de Ensino Superior. O CiTUR foi fundado por 17 institui\u00e7\u00f5es de Ensino Superior Polit\u00e9cnico p\u00fablico, estando [&hellip;]","protected":false},"author":4,"featured_media":0,"parent":640,"menu_order":10,"comment_status":"closed","ping_status":"closed","template":"","meta":{"multilingual_post_translation":"","page_post-custom-url":"","page_post-custom-url-target":""},"_links":{"self":[{"href":"https:\/\/www.ipleiria.pt\/estm\/wp-json\/wp\/v2\/pages\/642"}],"collection":[{"href":"https:\/\/www.ipleiria.pt\/estm\/wp-json\/wp\/v2\/pages"}],"about":[{"href":"https:\/\/www.ipleiria.pt\/estm\/wp-json\/wp\/v2\/types\/page"}],"author":[{"embeddable":true,"href":"https:\/\/www.ipleiria.pt\/estm\/wp-json\/wp\/v2\/users\/4"}],"replies":[{"embeddable":true,"href":"https:\/\/www.ipleiria.pt\/estm\/wp-json\/wp\/v2\/comments?post=642"}],"version-history":[{"count":9,"href":"https:\/\/www.ipleiria.pt\/estm\/wp-json\/wp\/v2\/pages\/642\/revisions"}],"predecessor-version":[{"id":4518,"href":"https:\/\/www.ipleiria.pt\/estm\/wp-json\/wp\/v2\/pages\/642\/revisions\/4518"}],"up":[{"embeddable":true,"href":"https:\/\/www.ipleiria.pt\/estm\/wp-json\/wp\/v2\/pages\/640"}],"wp:attachment":[{"href":"https:\/\/www.ipleiria.pt\/estm\/wp-json\/wp\/v2\/media?parent=642"}],"curies":[{"name":"wp","href":"https:\/\/api.w.org\/{rel}","templated":true}]}}