{"id":644,"date":"2024-10-02T15:12:34","date_gmt":"2024-10-02T14:12:34","guid":{"rendered":"https:\/\/www.ipleiria.pt\/estm\/?page_id=644"},"modified":"2024-10-18T09:25:14","modified_gmt":"2024-10-18T08:25:14","slug":"mare","status":"publish","type":"page","link":"https:\/\/www.ipleiria.pt\/estm\/investigacao\/unidades-de-investigacao\/mare\/","title":{"rendered":"MARE &#8211; Centro de Ci\u00eancias do Mar e do Ambiente"},"content":{"rendered":"\n<div class=\"wp-container-4 wp-block-columns\">\n<div class=\"wp-container-2 wp-block-column\">\n<p class=\"is-style-theme-subtitle\">MARE-IPLeiria<\/p>\n\n\n\n<h2 class=\"is-style-theme-title\">Centro de Ci\u00eancias do Mar e do\u00a0Ambiente <\/h2>\n\n\n\n<p>No MARE-IPLeiria, dedicamo-nos ao estudo dos ecossistemas marinhos, impulsionando o progresso humano nas \u00e1reas da biotecnologia, aquacultura e recursos alimentares, sempre com um compromisso firme na sustentabilidade e conserva\u00e7\u00e3o. A nossa investiga\u00e7\u00e3o, tanto fundamental como aplicada, \u00e9 desenvolvida em estreita colabora\u00e7\u00e3o com redes de parceiros nacionais e internacionais. O nosso objetivo \u00e9 transferir conhecimento e tecnologia, apoiar a tomada de decis\u00f5es informadas e influenciar pol\u00edticas que promovam o desenvolvimento sustent\u00e1vel. Al\u00e9m disso, assumimos um papel ativo na educa\u00e7\u00e3o e divulga\u00e7\u00e3o cient\u00edfica, contribuindo para uma sociedade mais informada e preparada para os desafios ambientais do futuro.<\/p>\n\n\n\n<h3>\u00c1reas de Atua\u00e7\u00e3o<\/h3>\n\n\n\n<p>Biotecnologia azul sustent\u00e1vel: Desenvolvimento de produtos naturais e inova\u00e7\u00e3o tecnol\u00f3gica que respeitem o equil\u00edbrio dos ecossistemas marinhos.<br>Inova\u00e7\u00e3o alimentar e valoriza\u00e7\u00e3o de recursos marinhos: Transformar os recursos marinhos em solu\u00e7\u00f5es alimentares inovadoras e sustent\u00e1veis.<br>Aquacultura: Foco no cultivo de novas esp\u00e9cies de organismos marinhos, promovendo a diversidade e sustentabilidade.<br>Conserva\u00e7\u00e3o e sustentabilidade: Proteger e preservar os organismos marinhos e os seus habitats.<br>Comunica\u00e7\u00e3o e dissemina\u00e7\u00e3o de ci\u00eancia: Promover o conhecimento cient\u00edfico junto do p\u00fablico e de decisores, sensibilizando para a import\u00e2ncia da sustentabilidade marinha.<\/p>\n\n\n\n<p><em>Segue o nosso trabalho nas redes sociais \u2013 Facebook<\/em> <a style=\"background-color: rgb(255, 255, 255); font-size: 1rem;\" href=\"https:\/\/www.facebook.com\/Cetemares-1451695808487302\/timeline\/\">MARE|CETEMARES<\/a><\/p>\n\n\n\n<p><br><\/p>\n\n\n\n<div class=\"wp-container-1 wp-block-buttons\">\n<div class=\"wp-block-button is-style-theme-button-outline\"><a class=\"wp-block-button__link\" href=\"http:\/\/mare.ipleiria.pt\/\" target=\"_blank\" rel=\"noreferrer noopener\">Conhece o Mare<\/a><\/div>\n<\/div>\n<\/div>\n\n\n\n<div class=\"wp-container-3 wp-block-column\">\n<div style=\"height:80px\" aria-hidden=\"true\" class=\"wp-block-spacer\"><\/div>\n\n\n<div class=\"wp-block-image\">\n<figure class=\"aligncenter size-full is-resized\"><img loading=\"lazy\" src=\"https:\/\/www.ipleiria.pt\/estm\/wp-content\/uploads\/sites\/28\/2024\/10\/mare-logo.png\" alt=\"\" class=\"wp-image-3011\" width=\"281\" height=\"150\" srcset=\"https:\/\/www.ipleiria.pt\/estm\/wp-content\/uploads\/sites\/28\/2024\/10\/mare-logo.png 374w, https:\/\/www.ipleiria.pt\/estm\/wp-content\/uploads\/sites\/28\/2024\/10\/mare-logo-300x160.png 300w\" sizes=\"(max-width: 281px) 100vw, 281px\" \/><\/figure><\/div><\/div>\n<\/div>\n","protected":false},"excerpt":{"rendered":"MARE-IPLeiria Centro de Ci\u00eancias do Mar e do\u00a0Ambiente No MARE-IPLeiria, dedicamo-nos ao estudo dos ecossistemas marinhos, impulsionando o progresso humano nas \u00e1reas da biotecnologia, aquacultura e recursos alimentares, sempre com um compromisso firme na sustentabilidade e conserva\u00e7\u00e3o. A nossa investiga\u00e7\u00e3o, tanto fundamental como aplicada, \u00e9 desenvolvida em estreita colabora\u00e7\u00e3o com redes de parceiros nacionais e [&hellip;]","protected":false},"author":4,"featured_media":0,"parent":640,"menu_order":20,"comment_status":"closed","ping_status":"closed","template":"","meta":{"multilingual_post_translation":"","page_post-custom-url":"","page_post-custom-url-target":""},"_links":{"self":[{"href":"https:\/\/www.ipleiria.pt\/estm\/wp-json\/wp\/v2\/pages\/644"}],"collection":[{"href":"https:\/\/www.ipleiria.pt\/estm\/wp-json\/wp\/v2\/pages"}],"about":[{"href":"https:\/\/www.ipleiria.pt\/estm\/wp-json\/wp\/v2\/types\/page"}],"author":[{"embeddable":true,"href":"https:\/\/www.ipleiria.pt\/estm\/wp-json\/wp\/v2\/users\/4"}],"replies":[{"embeddable":true,"href":"https:\/\/www.ipleiria.pt\/estm\/wp-json\/wp\/v2\/comments?post=644"}],"version-history":[{"count":7,"href":"https:\/\/www.ipleiria.pt\/estm\/wp-json\/wp\/v2\/pages\/644\/revisions"}],"predecessor-version":[{"id":4122,"href":"https:\/\/www.ipleiria.pt\/estm\/wp-json\/wp\/v2\/pages\/644\/revisions\/4122"}],"up":[{"embeddable":true,"href":"https:\/\/www.ipleiria.pt\/estm\/wp-json\/wp\/v2\/pages\/640"}],"wp:attachment":[{"href":"https:\/\/www.ipleiria.pt\/estm\/wp-json\/wp\/v2\/media?parent=644"}],"curies":[{"name":"wp","href":"https:\/\/api.w.org\/{rel}","templated":true}]}}