{"id":48,"date":"2022-12-13T15:19:49","date_gmt":"2022-12-13T15:19:49","guid":{"rendered":"https:\/\/www.ipleiria.pt\/teste\/?page_id=48"},"modified":"2023-03-22T15:02:08","modified_gmt":"2023-03-22T15:02:08","slug":"sobre","status":"publish","type":"page","link":"https:\/\/www.ipleiria.pt\/innovativepractices\/sobre\/","title":{"rendered":"Sobre"},"content":{"rendered":"\n<div class=\"wp-container-3 wp-block-columns\">\n<div class=\"wp-container-1 wp-block-column\">\n<div style=\"height:50px\" aria-hidden=\"true\" class=\"wp-block-spacer\"><\/div>\n\n\n<div class=\"wp-block-image\">\n<figure class=\"alignleft size-full is-resized\"><img loading=\"lazy\" src=\"https:\/\/www.ipleiria.pt\/teste\/wp-content\/uploads\/sites\/34\/2022\/12\/logo.svg\" alt=\"\" class=\"wp-image-62\" width=\"326\" height=\"180\"\/><\/figure><\/div>\n\n\n<div style=\"height:20px\" aria-hidden=\"true\" class=\"wp-block-spacer\"><\/div>\n<\/div>\n\n\n\n<div class=\"wp-container-2 wp-block-column\">\n<figure class=\"wp-block-image size-large\"><img loading=\"lazy\" width=\"1024\" height=\"1024\" src=\"https:\/\/www.ipleiria.pt\/innovativepractices\/wp-content\/uploads\/sites\/34\/2022\/12\/icon_site-20-1024x1024.png\" alt=\"\" class=\"wp-image-111\" srcset=\"https:\/\/www.ipleiria.pt\/innovativepractices\/wp-content\/uploads\/sites\/34\/2022\/12\/icon_site-20-1024x1024.png 1024w, https:\/\/www.ipleiria.pt\/innovativepractices\/wp-content\/uploads\/sites\/34\/2022\/12\/icon_site-20-300x300.png 300w, https:\/\/www.ipleiria.pt\/innovativepractices\/wp-content\/uploads\/sites\/34\/2022\/12\/icon_site-20-150x150.png 150w, https:\/\/www.ipleiria.pt\/innovativepractices\/wp-content\/uploads\/sites\/34\/2022\/12\/icon_site-20-768x768.png 768w, https:\/\/www.ipleiria.pt\/innovativepractices\/wp-content\/uploads\/sites\/34\/2022\/12\/icon_site-20-1536x1536.png 1536w, https:\/\/www.ipleiria.pt\/innovativepractices\/wp-content\/uploads\/sites\/34\/2022\/12\/icon_site-20-2048x2048.png 2048w\" sizes=\"(max-width: 1024px) 100vw, 1024px\" \/><\/figure>\n<\/div>\n<\/div>\n\n\n\n<div style=\"height:110px\" aria-hidden=\"true\" class=\"wp-block-spacer\"><\/div>\n\n\n\n<div id=\"gbc-0fc7f8-d8\" class=\"wp-block-pt-ipleiria-ued-wp-theme-ipleiria-gutenbergblocks-container gbc gbc-view row-valign-top align-full\" style=\"background-color:#19d3c5\"><div class=\"gbc-background-overlay gbc-background-overlay-normal\" style=\"opacity:0.3\"><\/div><div class=\"gbc-wrapper\" style=\"padding-top:100px;padding-bottom:60px\"><div id=\"gbc-container-gbc-0fc7f8-d8\" class=\"inner-container container\">\n<figure class=\"wp-block-embed is-type-video is-provider-youtube wp-block-embed-youtube wp-embed-aspect-16-9 wp-has-aspect-ratio\"><div class=\"wp-block-embed__wrapper\">\n<iframe loading=\"lazy\" title=\"Skills4Future . Innovative Practices\" width=\"500\" height=\"281\" src=\"https:\/\/www.youtube.com\/embed\/54tg-kSpIg4?feature=oembed\" frameborder=\"0\" allow=\"accelerometer; autoplay; clipboard-write; encrypted-media; gyroscope; picture-in-picture; web-share\" allowfullscreen><\/iframe>\n<\/div><\/figure>\n<\/div><\/div><\/div>\n\n\n\n<div id=\"gbc-98814c-22\" class=\"wp-block-pt-ipleiria-ued-wp-theme-ipleiria-gutenbergblocks-container gbc gbc-view row-valign-top align-full\" style=\"background-color:#F2F2F2;margin-bottom:0px\"><div class=\"gbc-background-overlay gbc-background-overlay-normal\" style=\"opacity:0.3\"><\/div><div class=\"gbc-wrapper\" style=\"padding-top:150px;padding-bottom:150px\"><div id=\"gbc-container-gbc-98814c-22\" class=\"inner-container container\">\n<h2 class=\"S4F_BJ\">O projeto<\/h2>\n\n\n\n<div style=\"height:60px\" aria-hidden=\"true\" class=\"wp-block-spacer\"><\/div>\n\n\n\n<div class=\"wp-container-5 wp-block-columns\">\n<div class=\"wp-container-4 wp-block-column S4F_box has-background\" style=\"background-color:#fffefe\">\n<figure class=\"wp-block-image size-full is-resized\"><img loading=\"lazy\" src=\"https:\/\/www.ipleiria.pt\/teste\/wp-content\/uploads\/sites\/34\/2022\/12\/projeto.svg\" alt=\"\" class=\"wp-image-65\" width=\"75\" height=\"75\"\/><\/figure>\n\n\n\n<h3 class=\"S4F_TITULOH3\">Em que consiste<\/h3>\n\n\n\n<p>\u00c9 cada vez mais importante criar cen\u00e1rios de aprendizagem estimulantes, inovadores e eficazes para a aprendizagem dos estudantes, recorrendo a diferentes abordagens pedag\u00f3gicas e formatos, de forma a responder aos desafios da educa\u00e7\u00e3o digital e \u00e0s principais tend\u00eancias reportadas nos relat\u00f3rios internacionais. <br><br>Com este projeto pretende-se promover a transforma\u00e7\u00e3o significativa das pr\u00e1ticas pedag\u00f3gicas, transversal a diferentes n\u00edveis de ensino e a v\u00e1rias \u00e1reas cient\u00edficas, alinhado com o Plano Estrat\u00e9gico 2030 do Polit\u00e9cnico de Leiria.<\/p>\n\n\n\n<div class=\"wp-block-file\"><a id=\"wp-block-file--media-31f0bc2f-1fd9-4553-893d-016993339d6c\" href=\"https:\/\/www.ipleiria.pt\/innovativepractices\/wp-content\/uploads\/sites\/34\/2023\/01\/Ficha_Projeto_POCH.pdf\" target=\"_blank\" rel=\"noreferrer noopener\">Ficha do Projeto (.pdf)<\/a><\/div>\n<\/div>\n<\/div>\n\n\n\n<div style=\"height:30px\" aria-hidden=\"true\" class=\"wp-block-spacer\"><\/div>\n\n\n\n<div class=\"wp-container-7 wp-block-columns\">\n<div class=\"wp-container-6 wp-block-column S4F_box has-background\" style=\"background-color:#fffefe\">\n<figure class=\"wp-block-image size-full is-resized\"><img loading=\"lazy\" src=\"https:\/\/www.ipleiria.pt\/teste\/wp-content\/uploads\/sites\/34\/2022\/12\/quem.svg\" alt=\"\" class=\"wp-image-66\" width=\"75\" height=\"75\"\/><\/figure>\n\n\n\n<h3 class=\"S4F_TITULOH3\">A quem se destina<\/h3>\n\n\n\n<p>Destina-se a todos os docentes que procurem experi\u00eancias pedag\u00f3gicas inovadoras e que lecionam no Polit\u00e9cnico de Leiria, em:<\/p>\n\n\n\n<div style=\"height:10px\" aria-hidden=\"true\" class=\"wp-block-spacer\"><\/div>\n\n\n\n<ul><li>cursos<strong> T\u00e9cnicos Superiores Profissionais <\/strong>(<strong>TeSP<\/strong>)<\/li><li>cursos conferentes de grau (<strong>Licenciaturas e Mestrados<\/strong>)<\/li><\/ul>\n<\/div>\n<\/div>\n\n\n\n<div style=\"height:30px\" aria-hidden=\"true\" class=\"wp-block-spacer\"><\/div>\n\n\n\n<div class=\"wp-container-9 wp-block-columns\">\n<div class=\"wp-container-8 wp-block-column S4F_box has-background\" style=\"background-color:#fffefe\">\n<figure class=\"wp-block-image size-full is-resized\"><img loading=\"lazy\" src=\"https:\/\/www.ipleiria.pt\/teste\/wp-content\/uploads\/sites\/34\/2022\/12\/icon_participar-22.svg\" alt=\"\" class=\"wp-image-262\" width=\"75\" height=\"75\"\/><\/figure>\n\n\n\n<h3 class=\"S4F_TITULOH3\">Como participar<\/h3>\n\n\n\n<p>Este projeto envolver\u00e1 docentes das v\u00e1rias escolas e a transforma\u00e7\u00e3o do funcionamento pedag\u00f3gico de unidades curriculares de v\u00e1rios ciclos de estudo, sendo expect\u00e1vel o alargamento a novas unidades curriculares e novos cursos nos anos letivos seguintes.<\/p>\n<\/div>\n<\/div>\n<\/div><\/div><\/div>\n\n\n\n<div id=\"gbc-d43014-0a\" class=\"wp-block-pt-ipleiria-ued-wp-theme-ipleiria-gutenbergblocks-container gbc gbc-view row-valign-top align-full\" style=\"background-color:#60269e;margin-top:0px\"><div class=\"gbc-background-overlay gbc-background-overlay-normal\" style=\"opacity:0.3\"><\/div><div class=\"gbc-wrapper\" style=\"padding-top:120px;padding-bottom:120px\"><div id=\"gbc-container-gbc-d43014-0a\" class=\"inner-container\">\n<h2 class=\"has-text-align-center S4F_TITULOH2 has-white-color has-text-color\">Passos para participar&#8230;<\/h2>\n\n\n\n<div style=\"height:30px\" aria-hidden=\"true\" class=\"wp-block-spacer\"><\/div>\n\n\n\n<div id=\"gbc-4aed8c-65\" class=\"wp-block-pt-ipleiria-ued-wp-theme-ipleiria-gutenbergblocks-container gbc gbc-view row-valign-top align-full\" style=\"margin-left:0px;margin-right:0px\"><div class=\"gbc-background-overlay gbc-background-overlay-normal\" style=\"opacity:0.3\"><\/div><div class=\"gbc-wrapper\" style=\"padding-left:30px;padding-right:30px;padding-top:30px;padding-bottom:60px\"><div id=\"gbc-container-gbc-4aed8c-65\" class=\"inner-container\">\n<div class=\"wp-container-16 wp-block-columns\">\n<div class=\"wp-container-10 wp-block-column\">\n<h2 class=\"has-text-align-center has-text-color\" style=\"color:#fffefe;font-size:40px\">1<\/h2>\n\n\n\n<p class=\"has-text-align-center has-white-color has-text-color\">Manifeste o seu interesse em participar <a href=\"https:\/\/forms.gle\/qk5tjSvM1n1fcoJc7\" data-type=\"URL\" target=\"_blank\" rel=\"noreferrer noopener\">aqui<\/a><\/p>\n<\/div>\n\n\n\n<div class=\"wp-container-11 wp-block-column\">\n<h2 class=\"has-text-align-center has-text-color\" style=\"color:#fffefe;font-size:40px\">2<\/h2>\n\n\n\n<p class=\"has-text-align-center has-white-color has-text-color\">Selecione uma UC onde quer implementar o seu projeto de inova\u00e7\u00e3o pedag\u00f3gica<\/p>\n<\/div>\n\n\n\n<div class=\"wp-container-12 wp-block-column\">\n<h2 class=\"has-text-align-center has-text-color\" style=\"color:#fffefe;font-size:40px\">3<\/h2>\n\n\n\n<p class=\"has-text-align-center has-white-color has-text-color\">Participe nas v\u00e1rias tipologias de atividades, como semin\u00e1rios, workshops, sess\u00f5es de trabalho, partilhas de pr\u00e1ticas, &#8230;&nbsp;<\/p>\n<\/div>\n\n\n\n<div class=\"wp-container-13 wp-block-column\">\n<h2 class=\"has-text-align-center has-text-color\" style=\"color:#fffefe;font-size:40px\">4<\/h2>\n\n\n\n<p class=\"has-text-align-center has-white-color has-text-color\">Recolha evid\u00eancias do seu projeto na aprendizagem dos estudantes<\/p>\n<\/div>\n\n\n\n<div class=\"wp-container-14 wp-block-column\">\n<h2 class=\"has-text-align-center has-text-color\" style=\"color:#fffefe;font-size:40px\">5<\/h2>\n\n\n\n<p class=\"has-text-align-center has-white-color has-text-color\">Publique um artigo sobre o seu projeto de inova\u00e7\u00e3o pedag\u00f3gica<\/p>\n<\/div>\n\n\n\n<div class=\"wp-container-15 wp-block-column\">\n<h2 class=\"has-text-align-center has-text-color\" style=\"color:#fffefe;font-size:40px\">6<\/h2>\n\n\n\n<p class=\"has-text-align-center has-white-color has-text-color\">&nbsp;Estenda a sua experi\u00eancia de inova\u00e7\u00e3o pedag\u00f3gica a outras UC<\/p>\n<\/div>\n<\/div>\n<\/div><\/div><\/div>\n<\/div><\/div><\/div>\n\n\n\n<div style=\"height:150px\" aria-hidden=\"true\" class=\"wp-block-spacer\"><\/div>\n\n\n\n<div class=\"wp-container-19 wp-block-columns\">\n<div class=\"wp-container-17 wp-block-column\">\n<h2 class=\"S4F_BJ\">Atividades<\/h2>\n\n\n\n<h2>Pr\u00e1ticas<br>pedag\u00f3gicas <br>inovadoras<\/h2>\n\n\n\n<div style=\"height:20px\" aria-hidden=\"true\" class=\"wp-block-spacer\"><\/div>\n<\/div>\n\n\n\n<div class=\"wp-container-18 wp-block-column\"><\/div>\n<\/div>\n\n\n\n<div class=\"wp-container-22 wp-block-columns\">\n<div class=\"wp-container-20 wp-block-column\">\n<ul><li>Metodologias&nbsp; ativas<\/li><li>Aprendizagem baseada em projeto<\/li><li>Funcionamento modular das UC<\/li><li>UC em regime de b-learning<\/li><li>Funcionamento da UC em Collaborative Online International Learning<\/li><\/ul>\n<\/div>\n\n\n\n<div class=\"wp-container-21 wp-block-column\">\n<ul><li>Atividades de intera\u00e7\u00e3o com empregadores\/empresas<\/li><li>Atividades de intera\u00e7\u00e3o com Alumni do Polit\u00e9cnico de Leiria, visando a sua ausculta\u00e7\u00e3o enquanto profissionais e potenciais empregadores<\/li><\/ul>\n<\/div>\n<\/div>\n\n\n\n<div style=\"height:150px\" aria-hidden=\"true\" class=\"wp-block-spacer\"><\/div>\n\n\n\n<div id=\"gbc-ee28fb-04\" class=\"wp-block-pt-ipleiria-ued-wp-theme-ipleiria-gutenbergblocks-container gbc gbc-view row-valign-top align-full\" style=\"background-color:#F2F2F2;margin-bottom:-25px\"><div class=\"gbc-background-overlay gbc-background-overlay-normal\" style=\"opacity:0.3\"><\/div><div class=\"gbc-wrapper\" style=\"padding-top:150px;padding-bottom:100px\"><div id=\"gbc-container-gbc-ee28fb-04\" class=\"inner-container container\">\n<div class=\"wp-container-25 wp-block-columns\">\n<div class=\"wp-container-23 wp-block-column\">\n<h2 class=\"S4F_BJ\">Cronograma<\/h2>\n\n\n\n<h2>Fases do <br>projeto<\/h2>\n\n\n\n<p>Este projeto encontra-se organizado em 5 atividades distintas, que poder\u00e3o englobar semin\u00e1rios, workshops, sess\u00f5es de trabalho, partilhas de pr\u00e1ticas, entre outros eventos, divulgados no site do projeto.<\/p>\n\n\n\n<div class=\"wp-block-file\"><a id=\"wp-block-file--media-3e228086-a90c-4170-bf5e-f55d6046593b\" href=\"https:\/\/www.ipleiria.pt\/innovativepractices\/wp-content\/uploads\/sites\/34\/2022\/12\/cronograma_final-1.pdf\" target=\"_blank\" rel=\"noreferrer noopener\">Cronograma.pdf<\/a><\/div>\n<\/div>\n\n\n\n<div class=\"wp-container-24 wp-block-column\"><\/div>\n<\/div>\n\n\n\n<figure class=\"wp-block-image size-full\"><img loading=\"lazy\" width=\"4001\" height=\"1745\" src=\"https:\/\/www.ipleiria.pt\/teste\/wp-content\/uploads\/sites\/34\/2022\/12\/cronograma-23.png\" alt=\"\" class=\"wp-image-344\" srcset=\"https:\/\/www.ipleiria.pt\/innovativepractices\/wp-content\/uploads\/sites\/34\/2022\/12\/cronograma-23.png 4001w, https:\/\/www.ipleiria.pt\/innovativepractices\/wp-content\/uploads\/sites\/34\/2022\/12\/cronograma-23-300x131.png 300w, https:\/\/www.ipleiria.pt\/innovativepractices\/wp-content\/uploads\/sites\/34\/2022\/12\/cronograma-23-1024x447.png 1024w, https:\/\/www.ipleiria.pt\/innovativepractices\/wp-content\/uploads\/sites\/34\/2022\/12\/cronograma-23-768x335.png 768w, https:\/\/www.ipleiria.pt\/innovativepractices\/wp-content\/uploads\/sites\/34\/2022\/12\/cronograma-23-1536x670.png 1536w, https:\/\/www.ipleiria.pt\/innovativepractices\/wp-content\/uploads\/sites\/34\/2022\/12\/cronograma-23-2048x893.png 2048w\" sizes=\"(max-width: 4001px) 100vw, 4001px\" \/><\/figure>\n<\/div><\/div><\/div>\n","protected":false},"excerpt":{"rendered":"Atividades Pr\u00e1ticaspedag\u00f3gicas inovadoras Metodologias&nbsp; ativasAprendizagem baseada em projetoFuncionamento modular das UCUC em regime de b-learningFuncionamento da UC em Collaborative Online International Learning Atividades de intera\u00e7\u00e3o com empregadores\/empresasAtividades de intera\u00e7\u00e3o com Alumni do Polit\u00e9cnico de Leiria, visando a sua ausculta\u00e7\u00e3o enquanto profissionais e potenciais empregadores","protected":false},"author":4,"featured_media":0,"parent":0,"menu_order":0,"comment_status":"closed","ping_status":"closed","template":"","meta":[],"_links":{"self":[{"href":"https:\/\/www.ipleiria.pt\/innovativepractices\/wp-json\/wp\/v2\/pages\/48"}],"collection":[{"href":"https:\/\/www.ipleiria.pt\/innovativepractices\/wp-json\/wp\/v2\/pages"}],"about":[{"href":"https:\/\/www.ipleiria.pt\/innovativepractices\/wp-json\/wp\/v2\/types\/page"}],"author":[{"embeddable":true,"href":"https:\/\/www.ipleiria.pt\/innovativepractices\/wp-json\/wp\/v2\/users\/4"}],"replies":[{"embeddable":true,"href":"https:\/\/www.ipleiria.pt\/innovativepractices\/wp-json\/wp\/v2\/comments?post=48"}],"version-history":[{"count":100,"href":"https:\/\/www.ipleiria.pt\/innovativepractices\/wp-json\/wp\/v2\/pages\/48\/revisions"}],"predecessor-version":[{"id":1033,"href":"https:\/\/www.ipleiria.pt\/innovativepractices\/wp-json\/wp\/v2\/pages\/48\/revisions\/1033"}],"wp:attachment":[{"href":"https:\/\/www.ipleiria.pt\/innovativepractices\/wp-json\/wp\/v2\/media?parent=48"}],"curies":[{"name":"wp","href":"https:\/\/api.w.org\/{rel}","templated":true}]}}