{"id":19,"date":"2018-05-09T18:00:29","date_gmt":"2018-05-09T18:00:29","guid":{"rendered":"https:\/\/www.ipleiria.pt\/politicas\/?page_id=19"},"modified":"2022-04-26T12:44:54","modified_gmt":"2022-04-26T12:44:54","slug":"politica-de-privacidade-dos-portais-do-ipleiria","status":"publish","type":"page","link":"https:\/\/www.ipleiria.pt\/politicas\/politica-de-privacidade-dos-portais-do-ipleiria\/","title":{"rendered":"Pol\u00edtica de Privacidade dos Portais do IPLeiria"},"content":{"rendered":"\n<div id=\"privacy-policy\" class=\"wp-container-1 wp-block-group\"><div class=\"wp-block-group__inner-container\">\n<p><a href=\"https:\/\/www.ipleiria.pt\/politicas\/privacidade\/\">Pol\u00edtica de privacidade geral do Polit\u00e9cnico de Leiria<\/a><\/p>\n<\/div><\/div>\n\n\n\n<div><script>\ndocument.addEventListener('DOMContentLoaded', function() {\n    fetch( 'https:\/\/www.ipleiria.pt\/politicas\/wp-json\/wp\/v2\/pages?slug=privacidade&context=view&_fields=content,date' )\n        .then( response => {\n            if (response.status === 200) {\n                response.json().then( pages => {\n                    for ( let page of pages ) {\n                        document.querySelector('#privacy-policy').innerHTML = page.content.rendered;\n                        if(page.date){\n                            document.querySelector('#approval-date').innerHTML = (new Date(Date.parse(page.date))).toLocaleDateString('pt-PT', {year: 'numeric', month: '2-digit', day: '2-digit'});\n                        }\n                        break;\n                    }\n                });\n            }\n        })\n        .catch(function(err) {\n            console.log('Error: ', err);\n        });\n});\n<\/script><\/div>\n\n\n\n<h3>Recolha de informa\u00e7\u00e3o t\u00e9cnica \/ an\u00f3nima<\/h3>\n\n\n\n<p>Este site recolhe informa\u00e7\u00f5es an\u00f3nimas sobre os seus visitantes que s\u00e3o disponibilizadas pelos navegadores e servidores web, tais como por exemplo, tipo de navegador, prefer\u00eancias de idioma, site de origem, p\u00e1ginas visitadas, dura\u00e7\u00e3o da(s) visita(s), data e hora de cada pedido, termos de pesquisa, entre outras. N\u00e3o \u00e9 recolhida qualquer informa\u00e7\u00e3o, de forma intencional, que possa ser utilizada para identificar os visitantes do site. A recolha destas informa\u00e7\u00f5es \u00e9 feita com o objetivo de compreender como os nossos utilizadores utilizam o site, para podermos melhorar a qualidade e utilidade dos servi\u00e7os que prestamos.<\/p>\n\n\n\n<p>O nosso sistema respeita a op\u00e7\u00e3o DoNotTrack (n\u00e3o-monitoriza\u00e7\u00e3o) definida nos navegadores dos visitantes. Caso n\u00e3o queira contribuir com informa\u00e7\u00f5es an\u00f3nimas sobre o modo como navega no site para a nossa ferramenta de Web Analytics, verifique as op\u00e7\u00f5es dispon\u00edveis no pr\u00f3ximo par\u00e1grafo:<\/p>\n\n\n\n<iframe loading=\"lazy\" style=\"border: 0; height: 100px; width: 100%;\" src=\"https:\/\/analytics.ipleiria.pt\/index.php?module=CoreAdminHome&amp;action=optOut&amp;idsite=1&amp;language=pt&amp;backgroundColor=&amp;fontColor=545454&amp;fontSize=0.9rem&amp;fontFamily=%22Source%20Sans%20Pro%22%2C%20sans-serif\" width=\"300\" height=\"150\"><\/iframe>\n\n\n\n<p>N\u00e3o obstante \u00e0 informa\u00e7\u00e3o an\u00f3nima recolhida e tratada na nossa plataforma de Web Analytics, pode ser recolhida informa\u00e7\u00e3o t\u00e9cnica sobre a(s) sua(s) visita(s) por parte da infraestrutura tecnol\u00f3gica que suporta o sistema. O Polit\u00e9cnico de Leiria n\u00e3o partilha estas informa\u00e7\u00f5es com terceiros, sem preju\u00edzo dos requisitos legais impostos pela legisla\u00e7\u00e3o vigente (ou seja, esta informa\u00e7\u00e3o pode ser partilhada com as autoridades p\u00fablicas competentes, em cumprimento da legisla\u00e7\u00e3o Portuguesa e Europeia).<\/p>\n\n\n\n<h3>Utiliza\u00e7\u00e3o de cookies<\/h3>\n\n\n\n<p>Quando utiliza este site armazenamos cookies funcionais (pequenos ficheiros com informa\u00e7\u00e3o) no seu dispositivo de acesso que nos permitem, por exemplo, perceber se est\u00e1 ou n\u00e3o autenticado no site, identifica\u00e7\u00e3o de comportamentos suspeitos que possam comprometer a seguran\u00e7a do site, entre outros.<\/p>\n\n\n\n<p>Na nossa implementa\u00e7\u00e3o, tanto os cookies n\u00e3o cont\u00eam dados pessoais e s\u00e3o transferidos de forma segura. Relativamente aos cookies de terceiros, estes n\u00e3o s\u00e3o geridos pelo nosso sistema, pelo que poder\u00e3o ter uma pol\u00edtica de cookies e de privacidade pr\u00f3pria, fora do \u00e2mbito de aplicabilidade da pol\u00edtica descrita neste documento. De qualquer modo, o nosso sistema n\u00e3o enviar\u00e1 dados pessoais em nenhuma circunst\u00e2ncia e de forma intencional para servi\u00e7os de terceiros.<\/p>\n\n\n\n<p>Os cookies poder\u00e3o ser bloqueados e\/ou desativados recorrendo \u00e0s defini\u00e7\u00f5es ou complementos do seu navegador. Consulte a documenta\u00e7\u00e3o do seu navegador para mais informa\u00e7\u00f5es.<\/p>\n\n\n\n<p id=\"approval-date-wrapper\" style=\"text-align: right;\"><strong>Data da aprova\u00e7\u00e3o: <span id=\"approval-date\">{{ get_the_date() }}<\/span><\/strong><\/p>\n","protected":false},"excerpt":{"rendered":"Pol\u00edtica de privacidade geral do Polit\u00e9cnico de Leiria Recolha de informa\u00e7\u00e3o t\u00e9cnica \/ an\u00f3nima Este site recolhe informa\u00e7\u00f5es an\u00f3nimas sobre os seus visitantes que s\u00e3o disponibilizadas pelos navegadores e servidores web, tais como por exemplo, tipo de navegador, prefer\u00eancias de idioma, site de origem, p\u00e1ginas visitadas, dura\u00e7\u00e3o da(s) visita(s), data e hora de cada pedido, [&hellip;]","protected":false},"author":1,"featured_media":16,"parent":0,"menu_order":0,"comment_status":"closed","ping_status":"closed","template":"","meta":{"multilingual_post_translation":"{\"en-GB\":{\"url\":\"https:\/\/www.ipleiria.pt\/policies\/website-privacy-policy\/\",\"postID\":21,\"postTitle\":\"Website Privacy Policy\",\"siteID\":10,\"customURL\":false,\"languageInfo\":{\"multilingual_site_api_url\":\"https:\/\/www.ipleiria.pt\/policies\/wp-json\/\",\"name\":\"English\",\"locale\":\"en_GB\"}}}"},"_links":{"self":[{"href":"https:\/\/www.ipleiria.pt\/politicas\/wp-json\/wp\/v2\/pages\/19"}],"collection":[{"href":"https:\/\/www.ipleiria.pt\/politicas\/wp-json\/wp\/v2\/pages"}],"about":[{"href":"https:\/\/www.ipleiria.pt\/politicas\/wp-json\/wp\/v2\/types\/page"}],"author":[{"embeddable":true,"href":"https:\/\/www.ipleiria.pt\/politicas\/wp-json\/wp\/v2\/users\/1"}],"replies":[{"embeddable":true,"href":"https:\/\/www.ipleiria.pt\/politicas\/wp-json\/wp\/v2\/comments?post=19"}],"version-history":[{"count":11,"href":"https:\/\/www.ipleiria.pt\/politicas\/wp-json\/wp\/v2\/pages\/19\/revisions"}],"predecessor-version":[{"id":110,"href":"https:\/\/www.ipleiria.pt\/politicas\/wp-json\/wp\/v2\/pages\/19\/revisions\/110"}],"wp:featuredmedia":[{"embeddable":true,"href":"https:\/\/www.ipleiria.pt\/politicas\/wp-json\/wp\/v2\/media\/16"}],"wp:attachment":[{"href":"https:\/\/www.ipleiria.pt\/politicas\/wp-json\/wp\/v2\/media?parent=19"}],"curies":[{"name":"wp","href":"https:\/\/api.w.org\/{rel}","templated":true}]}}