{"id":105,"date":"2021-07-27T17:08:00","date_gmt":"2021-07-27T17:08:00","guid":{"rendered":"https:\/\/www.ipleiria.pt\/sdoc\/?page_id=105"},"modified":"2025-07-15T08:59:07","modified_gmt":"2025-07-15T07:59:07","slug":"cartao-de-leitor","status":"publish","type":"page","link":"https:\/\/www.ipleiria.pt\/sdoc\/servicos\/utilizadores\/cartao-de-leitor\/","title":{"rendered":"Cart\u00e3o de leitor"},"content":{"rendered":"\n<h2 class=\"is-style-theme-title\">Cart\u00e3o de Leitor<\/h2>\n\n\n\n<div style=\"height:20px\" aria-hidden=\"true\" class=\"wp-block-spacer\"><\/div>\n\n\n\n<div class=\"wp-container-3 wp-block-columns\">\n<div class=\"wp-container-1 wp-block-column\">\n<p>O Cart\u00e3o de Leitor destina-se a todos os utilizadores que pretendem usufruir dos servi\u00e7os oferecidos pelos Servi\u00e7os de Documenta\u00e7\u00e3o e Bibliotecas do Polit\u00e9cnico de Leiria, no que diz respeito ao empr\u00e9stimo domicili\u00e1rio, empr\u00e9stimo interbibliotecas, servi\u00e7o intercampus, entre outros.<\/p>\n\n\n\n<p>Para se inscrever e ap\u00f3s a verifica\u00e7\u00e3o da condi\u00e7\u00e3o de estudante, docente ou funcion\u00e1rio n\u00e3o-docente do Polit\u00e9cnico junto dos servi\u00e7os competentes, o utilizador dever\u00e1 apresentar o seu Bilhete de Identidade, Cart\u00e3o do Cidad\u00e3o, caso seja de nacionalidade portuguesa, ou caso seja de outra nacionalidade o Passaporte, Bilhete de Identidade Estrangeiro ou Cart\u00e3o de Resid\u00eancia. <\/p>\n\n\n\n<p>Apenas ser\u00e1 emitido um cart\u00e3o de leitor para os utilizadores que ainda n\u00e3o possuam Cart\u00e3o de Cidad\u00e3o. Os utilizadores que possuem Cart\u00e3o de Cidad\u00e3o dever\u00e3o utiliz\u00e1-lo em todos os contactos com a Biblioteca, sendo que o referido cart\u00e3o funcionar\u00e1 como Cart\u00e3o de Leitor.<\/p>\n<\/div>\n\n\n\n<div class=\"wp-container-2 wp-block-column\">\n<ul><li>Caso se trate de um <strong>utilizador externo ao Polit\u00e9cnico de Leiria<\/strong> e segundo o <a href=\"https:\/\/www.ipleiria.pt\/sdoc\/sobre-nos\/perguntas-frequentes-2\/normas-de-funcionamento\/\" data-type=\"URL\" data-id=\"https:\/\/www.ipleiria.pt\/sdoc\/sobre-nos\/perguntas-frequentes-2\/normas-de-funcionamento\/\" target=\"_blank\" rel=\"noreferrer noopener\">n\u00famero 4 do Artigo 4\u00ba das Normas de Funcionamento dos Servi\u00e7os de Documenta\u00e7\u00e3o e Bibliotecas do Polit\u00e9cnico de Leiria<\/a>, a inscri\u00e7\u00e3o obriga \u00e0 apresenta\u00e7\u00e3o do Bilhete de Identidade, Cart\u00e3o de Cidad\u00e3o ou Passaporte e comprovativo de resid\u00eancia. Para al\u00e9m disso, ter\u00e1 efetuar o pagamento de uma <strong>taxa anual no valor de 20\u20ac<\/strong>.<\/li><li>No caso dos <strong>utilizadores externos<\/strong> \u2013 ex-alunos, ex-docentes, ex-funcion\u00e1rios \u2013 est\u00e3o isentos de qualquer taxa.<\/li><li>No caso dos <strong>utilizadores com idade inferior a 18 anos<\/strong>, o Encarregado de Educa\u00e7\u00e3o deve autorizar por escrito a inscri\u00e7\u00e3o do menor, responsabilizando-se por todas as atitudes do seu educando.<\/li><li>O cart\u00e3o <strong>\u00e9 pessoal e intransmiss\u00edvel<\/strong> e dever\u00e1 ser sempre apresentado pelo leitor quando pretender efetuar o empr\u00e9stimo de documentos em qualquer Biblioteca dos Servi\u00e7os de Documenta\u00e7\u00e3o.<\/li><\/ul>\n<\/div>\n<\/div>\n\n\n\n<div style=\"height:100px\" aria-hidden=\"true\" class=\"wp-block-spacer\"><\/div>\n","protected":false},"excerpt":{"rendered":"Cart\u00e3o de Leitor O Cart\u00e3o de Leitor destina-se a todos os utilizadores que pretendem usufruir dos servi\u00e7os oferecidos pelos Servi\u00e7os de Documenta\u00e7\u00e3o e Bibliotecas do Polit\u00e9cnico de Leiria, no que diz respeito ao empr\u00e9stimo domicili\u00e1rio, empr\u00e9stimo interbibliotecas, servi\u00e7o intercampus, entre outros. Para se inscrever e ap\u00f3s a verifica\u00e7\u00e3o da condi\u00e7\u00e3o de estudante, docente ou funcion\u00e1rio [&hellip;]","protected":false},"author":62,"featured_media":639,"parent":103,"menu_order":10,"comment_status":"closed","ping_status":"closed","template":"","meta":{"page_post-custom-url":"","page_post-custom-url-target":""},"_links":{"self":[{"href":"https:\/\/www.ipleiria.pt\/sdoc\/wp-json\/wp\/v2\/pages\/105"}],"collection":[{"href":"https:\/\/www.ipleiria.pt\/sdoc\/wp-json\/wp\/v2\/pages"}],"about":[{"href":"https:\/\/www.ipleiria.pt\/sdoc\/wp-json\/wp\/v2\/types\/page"}],"author":[{"embeddable":true,"href":"https:\/\/www.ipleiria.pt\/sdoc\/wp-json\/wp\/v2\/users\/62"}],"replies":[{"embeddable":true,"href":"https:\/\/www.ipleiria.pt\/sdoc\/wp-json\/wp\/v2\/comments?post=105"}],"version-history":[{"count":6,"href":"https:\/\/www.ipleiria.pt\/sdoc\/wp-json\/wp\/v2\/pages\/105\/revisions"}],"predecessor-version":[{"id":867,"href":"https:\/\/www.ipleiria.pt\/sdoc\/wp-json\/wp\/v2\/pages\/105\/revisions\/867"}],"up":[{"embeddable":true,"href":"https:\/\/www.ipleiria.pt\/sdoc\/wp-json\/wp\/v2\/pages\/103"}],"wp:featuredmedia":[{"embeddable":true,"href":"https:\/\/www.ipleiria.pt\/sdoc\/wp-json\/wp\/v2\/media\/639"}],"wp:attachment":[{"href":"https:\/\/www.ipleiria.pt\/sdoc\/wp-json\/wp\/v2\/media?parent=105"}],"curies":[{"name":"wp","href":"https:\/\/api.w.org\/{rel}","templated":true}]}}